{"id":7481,"date":"2025-08-18T08:11:49","date_gmt":"2025-08-18T08:11:49","guid":{"rendered":"https:\/\/www.ceramicbasin.com\/?post_type=product&#038;p=7481"},"modified":"2025-08-27T02:17:10","modified_gmt":"2025-08-27T02:17:10","slug":"wholesale-washroom-sink","status":"publish","type":"product","link":"https:\/\/www.ceramicbasin.com\/pt\/produto\/wholesale-washroom-sink\/","title":{"rendered":"Lavat\u00f3rio de casa de banho por atacado, Lavat\u00f3rios de casa de banho de luxo com aspeto de m\u00e1rmore"},"content":{"rendered":"<div class=\"wp-block-columns is-layout-flex wp-container-core-columns-is-layout-9d6595d7 wp-block-columns-is-layout-flex\">\n<div class=\"wp-block-column is-layout-flow wp-block-column-is-layout-flow\">\n<h2 class=\"wp-block-heading\">Carater\u00edsticas do lavat\u00f3rio de casa de banho Premium Wholesale:<\/h2>\n\n\n\n<ul class=\"wp-block-list\">\n<li><strong>Textura de m\u00e1rmore de luxo: <\/strong>Os nossos lavat\u00f3rios de casa de banho por atacado apresentam um design com efeito de m\u00e1rmore castanho com uma textura realista e delicada, conferindo \u00e0 casa de banho um ambiente elegante e luxuoso, ideal para espa\u00e7os dom\u00e9sticos e comerciais de alta qualidade.<\/li>\n\n\n\n<li><strong>Impress\u00e3o avan\u00e7ada por transfer\u00eancia de \u00e1gua:<\/strong> Estas bacias de toucador por atacado utilizam tecnologia especializada de impress\u00e3o por transfer\u00eancia de \u00e1gua para obter uma textura natural e transit\u00f3ria, garantindo que cada bacia \u00e9 exclusivamente art\u00edstica e excecionalmente resistente ao desgaste e ao desvanecimento.<\/li>\n\n\n\n<li><strong>Cozedura de cer\u00e2mica a alta temperatura: <\/strong>Os nossos lavat\u00f3rios de casa de banho por atacado s\u00e3o fabricados a partir de mat\u00e9rias-primas cer\u00e2micas de primeira qualidade e cozidos a altas temperaturas para criar uma superf\u00edcie suave e delicada que resiste a manchas e facilita a limpeza di\u00e1ria.<\/li>\n\n\n\n<li><strong>Fornecimento eficiente e entrega r\u00e1pida: <\/strong>As nossas bacias de lavat\u00f3rio por atacado oferecem uma entrega r\u00e1pida, acomodando de forma flex\u00edvel encomendas de grande volume e fornecendo um forte apoio ao progresso dos projectos dos nossos clientes e \u00e0s vendas no mercado.<\/li>\n<\/ul>\n<\/div>\n\n\n\n<div class=\"wp-block-column is-layout-flow wp-block-column-is-layout-flow\">\n<figure class=\"wp-block-image size-full\"><img fetchpriority=\"high\" decoding=\"async\" width=\"800\" height=\"800\" src=\"https:\/\/www.ceramicbasin.com\/wp-content\/uploads\/2025\/08\/sink-counter-tops\uff0csink-above-counter\uff0cmarble-stone-wash-basins5.webp\" alt=\"Lavat\u00f3rio de casa de banho por atacado, Lavat\u00f3rio de casa de banho de luxo com aspeto de m\u00e1rmore-1\" class=\"wp-image-7486\" srcset=\"https:\/\/www.ceramicbasin.com\/wp-content\/uploads\/2025\/08\/sink-counter-tops\uff0csink-above-counter\uff0cmarble-stone-wash-basins5.webp 800w, https:\/\/www.ceramicbasin.com\/wp-content\/uploads\/2025\/08\/sink-counter-tops\uff0csink-above-counter\uff0cmarble-stone-wash-basins5-300x300.webp 300w, https:\/\/www.ceramicbasin.com\/wp-content\/uploads\/2025\/08\/sink-counter-tops\uff0csink-above-counter\uff0cmarble-stone-wash-basins5-150x150.webp 150w, https:\/\/www.ceramicbasin.com\/wp-content\/uploads\/2025\/08\/sink-counter-tops\uff0csink-above-counter\uff0cmarble-stone-wash-basins5-768x768.webp 768w, https:\/\/www.ceramicbasin.com\/wp-content\/uploads\/2025\/08\/sink-counter-tops\uff0csink-above-counter\uff0cmarble-stone-wash-basins5-12x12.webp 12w, https:\/\/www.ceramicbasin.com\/wp-content\/uploads\/2025\/08\/sink-counter-tops\uff0csink-above-counter\uff0cmarble-stone-wash-basins5-285x285.webp 285w, https:\/\/www.ceramicbasin.com\/wp-content\/uploads\/2025\/08\/sink-counter-tops\uff0csink-above-counter\uff0cmarble-stone-wash-basins5-270x270.webp 270w, https:\/\/www.ceramicbasin.com\/wp-content\/uploads\/2025\/08\/sink-counter-tops\uff0csink-above-counter\uff0cmarble-stone-wash-basins5-540x540.webp 540w, https:\/\/www.ceramicbasin.com\/wp-content\/uploads\/2025\/08\/sink-counter-tops\uff0csink-above-counter\uff0cmarble-stone-wash-basins5-660x660.webp 660w\" sizes=\"(max-width: 800px) 100vw, 800px\" \/><\/figure>\n<\/div>\n<\/div>\n\n\n\n<p><\/p>","protected":false},"excerpt":{"rendered":"<p>Bem-vindo \u00e0 compra de lavat\u00f3rios de casa de banho por atacado. Este lavat\u00f3rio de efeito m\u00e1rmore castanho \u00e9 fabricado atrav\u00e9s de um processo avan\u00e7ado de impress\u00e3o por transfer\u00eancia de \u00e1gua, resultando numa textura natural e delicada, que faz lembrar o m\u00e1rmore de alta qualidade. \u00c9 amplamente adequado para resid\u00eancias de luxo, hot\u00e9is com estrelas e projectos comerciais.<\/p>\n<table style=\"border-collapse: collapse; width: 311.02pt;\" border=\"0\" width=\"311\" cellspacing=\"0\" cellpadding=\"0\">\n<tbody>\n<tr style=\"height: 17.60pt;\">\n<td class=\"et3\" style=\"height: 17.60pt; width: 108.35pt;\" width=\"108\" height=\"17\">Fabricante<\/td>\n<td class=\"et3\" style=\"width: 202.95pt;\" width=\"202\">HanYu<\/td>\n<\/tr>\n<tr style=\"height: 17.60pt;\">\n<td class=\"et3\" style=\"height: 17.60pt;\" height=\"17\">Modelo n.<\/td>\n<td class=\"et4\">HY-8011D2<\/td>\n<\/tr>\n<tr style=\"height: 36.00pt;\">\n<td class=\"et3\" style=\"height: 36.00pt;\" height=\"36\">Tipo<\/td>\n<td class=\"et5\" style=\"width: 202.95pt;\" width=\"202\">Lavat\u00f3rio em m\u00e1rmore, Lavat\u00f3rio de bancada<\/td>\n<\/tr>\n<tr style=\"height: 17.60pt;\">\n<td class=\"et3\" style=\"height: 17.60pt;\" height=\"17\">Forma<\/td>\n<td class=\"et3\">Forma redonda<\/td>\n<\/tr>\n<tr style=\"height: 18.00pt;\">\n<td class=\"et4\" style=\"height: 18.00pt;\" height=\"18\">Cor<\/td>\n<td class=\"et5\" style=\"width: 202.95pt;\" width=\"202\">m\u00e1rmore<\/td>\n<\/tr>\n<tr style=\"height: 18.00pt;\">\n<td class=\"et3\" style=\"height: 18.00pt;\" height=\"18\">Dimens\u00e3o<\/td>\n<td class=\"et5\" style=\"width: 202.95pt;\" width=\"202\">44.5*44.5*15.5<\/td>\n<\/tr>\n<tr style=\"height: 17.60pt;\">\n<td class=\"et3\" style=\"height: 17.60pt;\" height=\"17\">N.W \/SET<\/td>\n<td class=\"et3\">15 KGS\/PCS<\/td>\n<\/tr>\n<tr style=\"height: 17.60pt;\">\n<td class=\"et3\" style=\"height: 17.60pt;\" height=\"17\">MOQ<\/td>\n<td class=\"et3\">20 unidades<\/td>\n<\/tr>\n<tr style=\"height: 17.60pt;\">\n<td class=\"et3\" style=\"height: 17.60pt;\" height=\"17\">Op\u00e7\u00e3o personalizada<\/td>\n<td class=\"et3\">Cor\/Patente\/Tamanho\/Logotipo\/Embalagem<\/td>\n<\/tr>\n<\/tbody>\n<\/table>","protected":false},"featured_media":7482,"comment_status":"closed","ping_status":"closed","template":"","meta":{"_acf_changed":false},"product_brand":[],"product_cat":[54,50],"product_tag":[],"class_list":{"0":"post-7481","1":"product","2":"type-product","3":"status-publish","4":"has-post-thumbnail","6":"product_cat-wholesale-marble-sinks","7":"product_cat-wholesale-countertop-sinks","9":"first","10":"instock","11":"shipping-taxable","12":"product-type-simple"},"acf":[],"_links":{"self":[{"href":"https:\/\/www.ceramicbasin.com\/pt\/wp-json\/wp\/v2\/product\/7481","targetHints":{"allow":["GET"]}}],"collection":[{"href":"https:\/\/www.ceramicbasin.com\/pt\/wp-json\/wp\/v2\/product"}],"about":[{"href":"https:\/\/www.ceramicbasin.com\/pt\/wp-json\/wp\/v2\/types\/product"}],"replies":[{"embeddable":true,"href":"https:\/\/www.ceramicbasin.com\/pt\/wp-json\/wp\/v2\/comments?post=7481"}],"wp:featuredmedia":[{"embeddable":true,"href":"https:\/\/www.ceramicbasin.com\/pt\/wp-json\/wp\/v2\/media\/7482"}],"wp:attachment":[{"href":"https:\/\/www.ceramicbasin.com\/pt\/wp-json\/wp\/v2\/media?parent=7481"}],"wp:term":[{"taxonomy":"product_brand","embeddable":true,"href":"https:\/\/www.ceramicbasin.com\/pt\/wp-json\/wp\/v2\/product_brand?post=7481"},{"taxonomy":"product_cat","embeddable":true,"href":"https:\/\/www.ceramicbasin.com\/pt\/wp-json\/wp\/v2\/product_cat?post=7481"},{"taxonomy":"product_tag","embeddable":true,"href":"https:\/\/www.ceramicbasin.com\/pt\/wp-json\/wp\/v2\/product_tag?post=7481"}],"curies":[{"name":"wp","href":"https:\/\/api.w.org\/{rel}","templated":true}]}}