{"id":7489,"date":"2025-08-18T08:39:28","date_gmt":"2025-08-18T08:39:28","guid":{"rendered":"https:\/\/www.ceramicbasin.com\/?post_type=product&#038;p=7489"},"modified":"2025-08-27T02:05:52","modified_gmt":"2025-08-27T02:05:52","slug":"wholesale-countertop-basins-2","status":"publish","type":"product","link":"https:\/\/www.ceramicbasin.com\/pt\/produto\/wholesale-countertop-basins-2\/","title":{"rendered":"Lavat\u00f3rios de bancada por atacado com padr\u00e3o de crepita\u00e7\u00e3o preto+branco"},"content":{"rendered":"<div class=\"wp-block-columns is-layout-flex wp-container-core-columns-is-layout-9d6595d7 wp-block-columns-is-layout-flex\">\n<div class=\"wp-block-column is-layout-flow wp-block-column-is-layout-flow\">\n<h2 class=\"wp-block-heading\">Lavat\u00f3rios de bancada Premium Wholesale Carater\u00edsticas:<\/h2>\n\n\n\n<ul class=\"wp-block-list\">\n<li><strong>Textura estalada \u00fanica:<\/strong> O design preto e branco craquelado destes lavat\u00f3rios de bancada por atacado em cores contrastantes \u00e9 uma marca de sofistica\u00e7\u00e3o e singularidade, contribuindo para a beleza geral das casas de banho.<\/li>\n\n\n\n<li><strong>Pequeno e pr\u00e1tico: <\/strong>Os nossos lavat\u00f3rios por atacado, fornecidos diretamente pela f\u00e1brica, s\u00e3o pequenos e poupam espa\u00e7o, perfeitos para casas de banho compactas, hot\u00e9is ou projectos comerciais.<\/li>\n\n\n\n<li><strong>Cer\u00e2mica de alta temperatura: <\/strong>Os nossos lavat\u00f3rios de bancada por atacado s\u00e3o dur\u00e1veis, com um acabamento fino e suave que \u00e9 resistente a riscos e manchas, e f\u00e1cil de limpar e manter.<\/li>\n\n\n\n<li><strong>Vers\u00e1til:<\/strong> O esquema de cores cl\u00e1ssico a preto e branco destes lavat\u00f3rios de toucador por atacado combina facilmente com uma variedade de decora\u00e7\u00f5es, tornando-os adequados para utiliza\u00e7\u00e3o numa grande variedade de ambientes.<\/li>\n<\/ul>\n<\/div>\n\n\n\n<div class=\"wp-block-column is-layout-flow wp-block-column-is-layout-flow\">\n<figure class=\"wp-block-image size-full\"><img fetchpriority=\"high\" decoding=\"async\" width=\"800\" height=\"800\" src=\"https:\/\/www.ceramicbasin.com\/wp-content\/uploads\/2025\/08\/custom-marble-sink\uff0cmarble-sink-countertop\uff0crectangular-above-counter-basin1.webp\" alt=\"Lavat\u00f3rios de bancada por atacado com padr\u00e3o de crepita\u00e7\u00e3o preto+branco-1\" class=\"wp-image-7490\" srcset=\"https:\/\/www.ceramicbasin.com\/wp-content\/uploads\/2025\/08\/custom-marble-sink\uff0cmarble-sink-countertop\uff0crectangular-above-counter-basin1.webp 800w, https:\/\/www.ceramicbasin.com\/wp-content\/uploads\/2025\/08\/custom-marble-sink\uff0cmarble-sink-countertop\uff0crectangular-above-counter-basin1-300x300.webp 300w, https:\/\/www.ceramicbasin.com\/wp-content\/uploads\/2025\/08\/custom-marble-sink\uff0cmarble-sink-countertop\uff0crectangular-above-counter-basin1-150x150.webp 150w, https:\/\/www.ceramicbasin.com\/wp-content\/uploads\/2025\/08\/custom-marble-sink\uff0cmarble-sink-countertop\uff0crectangular-above-counter-basin1-768x768.webp 768w, https:\/\/www.ceramicbasin.com\/wp-content\/uploads\/2025\/08\/custom-marble-sink\uff0cmarble-sink-countertop\uff0crectangular-above-counter-basin1-12x12.webp 12w, https:\/\/www.ceramicbasin.com\/wp-content\/uploads\/2025\/08\/custom-marble-sink\uff0cmarble-sink-countertop\uff0crectangular-above-counter-basin1-285x285.webp 285w, https:\/\/www.ceramicbasin.com\/wp-content\/uploads\/2025\/08\/custom-marble-sink\uff0cmarble-sink-countertop\uff0crectangular-above-counter-basin1-270x270.webp 270w, https:\/\/www.ceramicbasin.com\/wp-content\/uploads\/2025\/08\/custom-marble-sink\uff0cmarble-sink-countertop\uff0crectangular-above-counter-basin1-540x540.webp 540w, https:\/\/www.ceramicbasin.com\/wp-content\/uploads\/2025\/08\/custom-marble-sink\uff0cmarble-sink-countertop\uff0crectangular-above-counter-basin1-660x660.webp 660w\" sizes=\"(max-width: 800px) 100vw, 800px\" \/><\/figure>\n<\/div>\n<\/div>","protected":false},"excerpt":{"rendered":"<p>Bem-vindo \u00e0 compra de lavat\u00f3rios de bancada por atacado. Os lavat\u00f3rios de toucador HanYu com padr\u00e3o de crepita\u00e7\u00e3o a preto e branco t\u00eam uma apar\u00eancia moderna e minimalista, adequada para casas e espa\u00e7os comerciais modernos, combinando est\u00e9tica e funcionalidade.<\/p>\n<table style=\"border-collapse: collapse; width: 358.52pt;\" border=\"0\" width=\"478\" cellspacing=\"0\" cellpadding=\"0\">\n<tbody>\n<tr style=\"height: 17.25pt;\">\n<td class=\"et3\" style=\"height: 17.25pt; width: 125.00pt;\" width=\"166\" height=\"23\">Fabricante<\/td>\n<td class=\"et3\" style=\"width: 234.15pt;\" width=\"312\">HanYu<\/td>\n<\/tr>\n<tr style=\"height: 17.25pt;\">\n<td class=\"et3\" style=\"height: 17.25pt;\" height=\"23\">Modelo n.<\/td>\n<td class=\"et4\">HY-8064-55C4<\/td>\n<\/tr>\n<tr style=\"height: 17.25pt;\">\n<td class=\"et3\" style=\"height: 17.25pt;\" height=\"23\">Tipo<\/td>\n<td class=\"et5\" style=\"width: 234.15pt;\" width=\"312\">Pias de m\u00e1rmore<\/td>\n<\/tr>\n<tr style=\"height: 18.00pt;\">\n<td class=\"et3\" style=\"height: 18.00pt;\" height=\"24\">Forma<\/td>\n<td class=\"et3\">Forma retangular<\/td>\n<\/tr>\n<tr style=\"height: 34.50pt;\">\n<td class=\"et4\" style=\"height: 34.50pt;\" height=\"46\">Cor<\/td>\n<td class=\"et5\" style=\"width: 234.15pt;\" width=\"312\">preto\/branco\/azul\/cinzento\/rosa\/verde\/castanho\/caqui<\/td>\n<\/tr>\n<tr style=\"height: 18.00pt;\">\n<td class=\"et3\" style=\"height: 18.00pt;\" height=\"24\">Dimens\u00e3o<\/td>\n<td class=\"et5\" style=\"width: 234.15pt;\" width=\"312\">55*38*11<\/td>\n<\/tr>\n<tr style=\"height: 17.25pt;\">\n<td class=\"et3\" style=\"height: 17.25pt;\" height=\"23\">N.W \/SET<\/td>\n<td class=\"et3\">18KGS\/PCS<\/td>\n<\/tr>\n<tr style=\"height: 17.25pt;\">\n<td class=\"et3\" style=\"height: 17.25pt;\" height=\"23\">MOQ<\/td>\n<td class=\"et3\">20 unidades<\/td>\n<\/tr>\n<tr style=\"height: 17.25pt;\">\n<td class=\"et3\" style=\"height: 17.25pt;\" height=\"23\">Op\u00e7\u00e3o personalizada<\/td>\n<td class=\"et3\">Cor\/Patente\/Tamanho\/Logotipo\/Embalagem<\/td>\n<\/tr>\n<\/tbody>\n<\/table>","protected":false},"featured_media":7493,"comment_status":"closed","ping_status":"closed","template":"","meta":{"_acf_changed":false},"product_brand":[],"product_cat":[50,54],"product_tag":[],"class_list":{"0":"post-7489","1":"product","2":"type-product","3":"status-publish","4":"has-post-thumbnail","6":"product_cat-wholesale-countertop-sinks","7":"product_cat-wholesale-marble-sinks","9":"first","10":"instock","11":"shipping-taxable","12":"product-type-simple"},"acf":[],"_links":{"self":[{"href":"https:\/\/www.ceramicbasin.com\/pt\/wp-json\/wp\/v2\/product\/7489","targetHints":{"allow":["GET"]}}],"collection":[{"href":"https:\/\/www.ceramicbasin.com\/pt\/wp-json\/wp\/v2\/product"}],"about":[{"href":"https:\/\/www.ceramicbasin.com\/pt\/wp-json\/wp\/v2\/types\/product"}],"replies":[{"embeddable":true,"href":"https:\/\/www.ceramicbasin.com\/pt\/wp-json\/wp\/v2\/comments?post=7489"}],"wp:featuredmedia":[{"embeddable":true,"href":"https:\/\/www.ceramicbasin.com\/pt\/wp-json\/wp\/v2\/media\/7493"}],"wp:attachment":[{"href":"https:\/\/www.ceramicbasin.com\/pt\/wp-json\/wp\/v2\/media?parent=7489"}],"wp:term":[{"taxonomy":"product_brand","embeddable":true,"href":"https:\/\/www.ceramicbasin.com\/pt\/wp-json\/wp\/v2\/product_brand?post=7489"},{"taxonomy":"product_cat","embeddable":true,"href":"https:\/\/www.ceramicbasin.com\/pt\/wp-json\/wp\/v2\/product_cat?post=7489"},{"taxonomy":"product_tag","embeddable":true,"href":"https:\/\/www.ceramicbasin.com\/pt\/wp-json\/wp\/v2\/product_tag?post=7489"}],"curies":[{"name":"wp","href":"https:\/\/api.w.org\/{rel}","templated":true}]}}