{"id":7656,"date":"2025-08-29T07:41:51","date_gmt":"2025-08-29T07:41:51","guid":{"rendered":"https:\/\/www.ceramicbasin.com\/?post_type=product&#038;p=7656"},"modified":"2025-08-29T07:41:54","modified_gmt":"2025-08-29T07:41:54","slug":"wholesale-lavatory-sink","status":"publish","type":"product","link":"https:\/\/www.ceramicbasin.com\/pt\/produto\/wholesale-lavatory-sink\/","title":{"rendered":"Lavat\u00f3rio por atacado em preto mate, lavat\u00f3rio de arte acima do balc\u00e3o"},"content":{"rendered":"<div class=\"wp-block-columns is-layout-flex wp-container-core-columns-is-layout-9d6595d7 wp-block-columns-is-layout-flex\">\n<div class=\"wp-block-column is-layout-flow wp-block-column-is-layout-flow\">\n<h2 class=\"wp-block-heading\">Carater\u00edsticas do lavat\u00f3rio Premium Wholesale:<\/h2>\n\n\n\n<ul class=\"wp-block-list\">\n<li><strong>Material cer\u00e2mico de alta qualidade: <\/strong>Os nossos lavat\u00f3rios por grosso mate s\u00e3o fabricados com materiais cer\u00e2micos selecionados de alta qualidade, que podem garantir que o lavat\u00f3rio \u00e9 t\u00e3o bonito como deve ser, com grande durabilidade e resist\u00eancia a manchas.<\/li>\n\n\n\n<li><strong>Tratamento de superf\u00edcie mate: <\/strong>\u00c9 o tratamento de superf\u00edcie mate \u00fanico que confere suavidade ao toque e luxo discreto a este lavat\u00f3rio de casa de banho quadrado preto mate por atacado.<\/li>\n\n\n\n<li><strong>Sentido moderno:<\/strong> Os nossos lavat\u00f3rios por atacado em preto mate t\u00eam um design de forma retangular com linhas simples e resistentes, coincidindo com as tend\u00eancias est\u00e9ticas dom\u00e9sticas modernas, e tamb\u00e9m s\u00e3o aplic\u00e1veis a v\u00e1rios estilos de decora\u00e7\u00e3o moderna de casas de banho.<\/li>\n\n\n\n<li><strong>Fornecimento a granel: <\/strong>Como um dos fabricantes de bacias de cer\u00e2mica, ofereceremos pia de banheiro quadrada preta fosca no atacado com o pre\u00e7o de atacado mais favor\u00e1vel para grandes projetos.<\/li>\n<\/ul>\n<\/div>\n\n\n\n<div class=\"wp-block-column is-layout-flow wp-block-column-is-layout-flow\">\n<figure class=\"wp-block-image size-full\"><img fetchpriority=\"high\" decoding=\"async\" width=\"1024\" height=\"1024\" src=\"https:\/\/www.ceramicbasin.com\/wp-content\/uploads\/2025\/08\/Matte-Black-Bathroom-Lavatory-Above-Counter-Modern-Art-Basin-5.webp\" alt=\"Lavat\u00f3rio preto mate para lavat\u00f3rio por atacado, bacia de arte acima do balc\u00e3o-1\" class=\"wp-image-7661\" srcset=\"https:\/\/www.ceramicbasin.com\/wp-content\/uploads\/2025\/08\/Matte-Black-Bathroom-Lavatory-Above-Counter-Modern-Art-Basin-5.webp 1024w, https:\/\/www.ceramicbasin.com\/wp-content\/uploads\/2025\/08\/Matte-Black-Bathroom-Lavatory-Above-Counter-Modern-Art-Basin-5-300x300.webp 300w, https:\/\/www.ceramicbasin.com\/wp-content\/uploads\/2025\/08\/Matte-Black-Bathroom-Lavatory-Above-Counter-Modern-Art-Basin-5-150x150.webp 150w, https:\/\/www.ceramicbasin.com\/wp-content\/uploads\/2025\/08\/Matte-Black-Bathroom-Lavatory-Above-Counter-Modern-Art-Basin-5-768x768.webp 768w, https:\/\/www.ceramicbasin.com\/wp-content\/uploads\/2025\/08\/Matte-Black-Bathroom-Lavatory-Above-Counter-Modern-Art-Basin-5-12x12.webp 12w, https:\/\/www.ceramicbasin.com\/wp-content\/uploads\/2025\/08\/Matte-Black-Bathroom-Lavatory-Above-Counter-Modern-Art-Basin-5-285x285.webp 285w, https:\/\/www.ceramicbasin.com\/wp-content\/uploads\/2025\/08\/Matte-Black-Bathroom-Lavatory-Above-Counter-Modern-Art-Basin-5-270x270.webp 270w, https:\/\/www.ceramicbasin.com\/wp-content\/uploads\/2025\/08\/Matte-Black-Bathroom-Lavatory-Above-Counter-Modern-Art-Basin-5-540x540.webp 540w, https:\/\/www.ceramicbasin.com\/wp-content\/uploads\/2025\/08\/Matte-Black-Bathroom-Lavatory-Above-Counter-Modern-Art-Basin-5-660x660.webp 660w\" sizes=\"(max-width: 1024px) 100vw, 1024px\" \/><\/figure>\n<\/div>\n<\/div>","protected":false},"excerpt":{"rendered":"<div class=\"highlights-border-container\" data-v-df95d256=\"\">Bem-vindo \u00e0 compra de lavat\u00f3rios de casa de banho por atacado. Este lavat\u00f3rio de casa de banho quadrado preto mate, com o seu design quadrado simples e moderno e material cer\u00e2mico de alta qualidade, mostra a derradeira funcionalidade e est\u00e9tica.<\/div>\n<table style=\"border-collapse: collapse; width: 311.02pt;\" border=\"0\" width=\"311\" cellspacing=\"0\" cellpadding=\"0\">\n<tbody>\n<tr style=\"height: 17.60pt;\">\n<td class=\"et3\" style=\"height: 17.60pt; width: 108.35pt;\" width=\"108\" height=\"17\">Fabricante<\/td>\n<td class=\"et3\" style=\"width: 202.95pt;\" width=\"202\">HanYu<\/td>\n<\/tr>\n<tr style=\"height: 17.60pt;\">\n<td class=\"et3\" style=\"height: 17.60pt;\" height=\"17\">Modelo n.<\/td>\n<td class=\"et4\">HY-401MB<\/td>\n<\/tr>\n<tr style=\"height: 18.00pt;\">\n<td class=\"et3\" style=\"height: 18.00pt;\" height=\"18\">Tipo<\/td>\n<td class=\"et5\" style=\"width: 202.95pt;\" width=\"202\">Lavat\u00f3rio mate, Lavat\u00f3rio de bancada<\/td>\n<\/tr>\n<tr style=\"height: 17.60pt;\">\n<td class=\"et3\" style=\"height: 17.60pt;\" height=\"17\">Forma<\/td>\n<td class=\"et3\">Forma retangular<\/td>\n<\/tr>\n<tr style=\"height: 36.00pt;\">\n<td class=\"et4\" style=\"height: 36.00pt;\" height=\"36\">Cor<\/td>\n<td class=\"et5\" style=\"width: 202.95pt;\" width=\"202\">Preto\/branco\/azul\/cinza\/rosa\/verde\/castanho\/caqui......<\/td>\n<\/tr>\n<tr style=\"height: 18.00pt;\">\n<td class=\"et3\" style=\"height: 18.00pt;\" height=\"18\">Dimens\u00e3o<\/td>\n<td class=\"et5\" style=\"width: 202.95pt;\" width=\"202\">47.5*37.5*13<\/td>\n<\/tr>\n<tr style=\"height: 17.60pt;\">\n<td class=\"et3\" style=\"height: 17.60pt;\" height=\"17\">N.W \/SET<\/td>\n<td class=\"et3\">10KGS\/PCS<\/td>\n<\/tr>\n<tr style=\"height: 17.60pt;\">\n<td class=\"et3\" style=\"height: 17.60pt;\" height=\"17\">MOQ<\/td>\n<td class=\"et3\">20 unidades<\/td>\n<\/tr>\n<tr style=\"height: 17.60pt;\">\n<td class=\"et3\" style=\"height: 17.60pt;\" height=\"17\">Op\u00e7\u00e3o personalizada<\/td>\n<td class=\"et3\">Cor\/Padr\u00e3o\/Tamanho\/Logotipo\/Embalagem<\/td>\n<\/tr>\n<\/tbody>\n<\/table>","protected":false},"featured_media":7658,"comment_status":"closed","ping_status":"closed","template":"","meta":{"_acf_changed":false},"product_brand":[],"product_cat":[50,55],"product_tag":[],"class_list":{"0":"post-7656","1":"product","2":"type-product","3":"status-publish","4":"has-post-thumbnail","6":"product_cat-wholesale-countertop-sinks","7":"product_cat-wholesale-matte-sinks","9":"first","10":"instock","11":"shipping-taxable","12":"product-type-simple"},"acf":[],"_links":{"self":[{"href":"https:\/\/www.ceramicbasin.com\/pt\/wp-json\/wp\/v2\/product\/7656","targetHints":{"allow":["GET"]}}],"collection":[{"href":"https:\/\/www.ceramicbasin.com\/pt\/wp-json\/wp\/v2\/product"}],"about":[{"href":"https:\/\/www.ceramicbasin.com\/pt\/wp-json\/wp\/v2\/types\/product"}],"replies":[{"embeddable":true,"href":"https:\/\/www.ceramicbasin.com\/pt\/wp-json\/wp\/v2\/comments?post=7656"}],"wp:featuredmedia":[{"embeddable":true,"href":"https:\/\/www.ceramicbasin.com\/pt\/wp-json\/wp\/v2\/media\/7658"}],"wp:attachment":[{"href":"https:\/\/www.ceramicbasin.com\/pt\/wp-json\/wp\/v2\/media?parent=7656"}],"wp:term":[{"taxonomy":"product_brand","embeddable":true,"href":"https:\/\/www.ceramicbasin.com\/pt\/wp-json\/wp\/v2\/product_brand?post=7656"},{"taxonomy":"product_cat","embeddable":true,"href":"https:\/\/www.ceramicbasin.com\/pt\/wp-json\/wp\/v2\/product_cat?post=7656"},{"taxonomy":"product_tag","embeddable":true,"href":"https:\/\/www.ceramicbasin.com\/pt\/wp-json\/wp\/v2\/product_tag?post=7656"}],"curies":[{"name":"wp","href":"https:\/\/api.w.org\/{rel}","templated":true}]}}