{"id":7675,"date":"2025-08-29T07:10:33","date_gmt":"2025-08-29T07:10:33","guid":{"rendered":"https:\/\/www.ceramicbasin.com\/?post_type=product&#038;p=7675"},"modified":"2025-08-29T07:10:36","modified_gmt":"2025-08-29T07:10:36","slug":"wholesale-wash-basin-sink","status":"publish","type":"product","link":"https:\/\/www.ceramicbasin.com\/pt\/produto\/wholesale-wash-basin-sink\/","title":{"rendered":"Lavat\u00f3rio de lavat\u00f3rio castanho mate, lavat\u00f3rio de vaso acess\u00edvel"},"content":{"rendered":"<div class=\"wp-block-columns is-layout-flex wp-container-core-columns-is-layout-9d6595d7 wp-block-columns-is-layout-flex\">\n<div class=\"wp-block-column is-layout-flow wp-block-column-is-layout-flow\">\n<h2 class=\"wp-block-heading\">Lavat\u00f3rio de lavat\u00f3rio Premium Wholesale Carater\u00edsticas:<\/h2>\n\n\n\n<ul class=\"wp-block-list\">\n<li><strong>Tratamento de superf\u00edcie mate:\u00a0<\/strong>O tratamento de superf\u00edcie mate \u00fanico deste lavat\u00f3rio por atacado confere um toque suave e luxuoso ao toucador da casa de banho.<\/li>\n\n\n\n<li><strong>Cer\u00e2mica de alta qualidade:<\/strong> As mat\u00e9rias-primas cer\u00e2micas selecionadas de alta qualidade, sinterizadas a alta temperatura, garantem que o nosso lava-loi\u00e7a por atacado tem uma estrutura s\u00f3lida, uma superf\u00edcie delicada e lisa, \u00e9 f\u00e1cil de limpar e dura como novo.<\/li>\n\n\n\n<li><strong>Instala\u00e7\u00e3o de topo:<\/strong> Este lavat\u00f3rio por atacado adopta um m\u00e9todo de instala\u00e7\u00e3o superior, que \u00e9 f\u00e1cil de instalar, est\u00e1vel e fi\u00e1vel, n\u00e3o s\u00f3 poupando espa\u00e7o, mas tamb\u00e9m conveniente para a manuten\u00e7\u00e3o e limpeza di\u00e1rias, e melhorando a experi\u00eancia do utilizador.<\/li>\n\n\n\n<li><strong>Pre\u00e7o favor\u00e1vel: <\/strong>Como produto por atacado, a HanYu oferece um pre\u00e7o muito competitivo para pias para vasos por atacado, garantindo que pode desfrutar de bacias de cer\u00e2mica de alta qualidade enquanto controla os custos.<\/li>\n<\/ul>\n<\/div>\n\n\n\n<div class=\"wp-block-column is-layout-flow wp-block-column-is-layout-flow\">\n<figure class=\"wp-block-image size-full\"><img fetchpriority=\"high\" decoding=\"async\" width=\"1024\" height=\"1024\" src=\"https:\/\/www.ceramicbasin.com\/wp-content\/uploads\/2025\/08\/Bathroom-Mount-Hotel-Color-Table-Top-Wash-Basins-Ceramic-Sale-Brown-Matt-Art-Basin-Single-Round-Sink-5.webp\" alt=\"Lavat\u00f3rio de lavat\u00f3rio castanho mate, lavat\u00f3rio de vaso acess\u00edvel-1\" class=\"wp-image-7680\" srcset=\"https:\/\/www.ceramicbasin.com\/wp-content\/uploads\/2025\/08\/Bathroom-Mount-Hotel-Color-Table-Top-Wash-Basins-Ceramic-Sale-Brown-Matt-Art-Basin-Single-Round-Sink-5.webp 1024w, https:\/\/www.ceramicbasin.com\/wp-content\/uploads\/2025\/08\/Bathroom-Mount-Hotel-Color-Table-Top-Wash-Basins-Ceramic-Sale-Brown-Matt-Art-Basin-Single-Round-Sink-5-300x300.webp 300w, https:\/\/www.ceramicbasin.com\/wp-content\/uploads\/2025\/08\/Bathroom-Mount-Hotel-Color-Table-Top-Wash-Basins-Ceramic-Sale-Brown-Matt-Art-Basin-Single-Round-Sink-5-150x150.webp 150w, https:\/\/www.ceramicbasin.com\/wp-content\/uploads\/2025\/08\/Bathroom-Mount-Hotel-Color-Table-Top-Wash-Basins-Ceramic-Sale-Brown-Matt-Art-Basin-Single-Round-Sink-5-768x768.webp 768w, https:\/\/www.ceramicbasin.com\/wp-content\/uploads\/2025\/08\/Bathroom-Mount-Hotel-Color-Table-Top-Wash-Basins-Ceramic-Sale-Brown-Matt-Art-Basin-Single-Round-Sink-5-12x12.webp 12w, https:\/\/www.ceramicbasin.com\/wp-content\/uploads\/2025\/08\/Bathroom-Mount-Hotel-Color-Table-Top-Wash-Basins-Ceramic-Sale-Brown-Matt-Art-Basin-Single-Round-Sink-5-285x285.webp 285w, https:\/\/www.ceramicbasin.com\/wp-content\/uploads\/2025\/08\/Bathroom-Mount-Hotel-Color-Table-Top-Wash-Basins-Ceramic-Sale-Brown-Matt-Art-Basin-Single-Round-Sink-5-270x270.webp 270w, https:\/\/www.ceramicbasin.com\/wp-content\/uploads\/2025\/08\/Bathroom-Mount-Hotel-Color-Table-Top-Wash-Basins-Ceramic-Sale-Brown-Matt-Art-Basin-Single-Round-Sink-5-540x540.webp 540w, https:\/\/www.ceramicbasin.com\/wp-content\/uploads\/2025\/08\/Bathroom-Mount-Hotel-Color-Table-Top-Wash-Basins-Ceramic-Sale-Brown-Matt-Art-Basin-Single-Round-Sink-5-660x660.webp 660w\" sizes=\"(max-width: 1024px) 100vw, 1024px\" \/><\/figure>\n<\/div>\n<\/div>\n\n\n\n<p><\/p>","protected":false},"excerpt":{"rendered":"<div class=\"highlights-border-container\" data-v-df95d256=\"\">Compre lavat\u00f3rios por atacado diretamente da f\u00e1brica HanYu. Os nossos lavat\u00f3rios de cer\u00e2mica por atacado s\u00e3o feitos de cer\u00e2mica de alta qualidade e cozidos a altas temperaturas. Oferecemos descontos por atacado neste design popular para atender \u00e0s necessidades de projetos comerciais ou grandes renova\u00e7\u00f5es residenciais.<\/div>\n<table style=\"border-collapse: collapse; width: 311.02pt;\" border=\"0\" width=\"311\" cellspacing=\"0\" cellpadding=\"0\">\n<tbody>\n<tr style=\"height: 17.60pt;\">\n<td class=\"et3\" style=\"height: 17.60pt; width: 108.35pt;\" width=\"108\" height=\"17\">Fabricante<\/td>\n<td class=\"et3\" style=\"width: 202.95pt;\" width=\"202\">HanYu<\/td>\n<\/tr>\n<tr style=\"height: 17.60pt;\">\n<td class=\"et3\" style=\"height: 17.60pt;\" height=\"17\">Modelo n.<\/td>\n<td class=\"et4\">HY-8002MC<\/td>\n<\/tr>\n<tr style=\"height: 18.00pt;\">\n<td class=\"et3\" style=\"height: 18.00pt;\" height=\"18\">Tipo<\/td>\n<td class=\"et5\" style=\"width: 202.95pt;\" width=\"202\">Lavat\u00f3rio mate, Lavat\u00f3rio de bancada<\/td>\n<\/tr>\n<tr style=\"height: 17.60pt;\">\n<td class=\"et3\" style=\"height: 17.60pt;\" height=\"17\">Forma<\/td>\n<td class=\"et3\">Forma redonda<\/td>\n<\/tr>\n<tr style=\"height: 36.00pt;\">\n<td class=\"et4\" style=\"height: 36.00pt;\" height=\"36\">Cor<\/td>\n<td class=\"et5\" style=\"width: 202.95pt;\" width=\"202\">Preto\/branco\/azul\/cinza\/rosa\/verde\/castanho\/caqui......<\/td>\n<\/tr>\n<tr style=\"height: 18.00pt;\">\n<td class=\"et3\" style=\"height: 18.00pt;\" height=\"18\">Dimens\u00e3o<\/td>\n<td class=\"et5\" style=\"width: 202.95pt;\" width=\"202\">40*40*13<\/td>\n<\/tr>\n<tr style=\"height: 17.60pt;\">\n<td class=\"et3\" style=\"height: 17.60pt;\" height=\"17\">N.W \/SET<\/td>\n<td class=\"et3\">6KGS\/PCS<\/td>\n<\/tr>\n<tr style=\"height: 17.60pt;\">\n<td class=\"et3\" style=\"height: 17.60pt;\" height=\"17\">MOQ<\/td>\n<td class=\"et3\">20 unidades<\/td>\n<\/tr>\n<tr style=\"height: 17.60pt;\">\n<td class=\"et3\" style=\"height: 17.60pt;\" height=\"17\">Op\u00e7\u00e3o personalizada<\/td>\n<td class=\"et3\">Cor\/Padr\u00e3o\/Tamanho\/Logotipo\/Embalagem<\/td>\n<\/tr>\n<\/tbody>\n<\/table>","protected":false},"featured_media":7679,"comment_status":"closed","ping_status":"closed","template":"","meta":{"_acf_changed":false},"product_brand":[],"product_cat":[50,55],"product_tag":[],"class_list":{"0":"post-7675","1":"product","2":"type-product","3":"status-publish","4":"has-post-thumbnail","6":"product_cat-wholesale-countertop-sinks","7":"product_cat-wholesale-matte-sinks","9":"first","10":"instock","11":"shipping-taxable","12":"product-type-simple"},"acf":[],"_links":{"self":[{"href":"https:\/\/www.ceramicbasin.com\/pt\/wp-json\/wp\/v2\/product\/7675","targetHints":{"allow":["GET"]}}],"collection":[{"href":"https:\/\/www.ceramicbasin.com\/pt\/wp-json\/wp\/v2\/product"}],"about":[{"href":"https:\/\/www.ceramicbasin.com\/pt\/wp-json\/wp\/v2\/types\/product"}],"replies":[{"embeddable":true,"href":"https:\/\/www.ceramicbasin.com\/pt\/wp-json\/wp\/v2\/comments?post=7675"}],"wp:featuredmedia":[{"embeddable":true,"href":"https:\/\/www.ceramicbasin.com\/pt\/wp-json\/wp\/v2\/media\/7679"}],"wp:attachment":[{"href":"https:\/\/www.ceramicbasin.com\/pt\/wp-json\/wp\/v2\/media?parent=7675"}],"wp:term":[{"taxonomy":"product_brand","embeddable":true,"href":"https:\/\/www.ceramicbasin.com\/pt\/wp-json\/wp\/v2\/product_brand?post=7675"},{"taxonomy":"product_cat","embeddable":true,"href":"https:\/\/www.ceramicbasin.com\/pt\/wp-json\/wp\/v2\/product_cat?post=7675"},{"taxonomy":"product_tag","embeddable":true,"href":"https:\/\/www.ceramicbasin.com\/pt\/wp-json\/wp\/v2\/product_tag?post=7675"}],"curies":[{"name":"wp","href":"https:\/\/api.w.org\/{rel}","templated":true}]}}