{"id":7722,"date":"2025-09-03T08:38:15","date_gmt":"2025-09-03T08:38:15","guid":{"rendered":"https:\/\/www.ceramicbasin.com\/?post_type=product&#038;p=7722"},"modified":"2025-09-04T09:32:29","modified_gmt":"2025-09-04T09:32:29","slug":"wholesale-countertop-hand-basin","status":"publish","type":"product","link":"https:\/\/www.ceramicbasin.com\/pt\/produto\/wholesale-countertop-hand-basin\/","title":{"rendered":"Lavat\u00f3rio de m\u00e3o de bancada por atacado, Venda quente de lavat\u00f3rios de casa de banho"},"content":{"rendered":"<div class=\"wp-block-columns is-layout-flex wp-container-core-columns-is-layout-9d6595d7 wp-block-columns-is-layout-flex\">\n<div class=\"wp-block-column is-layout-flow wp-block-column-is-layout-flow\">\n<h2 class=\"wp-block-heading\">Lavat\u00f3rio de bancada Premium Wholesale Carater\u00edsticas:<\/h2>\n\n\n\n<ul class=\"wp-block-list\">\n<li><strong>Design moderno:<\/strong> O nosso lavat\u00f3rio de bancada por atacado com design tradicional de lavat\u00f3rio de bancada redondo acrescenta simplicidade e gra\u00e7a para se adaptar a qualquer decora\u00e7\u00e3o de casa de banho.<\/li>\n\n\n\n<li><strong>Materiais de alta qualidade:<\/strong> Selecionar materiais cer\u00e2micos de alta qualidade, cozidos a alta temperatura, para que o nosso lavat\u00f3rio de m\u00e3o de bancada por atacado seja dur\u00e1vel, resistente a manchas e a riscos. A superf\u00edcie lisa \u00e9 f\u00e1cil de limpar e pode permanecer bonita e brilhante ap\u00f3s um longo uso.<\/li>\n\n\n\n<li><strong>Amplamente adapt\u00e1vel:<\/strong> Est\u00e3o dispon\u00edveis v\u00e1rios tamanhos e cores para lavat\u00f3rios de vasos personalizados a granel, que podem adaptar-se \u00e0s necessidades de decora\u00e7\u00e3o da casa de banho em diferentes estilos. Quer se trate de um estilo moderno e minimalista ou de uma casa de banho de estilo art\u00edstico, este lavat\u00f3rio pode ser perfeitamente integrado.<\/li>\n\n\n\n<li><strong>Pre\u00e7o por grosso: <\/strong>A f\u00e1brica Hanyu oferece uma variedade de lavat\u00f3rios de casa de banho por atacado, garantindo produtos de alta qualidade a pre\u00e7os mais competitivos, ajudando grossistas, retalhistas e projectos de constru\u00e7\u00e3o a poupar custos e a aumentar as margens de lucro.<\/li>\n<\/ul>\n<\/div>\n\n\n\n<div class=\"wp-block-column is-layout-flow wp-block-column-is-layout-flow\">\n<figure class=\"wp-block-image size-full\"><img fetchpriority=\"high\" decoding=\"async\" width=\"655\" height=\"819\" src=\"https:\/\/www.ceramicbasin.com\/wp-content\/uploads\/2025\/09\/hot-sale-wholesale-countertop-hand-basin-white-round-wholesale-bathroom-sink-7.webp\" alt=\"hot-sale-wholesale-countertop-hand-basin-white-round-wholesale-bathroom-sink-7\" class=\"wp-image-7780\" srcset=\"https:\/\/www.ceramicbasin.com\/wp-content\/uploads\/2025\/09\/hot-sale-wholesale-countertop-hand-basin-white-round-wholesale-bathroom-sink-7.webp 655w, https:\/\/www.ceramicbasin.com\/wp-content\/uploads\/2025\/09\/hot-sale-wholesale-countertop-hand-basin-white-round-wholesale-bathroom-sink-7-240x300.webp 240w, https:\/\/www.ceramicbasin.com\/wp-content\/uploads\/2025\/09\/hot-sale-wholesale-countertop-hand-basin-white-round-wholesale-bathroom-sink-7-10x12.webp 10w, https:\/\/www.ceramicbasin.com\/wp-content\/uploads\/2025\/09\/hot-sale-wholesale-countertop-hand-basin-white-round-wholesale-bathroom-sink-7-285x356.webp 285w, https:\/\/www.ceramicbasin.com\/wp-content\/uploads\/2025\/09\/hot-sale-wholesale-countertop-hand-basin-white-round-wholesale-bathroom-sink-7-528x660.webp 528w, https:\/\/www.ceramicbasin.com\/wp-content\/uploads\/2025\/09\/hot-sale-wholesale-countertop-hand-basin-white-round-wholesale-bathroom-sink-7-120x150.webp 120w\" sizes=\"(max-width: 655px) 100vw, 655px\" \/><\/figure>\n<\/div>\n<\/div>","protected":false},"excerpt":{"rendered":"<p>Bem-vindo a comprar a nossa bacia de m\u00e3o de bancada de venda quente por atacado. Esta pia de banheiro de bancada redonda por atacado com um acabamento liso. Design de bacia de m\u00e3o moderno e com economia de espa\u00e7o, f\u00e1cil de instalar e perfeito para uso dom\u00e9stico, hoteleiro e comercial. Suporte a pedidos em massa e personaliza\u00e7\u00e3o.<\/p>\n<table style=\"border-collapse: collapse; width: 311.02pt;\" border=\"0\" width=\"311\" cellspacing=\"0\" cellpadding=\"0\">\n<tbody>\n<tr style=\"height: 17.60pt;\">\n<td class=\"et3\" style=\"height: 17.60pt; width: 108.35pt;\" width=\"108\" height=\"17\">Fabricante<\/td>\n<td class=\"et3\" style=\"width: 202.95pt;\" width=\"202\">HanYu<\/td>\n<\/tr>\n<tr style=\"height: 17.60pt;\">\n<td class=\"et3\" style=\"height: 17.60pt;\" height=\"17\">Modelo n.<\/td>\n<td class=\"et4\">HY-3003<\/td>\n<\/tr>\n<tr style=\"height: 17.60pt;\">\n<td class=\"et3\" style=\"height: 17.60pt;\" height=\"17\">Tipo<\/td>\n<td class=\"et3\">Lavat\u00f3rio de bancada<\/td>\n<\/tr>\n<tr style=\"height: 17.60pt;\">\n<td class=\"et3\" style=\"height: 17.60pt;\" height=\"17\">Forma<\/td>\n<td class=\"et3\">Forma redonda<\/td>\n<\/tr>\n<tr style=\"height: 17.60pt;\">\n<td class=\"et4\" style=\"height: 17.60pt;\" height=\"17\">Cor<\/td>\n<td class=\"et3\">Branco<\/td>\n<\/tr>\n<tr style=\"height: 18.00pt;\">\n<td class=\"et3\" style=\"height: 18.00pt;\" height=\"18\">Dimens\u00e3o<\/td>\n<td class=\"et5\" style=\"width: 202.95pt;\" width=\"202\">41*41*17<\/td>\n<\/tr>\n<tr style=\"height: 17.60pt;\">\n<td class=\"et3\" style=\"height: 17.60pt;\" height=\"17\">N.W \/SET<\/td>\n<td class=\"et3\">6KG\/PCS<\/td>\n<\/tr>\n<tr style=\"height: 17.60pt;\">\n<td class=\"et3\" style=\"height: 17.60pt;\" height=\"17\">MOQ<\/td>\n<td class=\"et3\">20 unidades<\/td>\n<\/tr>\n<tr style=\"height: 17.60pt;\">\n<td class=\"et3\" style=\"height: 17.60pt;\" height=\"17\">Op\u00e7\u00e3o personalizada<\/td>\n<td class=\"et3\">Cor\/Patente\/Tamanho\/Logotipo\/Embalagem<\/td>\n<\/tr>\n<\/tbody>\n<\/table>\n<p>&nbsp;<\/p>","protected":false},"featured_media":7776,"comment_status":"closed","ping_status":"closed","template":"","meta":{"_acf_changed":false},"product_brand":[],"product_cat":[50],"product_tag":[],"class_list":{"0":"post-7722","1":"product","2":"type-product","3":"status-publish","4":"has-post-thumbnail","6":"product_cat-wholesale-countertop-sinks","8":"first","9":"instock","10":"shipping-taxable","11":"product-type-simple"},"acf":[],"_links":{"self":[{"href":"https:\/\/www.ceramicbasin.com\/pt\/wp-json\/wp\/v2\/product\/7722","targetHints":{"allow":["GET"]}}],"collection":[{"href":"https:\/\/www.ceramicbasin.com\/pt\/wp-json\/wp\/v2\/product"}],"about":[{"href":"https:\/\/www.ceramicbasin.com\/pt\/wp-json\/wp\/v2\/types\/product"}],"replies":[{"embeddable":true,"href":"https:\/\/www.ceramicbasin.com\/pt\/wp-json\/wp\/v2\/comments?post=7722"}],"wp:featuredmedia":[{"embeddable":true,"href":"https:\/\/www.ceramicbasin.com\/pt\/wp-json\/wp\/v2\/media\/7776"}],"wp:attachment":[{"href":"https:\/\/www.ceramicbasin.com\/pt\/wp-json\/wp\/v2\/media?parent=7722"}],"wp:term":[{"taxonomy":"product_brand","embeddable":true,"href":"https:\/\/www.ceramicbasin.com\/pt\/wp-json\/wp\/v2\/product_brand?post=7722"},{"taxonomy":"product_cat","embeddable":true,"href":"https:\/\/www.ceramicbasin.com\/pt\/wp-json\/wp\/v2\/product_cat?post=7722"},{"taxonomy":"product_tag","embeddable":true,"href":"https:\/\/www.ceramicbasin.com\/pt\/wp-json\/wp\/v2\/product_tag?post=7722"}],"curies":[{"name":"wp","href":"https:\/\/api.w.org\/{rel}","templated":true}]}}