{"id":7730,"date":"2025-09-03T09:25:02","date_gmt":"2025-09-03T09:25:02","guid":{"rendered":"https:\/\/www.ceramicbasin.com\/?post_type=product&#038;p=7730"},"modified":"2025-09-04T09:28:07","modified_gmt":"2025-09-04T09:28:07","slug":"wholesale-bathroom-countertop-basin","status":"publish","type":"product","link":"https:\/\/www.ceramicbasin.com\/pt\/produto\/wholesale-bathroom-countertop-basin\/","title":{"rendered":"Lavat\u00f3rio de bancada de casa de banho por atacado, lavat\u00f3rios redondos de cer\u00e2mica"},"content":{"rendered":"<div class=\"wp-block-columns is-layout-flex wp-container-core-columns-is-layout-9d6595d7 wp-block-columns-is-layout-flex\">\n<div class=\"wp-block-column is-layout-flow wp-block-column-is-layout-flow\">\n<h2 class=\"wp-block-heading\">Bacia de bancada de casa de banho por atacado Premium Carater\u00edsticas:<\/h2>\n\n\n\n<ul class=\"wp-block-list\">\n<li><strong>Design moderno:<\/strong> Esta bacia de bancada de casa de banho por atacado apresenta um design simples e moderno. O design suave e redondo pode combinar com v\u00e1rios estilos de casas de banho, acrescentando um fator moderno e de alta qualidade ao espa\u00e7o da casa de banho.<\/li>\n\n\n\n<li><strong>Materiais de alta qualidade:<\/strong> A cer\u00e2mica selecionada de alta qualidade \u00e9 calcinada a altas temperaturas para garantir a durabilidade do produto. Al\u00e9m disso, sendo resistente \u00e0 sujidade e aos riscos, a superf\u00edcie lisa do nosso balc\u00e3o de lavat\u00f3rio de casa de banho por atacado \u00e9 f\u00e1cil de limpar e mant\u00e9m-se bonita e brilhante durante muito tempo.<\/li>\n\n\n\n<li><strong>Orif\u00edcios de torneira pr\u00e9-perfurados:<\/strong> A nossa bacia de bancada de casa de banho por atacado vem com orif\u00edcios de torneira pr\u00e9-perfurados para uma instala\u00e7\u00e3o r\u00e1pida e f\u00e1cil que se adapta \u00e0 maioria das torneiras padr\u00e3o. O design simples \u00e9 muito funcional, bonito ao mesmo tempo, e garante conforto para o utilizador.<\/li>\n\n\n\n<li><strong>Design da bacia da bancada:<\/strong> os nossos lavat\u00f3rios de casa de banho personalizados s\u00e3o fornecidos diretamente da f\u00e1brica, a instala\u00e7\u00e3o simples complementa v\u00e1rias bancadas de casa de banho, elevando a sofistica\u00e7\u00e3o geral do espa\u00e7o.<\/li>\n<\/ul>\n<\/div>\n\n\n\n<div class=\"wp-block-column is-layout-flow wp-block-column-is-layout-flow\">\n<figure class=\"wp-block-image size-full\"><img fetchpriority=\"high\" decoding=\"async\" width=\"655\" height=\"819\" src=\"https:\/\/www.ceramicbasin.com\/wp-content\/uploads\/2025\/09\/modern-wholesale-bathroom-countertop-basin-with-faucet-hole-custom-ceramic-sinks-6.webp\" alt=\"modern-wholesale-bathroom-countertop-basin-with-faucet-hole-custom-ceramic-sinks-6\" class=\"wp-image-7766\" srcset=\"https:\/\/www.ceramicbasin.com\/wp-content\/uploads\/2025\/09\/modern-wholesale-bathroom-countertop-basin-with-faucet-hole-custom-ceramic-sinks-6.webp 655w, https:\/\/www.ceramicbasin.com\/wp-content\/uploads\/2025\/09\/modern-wholesale-bathroom-countertop-basin-with-faucet-hole-custom-ceramic-sinks-6-240x300.webp 240w, https:\/\/www.ceramicbasin.com\/wp-content\/uploads\/2025\/09\/modern-wholesale-bathroom-countertop-basin-with-faucet-hole-custom-ceramic-sinks-6-10x12.webp 10w, https:\/\/www.ceramicbasin.com\/wp-content\/uploads\/2025\/09\/modern-wholesale-bathroom-countertop-basin-with-faucet-hole-custom-ceramic-sinks-6-285x356.webp 285w, https:\/\/www.ceramicbasin.com\/wp-content\/uploads\/2025\/09\/modern-wholesale-bathroom-countertop-basin-with-faucet-hole-custom-ceramic-sinks-6-528x660.webp 528w, https:\/\/www.ceramicbasin.com\/wp-content\/uploads\/2025\/09\/modern-wholesale-bathroom-countertop-basin-with-faucet-hole-custom-ceramic-sinks-6-120x150.webp 120w\" sizes=\"(max-width: 655px) 100vw, 655px\" \/><\/figure>\n<\/div>\n<\/div>","protected":false},"excerpt":{"rendered":"<p>Bem-vindo ao comprar o lavat\u00f3rio de bancada para casa de banho por atacado. O lavat\u00f3rio de casa de banho de bancada da Hanyu por atacado com orif\u00edcios de torneira pr\u00e9-perfurados, tornando-o muito mais f\u00e1cil de instalar e amplamente compat\u00edvel com acess\u00f3rios relacionados. Por meio do atacado direto da f\u00e1brica, \u00e9 dur\u00e1vel e f\u00e1cil de limpar.<\/p>\n<table style=\"border-collapse: collapse; width: 311.02pt;\" border=\"0\" width=\"311\" cellspacing=\"0\" cellpadding=\"0\">\n<tbody>\n<tr style=\"height: 17.60pt;\">\n<td class=\"et3\" style=\"height: 17.60pt; width: 108.35pt;\" width=\"108\" height=\"17\">Fabricante<\/td>\n<td class=\"et3\" style=\"width: 202.95pt;\" width=\"202\">HanYu<\/td>\n<\/tr>\n<tr style=\"height: 17.60pt;\">\n<td class=\"et3\" style=\"height: 17.60pt;\" height=\"17\">Modelo n.<\/td>\n<td class=\"et4\">HY-8127<\/td>\n<\/tr>\n<tr style=\"height: 17.60pt;\">\n<td class=\"et3\" style=\"height: 17.60pt;\" height=\"17\">Tipo<\/td>\n<td class=\"et3\">Lavat\u00f3rio de bancada<\/td>\n<\/tr>\n<tr style=\"height: 17.60pt;\">\n<td class=\"et3\" style=\"height: 17.60pt;\" height=\"17\">Forma<\/td>\n<td class=\"et3\">Redondo<\/td>\n<\/tr>\n<tr style=\"height: 17.60pt;\">\n<td class=\"et4\" style=\"height: 17.60pt;\" height=\"17\">Cor<\/td>\n<td class=\"et3\">Branco<\/td>\n<\/tr>\n<tr style=\"height: 18.00pt;\">\n<td class=\"et3\" style=\"height: 18.00pt;\" height=\"18\">Dimens\u00e3o<\/td>\n<td class=\"et5\" style=\"width: 202.95pt;\" width=\"202\">40.5*40.5*13<\/td>\n<\/tr>\n<tr style=\"height: 17.60pt;\">\n<td class=\"et3\" style=\"height: 17.60pt;\" height=\"17\">N.W \/SET<\/td>\n<td class=\"et3\">8KG\/PCS<\/td>\n<\/tr>\n<tr style=\"height: 17.60pt;\">\n<td class=\"et3\" style=\"height: 17.60pt;\" height=\"17\">MOQ<\/td>\n<td class=\"et3\">20 unidades<\/td>\n<\/tr>\n<tr style=\"height: 17.60pt;\">\n<td class=\"et3\" style=\"height: 17.60pt;\" height=\"17\">Op\u00e7\u00e3o personalizada<\/td>\n<td class=\"et3\">Cor\/Patente\/Tamanho\/Logotipo\/Embalagem<\/td>\n<\/tr>\n<\/tbody>\n<\/table>\n<p>&nbsp;<\/p>","protected":false},"featured_media":7761,"comment_status":"closed","ping_status":"closed","template":"","meta":{"_acf_changed":false},"product_brand":[],"product_cat":[50],"product_tag":[],"class_list":{"0":"post-7730","1":"product","2":"type-product","3":"status-publish","4":"has-post-thumbnail","6":"product_cat-wholesale-countertop-sinks","8":"first","9":"instock","10":"shipping-taxable","11":"product-type-simple"},"acf":[],"_links":{"self":[{"href":"https:\/\/www.ceramicbasin.com\/pt\/wp-json\/wp\/v2\/product\/7730","targetHints":{"allow":["GET"]}}],"collection":[{"href":"https:\/\/www.ceramicbasin.com\/pt\/wp-json\/wp\/v2\/product"}],"about":[{"href":"https:\/\/www.ceramicbasin.com\/pt\/wp-json\/wp\/v2\/types\/product"}],"replies":[{"embeddable":true,"href":"https:\/\/www.ceramicbasin.com\/pt\/wp-json\/wp\/v2\/comments?post=7730"}],"wp:featuredmedia":[{"embeddable":true,"href":"https:\/\/www.ceramicbasin.com\/pt\/wp-json\/wp\/v2\/media\/7761"}],"wp:attachment":[{"href":"https:\/\/www.ceramicbasin.com\/pt\/wp-json\/wp\/v2\/media?parent=7730"}],"wp:term":[{"taxonomy":"product_brand","embeddable":true,"href":"https:\/\/www.ceramicbasin.com\/pt\/wp-json\/wp\/v2\/product_brand?post=7730"},{"taxonomy":"product_cat","embeddable":true,"href":"https:\/\/www.ceramicbasin.com\/pt\/wp-json\/wp\/v2\/product_cat?post=7730"},{"taxonomy":"product_tag","embeddable":true,"href":"https:\/\/www.ceramicbasin.com\/pt\/wp-json\/wp\/v2\/product_tag?post=7730"}],"curies":[{"name":"wp","href":"https:\/\/api.w.org\/{rel}","templated":true}]}}