{"id":7740,"date":"2025-09-03T09:44:09","date_gmt":"2025-09-03T09:44:09","guid":{"rendered":"https:\/\/www.ceramicbasin.com\/?post_type=product&#038;p=7740"},"modified":"2025-09-04T07:44:01","modified_gmt":"2025-09-04T07:44:01","slug":"wholesale-round-lavatory-sinks","status":"publish","type":"product","link":"https:\/\/www.ceramicbasin.com\/pt\/produto\/wholesale-round-lavatory-sinks\/","title":{"rendered":"Lavat\u00f3rios redondos por atacado, bacia de bancada em cer\u00e2mica personalizada"},"content":{"rendered":"<div class=\"wp-block-columns is-layout-flex wp-container-core-columns-is-layout-9d6595d7 wp-block-columns-is-layout-flex\">\n<div class=\"wp-block-column is-layout-flow wp-block-column-is-layout-flow\">\n<h2 class=\"wp-block-heading\">Pias de lavat\u00f3rio redondas Premium Wholesale Carater\u00edsticas:<\/h2>\n\n\n\n<ul class=\"wp-block-list\">\n<li><strong>Design simples e elegante: <\/strong>Os nossos lavat\u00f3rios de bancada em cer\u00e2mica personalizados t\u00eam linhas simples e formas elegantes. Com um aspeto requintado, podem certamente enquadrar-se no estilo de design minimalista de uma casa de banho moderna. Entretanto, mostram o seu elevado gosto e podem acrescentar requinte a todo o espa\u00e7o.<\/li>\n\n\n\n<li><strong>Desenho do orif\u00edcio da torneira: <\/strong>Todos os lavat\u00f3rios redondos por atacado t\u00eam orif\u00edcios para torneiras. Com este design razo\u00e1vel, no momento da instala\u00e7\u00e3o, as torneiras podem ser combinadas diretamente pelos utilizadores sem perfura\u00e7\u00e3o adicional, o que aumentaria a conveni\u00eancia e a efici\u00eancia da instala\u00e7\u00e3o e satisfaria os requisitos de v\u00e1rias bancadas de casa de banho.<\/li>\n\n\n\n<li><strong>Material cer\u00e2mico de alta qualidade: <\/strong>Os nossos lavat\u00f3rios de bancada em cer\u00e2mica personalizados s\u00e3o fabricados com materiais cer\u00e2micos de alta qualidade, com uma superf\u00edcie lisa e delicada, com forte resist\u00eancia ao desgaste e \u00e0s manchas. Mesmo depois de serem utilizados durante muito tempo, podem permanecer intactos e, no dia a dia, s\u00e3o muito f\u00e1ceis de manter limpos.<\/li>\n\n\n\n<li><strong>V\u00e1rios tamanhos, cores e estilos:<\/strong> Estes lavat\u00f3rios redondos por atacado podem ser oferecidos numa forma personaliz\u00e1vel de acordo com os requisitos de diferentes projectos. Quer se trate de decora\u00e7\u00e3o residencial ou de projectos comerciais, podem adaptar-se facilmente a v\u00e1rios estilos de casa de banho.<\/li>\n<\/ul>\n<\/div>\n\n\n\n<div class=\"wp-block-column is-layout-flow wp-block-column-is-layout-flow\">\n<figure class=\"wp-block-image size-full\"><img fetchpriority=\"high\" decoding=\"async\" width=\"683\" height=\"889\" src=\"https:\/\/www.ceramicbasin.com\/wp-content\/uploads\/2025\/09\/wholesale-round-lavatory-sinks-custom-ceramic-countertop-basin-6.webp\" alt=\"lavat\u00f3rios redondos por atacado-pias de lavat\u00f3rio personalizadas-bacia de bancada em cer\u00e2mica-6\" class=\"wp-image-7774\" srcset=\"https:\/\/www.ceramicbasin.com\/wp-content\/uploads\/2025\/09\/wholesale-round-lavatory-sinks-custom-ceramic-countertop-basin-6.webp 683w, https:\/\/www.ceramicbasin.com\/wp-content\/uploads\/2025\/09\/wholesale-round-lavatory-sinks-custom-ceramic-countertop-basin-6-230x300.webp 230w, https:\/\/www.ceramicbasin.com\/wp-content\/uploads\/2025\/09\/wholesale-round-lavatory-sinks-custom-ceramic-countertop-basin-6-9x12.webp 9w, https:\/\/www.ceramicbasin.com\/wp-content\/uploads\/2025\/09\/wholesale-round-lavatory-sinks-custom-ceramic-countertop-basin-6-285x371.webp 285w, https:\/\/www.ceramicbasin.com\/wp-content\/uploads\/2025\/09\/wholesale-round-lavatory-sinks-custom-ceramic-countertop-basin-6-507x660.webp 507w, https:\/\/www.ceramicbasin.com\/wp-content\/uploads\/2025\/09\/wholesale-round-lavatory-sinks-custom-ceramic-countertop-basin-6-115x150.webp 115w\" sizes=\"(max-width: 683px) 100vw, 683px\" \/><\/figure>\n<\/div>\n<\/div>","protected":false},"excerpt":{"rendered":"<p>Bem-vindo a informar-se sobre os lavat\u00f3rios redondos Hanyu por atacado. Os nossos lavat\u00f3rios de bancada em cer\u00e2mica personalizados com um orif\u00edcio para torneira, design simples e elegante, adaptam-se a uma variedade de estilos de decora\u00e7\u00e3o de casas de banho modernas e s\u00e3o revestidos com suavidade. Os materiais cer\u00e2micos de alta qualidade utilizados neste produto t\u00eam grande durabilidade e s\u00e3o f\u00e1ceis de limpar.<\/p>\n<table style=\"border-collapse: collapse; width: 358.52pt;\" border=\"0\" width=\"478\" cellspacing=\"0\" cellpadding=\"0\">\n<tbody>\n<tr style=\"height: 17.25pt;\">\n<td class=\"et3\" style=\"height: 17.25pt; width: 125.00pt;\" width=\"166\" height=\"23\">Fabricante<\/td>\n<td class=\"et3\" style=\"width: 234.15pt;\" width=\"312\">HanYu<\/td>\n<\/tr>\n<tr style=\"height: 17.25pt;\">\n<td class=\"et3\" style=\"height: 17.25pt;\" height=\"23\">Modelo n.<\/td>\n<td class=\"et4\">HY-8004<\/td>\n<\/tr>\n<tr style=\"height: 17.25pt;\">\n<td class=\"et3\" style=\"height: 17.25pt;\" height=\"23\">Tipo<\/td>\n<td class=\"et5\" style=\"width: 234.15pt;\" width=\"312\">Bacias de bancada<\/td>\n<\/tr>\n<tr style=\"height: 18.00pt;\">\n<td class=\"et3\" style=\"height: 18.00pt;\" height=\"24\">Forma<\/td>\n<td class=\"et3\">Forma redonda<\/td>\n<\/tr>\n<tr style=\"height: 34.50pt;\">\n<td class=\"et4\" style=\"height: 34.50pt;\" height=\"46\">Cor<\/td>\n<td class=\"et5\" style=\"width: 234.15pt;\" width=\"312\">preto\/branco\/azul\/cinzento\/rosa\/verde\/castanho\/caqui<\/td>\n<\/tr>\n<tr style=\"height: 18.00pt;\">\n<td class=\"et3\" style=\"height: 18.00pt;\" height=\"24\">Dimens\u00e3o<\/td>\n<td class=\"et5\" style=\"width: 234.15pt;\" width=\"312\">44*44*12<\/td>\n<\/tr>\n<tr style=\"height: 17.25pt;\">\n<td class=\"et3\" style=\"height: 17.25pt;\" height=\"23\">N.W \/SET<\/td>\n<td class=\"et3\">10KGS\/PCS<\/td>\n<\/tr>\n<tr style=\"height: 17.25pt;\">\n<td class=\"et3\" style=\"height: 17.25pt;\" height=\"23\">MOQ<\/td>\n<td class=\"et3\">20 unidades<\/td>\n<\/tr>\n<tr style=\"height: 17.25pt;\">\n<td class=\"et3\" style=\"height: 17.25pt;\" height=\"23\">Op\u00e7\u00e3o personalizada<\/td>\n<td class=\"et3\">Cor\/Patente\/Tamanho\/Logotipo\/Embalagem<\/td>\n<\/tr>\n<\/tbody>\n<\/table>","protected":false},"featured_media":7769,"comment_status":"closed","ping_status":"closed","template":"","meta":{"_acf_changed":false},"product_brand":[],"product_cat":[50],"product_tag":[],"class_list":{"0":"post-7740","1":"product","2":"type-product","3":"status-publish","4":"has-post-thumbnail","6":"product_cat-wholesale-countertop-sinks","8":"first","9":"instock","10":"shipping-taxable","11":"product-type-simple"},"acf":[],"_links":{"self":[{"href":"https:\/\/www.ceramicbasin.com\/pt\/wp-json\/wp\/v2\/product\/7740","targetHints":{"allow":["GET"]}}],"collection":[{"href":"https:\/\/www.ceramicbasin.com\/pt\/wp-json\/wp\/v2\/product"}],"about":[{"href":"https:\/\/www.ceramicbasin.com\/pt\/wp-json\/wp\/v2\/types\/product"}],"replies":[{"embeddable":true,"href":"https:\/\/www.ceramicbasin.com\/pt\/wp-json\/wp\/v2\/comments?post=7740"}],"wp:featuredmedia":[{"embeddable":true,"href":"https:\/\/www.ceramicbasin.com\/pt\/wp-json\/wp\/v2\/media\/7769"}],"wp:attachment":[{"href":"https:\/\/www.ceramicbasin.com\/pt\/wp-json\/wp\/v2\/media?parent=7740"}],"wp:term":[{"taxonomy":"product_brand","embeddable":true,"href":"https:\/\/www.ceramicbasin.com\/pt\/wp-json\/wp\/v2\/product_brand?post=7740"},{"taxonomy":"product_cat","embeddable":true,"href":"https:\/\/www.ceramicbasin.com\/pt\/wp-json\/wp\/v2\/product_cat?post=7740"},{"taxonomy":"product_tag","embeddable":true,"href":"https:\/\/www.ceramicbasin.com\/pt\/wp-json\/wp\/v2\/product_tag?post=7740"}],"curies":[{"name":"wp","href":"https:\/\/api.w.org\/{rel}","templated":true}]}}