{"id":7749,"date":"2025-09-03T09:49:25","date_gmt":"2025-09-03T09:49:25","guid":{"rendered":"https:\/\/www.ceramicbasin.com\/?post_type=product&#038;p=7749"},"modified":"2025-09-04T09:19:00","modified_gmt":"2025-09-04T09:19:00","slug":"custom-countertop-hand-basin","status":"publish","type":"product","link":"https:\/\/www.ceramicbasin.com\/pt\/produto\/custom-countertop-hand-basin\/","title":{"rendered":"Bacia de m\u00e3o de bancada personalizada de venda quente por atacado"},"content":{"rendered":"<div class=\"wp-block-columns is-layout-flex wp-container-core-columns-is-layout-9d6595d7 wp-block-columns-is-layout-flex\">\n<div class=\"wp-block-column is-layout-flow wp-block-column-is-layout-flow\">\n<h2 class=\"wp-block-heading\">Lavat\u00f3rio de bancada personalizado Premium Carater\u00edsticas:<\/h2>\n\n\n\n<ul class=\"wp-block-list\">\n<li><strong>Estilo mais vendido:<\/strong> O lavat\u00f3rio de bancada personalizado tem um design vintage em forma de ta\u00e7a com uma silhueta distinta que confere um toque art\u00edstico e personalidade a qualquer casa de banho.<\/li>\n\n\n\n<li><strong>Cer\u00e2mica de qualidade superior: <\/strong>O lavat\u00f3rio de bancada personalizado \u00e9 fabricado em cer\u00e2mica de alta qualidade com uma superf\u00edcie lisa e densa que resiste a riscos e ao desgaste, oferecendo uma limpeza sem esfor\u00e7o.<\/li>\n\n\n\n<li><strong>Servi\u00e7os de personaliza\u00e7\u00e3o: <\/strong>Estes lava-loi\u00e7as de cer\u00e2mica por atacado adaptam dimens\u00f5es, cores, esmaltes e padr\u00f5es para se adequarem a diversas est\u00e9ticas espaciais e necessidades funcionais e integram-se facilmente em v\u00e1rios designs de decora\u00e7\u00e3o.<\/li>\n\n\n\n<li><strong>Instala\u00e7\u00e3o f\u00e1cil:<\/strong> Estes lavat\u00f3rios de cer\u00e2mica por atacado foram concebidos para montagem acima do balc\u00e3o; os nossos lavat\u00f3rios de porcelana por atacado para bancada permitem uma instala\u00e7\u00e3o sem problemas, quer se trate de uma nova constru\u00e7\u00e3o ou de uma renova\u00e7\u00e3o da casa de banho.<\/li>\n<\/ul>\n<\/div>\n\n\n\n<div class=\"wp-block-column is-layout-flow wp-block-column-is-layout-flow\">\n<figure class=\"wp-block-image size-full\"><img fetchpriority=\"high\" decoding=\"async\" width=\"591\" height=\"765\" src=\"https:\/\/www.ceramicbasin.com\/wp-content\/uploads\/2025\/09\/Counter-Top-Wholesale-sink-6.webp\" alt=\"venda a quente de lavat\u00f3rio de bancada \u00e0 m\u00e3o com design antigo em forma de ta\u00e7a e lavat\u00f3rio de cer\u00e2mica - venda a retalho - 6\" class=\"wp-image-7750\" srcset=\"https:\/\/www.ceramicbasin.com\/wp-content\/uploads\/2025\/09\/Counter-Top-Wholesale-sink-6.webp 591w, https:\/\/www.ceramicbasin.com\/wp-content\/uploads\/2025\/09\/Counter-Top-Wholesale-sink-6-232x300.webp 232w, https:\/\/www.ceramicbasin.com\/wp-content\/uploads\/2025\/09\/Counter-Top-Wholesale-sink-6-9x12.webp 9w, https:\/\/www.ceramicbasin.com\/wp-content\/uploads\/2025\/09\/Counter-Top-Wholesale-sink-6-285x369.webp 285w, https:\/\/www.ceramicbasin.com\/wp-content\/uploads\/2025\/09\/Counter-Top-Wholesale-sink-6-510x660.webp 510w, https:\/\/www.ceramicbasin.com\/wp-content\/uploads\/2025\/09\/Counter-Top-Wholesale-sink-6-116x150.webp 116w\" sizes=\"(max-width: 591px) 100vw, 591px\" \/><\/figure>\n<\/div>\n<\/div>","protected":false},"excerpt":{"rendered":"<p>Bem-vindo ao comprar o lavat\u00f3rio de bancada personalizado. Os nossos lavat\u00f3rios de bancada por atacado s\u00e3o vendidos diretamente da f\u00e1brica, evitando intermedi\u00e1rios para obter os lavat\u00f3rios mais superiores ao mais baixo custo. A nossa sele\u00e7\u00e3o diversificada inclui uma variedade de estilos, tamanhos e cores que se adaptam a qualquer design na casa de banho. Muito f\u00e1cil de instalar em cima do balc\u00e3o, feito de cer\u00e2mica de alta qualidade, dur\u00e1vel, superf\u00edcie lisa, resistente a manchas e arranh\u00f5es.<\/p>\n<table style=\"border-collapse: collapse; width: 358.52pt;\" border=\"0\" width=\"478\" cellspacing=\"0\" cellpadding=\"0\">\n<tbody>\n<tr style=\"height: 17.25pt;\">\n<td class=\"et3\" style=\"height: 17.25pt; width: 125.00pt;\" width=\"166\" height=\"23\">Fabricante<\/td>\n<td class=\"et3\" style=\"width: 234.15pt;\" width=\"312\">HanYu<\/td>\n<\/tr>\n<tr style=\"height: 17.25pt;\">\n<td class=\"et3\" style=\"height: 17.25pt;\" height=\"23\">Modelo n.\u00a0<\/td>\n<td class=\"et4\">HY-8008<\/td>\n<\/tr>\n<tr style=\"height: 17.25pt;\">\n<td class=\"et3\" style=\"height: 17.25pt;\" height=\"23\">Tipo<\/td>\n<td class=\"et5\" style=\"width: 234.15pt;\" width=\"312\">Bacias de bancada<\/td>\n<\/tr>\n<tr style=\"height: 18.00pt;\">\n<td class=\"et3\" style=\"height: 18.00pt;\" height=\"24\">Forma<\/td>\n<td class=\"et3\">Forma redonda<\/td>\n<\/tr>\n<tr style=\"height: 34.50pt;\">\n<td class=\"et4\" style=\"height: 34.50pt;\" height=\"46\">Cor<\/td>\n<td class=\"et5\" style=\"width: 234.15pt;\" width=\"312\">preto\/branco\/azul\/cinzento\/rosa\/verde\/castanho\/caqui<\/td>\n<\/tr>\n<tr style=\"height: 18.00pt;\">\n<td class=\"et3\" style=\"height: 18.00pt;\" height=\"24\">Dimens\u00e3o<\/td>\n<td class=\"et5\" style=\"width: 234.15pt;\" width=\"312\">38.5*38.5*10.5<\/td>\n<\/tr>\n<tr style=\"height: 17.25pt;\">\n<td class=\"et3\" style=\"height: 17.25pt;\" height=\"23\">N.W \/SET<\/td>\n<td class=\"et3\">12KGS\/PCS<\/td>\n<\/tr>\n<tr style=\"height: 17.25pt;\">\n<td class=\"et3\" style=\"height: 17.25pt;\" height=\"23\">MOQ<\/td>\n<td class=\"et3\">20 unidades<\/td>\n<\/tr>\n<tr style=\"height: 17.25pt;\">\n<td class=\"et3\" style=\"height: 17.25pt;\" height=\"23\">Op\u00e7\u00e3o personalizada<\/td>\n<td class=\"et3\">Cor\/Patente\/Tamanho\/Logotipo\/Embalagem<\/td>\n<\/tr>\n<\/tbody>\n<\/table>","protected":false},"featured_media":7751,"comment_status":"closed","ping_status":"closed","template":"","meta":{"_acf_changed":false},"product_brand":[],"product_cat":[50],"product_tag":[],"class_list":{"0":"post-7749","1":"product","2":"type-product","3":"status-publish","4":"has-post-thumbnail","6":"product_cat-wholesale-countertop-sinks","8":"first","9":"instock","10":"shipping-taxable","11":"product-type-simple"},"acf":[],"_links":{"self":[{"href":"https:\/\/www.ceramicbasin.com\/pt\/wp-json\/wp\/v2\/product\/7749","targetHints":{"allow":["GET"]}}],"collection":[{"href":"https:\/\/www.ceramicbasin.com\/pt\/wp-json\/wp\/v2\/product"}],"about":[{"href":"https:\/\/www.ceramicbasin.com\/pt\/wp-json\/wp\/v2\/types\/product"}],"replies":[{"embeddable":true,"href":"https:\/\/www.ceramicbasin.com\/pt\/wp-json\/wp\/v2\/comments?post=7749"}],"wp:featuredmedia":[{"embeddable":true,"href":"https:\/\/www.ceramicbasin.com\/pt\/wp-json\/wp\/v2\/media\/7751"}],"wp:attachment":[{"href":"https:\/\/www.ceramicbasin.com\/pt\/wp-json\/wp\/v2\/media?parent=7749"}],"wp:term":[{"taxonomy":"product_brand","embeddable":true,"href":"https:\/\/www.ceramicbasin.com\/pt\/wp-json\/wp\/v2\/product_brand?post=7749"},{"taxonomy":"product_cat","embeddable":true,"href":"https:\/\/www.ceramicbasin.com\/pt\/wp-json\/wp\/v2\/product_cat?post=7749"},{"taxonomy":"product_tag","embeddable":true,"href":"https:\/\/www.ceramicbasin.com\/pt\/wp-json\/wp\/v2\/product_tag?post=7749"}],"curies":[{"name":"wp","href":"https:\/\/api.w.org\/{rel}","templated":true}]}}