{"id":7789,"date":"2025-09-09T07:29:43","date_gmt":"2025-09-09T07:29:43","guid":{"rendered":"https:\/\/www.ceramicbasin.com\/?post_type=product&#038;p=7789"},"modified":"2025-09-11T01:50:43","modified_gmt":"2025-09-11T01:50:43","slug":"wholesale-washroom-sinks","status":"publish","type":"product","link":"https:\/\/www.ceramicbasin.com\/pt\/produto\/wholesale-washroom-sinks\/","title":{"rendered":"Lavat\u00f3rios de casa de banho por atacado de f\u00e1brica com esmalte s\u00f3lido castanho escuro"},"content":{"rendered":"<div class=\"wp-block-columns is-layout-flex wp-container-core-columns-is-layout-9d6595d7 wp-block-columns-is-layout-flex\">\n<div class=\"wp-block-column is-layout-flow wp-block-column-is-layout-flow\">\n<h2 class=\"wp-block-heading\">Lavat\u00f3rios de casa de banho Premium Wholesale Carater\u00edsticas:<\/h2>\n\n\n\n<ul class=\"wp-block-list\">\n<li><strong>Esmalte Castanho Escuro Calmante: <\/strong>O esmalte mate castanho-escuro confere aos lavat\u00f3rios de casa de banho por atacado uma natureza serena e discreta, um toque de modernidade, combinando perfeitamente com qualquer casa de banho interior.<\/li>\n\n\n\n<li><strong>Materiais duradouros e de alta qualidade: <\/strong>Os nossos lavat\u00f3rios de casa de banho por atacado s\u00e3o feitos de cer\u00e2mica de alta qualidade, que \u00e9 dur\u00e1vel e resistente a riscos, pelo que se manter\u00e3o em excelentes condi\u00e7\u00f5es durante anos, tornando-os ideais para utiliza\u00e7\u00e3o em casa ou em empresas.<\/li>\n\n\n\n<li><strong>Superf\u00edcie mate de f\u00e1cil limpeza: <\/strong>O esmalte mate dos nossos lavat\u00f3rios de casa de banho por atacado resiste perfeitamente a manchas e n\u00f3doas de \u00e1gua, facilitando a limpeza di\u00e1ria e mantendo o seu lavat\u00f3rio limpo e fresco.<\/li>\n\n\n\n<li><strong>Entrega flex\u00edvel e pre\u00e7os competitivos: <\/strong>Oferecemos uma entrega r\u00e1pida para os nossos lavat\u00f3rios de casa de banho por atacado, garantindo que as suas encomendas a granel chegam prontamente, ao mesmo tempo que oferecemos pre\u00e7os competitivos para satisfazer as suas necessidades de compra por atacado.<\/li>\n<\/ul>\n<\/div>\n\n\n\n<div class=\"wp-block-column is-layout-flow wp-block-column-is-layout-flow\">\n<figure class=\"wp-block-image size-full\"><img fetchpriority=\"high\" decoding=\"async\" width=\"673\" height=\"878\" src=\"https:\/\/www.ceramicbasin.com\/wp-content\/uploads\/2025\/09\/bathroom-countertop-sinks\uff0cmatt-color-basin\uff0csink-above-counter5.webp\" alt=\"\" class=\"wp-image-7795\" srcset=\"https:\/\/www.ceramicbasin.com\/wp-content\/uploads\/2025\/09\/bathroom-countertop-sinks\uff0cmatt-color-basin\uff0csink-above-counter5.webp 673w, https:\/\/www.ceramicbasin.com\/wp-content\/uploads\/2025\/09\/bathroom-countertop-sinks\uff0cmatt-color-basin\uff0csink-above-counter5-230x300.webp 230w, https:\/\/www.ceramicbasin.com\/wp-content\/uploads\/2025\/09\/bathroom-countertop-sinks\uff0cmatt-color-basin\uff0csink-above-counter5-9x12.webp 9w, https:\/\/www.ceramicbasin.com\/wp-content\/uploads\/2025\/09\/bathroom-countertop-sinks\uff0cmatt-color-basin\uff0csink-above-counter5-285x372.webp 285w, https:\/\/www.ceramicbasin.com\/wp-content\/uploads\/2025\/09\/bathroom-countertop-sinks\uff0cmatt-color-basin\uff0csink-above-counter5-506x660.webp 506w, https:\/\/www.ceramicbasin.com\/wp-content\/uploads\/2025\/09\/bathroom-countertop-sinks\uff0cmatt-color-basin\uff0csink-above-counter5-115x150.webp 115w\" sizes=\"(max-width: 673px) 100vw, 673px\" \/><\/figure>\n<\/div>\n<\/div>\n\n\n\n<p><\/p>","protected":false},"excerpt":{"rendered":"<p>Bem-vindo \u00e0 compra de lavat\u00f3rios de casa de banho por atacado. Este lavat\u00f3rio de casa de banho redondo, castanho escuro mate, apresenta um design elegante. O seu esmalte castanho-escuro exala uma atmosfera serena e acolhedora, que se enquadra harmoniosamente em todos os ambientes da casa de banho.<\/p>\n<table style=\"border-collapse: collapse; width: 311.02pt;\" border=\"0\" width=\"311\" cellspacing=\"0\" cellpadding=\"0\">\n<tbody>\n<tr style=\"height: 17.60pt;\">\n<td class=\"et3\" style=\"height: 17.60pt; width: 108.35pt;\" width=\"108\" height=\"17\">Fabricante<\/td>\n<td class=\"et3\" style=\"width: 202.95pt;\" width=\"202\">HanYu<\/td>\n<\/tr>\n<tr style=\"height: 17.60pt;\">\n<td class=\"et3\" style=\"height: 17.60pt;\" height=\"17\">Modelo n.<\/td>\n<td class=\"et4\">HY-8070YK<\/td>\n<\/tr>\n<tr style=\"height: 17.60pt;\">\n<td class=\"et3\" style=\"height: 17.60pt;\" height=\"17\">Tipo<\/td>\n<td class=\"et3\">Lavat\u00f3rio de bancada<\/td>\n<\/tr>\n<tr style=\"height: 17.60pt;\">\n<td class=\"et3\" style=\"height: 17.60pt;\" height=\"17\">Forma<\/td>\n<td class=\"et3\">Forma redonda<\/td>\n<\/tr>\n<tr style=\"height: 17.60pt;\">\n<td class=\"et4\" style=\"height: 17.60pt;\" height=\"17\">Cor<\/td>\n<td class=\"et3\">Azul<\/td>\n<\/tr>\n<tr style=\"height: 18.00pt;\">\n<td class=\"et3\" style=\"height: 18.00pt;\" height=\"18\">Dimens\u00e3o\u00a0<\/td>\n<td class=\"et5\" style=\"width: 202.95pt;\" width=\"202\">36.5*36.5*12.5<\/td>\n<\/tr>\n<tr style=\"height: 17.60pt;\">\n<td class=\"et3\" style=\"height: 17.60pt;\" height=\"17\">N.W \/SET<\/td>\n<td class=\"et3\">8KGS\/PCS<\/td>\n<\/tr>\n<tr style=\"height: 17.60pt;\">\n<td class=\"et3\" style=\"height: 17.60pt;\" height=\"17\">MOQ<\/td>\n<td class=\"et3\">20 unidades<\/td>\n<\/tr>\n<tr style=\"height: 17.60pt;\">\n<td class=\"et3\" style=\"height: 17.60pt;\" height=\"17\">Op\u00e7\u00e3o personalizada<\/td>\n<td class=\"et3\">Cor\/Patente\/Tamanho\/Logotipo\/Embalagem<\/td>\n<\/tr>\n<\/tbody>\n<\/table>","protected":false},"featured_media":7790,"comment_status":"closed","ping_status":"closed","template":"","meta":{"_acf_changed":false},"product_brand":[],"product_cat":[50,55],"product_tag":[],"class_list":{"0":"post-7789","1":"product","2":"type-product","3":"status-publish","4":"has-post-thumbnail","6":"product_cat-wholesale-countertop-sinks","7":"product_cat-wholesale-matte-sinks","9":"first","10":"instock","11":"shipping-taxable","12":"product-type-simple"},"acf":[],"_links":{"self":[{"href":"https:\/\/www.ceramicbasin.com\/pt\/wp-json\/wp\/v2\/product\/7789","targetHints":{"allow":["GET"]}}],"collection":[{"href":"https:\/\/www.ceramicbasin.com\/pt\/wp-json\/wp\/v2\/product"}],"about":[{"href":"https:\/\/www.ceramicbasin.com\/pt\/wp-json\/wp\/v2\/types\/product"}],"replies":[{"embeddable":true,"href":"https:\/\/www.ceramicbasin.com\/pt\/wp-json\/wp\/v2\/comments?post=7789"}],"wp:featuredmedia":[{"embeddable":true,"href":"https:\/\/www.ceramicbasin.com\/pt\/wp-json\/wp\/v2\/media\/7790"}],"wp:attachment":[{"href":"https:\/\/www.ceramicbasin.com\/pt\/wp-json\/wp\/v2\/media?parent=7789"}],"wp:term":[{"taxonomy":"product_brand","embeddable":true,"href":"https:\/\/www.ceramicbasin.com\/pt\/wp-json\/wp\/v2\/product_brand?post=7789"},{"taxonomy":"product_cat","embeddable":true,"href":"https:\/\/www.ceramicbasin.com\/pt\/wp-json\/wp\/v2\/product_cat?post=7789"},{"taxonomy":"product_tag","embeddable":true,"href":"https:\/\/www.ceramicbasin.com\/pt\/wp-json\/wp\/v2\/product_tag?post=7789"}],"curies":[{"name":"wp","href":"https:\/\/api.w.org\/{rel}","templated":true}]}}