{"id":7803,"date":"2025-09-09T07:44:58","date_gmt":"2025-09-09T07:44:58","guid":{"rendered":"https:\/\/www.ceramicbasin.com\/?post_type=product&#038;p=7803"},"modified":"2025-09-11T01:27:50","modified_gmt":"2025-09-11T01:27:50","slug":"wholesale-lavatory-sinks","status":"publish","type":"product","link":"https:\/\/www.ceramicbasin.com\/pt\/produto\/wholesale-lavatory-sinks\/","title":{"rendered":"Lavat\u00f3rios de lavat\u00f3rio por atacado em verde mate, lavat\u00f3rio de vaso para encomendas a granel"},"content":{"rendered":"<div class=\"wp-block-columns is-layout-flex wp-container-core-columns-is-layout-9d6595d7 wp-block-columns-is-layout-flex\">\n<div class=\"wp-block-column is-layout-flow wp-block-column-is-layout-flow\">\n<h2 class=\"wp-block-heading\">Pias de lavat\u00f3rio Premium Wholesale Carater\u00edsticas:<\/h2>\n\n\n\n<ul class=\"wp-block-list\">\n<li><strong>Esmalte verde mate elegante: <\/strong>Estes lavat\u00f3rios por atacado apresentam um design fresco e natural de esmalte verde mate, criando uma experi\u00eancia visual tranquila e relaxante. S\u00e3o simultaneamente dur\u00e1veis e exclusivamente art\u00edsticos, complementando na perfei\u00e7\u00e3o os espa\u00e7os de banho modernos.<\/li>\n\n\n\n<li><strong>Dur\u00e1vel e f\u00e1cil de limpar: <\/strong>O esmalte mate deste lavat\u00f3rio para vasos por atacado n\u00e3o \u00e9 apenas bonito, mas tamb\u00e9m altamente resistente a riscos, tornando a bacia dur\u00e1vel e resistente ao p\u00f3, facilitando a limpeza e a manuten\u00e7\u00e3o para uma utiliza\u00e7\u00e3o a longo prazo.<\/li>\n\n\n\n<li><strong>Aplica\u00e7\u00f5es vers\u00e1teis: <\/strong>Este lavat\u00f3rio redondo por atacado foi concebido para complementar uma variedade de estilos de casa de banho, desde o minimalista moderno ao retro cl\u00e1ssico, satisfazendo as necessidades personalizadas de diversos consumidores e empresas.<\/li>\n\n\n\n<li><strong>Entrega r\u00e1pida e pre\u00e7os competitivos: <\/strong>Garantimos a entrega r\u00e1pida de pias para navios por atacado, assegurando a chegada atempada de grandes encomendas. Tamb\u00e9m oferecemos pre\u00e7os competitivos para ajudar os clientes a poupar nos custos de aquisi\u00e7\u00e3o e a aumentar os lucros.<\/li>\n<\/ul>\n<\/div>\n\n\n\n<div class=\"wp-block-column is-layout-flow wp-block-column-is-layout-flow\">\n<figure class=\"wp-block-image size-full\"><img fetchpriority=\"high\" decoding=\"async\" width=\"800\" height=\"800\" src=\"https:\/\/www.ceramicbasin.com\/wp-content\/uploads\/2025\/09\/matt-green-basin\uff0cround-counter-top-basin\uff0cmatte-bathroom-sink5.webp\" alt=\"Lavat\u00f3rios de lavat\u00f3rio por atacado em verde mate, lavat\u00f3rio de vaso para encomendas a granel\" class=\"wp-image-7809\" srcset=\"https:\/\/www.ceramicbasin.com\/wp-content\/uploads\/2025\/09\/matt-green-basin\uff0cround-counter-top-basin\uff0cmatte-bathroom-sink5.webp 800w, https:\/\/www.ceramicbasin.com\/wp-content\/uploads\/2025\/09\/matt-green-basin\uff0cround-counter-top-basin\uff0cmatte-bathroom-sink5-300x300.webp 300w, https:\/\/www.ceramicbasin.com\/wp-content\/uploads\/2025\/09\/matt-green-basin\uff0cround-counter-top-basin\uff0cmatte-bathroom-sink5-150x150.webp 150w, https:\/\/www.ceramicbasin.com\/wp-content\/uploads\/2025\/09\/matt-green-basin\uff0cround-counter-top-basin\uff0cmatte-bathroom-sink5-768x768.webp 768w, https:\/\/www.ceramicbasin.com\/wp-content\/uploads\/2025\/09\/matt-green-basin\uff0cround-counter-top-basin\uff0cmatte-bathroom-sink5-12x12.webp 12w, https:\/\/www.ceramicbasin.com\/wp-content\/uploads\/2025\/09\/matt-green-basin\uff0cround-counter-top-basin\uff0cmatte-bathroom-sink5-285x285.webp 285w, https:\/\/www.ceramicbasin.com\/wp-content\/uploads\/2025\/09\/matt-green-basin\uff0cround-counter-top-basin\uff0cmatte-bathroom-sink5-270x270.webp 270w, https:\/\/www.ceramicbasin.com\/wp-content\/uploads\/2025\/09\/matt-green-basin\uff0cround-counter-top-basin\uff0cmatte-bathroom-sink5-540x540.webp 540w, https:\/\/www.ceramicbasin.com\/wp-content\/uploads\/2025\/09\/matt-green-basin\uff0cround-counter-top-basin\uff0cmatte-bathroom-sink5-660x660.webp 660w\" sizes=\"(max-width: 800px) 100vw, 800px\" \/><\/figure>\n<\/div>\n<\/div>\n\n\n\n<p><\/p>","protected":false},"excerpt":{"rendered":"<p>Bem-vindo \u00e0 compra de lavat\u00f3rios por atacado. Este lavat\u00f3rio verde mate \u00e9 uma bacia redonda, acima do balc\u00e3o, com um design de esmalte mate, apresentando uma cor fresca e elegante. A personaliza\u00e7\u00e3o por atacado est\u00e1 dispon\u00edvel, com entrega r\u00e1pida e pre\u00e7os competitivos.<\/p>\n<table style=\"border-collapse: collapse; width: 311.02pt;\" border=\"0\" width=\"311\" cellspacing=\"0\" cellpadding=\"0\">\n<tbody>\n<tr style=\"height: 17.60pt;\">\n<td class=\"et3\" style=\"height: 17.60pt; width: 108.35pt;\" width=\"108\" height=\"17\">Fabricante<\/td>\n<td class=\"et3\" style=\"width: 202.95pt;\" width=\"202\">HanYu<\/td>\n<\/tr>\n<tr style=\"height: 17.60pt;\">\n<td class=\"et3\" style=\"height: 17.60pt;\" height=\"17\">Modelo n.<\/td>\n<td class=\"et4\">HY-8070YL2<\/td>\n<\/tr>\n<tr style=\"height: 17.60pt;\">\n<td class=\"et3\" style=\"height: 17.60pt;\" height=\"17\">Tipo<\/td>\n<td class=\"et3\">Lavat\u00f3rio de bancada<\/td>\n<\/tr>\n<tr style=\"height: 17.60pt;\">\n<td class=\"et3\" style=\"height: 17.60pt;\" height=\"17\">Forma<\/td>\n<td class=\"et3\">Forma redonda<\/td>\n<\/tr>\n<tr style=\"height: 17.60pt;\">\n<td class=\"et4\" style=\"height: 17.60pt;\" height=\"17\">Cor<\/td>\n<td class=\"et3\">Verde<\/td>\n<\/tr>\n<tr style=\"height: 18.00pt;\">\n<td class=\"et3\" style=\"height: 18.00pt;\" height=\"18\">Dimens\u00e3o\u00a0<\/td>\n<td class=\"et5\" style=\"width: 202.95pt;\" width=\"202\">36.5*36.5*12.5<\/td>\n<\/tr>\n<tr style=\"height: 17.60pt;\">\n<td class=\"et3\" style=\"height: 17.60pt;\" height=\"17\">N.W \/SET<\/td>\n<td class=\"et3\">8KGS\/PCS<\/td>\n<\/tr>\n<tr style=\"height: 17.60pt;\">\n<td class=\"et3\" style=\"height: 17.60pt;\" height=\"17\">MOQ<\/td>\n<td class=\"et3\">20 unidades<\/td>\n<\/tr>\n<tr style=\"height: 17.60pt;\">\n<td class=\"et3\" style=\"height: 17.60pt;\" height=\"17\">Op\u00e7\u00e3o personalizada<\/td>\n<td class=\"et3\">Cor\/Patente\/Tamanho\/Logotipo\/Embalagem<\/td>\n<\/tr>\n<\/tbody>\n<\/table>","protected":false},"featured_media":7804,"comment_status":"closed","ping_status":"closed","template":"","meta":{"_acf_changed":false},"product_brand":[],"product_cat":[55,50],"product_tag":[],"class_list":{"0":"post-7803","1":"product","2":"type-product","3":"status-publish","4":"has-post-thumbnail","6":"product_cat-wholesale-matte-sinks","7":"product_cat-wholesale-countertop-sinks","9":"first","10":"instock","11":"shipping-taxable","12":"product-type-simple"},"acf":[],"_links":{"self":[{"href":"https:\/\/www.ceramicbasin.com\/pt\/wp-json\/wp\/v2\/product\/7803","targetHints":{"allow":["GET"]}}],"collection":[{"href":"https:\/\/www.ceramicbasin.com\/pt\/wp-json\/wp\/v2\/product"}],"about":[{"href":"https:\/\/www.ceramicbasin.com\/pt\/wp-json\/wp\/v2\/types\/product"}],"replies":[{"embeddable":true,"href":"https:\/\/www.ceramicbasin.com\/pt\/wp-json\/wp\/v2\/comments?post=7803"}],"wp:featuredmedia":[{"embeddable":true,"href":"https:\/\/www.ceramicbasin.com\/pt\/wp-json\/wp\/v2\/media\/7804"}],"wp:attachment":[{"href":"https:\/\/www.ceramicbasin.com\/pt\/wp-json\/wp\/v2\/media?parent=7803"}],"wp:term":[{"taxonomy":"product_brand","embeddable":true,"href":"https:\/\/www.ceramicbasin.com\/pt\/wp-json\/wp\/v2\/product_brand?post=7803"},{"taxonomy":"product_cat","embeddable":true,"href":"https:\/\/www.ceramicbasin.com\/pt\/wp-json\/wp\/v2\/product_cat?post=7803"},{"taxonomy":"product_tag","embeddable":true,"href":"https:\/\/www.ceramicbasin.com\/pt\/wp-json\/wp\/v2\/product_tag?post=7803"}],"curies":[{"name":"wp","href":"https:\/\/api.w.org\/{rel}","templated":true}]}}