{"id":7839,"date":"2025-09-18T09:48:16","date_gmt":"2025-09-18T09:48:16","guid":{"rendered":"https:\/\/www.ceramicbasin.com\/?post_type=product&#038;p=7839"},"modified":"2025-09-18T09:48:19","modified_gmt":"2025-09-18T09:48:19","slug":"wholesale-bathroom-lavatory","status":"publish","type":"product","link":"https:\/\/www.ceramicbasin.com\/pt\/produto\/wholesale-bathroom-lavatory\/","title":{"rendered":"Lavat\u00f3rio de casa de banho por atacado, lavat\u00f3rios de estilo europeu"},"content":{"rendered":"<div class=\"wp-block-columns is-layout-flex wp-container-core-columns-is-layout-9d6595d7 wp-block-columns-is-layout-flex\">\n<div class=\"wp-block-column is-layout-flow wp-block-column-is-layout-flow\">\n<h2 class=\"wp-block-heading\">Lavat\u00f3rio de casa de banho Premium Wholesale Carater\u00edsticas:<\/h2>\n\n\n\n<ul class=\"wp-block-list\">\n<li><strong>Aspeto elegante: <\/strong>Estes lavat\u00f3rios de porcelana para casa de banho por atacado t\u00eam um design oval moderno e simples, adequado para v\u00e1rios estilos de casa de banho, especialmente emparelhado com tons cl\u00e1ssicos de textura de m\u00e1rmore, acrescentando eleg\u00e2ncia.<\/li>\n\n\n\n<li><strong>Padr\u00e3o de m\u00e1rmore realista:\u00a0<\/strong>Estes lavat\u00f3rios de casa de banho em m\u00e1rmore utilizam tecnologia avan\u00e7ada de transfer\u00eancia de \u00e1gua para reproduzir com precis\u00e3o a textura e a cor naturais do m\u00e1rmore, conferindo um encanto visual \u00fanico ao lavat\u00f3rio.<\/li>\n\n\n\n<li><strong>Desconto para compras em massa: <\/strong>Como um fabricante de lavat\u00f3rios de casa de banho, a HanYu fornece aos clientes lavat\u00f3rios de casa de banho de alta qualidade e com pre\u00e7os preferenciais por atacado para ajud\u00e1-lo a reduzir os custos de aquisi\u00e7\u00e3o.<\/li>\n\n\n\n<li><strong>Colorido:<\/strong>\u00a0A cor de m\u00e1rmore deste lavat\u00f3rio de casa de banho por atacado \u00e9 feita por impress\u00e3o de transfer\u00eancia de \u00e1gua com base numa bacia branca brilhante comum, que \u00e9 bonita e dur\u00e1vel. Oferecemos mais de 100 cores e padr\u00f5es para escolher, e todos os modelos de lavat\u00f3rio por atacado podem ser personalizados em cor e textura.<\/li>\n<\/ul>\n<\/div>\n\n\n\n<div class=\"wp-block-column is-layout-flow wp-block-column-is-layout-flow\">\n<figure class=\"wp-block-image size-full\"><img fetchpriority=\"high\" decoding=\"async\" width=\"1024\" height=\"1024\" src=\"https:\/\/www.ceramicbasin.com\/wp-content\/uploads\/2025\/09\/European-Style-Handmade-Color-Feature-Counter-Top-Basin-Lavatory-Art-Sink-5.webp\" alt=\"Lavat\u00f3rio de casa de banho por atacado, lavat\u00f3rios de estilo europeu\" class=\"wp-image-7845\" srcset=\"https:\/\/www.ceramicbasin.com\/wp-content\/uploads\/2025\/09\/European-Style-Handmade-Color-Feature-Counter-Top-Basin-Lavatory-Art-Sink-5.webp 1024w, https:\/\/www.ceramicbasin.com\/wp-content\/uploads\/2025\/09\/European-Style-Handmade-Color-Feature-Counter-Top-Basin-Lavatory-Art-Sink-5-300x300.webp 300w, https:\/\/www.ceramicbasin.com\/wp-content\/uploads\/2025\/09\/European-Style-Handmade-Color-Feature-Counter-Top-Basin-Lavatory-Art-Sink-5-150x150.webp 150w, https:\/\/www.ceramicbasin.com\/wp-content\/uploads\/2025\/09\/European-Style-Handmade-Color-Feature-Counter-Top-Basin-Lavatory-Art-Sink-5-768x768.webp 768w, https:\/\/www.ceramicbasin.com\/wp-content\/uploads\/2025\/09\/European-Style-Handmade-Color-Feature-Counter-Top-Basin-Lavatory-Art-Sink-5-12x12.webp 12w, https:\/\/www.ceramicbasin.com\/wp-content\/uploads\/2025\/09\/European-Style-Handmade-Color-Feature-Counter-Top-Basin-Lavatory-Art-Sink-5-285x285.webp 285w, https:\/\/www.ceramicbasin.com\/wp-content\/uploads\/2025\/09\/European-Style-Handmade-Color-Feature-Counter-Top-Basin-Lavatory-Art-Sink-5-270x270.webp 270w, https:\/\/www.ceramicbasin.com\/wp-content\/uploads\/2025\/09\/European-Style-Handmade-Color-Feature-Counter-Top-Basin-Lavatory-Art-Sink-5-540x540.webp 540w, https:\/\/www.ceramicbasin.com\/wp-content\/uploads\/2025\/09\/European-Style-Handmade-Color-Feature-Counter-Top-Basin-Lavatory-Art-Sink-5-660x660.webp 660w\" sizes=\"(max-width: 1024px) 100vw, 1024px\" \/><\/figure>\n<\/div>\n<\/div>\n\n\n\n<p><\/p>","protected":false},"excerpt":{"rendered":"<p>Bem-vindo \u00e0 encomenda de lavat\u00f3rio de casa de banho por atacado. Os nossos lavat\u00f3rios de cer\u00e2mica com aspeto de m\u00e1rmore s\u00e3o f\u00e1ceis de instalar, oferecendo uma solu\u00e7\u00e3o sem problemas tanto para novas constru\u00e7\u00f5es como para renova\u00e7\u00f5es de casas de banho.<\/p>\n<table style=\"border-collapse: collapse; width: 358.52pt;\" border=\"0\" width=\"478\" cellspacing=\"0\" cellpadding=\"0\">\n<tbody>\n<tr style=\"height: 17.25pt;\">\n<td class=\"et3\" style=\"height: 17.25pt; width: 125.00pt;\" width=\"166\" height=\"23\">Fabricante<\/td>\n<td class=\"et3\" style=\"width: 234.15pt;\" width=\"312\">HanYu<\/td>\n<\/tr>\n<tr style=\"height: 17.25pt;\">\n<td class=\"et3\" style=\"height: 17.25pt;\" height=\"23\">Modelo n.<\/td>\n<td class=\"et4\">HY-5006D6<\/td>\n<\/tr>\n<tr style=\"height: 17.25pt;\">\n<td class=\"et3\" style=\"height: 17.25pt;\" height=\"23\">Tipo<\/td>\n<td class=\"et5\" style=\"width: 234.15pt;\" width=\"312\">Pias de m\u00e1rmore<\/td>\n<\/tr>\n<tr style=\"height: 18.00pt;\">\n<td class=\"et3\" style=\"height: 18.00pt;\" height=\"24\">Forma<\/td>\n<td class=\"et3\">Forma oval<\/td>\n<\/tr>\n<tr style=\"height: 34.50pt;\">\n<td class=\"et4\" style=\"height: 34.50pt;\" height=\"46\">Cor<\/td>\n<td class=\"et5\" style=\"width: 234.15pt;\" width=\"312\">preto\/branco\/azul\/cinzento\/rosa\/verde\/castanho\/caqui<\/td>\n<\/tr>\n<tr style=\"height: 18.00pt;\">\n<td class=\"et3\" style=\"height: 18.00pt;\" height=\"24\">Dimens\u00e3o<\/td>\n<td class=\"et5\" style=\"width: 234.15pt;\" width=\"312\">59*42*14<\/td>\n<\/tr>\n<tr style=\"height: 17.25pt;\">\n<td class=\"et3\" style=\"height: 17.25pt;\" height=\"23\">N.W \/SET<\/td>\n<td class=\"et3\">9KGS\/PCS<\/td>\n<\/tr>\n<tr style=\"height: 17.25pt;\">\n<td class=\"et3\" style=\"height: 17.25pt;\" height=\"23\">MOQ<\/td>\n<td class=\"et3\">20 unidades<\/td>\n<\/tr>\n<tr style=\"height: 17.25pt;\">\n<td class=\"et3\" style=\"height: 17.25pt;\" height=\"23\">Op\u00e7\u00e3o personalizada<\/td>\n<td class=\"et3\">Cor\/Patente\/Tamanho\/Logotipo\/Embalagem<\/td>\n<\/tr>\n<\/tbody>\n<\/table>","protected":false},"featured_media":7841,"comment_status":"closed","ping_status":"closed","template":"","meta":{"_acf_changed":false},"product_brand":[],"product_cat":[50,54],"product_tag":[],"class_list":{"0":"post-7839","1":"product","2":"type-product","3":"status-publish","4":"has-post-thumbnail","6":"product_cat-wholesale-countertop-sinks","7":"product_cat-wholesale-marble-sinks","9":"first","10":"instock","11":"shipping-taxable","12":"product-type-simple"},"acf":[],"_links":{"self":[{"href":"https:\/\/www.ceramicbasin.com\/pt\/wp-json\/wp\/v2\/product\/7839","targetHints":{"allow":["GET"]}}],"collection":[{"href":"https:\/\/www.ceramicbasin.com\/pt\/wp-json\/wp\/v2\/product"}],"about":[{"href":"https:\/\/www.ceramicbasin.com\/pt\/wp-json\/wp\/v2\/types\/product"}],"replies":[{"embeddable":true,"href":"https:\/\/www.ceramicbasin.com\/pt\/wp-json\/wp\/v2\/comments?post=7839"}],"wp:featuredmedia":[{"embeddable":true,"href":"https:\/\/www.ceramicbasin.com\/pt\/wp-json\/wp\/v2\/media\/7841"}],"wp:attachment":[{"href":"https:\/\/www.ceramicbasin.com\/pt\/wp-json\/wp\/v2\/media?parent=7839"}],"wp:term":[{"taxonomy":"product_brand","embeddable":true,"href":"https:\/\/www.ceramicbasin.com\/pt\/wp-json\/wp\/v2\/product_brand?post=7839"},{"taxonomy":"product_cat","embeddable":true,"href":"https:\/\/www.ceramicbasin.com\/pt\/wp-json\/wp\/v2\/product_cat?post=7839"},{"taxonomy":"product_tag","embeddable":true,"href":"https:\/\/www.ceramicbasin.com\/pt\/wp-json\/wp\/v2\/product_tag?post=7839"}],"curies":[{"name":"wp","href":"https:\/\/api.w.org\/{rel}","templated":true}]}}