{"id":7852,"date":"2025-09-18T09:32:31","date_gmt":"2025-09-18T09:32:31","guid":{"rendered":"https:\/\/www.ceramicbasin.com\/?post_type=product&#038;p=7852"},"modified":"2025-09-18T09:35:16","modified_gmt":"2025-09-18T09:35:16","slug":"wholesale-unique-bathroom-sinks","status":"publish","type":"product","link":"https:\/\/www.ceramicbasin.com\/pt\/produto\/wholesale-unique-bathroom-sinks\/","title":{"rendered":"Lavat\u00f3rios de casa de banho exclusivos por atacado, bacias de arte em m\u00e1rmore personalizadas"},"content":{"rendered":"<div class=\"wp-block-columns is-layout-flex wp-container-core-columns-is-layout-9d6595d7 wp-block-columns-is-layout-flex\">\n<div class=\"wp-block-column is-layout-flow wp-block-column-is-layout-flow\">\n<h2 class=\"wp-block-heading\">Pias de casa de banho \u00fanicas por atacado Premium Carater\u00edsticas:<\/h2>\n\n\n\n<ul class=\"wp-block-list\">\n<li><strong>Textura \u00fanica de m\u00e1rmore: <\/strong>Estes lavat\u00f3rios de casa de banho exclusivos utilizam tecnologia de transfer\u00eancia de \u00e1gua para criar um padr\u00e3o de m\u00e1rmore preto claro e intrincado, dando um toque de luxo \u00e0 sua casa de banho.<\/li>\n\n\n\n<li><strong>Personaliza\u00e7\u00e3o: <\/strong>As nossas bacias de arte por atacado podem ser personalizadas em tamanho e cor para complementar perfeitamente o design da sua casa de banho.<\/li>\n\n\n\n<li><strong>Cer\u00e2mica de alta qualidade: <\/strong>Os nossos lavat\u00f3rios de casa de banho exclusivos para venda por grosso s\u00e3o feitos de cer\u00e2mica de alta qualidade, que \u00e9 dur\u00e1vel, f\u00e1cil de limpar e garante a manuten\u00e7\u00e3o da sua descolora\u00e7\u00e3o ao longo do tempo.<\/li>\n\n\n\n<li><strong>Entrega r\u00e1pida: <\/strong>Asseguramos um r\u00e1pido processamento de encomendas e envio de bacias de arte a granel para cumprir os prazos do seu projeto.<\/li>\n<\/ul>\n<\/div>\n\n\n\n<div class=\"wp-block-column is-layout-flow wp-block-column-is-layout-flow\">\n<div class=\"wp-block-columns is-layout-flex wp-container-core-columns-is-layout-9d6595d7 wp-block-columns-is-layout-flex\">\n<div class=\"wp-block-column is-layout-flow wp-block-column-is-layout-flow\"><\/div>\n\n\n\n<div class=\"wp-block-column is-layout-flow wp-block-column-is-layout-flow\"><\/div>\n<\/div>\n\n\n\n<figure class=\"wp-block-image size-full\"><img fetchpriority=\"high\" decoding=\"async\" width=\"1024\" height=\"1024\" src=\"https:\/\/www.ceramicbasin.com\/wp-content\/uploads\/2025\/09\/Custom-Marble-Pattern-Solid-Surface-Counter-Top-Sink-Factory-Wholesale-Basins-5.webp\" alt=\"Lavat\u00f3rio de bancada de superf\u00edcie s\u00f3lida com padr\u00e3o de m\u00e1rmore personalizado, bacias de f\u00e1brica por atacado\" class=\"wp-image-7857\" srcset=\"https:\/\/www.ceramicbasin.com\/wp-content\/uploads\/2025\/09\/Custom-Marble-Pattern-Solid-Surface-Counter-Top-Sink-Factory-Wholesale-Basins-5.webp 1024w, https:\/\/www.ceramicbasin.com\/wp-content\/uploads\/2025\/09\/Custom-Marble-Pattern-Solid-Surface-Counter-Top-Sink-Factory-Wholesale-Basins-5-300x300.webp 300w, https:\/\/www.ceramicbasin.com\/wp-content\/uploads\/2025\/09\/Custom-Marble-Pattern-Solid-Surface-Counter-Top-Sink-Factory-Wholesale-Basins-5-150x150.webp 150w, https:\/\/www.ceramicbasin.com\/wp-content\/uploads\/2025\/09\/Custom-Marble-Pattern-Solid-Surface-Counter-Top-Sink-Factory-Wholesale-Basins-5-768x768.webp 768w, https:\/\/www.ceramicbasin.com\/wp-content\/uploads\/2025\/09\/Custom-Marble-Pattern-Solid-Surface-Counter-Top-Sink-Factory-Wholesale-Basins-5-12x12.webp 12w, https:\/\/www.ceramicbasin.com\/wp-content\/uploads\/2025\/09\/Custom-Marble-Pattern-Solid-Surface-Counter-Top-Sink-Factory-Wholesale-Basins-5-285x285.webp 285w, https:\/\/www.ceramicbasin.com\/wp-content\/uploads\/2025\/09\/Custom-Marble-Pattern-Solid-Surface-Counter-Top-Sink-Factory-Wholesale-Basins-5-270x270.webp 270w, https:\/\/www.ceramicbasin.com\/wp-content\/uploads\/2025\/09\/Custom-Marble-Pattern-Solid-Surface-Counter-Top-Sink-Factory-Wholesale-Basins-5-540x540.webp 540w, https:\/\/www.ceramicbasin.com\/wp-content\/uploads\/2025\/09\/Custom-Marble-Pattern-Solid-Surface-Counter-Top-Sink-Factory-Wholesale-Basins-5-660x660.webp 660w\" sizes=\"(max-width: 1024px) 100vw, 1024px\" \/><\/figure>\n<\/div>\n<\/div>","protected":false},"excerpt":{"rendered":"<p>Bem-vindo \u00e0s bacias de arte para encomendas a granel. Estes lavat\u00f3rios de casa de banho \u00fanicos por atacado apresentam um padr\u00e3o de m\u00e1rmore preto impresso por transfer\u00eancia de \u00e1gua, criando um design \u00fanico e elegante. Oferecemos servi\u00e7os personalizados para satisfazer as necessidades individuais dos clientes e garantir uma entrega r\u00e1pida.<\/p>\n<table style=\"border-collapse: collapse; width: 358.52pt;\" border=\"0\" width=\"478\" cellspacing=\"0\" cellpadding=\"0\">\n<tbody>\n<tr style=\"height: 17.25pt;\">\n<td class=\"et3\" style=\"height: 17.25pt; width: 125.00pt;\" width=\"166\" height=\"23\">Fabricante<\/td>\n<td class=\"et3\" style=\"width: 234.15pt;\" width=\"312\">HanYu<\/td>\n<\/tr>\n<tr style=\"height: 17.25pt;\">\n<td class=\"et3\" style=\"height: 17.25pt;\" height=\"23\">Modelo n.<\/td>\n<td class=\"et4\">HY-5105D5<\/td>\n<\/tr>\n<tr style=\"height: 17.25pt;\">\n<td class=\"et3\" style=\"height: 17.25pt;\" height=\"23\">Tipo<\/td>\n<td class=\"et5\" style=\"width: 234.15pt;\" width=\"312\">Pias de m\u00e1rmore<\/td>\n<\/tr>\n<tr style=\"height: 18.00pt;\">\n<td class=\"et3\" style=\"height: 18.00pt;\" height=\"24\">Forma<\/td>\n<td class=\"et3\">Forma retangular<\/td>\n<\/tr>\n<tr style=\"height: 34.50pt;\">\n<td class=\"et4\" style=\"height: 34.50pt;\" height=\"46\">Cor<\/td>\n<td class=\"et5\" style=\"width: 234.15pt;\" width=\"312\">preto\/branco\/azul\/cinzento\/rosa\/verde\/castanho\/caqui<\/td>\n<\/tr>\n<tr style=\"height: 18.00pt;\">\n<td class=\"et3\" style=\"height: 18.00pt;\" height=\"24\">Dimens\u00e3o<\/td>\n<td class=\"et5\" style=\"width: 234.15pt;\" width=\"312\">56*42*14<\/td>\n<\/tr>\n<tr style=\"height: 17.25pt;\">\n<td class=\"et3\" style=\"height: 17.25pt;\" height=\"23\">N.W \/SET<\/td>\n<td class=\"et3\">12KGS\/PCS<\/td>\n<\/tr>\n<tr style=\"height: 17.25pt;\">\n<td class=\"et3\" style=\"height: 17.25pt;\" height=\"23\">MOQ<\/td>\n<td class=\"et3\">20 unidades<\/td>\n<\/tr>\n<tr style=\"height: 17.25pt;\">\n<td class=\"et3\" style=\"height: 17.25pt;\" height=\"23\">Op\u00e7\u00e3o personalizada<\/td>\n<td class=\"et3\">Cor\/Padr\u00e3o\/Tamanho\/Logotipo\/Embalagem<\/td>\n<\/tr>\n<\/tbody>\n<\/table>","protected":false},"featured_media":7856,"comment_status":"closed","ping_status":"closed","template":"","meta":{"_acf_changed":false},"product_brand":[],"product_cat":[50,54],"product_tag":[],"class_list":{"0":"post-7852","1":"product","2":"type-product","3":"status-publish","4":"has-post-thumbnail","6":"product_cat-wholesale-countertop-sinks","7":"product_cat-wholesale-marble-sinks","9":"first","10":"instock","11":"shipping-taxable","12":"product-type-simple"},"acf":[],"_links":{"self":[{"href":"https:\/\/www.ceramicbasin.com\/pt\/wp-json\/wp\/v2\/product\/7852","targetHints":{"allow":["GET"]}}],"collection":[{"href":"https:\/\/www.ceramicbasin.com\/pt\/wp-json\/wp\/v2\/product"}],"about":[{"href":"https:\/\/www.ceramicbasin.com\/pt\/wp-json\/wp\/v2\/types\/product"}],"replies":[{"embeddable":true,"href":"https:\/\/www.ceramicbasin.com\/pt\/wp-json\/wp\/v2\/comments?post=7852"}],"wp:featuredmedia":[{"embeddable":true,"href":"https:\/\/www.ceramicbasin.com\/pt\/wp-json\/wp\/v2\/media\/7856"}],"wp:attachment":[{"href":"https:\/\/www.ceramicbasin.com\/pt\/wp-json\/wp\/v2\/media?parent=7852"}],"wp:term":[{"taxonomy":"product_brand","embeddable":true,"href":"https:\/\/www.ceramicbasin.com\/pt\/wp-json\/wp\/v2\/product_brand?post=7852"},{"taxonomy":"product_cat","embeddable":true,"href":"https:\/\/www.ceramicbasin.com\/pt\/wp-json\/wp\/v2\/product_cat?post=7852"},{"taxonomy":"product_tag","embeddable":true,"href":"https:\/\/www.ceramicbasin.com\/pt\/wp-json\/wp\/v2\/product_tag?post=7852"}],"curies":[{"name":"wp","href":"https:\/\/api.w.org\/{rel}","templated":true}]}}