{"id":7875,"date":"2025-09-24T06:22:00","date_gmt":"2025-09-24T06:22:00","guid":{"rendered":"https:\/\/www.ceramicbasin.com\/?post_type=product&#038;p=7875"},"modified":"2025-09-26T06:09:44","modified_gmt":"2025-09-26T06:09:44","slug":"wholesale-bathroom-sink-basin-bowl","status":"publish","type":"product","link":"https:\/\/www.ceramicbasin.com\/pt\/produto\/wholesale-bathroom-sink-basin-bowl\/","title":{"rendered":"Bacia de lavat\u00f3rio de casa de banho por atacado, bacia de lavat\u00f3rio de design exclusivo a granel"},"content":{"rendered":"<div class=\"wp-block-columns is-layout-flex wp-container-core-columns-is-layout-9d6595d7 wp-block-columns-is-layout-flex\">\n<div class=\"wp-block-column is-layout-flow wp-block-column-is-layout-flow\">\n<h2 class=\"wp-block-heading\">Bacia de lavat\u00f3rio de casa de banho por atacado Premium Carater\u00edsticas:<\/h2>\n\n\n\n<ul class=\"wp-block-list\">\n<li><strong>Design inovador:<\/strong> Este lava-loi\u00e7a de cer\u00e2mica por atacado com um design de rebordo liso integra a arte moderna e a praticidade numa s\u00f3, proporcionando um efeito visual sem paralelo ao espa\u00e7o de banho.<\/li>\n\n\n\n<li><strong>Durabilidade com resist\u00eancia:<\/strong>A nossa bacia de lavat\u00f3rio de casa de banho por atacado \u00e9 feita de material cer\u00e2mico de qualidade e cozida a altas temperaturas, tornando o produto forte, dur\u00e1vel, resistente a manchas e resistente a arranh\u00f5es. A superf\u00edcie lisa n\u00e3o \u00e9 apenas f\u00e1cil de limpar, mas tamb\u00e9m de manter bonita e brilhante por muito tempo.<\/li>\n\n\n\n<li><strong>Instala\u00e7\u00e3o f\u00e1cil:<\/strong> Esta bacia de lavat\u00f3rio de casa de banho por atacado \u00e9 feita de material cer\u00e2mico, colocada na bancada. A instala\u00e7\u00e3o em si \u00e9 bastante f\u00e1cil e conveniente, sem instala\u00e7\u00e3o complicada. Adapta-se \u00e0 maioria dos arm\u00e1rios de casa de banho normais. Esta bacia economiza espa\u00e7o, o que acrescenta hierarquia e moda \u00e0 sua casa de banho.<\/li>\n\n\n\n<li><strong>Pre\u00e7o competitivo: <\/strong>Como fabricante s\u00e9nior de lavat\u00f3rio de casa de banho, a Hanyu fornece-lhe produtos de lavat\u00f3rio de casa de banho de alta qualidade a pre\u00e7os mais competitivos para aumentar as suas margens de lucro.<\/li>\n<\/ul>\n<\/div>\n\n\n\n<div class=\"wp-block-column is-layout-flow wp-block-column-is-layout-flow\">\n<figure class=\"wp-block-image size-full\"><img fetchpriority=\"high\" decoding=\"async\" width=\"693\" height=\"887\" src=\"https:\/\/www.ceramicbasin.com\/wp-content\/uploads\/2025\/09\/wholesale-bathroom-sink-basin-bowl-unique-design-sink-bulk-6.webp\" alt=\"lavat\u00f3rio de casa de banho por atacado - bacia de lavat\u00f3rio - design \u00fanico - volume de lavat\u00f3rio - 6\" class=\"wp-image-7942\" srcset=\"https:\/\/www.ceramicbasin.com\/wp-content\/uploads\/2025\/09\/wholesale-bathroom-sink-basin-bowl-unique-design-sink-bulk-6.webp 693w, https:\/\/www.ceramicbasin.com\/wp-content\/uploads\/2025\/09\/wholesale-bathroom-sink-basin-bowl-unique-design-sink-bulk-6-234x300.webp 234w, https:\/\/www.ceramicbasin.com\/wp-content\/uploads\/2025\/09\/wholesale-bathroom-sink-basin-bowl-unique-design-sink-bulk-6-9x12.webp 9w, https:\/\/www.ceramicbasin.com\/wp-content\/uploads\/2025\/09\/wholesale-bathroom-sink-basin-bowl-unique-design-sink-bulk-6-285x365.webp 285w, https:\/\/www.ceramicbasin.com\/wp-content\/uploads\/2025\/09\/wholesale-bathroom-sink-basin-bowl-unique-design-sink-bulk-6-516x660.webp 516w, https:\/\/www.ceramicbasin.com\/wp-content\/uploads\/2025\/09\/wholesale-bathroom-sink-basin-bowl-unique-design-sink-bulk-6-117x150.webp 117w\" sizes=\"(max-width: 693px) 100vw, 693px\" \/><\/figure>\n<\/div>\n<\/div>\n\n\n\n<p><\/p>","protected":false},"excerpt":{"rendered":"<p>Bem-vindo a comprar o nosso lavat\u00f3rio de casa de banho por atacado. A Hanyu fornece um novo design de lavat\u00f3rio de cer\u00e2mica por atacado com pre\u00e7os competitivos. Este lavat\u00f3rio de cer\u00e2mica por atacado \u00e9 constru\u00eddo em cer\u00e2mica de alta qualidade e \u00e9 dur\u00e1vel e bonito para todos os tipos de casas de banho. Pode acrescentar um n\u00edvel de modernidade e funcionalidade \u00e0 casa de banho.<\/p>\n<table style=\"border-collapse: collapse; width: 311.02pt;\" border=\"0\" width=\"311\" cellspacing=\"0\" cellpadding=\"0\">\n<tbody>\n<tr style=\"height: 17.60pt;\">\n<td class=\"et3\" style=\"height: 17.60pt; width: 108.35pt;\" width=\"108\" height=\"17\">Fabricante<\/td>\n<td class=\"et3\" style=\"width: 202.95pt;\" width=\"202\">HanYu<\/td>\n<\/tr>\n<tr style=\"height: 17.60pt;\">\n<td class=\"et3\" style=\"height: 17.60pt;\" height=\"17\">Modelo n.<\/td>\n<td class=\"et4\">HY-435<\/td>\n<\/tr>\n<tr style=\"height: 17.60pt;\">\n<td class=\"et3\" style=\"height: 17.60pt;\" height=\"17\">Tipo<\/td>\n<td class=\"et3\">Lavat\u00f3rio de bancada<\/td>\n<\/tr>\n<tr style=\"height: 17.60pt;\">\n<td class=\"et3\" style=\"height: 17.60pt;\" height=\"17\">Forma<\/td>\n<td class=\"et3\">Forma retangular<\/td>\n<\/tr>\n<tr style=\"height: 17.60pt;\">\n<td class=\"et4\" style=\"height: 17.60pt;\" height=\"17\">Cor<\/td>\n<td class=\"et3\">Branco<\/td>\n<\/tr>\n<tr style=\"height: 18.00pt;\">\n<td class=\"et3\" style=\"height: 18.00pt;\" height=\"18\">Dimens\u00e3o<\/td>\n<td class=\"et5\" style=\"width: 202.95pt;\" width=\"202\">40*40*12<\/td>\n<\/tr>\n<tr style=\"height: 17.60pt;\">\n<td class=\"et3\" style=\"height: 17.60pt;\" height=\"17\">N.W \/SET<\/td>\n<td class=\"et3\">8 KGS\/PCS<\/td>\n<\/tr>\n<tr style=\"height: 17.60pt;\">\n<td class=\"et3\" style=\"height: 17.60pt;\" height=\"17\">MOQ<\/td>\n<td class=\"et3\">20 unidades<\/td>\n<\/tr>\n<tr style=\"height: 17.60pt;\">\n<td class=\"et3\" style=\"height: 17.60pt;\" height=\"17\">Op\u00e7\u00e3o personalizada<\/td>\n<td class=\"et3\">Cor\/Patente\/Tamanho\/Logotipo\/Embalagem<\/td>\n<\/tr>\n<\/tbody>\n<\/table>","protected":false},"featured_media":7938,"comment_status":"closed","ping_status":"closed","template":"","meta":{"_acf_changed":false},"product_brand":[],"product_cat":[50],"product_tag":[],"class_list":{"0":"post-7875","1":"product","2":"type-product","3":"status-publish","4":"has-post-thumbnail","6":"product_cat-wholesale-countertop-sinks","8":"first","9":"instock","10":"shipping-taxable","11":"product-type-simple"},"acf":[],"_links":{"self":[{"href":"https:\/\/www.ceramicbasin.com\/pt\/wp-json\/wp\/v2\/product\/7875","targetHints":{"allow":["GET"]}}],"collection":[{"href":"https:\/\/www.ceramicbasin.com\/pt\/wp-json\/wp\/v2\/product"}],"about":[{"href":"https:\/\/www.ceramicbasin.com\/pt\/wp-json\/wp\/v2\/types\/product"}],"replies":[{"embeddable":true,"href":"https:\/\/www.ceramicbasin.com\/pt\/wp-json\/wp\/v2\/comments?post=7875"}],"wp:featuredmedia":[{"embeddable":true,"href":"https:\/\/www.ceramicbasin.com\/pt\/wp-json\/wp\/v2\/media\/7938"}],"wp:attachment":[{"href":"https:\/\/www.ceramicbasin.com\/pt\/wp-json\/wp\/v2\/media?parent=7875"}],"wp:term":[{"taxonomy":"product_brand","embeddable":true,"href":"https:\/\/www.ceramicbasin.com\/pt\/wp-json\/wp\/v2\/product_brand?post=7875"},{"taxonomy":"product_cat","embeddable":true,"href":"https:\/\/www.ceramicbasin.com\/pt\/wp-json\/wp\/v2\/product_cat?post=7875"},{"taxonomy":"product_tag","embeddable":true,"href":"https:\/\/www.ceramicbasin.com\/pt\/wp-json\/wp\/v2\/product_tag?post=7875"}],"curies":[{"name":"wp","href":"https:\/\/api.w.org\/{rel}","templated":true}]}}