{"id":7900,"date":"2025-09-24T07:14:17","date_gmt":"2025-09-24T07:14:17","guid":{"rendered":"https:\/\/www.ceramicbasin.com\/?post_type=product&#038;p=7900"},"modified":"2025-09-26T03:35:43","modified_gmt":"2025-09-26T03:35:43","slug":"wholesale-white-bathroom-vanity-sink","status":"publish","type":"product","link":"https:\/\/www.ceramicbasin.com\/pt\/produto\/wholesale-white-bathroom-vanity-sink\/","title":{"rendered":"Em stock Lavat\u00f3rio de casa de banho branco por atacado em cer\u00e2mica"},"content":{"rendered":"<div class=\"wp-block-columns is-layout-flex wp-container-core-columns-is-layout-9d6595d7 wp-block-columns-is-layout-flex\">\n<div class=\"wp-block-column is-layout-flow wp-block-column-is-layout-flow\">\n<h2 class=\"wp-block-heading\">Lavat\u00f3rio de casa de banho branco Premium Wholesale Carater\u00edsticas:<\/h2>\n\n\n\n<ul class=\"wp-block-list\">\n<li><strong>Cer\u00e2mica de alta qualidade: <\/strong>Estes lavat\u00f3rios de casa de banho brancos por atacado s\u00e3o cozidos a alta temperatura para obter uma superf\u00edcie muito mais lisa e densa que tem resist\u00eancia a riscos, resist\u00eancia a manchas e facilidade de limpeza.<\/li>\n\n\n\n<li><strong>Design retangular simples:<\/strong> Estes lavat\u00f3rios de bancada personalizados para casa de banho s\u00e3o elegantes, rectangulares brancos que proporcionam versatilidade para as casas modernas e utiliza\u00e7\u00f5es comerciais.<\/li>\n\n\n\n<li><strong>Stock a granel:<\/strong> Estes lavat\u00f3rios de casa de banho brancos por atacado suportam a aquisi\u00e7\u00e3o por atacado e por projeto, satisfazendo as necessidades de entrega r\u00e1pida de retalhistas, distribuidores e clientes de projectos.<\/li>\n\n\n\n<li><strong>Vers\u00e1til: <\/strong>Estes lavat\u00f3rios de bancada de casa de banho personalizados s\u00e3o adequados para lavabos de casa de banho, hot\u00e9is, casas de banho comerciais e renova\u00e7\u00f5es residenciais, proporcionando est\u00e9tica e praticidade.<\/li>\n<\/ul>\n<\/div>\n\n\n\n<div class=\"wp-block-column is-layout-flow wp-block-column-is-layout-flow\">\n<figure class=\"wp-block-image size-full\"><img fetchpriority=\"high\" decoding=\"async\" width=\"673\" height=\"871\" src=\"https:\/\/www.ceramicbasin.com\/wp-content\/uploads\/2025\/09\/in-stock-ceramic-wholesale-white-bathroom-vanity-sink\u200b-bulk-6.webp\" alt=\"em-estoque-cer\u00e2mica-\u00e0-venda-em-branco-banheiro-lavat\u00f3rio-bulk-6\" class=\"wp-image-7935\" srcset=\"https:\/\/www.ceramicbasin.com\/wp-content\/uploads\/2025\/09\/in-stock-ceramic-wholesale-white-bathroom-vanity-sink\u200b-bulk-6.webp 673w, https:\/\/www.ceramicbasin.com\/wp-content\/uploads\/2025\/09\/in-stock-ceramic-wholesale-white-bathroom-vanity-sink\u200b-bulk-6-232x300.webp 232w, https:\/\/www.ceramicbasin.com\/wp-content\/uploads\/2025\/09\/in-stock-ceramic-wholesale-white-bathroom-vanity-sink\u200b-bulk-6-9x12.webp 9w, https:\/\/www.ceramicbasin.com\/wp-content\/uploads\/2025\/09\/in-stock-ceramic-wholesale-white-bathroom-vanity-sink\u200b-bulk-6-285x369.webp 285w, https:\/\/www.ceramicbasin.com\/wp-content\/uploads\/2025\/09\/in-stock-ceramic-wholesale-white-bathroom-vanity-sink\u200b-bulk-6-510x660.webp 510w, https:\/\/www.ceramicbasin.com\/wp-content\/uploads\/2025\/09\/in-stock-ceramic-wholesale-white-bathroom-vanity-sink\u200b-bulk-6-116x150.webp 116w\" sizes=\"(max-width: 673px) 100vw, 673px\" \/><\/figure>\n<\/div>\n<\/div>\n\n\n\n<p><\/p>","protected":false},"excerpt":{"rendered":"<p>Bem-vindo a comprar os nossos lavat\u00f3rios de casa de banho brancos em stock, ideais para projectos de lou\u00e7a sanit\u00e1ria. Os nossos lavat\u00f3rios de bancada a granel s\u00e3o feitos de cer\u00e2mica de alta qualidade, combinando o artesanato tradicional com o design moderno, e s\u00e3o f\u00e1ceis de limpar. Oferecemos pre\u00e7os favor\u00e1veis e entrega r\u00e1pida para garantir o cumprimento das necessidades de pontualidade de projectos comerciais ou renova\u00e7\u00f5es residenciais.<\/p>\n<table style=\"border-collapse: collapse; width: 311.02pt;\" border=\"0\" width=\"311\" cellspacing=\"0\" cellpadding=\"0\">\n<tbody>\n<tr style=\"height: 17.60pt;\">\n<td class=\"et3\" style=\"height: 17.60pt; width: 108.35pt;\" width=\"108\" height=\"17\">Fabricante<\/td>\n<td class=\"et3\" style=\"width: 202.95pt;\" width=\"202\">HanYu<\/td>\n<\/tr>\n<tr style=\"height: 17.60pt;\">\n<td class=\"et3\" style=\"height: 17.60pt;\" height=\"17\">Modelo n.<\/td>\n<td class=\"et4\">HY-424<\/td>\n<\/tr>\n<tr style=\"height: 17.60pt;\">\n<td class=\"et3\" style=\"height: 17.60pt;\" height=\"17\">Tipo<\/td>\n<td class=\"et3\">Lavat\u00f3rio de bancada<\/td>\n<\/tr>\n<tr style=\"height: 17.60pt;\">\n<td class=\"et3\" style=\"height: 17.60pt;\" height=\"17\">Forma<\/td>\n<td class=\"et3\">Forma retangular<\/td>\n<\/tr>\n<tr style=\"height: 17.60pt;\">\n<td class=\"et4\" style=\"height: 17.60pt;\" height=\"17\">Cor<\/td>\n<td class=\"et3\">Branco<\/td>\n<\/tr>\n<tr style=\"height: 18.00pt;\">\n<td class=\"et3\" style=\"height: 18.00pt;\" height=\"18\">Dimens\u00e3o<\/td>\n<td class=\"et5\" style=\"width: 202.95pt;\" width=\"202\">58.5*37*13<\/td>\n<\/tr>\n<tr style=\"height: 17.60pt;\">\n<td class=\"et3\" style=\"height: 17.60pt;\" height=\"17\">N.W \/SET<\/td>\n<td class=\"et3\">11 KGS\/PCS<\/td>\n<\/tr>\n<tr style=\"height: 17.60pt;\">\n<td class=\"et3\" style=\"height: 17.60pt;\" height=\"17\">MOQ<\/td>\n<td class=\"et3\">20 unidades<\/td>\n<\/tr>\n<tr style=\"height: 17.60pt;\">\n<td class=\"et3\" style=\"height: 17.60pt;\" height=\"17\">Op\u00e7\u00e3o personalizada<\/td>\n<td class=\"et3\">Cor\/Patente\/Tamanho\/Logotipo\/Embalagem<\/td>\n<\/tr>\n<\/tbody>\n<\/table>","protected":false},"featured_media":7931,"comment_status":"closed","ping_status":"closed","template":"","meta":{"_acf_changed":false},"product_brand":[],"product_cat":[50],"product_tag":[],"class_list":{"0":"post-7900","1":"product","2":"type-product","3":"status-publish","4":"has-post-thumbnail","6":"product_cat-wholesale-countertop-sinks","8":"first","9":"instock","10":"shipping-taxable","11":"product-type-simple"},"acf":[],"_links":{"self":[{"href":"https:\/\/www.ceramicbasin.com\/pt\/wp-json\/wp\/v2\/product\/7900","targetHints":{"allow":["GET"]}}],"collection":[{"href":"https:\/\/www.ceramicbasin.com\/pt\/wp-json\/wp\/v2\/product"}],"about":[{"href":"https:\/\/www.ceramicbasin.com\/pt\/wp-json\/wp\/v2\/types\/product"}],"replies":[{"embeddable":true,"href":"https:\/\/www.ceramicbasin.com\/pt\/wp-json\/wp\/v2\/comments?post=7900"}],"wp:featuredmedia":[{"embeddable":true,"href":"https:\/\/www.ceramicbasin.com\/pt\/wp-json\/wp\/v2\/media\/7931"}],"wp:attachment":[{"href":"https:\/\/www.ceramicbasin.com\/pt\/wp-json\/wp\/v2\/media?parent=7900"}],"wp:term":[{"taxonomy":"product_brand","embeddable":true,"href":"https:\/\/www.ceramicbasin.com\/pt\/wp-json\/wp\/v2\/product_brand?post=7900"},{"taxonomy":"product_cat","embeddable":true,"href":"https:\/\/www.ceramicbasin.com\/pt\/wp-json\/wp\/v2\/product_cat?post=7900"},{"taxonomy":"product_tag","embeddable":true,"href":"https:\/\/www.ceramicbasin.com\/pt\/wp-json\/wp\/v2\/product_tag?post=7900"}],"curies":[{"name":"wp","href":"https:\/\/api.w.org\/{rel}","templated":true}]}}