{"id":7902,"date":"2025-09-24T07:47:19","date_gmt":"2025-09-24T07:47:19","guid":{"rendered":"https:\/\/www.ceramicbasin.com\/?post_type=product&#038;p=7902"},"modified":"2025-09-26T02:48:49","modified_gmt":"2025-09-26T02:48:49","slug":"wholesale-unique-bathroom-sink-bowls","status":"publish","type":"product","link":"https:\/\/www.ceramicbasin.com\/pt\/produto\/wholesale-unique-bathroom-sink-bowls\/","title":{"rendered":"Atacado de bacias de pia de banheiro exclusivas, pias de bancada a granel"},"content":{"rendered":"<div class=\"wp-block-columns is-layout-flex wp-container-core-columns-is-layout-9d6595d7 wp-block-columns-is-layout-flex\">\n<div class=\"wp-block-column is-layout-flow wp-block-column-is-layout-flow\">\n<h2 class=\"wp-block-heading\">Ta\u00e7as de lavat\u00f3rio de casa de banho \u00fanicas por atacado Premium Carater\u00edsticas:<\/h2>\n\n\n\n<ul class=\"wp-block-list\">\n<li><strong>Design retangular contempor\u00e2neo:<\/strong> A bacia de bancada em cer\u00e2mica tem um design retangular f\u00e1cil e elegante, linhas suaves e um estilo moderno. Pode integrar-se perfeitamente em qualquer estilo de decora\u00e7\u00e3o de casa de banho, acrescentando eleg\u00e2ncia e modernidade \u00e0 \u00e1rea da casa de banho.<\/li>\n\n\n\n<li><strong>Design de tamanho generoso: <\/strong>Os lavat\u00f3rios de casa de banho \u00fanicos por atacado com um lavat\u00f3rio de tamanho generoso respondem \u00e0 necessidade de espa\u00e7o num lavat\u00f3rio. N\u00e3o \u00e9 apenas pr\u00e1tico, mas tamb\u00e9m pode melhorar a qualidade geral e o conforto da casa de banho. \u00c9 adequado para casas e hot\u00e9is de luxo.<\/li>\n\n\n\n<li><strong>Op\u00e7\u00f5es personalizadas:<\/strong> A HanYu fornece servi\u00e7os personalizados de lavat\u00f3rios de bancada em cer\u00e2mica, proporcionando uma variedade de tamanhos, cores e texturas de acordo com as necessidades do cliente, indo ao encontro de diferentes designs de casas de banho e prefer\u00eancias pessoais, e criando um espa\u00e7o de casa de banho \u00fanico para si.<\/li>\n\n\n\n<li><strong>Pre\u00e7o por grosso: <\/strong>As nossas bacias de lavat\u00f3rio de casa de banho \u00fanicas por atacado s\u00e3o vendidas ao pre\u00e7o de atacado direto da f\u00e1brica para ganhar mais espa\u00e7o de lucro para os clientes. Bem-vindo compradores B2B para compras a granel.<\/li>\n<\/ul>\n<\/div>\n\n\n\n<div class=\"wp-block-column is-layout-flow wp-block-column-is-layout-flow\">\n<figure class=\"wp-block-image size-full\"><img fetchpriority=\"high\" decoding=\"async\" width=\"683\" height=\"879\" src=\"https:\/\/www.ceramicbasin.com\/wp-content\/uploads\/2025\/09\/wholesale-unique-bathroom-sink-bowls-countertop-sinks-bulk-6.webp\" alt=\"grossista-\u00fanico-banheiro-banheira-bowls-countertop-sinks-bulk-6\" class=\"wp-image-7928\" srcset=\"https:\/\/www.ceramicbasin.com\/wp-content\/uploads\/2025\/09\/wholesale-unique-bathroom-sink-bowls-countertop-sinks-bulk-6.webp 683w, https:\/\/www.ceramicbasin.com\/wp-content\/uploads\/2025\/09\/wholesale-unique-bathroom-sink-bowls-countertop-sinks-bulk-6-233x300.webp 233w, https:\/\/www.ceramicbasin.com\/wp-content\/uploads\/2025\/09\/wholesale-unique-bathroom-sink-bowls-countertop-sinks-bulk-6-9x12.webp 9w, https:\/\/www.ceramicbasin.com\/wp-content\/uploads\/2025\/09\/wholesale-unique-bathroom-sink-bowls-countertop-sinks-bulk-6-285x367.webp 285w, https:\/\/www.ceramicbasin.com\/wp-content\/uploads\/2025\/09\/wholesale-unique-bathroom-sink-bowls-countertop-sinks-bulk-6-513x660.webp 513w, https:\/\/www.ceramicbasin.com\/wp-content\/uploads\/2025\/09\/wholesale-unique-bathroom-sink-bowls-countertop-sinks-bulk-6-117x150.webp 117w\" sizes=\"(max-width: 683px) 100vw, 683px\" \/><\/figure>\n<\/div>\n<\/div>","protected":false},"excerpt":{"rendered":"<p>Bem-vindo ao comprar as nossas bacias de lavat\u00f3rio de casa de banho \u00fanicas por atacado para casa e hot\u00e9is de luxo. Esta bacia de bancada de cer\u00e2mica retangular grande e personalizada \u00e9 dur\u00e1vel e bonita, perfeitamente adequada para v\u00e1rios estilos de casa de banho, e \u00e9 vendida por atacado a um pre\u00e7o muito competitivo. N\u00e3o \u00e9 apenas pr\u00e1tico, mas tamb\u00e9m pode melhorar a qualidade geral e o conforto da casa de banho.<\/p>\n<table style=\"border-collapse: collapse; width: 311.02pt;\" border=\"0\" width=\"311\" cellspacing=\"0\" cellpadding=\"0\">\n<tbody>\n<tr style=\"height: 17.60pt;\">\n<td class=\"et3\" style=\"height: 17.60pt; width: 108.35pt;\" width=\"108\" height=\"17\">Fabricante<\/td>\n<td class=\"et3\" style=\"width: 202.95pt;\" width=\"202\">HanYu<\/td>\n<\/tr>\n<tr style=\"height: 17.60pt;\">\n<td class=\"et3\" style=\"height: 17.60pt;\" height=\"17\">Modelo n.<\/td>\n<td class=\"et4\">HY-5005<\/td>\n<\/tr>\n<tr style=\"height: 17.60pt;\">\n<td class=\"et3\" style=\"height: 17.60pt;\" height=\"17\">Tipo<\/td>\n<td class=\"et3\">Lavat\u00f3rio de bancada<\/td>\n<\/tr>\n<tr style=\"height: 17.60pt;\">\n<td class=\"et3\" style=\"height: 17.60pt;\" height=\"17\">Forma<\/td>\n<td class=\"et3\">Forma retangular<\/td>\n<\/tr>\n<tr style=\"height: 17.60pt;\">\n<td class=\"et4\" style=\"height: 17.60pt;\" height=\"17\">Cor<\/td>\n<td class=\"et3\">Branco<\/td>\n<\/tr>\n<tr style=\"height: 18.00pt;\">\n<td class=\"et3\" style=\"height: 18.00pt;\" height=\"18\">Dimens\u00e3o<\/td>\n<td class=\"et5\" style=\"width: 202.95pt;\" width=\"202\">59*39*16<\/td>\n<\/tr>\n<tr style=\"height: 17.60pt;\">\n<td class=\"et3\" style=\"height: 17.60pt;\" height=\"17\">N.W \/SET<\/td>\n<td class=\"et3\">14 KG\/PCS<\/td>\n<\/tr>\n<tr style=\"height: 17.60pt;\">\n<td class=\"et3\" style=\"height: 17.60pt;\" height=\"17\">MOQ<\/td>\n<td class=\"et3\">20 unidades<\/td>\n<\/tr>\n<tr style=\"height: 17.60pt;\">\n<td class=\"et3\" style=\"height: 17.60pt;\" height=\"17\">Op\u00e7\u00e3o personalizada<\/td>\n<td class=\"et3\">Cor\/Patente\/Tamanho\/Logotipo\/Embalagem<\/td>\n<\/tr>\n<\/tbody>\n<\/table>","protected":false},"featured_media":7924,"comment_status":"closed","ping_status":"closed","template":"","meta":{"_acf_changed":false},"product_brand":[],"product_cat":[50],"product_tag":[],"class_list":{"0":"post-7902","1":"product","2":"type-product","3":"status-publish","4":"has-post-thumbnail","6":"product_cat-wholesale-countertop-sinks","8":"first","9":"instock","10":"shipping-taxable","11":"product-type-simple"},"acf":[],"_links":{"self":[{"href":"https:\/\/www.ceramicbasin.com\/pt\/wp-json\/wp\/v2\/product\/7902","targetHints":{"allow":["GET"]}}],"collection":[{"href":"https:\/\/www.ceramicbasin.com\/pt\/wp-json\/wp\/v2\/product"}],"about":[{"href":"https:\/\/www.ceramicbasin.com\/pt\/wp-json\/wp\/v2\/types\/product"}],"replies":[{"embeddable":true,"href":"https:\/\/www.ceramicbasin.com\/pt\/wp-json\/wp\/v2\/comments?post=7902"}],"wp:featuredmedia":[{"embeddable":true,"href":"https:\/\/www.ceramicbasin.com\/pt\/wp-json\/wp\/v2\/media\/7924"}],"wp:attachment":[{"href":"https:\/\/www.ceramicbasin.com\/pt\/wp-json\/wp\/v2\/media?parent=7902"}],"wp:term":[{"taxonomy":"product_brand","embeddable":true,"href":"https:\/\/www.ceramicbasin.com\/pt\/wp-json\/wp\/v2\/product_brand?post=7902"},{"taxonomy":"product_cat","embeddable":true,"href":"https:\/\/www.ceramicbasin.com\/pt\/wp-json\/wp\/v2\/product_cat?post=7902"},{"taxonomy":"product_tag","embeddable":true,"href":"https:\/\/www.ceramicbasin.com\/pt\/wp-json\/wp\/v2\/product_tag?post=7902"}],"curies":[{"name":"wp","href":"https:\/\/api.w.org\/{rel}","templated":true}]}}