{"id":7905,"date":"2025-09-24T07:51:09","date_gmt":"2025-09-24T07:51:09","guid":{"rendered":"https:\/\/www.ceramicbasin.com\/?post_type=product&#038;p=7905"},"modified":"2025-09-26T02:21:51","modified_gmt":"2025-09-26T02:21:51","slug":"wholesale-table-top-bathroom-sinks","status":"publish","type":"product","link":"https:\/\/www.ceramicbasin.com\/pt\/produto\/wholesale-table-top-bathroom-sinks\/","title":{"rendered":"Lavat\u00f3rios de mesa para casa de banho por atacado, lavat\u00f3rios de cer\u00e2mica personalizados"},"content":{"rendered":"<div class=\"wp-block-columns is-layout-flex wp-container-core-columns-is-layout-9d6595d7 wp-block-columns-is-layout-flex\">\n<div class=\"wp-block-column is-layout-flow wp-block-column-is-layout-flow\">\n<h2 class=\"wp-block-heading\">Pias de casa de banho de mesa por atacado modernas Premium Carater\u00edsticas:<\/h2>\n\n\n\n<ul class=\"wp-block-list\">\n<li><strong>Estilo contempor\u00e2neo: <\/strong>A bacia simples em forma de quadrado destes lavat\u00f3rios de mesa para casa de banho por atacado \u00e9 ideal para casas de banho modernas, hot\u00e9is e casas de luxo. Transmite um brilho e uma textura subtis, criando uma sensa\u00e7\u00e3o de nobreza e eleg\u00e2ncia na casa de banho.<\/li>\n\n\n\n<li><strong>Cer\u00e2mica duradoura:<\/strong> Estes lavat\u00f3rios de casa de banho de mesa por atacado s\u00e3o feitos de cer\u00e2mica dur\u00e1vel que \u00e9 cozida a altas temperaturas, deixando esta cer\u00e2mica de qualidade com uma superf\u00edcie lisa e mais densa, resistente a manchas, f\u00e1cil de limpar e resistente a riscos.<\/li>\n\n\n\n<li><strong>Tamanhos personalizados:<\/strong> Os nossos lava-loi\u00e7as quadrados de cer\u00e2mica podem ser fabricados por encomenda em tamanhos, cores e log\u00f3tipos para satisfazer as necessidades de v\u00e1rias marcas e mercados.<\/li>\n\n\n\n<li><strong>Produ\u00e7\u00e3o fi\u00e1vel:<\/strong> Como um fabricante chin\u00eas profissional de lavat\u00f3rios para casa de banho, a Hanyu tem fortes capacidades de fornecimento a granel e apoia parcerias OEM\/ODM. As compras a granel podem usufruir de descontos muito vantajosos, garantindo que pode desfrutar de produtos de alta qualidade sem ultrapassar o seu or\u00e7amento.<\/li>\n<\/ul>\n<\/div>\n\n\n\n<div class=\"wp-block-column is-layout-flow wp-block-column-is-layout-flow\">\n<figure class=\"wp-block-image size-full\"><img fetchpriority=\"high\" decoding=\"async\" width=\"469\" height=\"624\" src=\"https:\/\/www.ceramicbasin.com\/wp-content\/uploads\/2025\/09\/wholesale-table-top-bathroom-sinks-custom-ceramic-sinks\u200b-6.webp\" alt=\"pias de casa de banho de mesa por atacado-pias de cer\u00e2mica personalizadas-6\" class=\"wp-image-7917\" srcset=\"https:\/\/www.ceramicbasin.com\/wp-content\/uploads\/2025\/09\/wholesale-table-top-bathroom-sinks-custom-ceramic-sinks\u200b-6.webp 469w, https:\/\/www.ceramicbasin.com\/wp-content\/uploads\/2025\/09\/wholesale-table-top-bathroom-sinks-custom-ceramic-sinks\u200b-6-225x300.webp 225w, https:\/\/www.ceramicbasin.com\/wp-content\/uploads\/2025\/09\/wholesale-table-top-bathroom-sinks-custom-ceramic-sinks\u200b-6-9x12.webp 9w, https:\/\/www.ceramicbasin.com\/wp-content\/uploads\/2025\/09\/wholesale-table-top-bathroom-sinks-custom-ceramic-sinks\u200b-6-285x379.webp 285w, https:\/\/www.ceramicbasin.com\/wp-content\/uploads\/2025\/09\/wholesale-table-top-bathroom-sinks-custom-ceramic-sinks\u200b-6-113x150.webp 113w\" sizes=\"(max-width: 469px) 100vw, 469px\" \/><\/figure>\n<\/div>\n<\/div>\n\n\n\n<p><\/p>","protected":false},"excerpt":{"rendered":"<p>Bem-vindo a comprar os nossos modernos lavat\u00f3rios de casa de banho de mesa por atacado em design quadrado de cer\u00e2mica, fabricados com material dur\u00e1vel e uma superf\u00edcie f\u00e1cil de limpar. Como um fabricante chin\u00eas l\u00edder de lou\u00e7a sanit\u00e1ria, oferecemos personaliza\u00e7\u00e3o flex\u00edvel e fornecimento confi\u00e1vel a granel, e servi\u00e7os de entrega r\u00e1pida para atender a distribuidores e projetos globais.<\/p>\n<table style=\"border-collapse: collapse; width: 311.02pt;\" border=\"0\" width=\"311\" cellspacing=\"0\" cellpadding=\"0\">\n<tbody>\n<tr style=\"height: 17.60pt;\">\n<td class=\"et3\" style=\"height: 17.60pt; width: 108.35pt;\" width=\"108\" height=\"17\">Fabricante<\/td>\n<td class=\"et3\" style=\"width: 202.95pt;\" width=\"202\">HanYu<\/td>\n<\/tr>\n<tr style=\"height: 17.60pt;\">\n<td class=\"et3\" style=\"height: 17.60pt;\" height=\"17\">Modelo n.<\/td>\n<td class=\"et4\">HY-8022<\/td>\n<\/tr>\n<tr style=\"height: 17.60pt;\">\n<td class=\"et3\" style=\"height: 17.60pt;\" height=\"17\">Tipo<\/td>\n<td class=\"et3\">Lavat\u00f3rio de bancada<\/td>\n<\/tr>\n<tr style=\"height: 17.60pt;\">\n<td class=\"et3\" style=\"height: 17.60pt;\" height=\"17\">Forma<\/td>\n<td class=\"et3\">Forma retangular<\/td>\n<\/tr>\n<tr style=\"height: 17.60pt;\">\n<td class=\"et4\" style=\"height: 17.60pt;\" height=\"17\">Cor<\/td>\n<td class=\"et3\">Branco<\/td>\n<\/tr>\n<tr style=\"height: 18.00pt;\">\n<td class=\"et3\" style=\"height: 18.00pt;\" height=\"18\">Dimens\u00e3o<\/td>\n<td class=\"et5\" style=\"width: 202.95pt;\" width=\"202\">41*41*13.5<\/td>\n<\/tr>\n<tr style=\"height: 17.60pt;\">\n<td class=\"et3\" style=\"height: 17.60pt;\" height=\"17\">N.W \/SET<\/td>\n<td class=\"et3\">9 KGS\/PCS<\/td>\n<\/tr>\n<tr style=\"height: 17.60pt;\">\n<td class=\"et3\" style=\"height: 17.60pt;\" height=\"17\">MOQ<\/td>\n<td class=\"et3\">20 unidades<\/td>\n<\/tr>\n<tr style=\"height: 17.60pt;\">\n<td class=\"et3\" style=\"height: 17.60pt;\" height=\"17\">Op\u00e7\u00e3o personalizada<\/td>\n<td class=\"et3\">Cor\/Patente\/Tamanho\/Logotipo\/Embalagem<\/td>\n<\/tr>\n<\/tbody>\n<\/table>","protected":false},"featured_media":7913,"comment_status":"closed","ping_status":"closed","template":"","meta":{"_acf_changed":false},"product_brand":[],"product_cat":[50],"product_tag":[],"class_list":{"0":"post-7905","1":"product","2":"type-product","3":"status-publish","4":"has-post-thumbnail","6":"product_cat-wholesale-countertop-sinks","8":"first","9":"instock","10":"shipping-taxable","11":"product-type-simple"},"acf":[],"_links":{"self":[{"href":"https:\/\/www.ceramicbasin.com\/pt\/wp-json\/wp\/v2\/product\/7905","targetHints":{"allow":["GET"]}}],"collection":[{"href":"https:\/\/www.ceramicbasin.com\/pt\/wp-json\/wp\/v2\/product"}],"about":[{"href":"https:\/\/www.ceramicbasin.com\/pt\/wp-json\/wp\/v2\/types\/product"}],"replies":[{"embeddable":true,"href":"https:\/\/www.ceramicbasin.com\/pt\/wp-json\/wp\/v2\/comments?post=7905"}],"wp:featuredmedia":[{"embeddable":true,"href":"https:\/\/www.ceramicbasin.com\/pt\/wp-json\/wp\/v2\/media\/7913"}],"wp:attachment":[{"href":"https:\/\/www.ceramicbasin.com\/pt\/wp-json\/wp\/v2\/media?parent=7905"}],"wp:term":[{"taxonomy":"product_brand","embeddable":true,"href":"https:\/\/www.ceramicbasin.com\/pt\/wp-json\/wp\/v2\/product_brand?post=7905"},{"taxonomy":"product_cat","embeddable":true,"href":"https:\/\/www.ceramicbasin.com\/pt\/wp-json\/wp\/v2\/product_cat?post=7905"},{"taxonomy":"product_tag","embeddable":true,"href":"https:\/\/www.ceramicbasin.com\/pt\/wp-json\/wp\/v2\/product_tag?post=7905"}],"curies":[{"name":"wp","href":"https:\/\/api.w.org\/{rel}","templated":true}]}}