{"id":7949,"date":"2025-10-03T03:19:03","date_gmt":"2025-10-03T03:19:03","guid":{"rendered":"https:\/\/www.ceramicbasin.com\/?post_type=product&#038;p=7949"},"modified":"2025-10-09T07:49:51","modified_gmt":"2025-10-09T07:49:51","slug":"wall-mount-sink-wholesale","status":"publish","type":"product","link":"https:\/\/www.ceramicbasin.com\/pt\/produto\/wall-mount-sink-wholesale\/","title":{"rendered":"Lavat\u00f3rio de cer\u00e2mica para montagem na parede, lavat\u00f3rio de m\u00e1rmore preto fosco"},"content":{"rendered":"<div class=\"wp-block-columns is-layout-flex wp-container-core-columns-is-layout-9d6595d7 wp-block-columns-is-layout-flex\">\n<div class=\"wp-block-column is-layout-flow wp-block-column-is-layout-flow\">\n<h2 class=\"wp-block-heading\">Lavat\u00f3rio de montagem na parede Premium Carater\u00edsticas por atacado:<\/h2>\n\n\n\n<ul class=\"wp-block-list\">\n<li><strong>Materiais de luxo, dur\u00e1veis:<\/strong> Este lava-loi\u00e7a de montagem na parede \u00e9 feito de uma base de cer\u00e2mica de alta qualidade e revestido com um avan\u00e7ado esmalte texturado de m\u00e1rmore preto mate. \u00c9 resistente a n\u00f3doas e f\u00e1cil de limpar, dur\u00e1vel e n\u00e3o apresenta sinais de desgaste, mantendo-se como novo.<\/li>\n\n\n\n<li><strong>Design moderno, economia de espa\u00e7o: <\/strong>Este lavat\u00f3rio de casa de banho por atacado apresenta um design montado na parede com linhas elegantes e minimalistas, criando uma sensa\u00e7\u00e3o de espa\u00e7o suspenso e abertura visual, ao mesmo tempo que facilita a limpeza. \u00c9 especialmente adequado para apartamentos mais pequenos e projectos que procuram um estilo minimalista.<\/li>\n\n\n\n<li><strong>Personaliza\u00e7\u00e3o preferencial, suporte por atacado: <\/strong>Somos especializados em fornecer pre\u00e7os competitivos e um fornecimento est\u00e1vel de mercadorias aos clientes grossistas. Oferecemos servi\u00e7os de personaliza\u00e7\u00e3o por atacado de lavat\u00f3rios de montagem em parede para satisfazer as suas necessidades de aquisi\u00e7\u00e3o e invent\u00e1rio de projectos.<\/li>\n\n\n\n<li><strong>F\u00e1cil instala\u00e7\u00e3o, vers\u00e1til: <\/strong>Os nossos lavat\u00f3rios de casa de banho por atacado possuem liga\u00e7\u00f5es padr\u00e3o e s\u00e3o compat\u00edveis com os principais tanques e torneiras de parede, tornando a instala\u00e7\u00e3o simples e eficiente, poupando tempo e dinheiro.<\/li>\n<\/ul>\n<\/div>\n\n\n\n<div class=\"wp-block-column is-layout-flow wp-block-column-is-layout-flow\">\n<div class=\"wp-block-columns is-layout-flex wp-container-core-columns-is-layout-9d6595d7 wp-block-columns-is-layout-flex\">\n<div class=\"wp-block-column is-layout-flow wp-block-column-is-layout-flow\"><\/div>\n\n\n\n<div class=\"wp-block-column is-layout-flow wp-block-column-is-layout-flow\"><\/div>\n<\/div>\n\n\n\n<figure class=\"wp-block-image size-full\"><img fetchpriority=\"high\" decoding=\"async\" width=\"800\" height=\"800\" src=\"https:\/\/www.ceramicbasin.com\/wp-content\/uploads\/2025\/10\/marble-bathroom-sink\uff0cwall-mounted-marble-sink\uff0cblack-matte-sink4.webp\" alt=\"\" class=\"wp-image-7954\" srcset=\"https:\/\/www.ceramicbasin.com\/wp-content\/uploads\/2025\/10\/marble-bathroom-sink\uff0cwall-mounted-marble-sink\uff0cblack-matte-sink4.webp 800w, https:\/\/www.ceramicbasin.com\/wp-content\/uploads\/2025\/10\/marble-bathroom-sink\uff0cwall-mounted-marble-sink\uff0cblack-matte-sink4-300x300.webp 300w, https:\/\/www.ceramicbasin.com\/wp-content\/uploads\/2025\/10\/marble-bathroom-sink\uff0cwall-mounted-marble-sink\uff0cblack-matte-sink4-150x150.webp 150w, https:\/\/www.ceramicbasin.com\/wp-content\/uploads\/2025\/10\/marble-bathroom-sink\uff0cwall-mounted-marble-sink\uff0cblack-matte-sink4-768x768.webp 768w, https:\/\/www.ceramicbasin.com\/wp-content\/uploads\/2025\/10\/marble-bathroom-sink\uff0cwall-mounted-marble-sink\uff0cblack-matte-sink4-12x12.webp 12w, https:\/\/www.ceramicbasin.com\/wp-content\/uploads\/2025\/10\/marble-bathroom-sink\uff0cwall-mounted-marble-sink\uff0cblack-matte-sink4-285x285.webp 285w, https:\/\/www.ceramicbasin.com\/wp-content\/uploads\/2025\/10\/marble-bathroom-sink\uff0cwall-mounted-marble-sink\uff0cblack-matte-sink4-270x270.webp 270w, https:\/\/www.ceramicbasin.com\/wp-content\/uploads\/2025\/10\/marble-bathroom-sink\uff0cwall-mounted-marble-sink\uff0cblack-matte-sink4-540x540.webp 540w, https:\/\/www.ceramicbasin.com\/wp-content\/uploads\/2025\/10\/marble-bathroom-sink\uff0cwall-mounted-marble-sink\uff0cblack-matte-sink4-660x660.webp 660w\" sizes=\"(max-width: 800px) 100vw, 800px\" \/><\/figure>\n<\/div>\n<\/div>","protected":false},"excerpt":{"rendered":"<p>Bem-vindo \u00e0 compra de lavat\u00f3rios de casa de banho. Este lavat\u00f3rio de montagem na parede por atacado combina uma sofisticada cor preta mate com uma textura de m\u00e1rmore realista. O seu design contempor\u00e2neo e minimalista ir\u00e1 melhorar qualquer espa\u00e7o comercial ou residencial com uma est\u00e9tica moderna.<\/p>\n<table style=\"border-collapse: collapse; width: 358.52pt;\" border=\"0\" width=\"478\" cellspacing=\"0\" cellpadding=\"0\">\n<tbody>\n<tr style=\"height: 17.25pt;\">\n<td class=\"et3\" style=\"height: 17.25pt; width: 125.00pt;\" width=\"166\" height=\"23\">Fabricante<\/td>\n<td class=\"et3\" style=\"width: 234.15pt;\" width=\"312\">HanYu<\/td>\n<\/tr>\n<tr style=\"height: 17.25pt;\">\n<td class=\"et3\" style=\"height: 17.25pt;\" height=\"23\">Modelo n.<\/td>\n<td class=\"et4\">HY-3078AD139<\/td>\n<\/tr>\n<tr style=\"height: 17.25pt;\">\n<td class=\"et3\" style=\"height: 17.25pt;\" height=\"23\">Tipo<\/td>\n<td class=\"et5\" style=\"width: 234.15pt;\" width=\"312\">Pias de m\u00e1rmore<\/td>\n<\/tr>\n<tr style=\"height: 18.00pt;\">\n<td class=\"et3\" style=\"height: 18.00pt;\" height=\"24\">Forma<\/td>\n<td class=\"et3\">Forma retangular<\/td>\n<\/tr>\n<tr style=\"height: 34.50pt;\">\n<td class=\"et4\" style=\"height: 34.50pt;\" height=\"46\">Cor<\/td>\n<td class=\"et5\" style=\"width: 234.15pt;\" width=\"312\">preto\/branco\/azul\/cinzento\/rosa\/verde\/castanho\/caqui<\/td>\n<\/tr>\n<tr style=\"height: 18.00pt;\">\n<td class=\"et3\" style=\"height: 18.00pt;\" height=\"24\">Dimens\u00e3o<\/td>\n<td class=\"et5\" style=\"width: 234.15pt;\" width=\"312\">42*29.5*12.5<\/td>\n<\/tr>\n<tr style=\"height: 17.25pt;\">\n<td class=\"et3\" style=\"height: 17.25pt;\" height=\"23\">N.W \/SET<\/td>\n<td class=\"et3\">12KGS\/PCS<\/td>\n<\/tr>\n<tr style=\"height: 17.25pt;\">\n<td class=\"et3\" style=\"height: 17.25pt;\" height=\"23\">MOQ<\/td>\n<td class=\"et3\">20 unidades<\/td>\n<\/tr>\n<tr style=\"height: 17.25pt;\">\n<td class=\"et3\" style=\"height: 17.25pt;\" height=\"23\">Op\u00e7\u00e3o personalizada<\/td>\n<td class=\"et3\">Cor\/Padr\u00e3o\/Tamanho\/Logotipo\/Embalagem<\/td>\n<\/tr>\n<\/tbody>\n<\/table>","protected":false},"featured_media":7953,"comment_status":"closed","ping_status":"closed","template":"","meta":{"_acf_changed":false},"product_brand":[],"product_cat":[54,57],"product_tag":[],"class_list":{"0":"post-7949","1":"product","2":"type-product","3":"status-publish","4":"has-post-thumbnail","6":"product_cat-wholesale-marble-sinks","7":"product_cat-wholesale-wall-mounted-sinks","9":"first","10":"instock","11":"shipping-taxable","12":"product-type-simple"},"acf":[],"_links":{"self":[{"href":"https:\/\/www.ceramicbasin.com\/pt\/wp-json\/wp\/v2\/product\/7949","targetHints":{"allow":["GET"]}}],"collection":[{"href":"https:\/\/www.ceramicbasin.com\/pt\/wp-json\/wp\/v2\/product"}],"about":[{"href":"https:\/\/www.ceramicbasin.com\/pt\/wp-json\/wp\/v2\/types\/product"}],"replies":[{"embeddable":true,"href":"https:\/\/www.ceramicbasin.com\/pt\/wp-json\/wp\/v2\/comments?post=7949"}],"wp:featuredmedia":[{"embeddable":true,"href":"https:\/\/www.ceramicbasin.com\/pt\/wp-json\/wp\/v2\/media\/7953"}],"wp:attachment":[{"href":"https:\/\/www.ceramicbasin.com\/pt\/wp-json\/wp\/v2\/media?parent=7949"}],"wp:term":[{"taxonomy":"product_brand","embeddable":true,"href":"https:\/\/www.ceramicbasin.com\/pt\/wp-json\/wp\/v2\/product_brand?post=7949"},{"taxonomy":"product_cat","embeddable":true,"href":"https:\/\/www.ceramicbasin.com\/pt\/wp-json\/wp\/v2\/product_cat?post=7949"},{"taxonomy":"product_tag","embeddable":true,"href":"https:\/\/www.ceramicbasin.com\/pt\/wp-json\/wp\/v2\/product_tag?post=7949"}],"curies":[{"name":"wp","href":"https:\/\/api.w.org\/{rel}","templated":true}]}}