{"id":7963,"date":"2025-10-03T06:57:44","date_gmt":"2025-10-03T06:57:44","guid":{"rendered":"https:\/\/www.ceramicbasin.com\/?post_type=product&#038;p=7963"},"modified":"2025-10-09T08:05:25","modified_gmt":"2025-10-09T08:05:25","slug":"modern-vanity-sinks-wholesale","status":"publish","type":"product","link":"https:\/\/www.ceramicbasin.com\/pt\/produto\/modern-vanity-sinks-wholesale\/","title":{"rendered":"Pias de toucador modernas por atacado, bacia de forma oval com aspeto de m\u00e1rmore"},"content":{"rendered":"<div class=\"wp-block-columns is-layout-flex wp-container-core-columns-is-layout-9d6595d7 wp-block-columns-is-layout-flex\">\n<div class=\"wp-block-column is-layout-flow wp-block-column-is-layout-flow\">\n<h2 class=\"wp-block-heading\">Pias de toucador modernas Premium Carater\u00edsticas por atacado:<\/h2>\n\n\n\n<ul class=\"wp-block-list\">\n<li><strong>Design \u00fanico em forma de folha:<\/strong> O design \u00fanico em forma de folha d\u00e1 a estes lavat\u00f3rios modernos por atacado uma forma mais criativa, combinando arte com fun\u00e7\u00e3o para um efeito visual deslumbrante e uma carater\u00edstica numa casa de banho.<\/li>\n\n\n\n<li><strong>Design elegante: <\/strong>As nossas bacias de lavat\u00f3rio de casa de banho por atacado, acima do balc\u00e3o, d\u00e3o um toque de eleg\u00e2ncia e modernidade a qualquer casa de banho, tornando-as um ponto focal com estilo.<\/li>\n\n\n\n<li><strong>Servi\u00e7o personalizado: <\/strong>Oferecemos um servi\u00e7o completo de personaliza\u00e7\u00e3o de lavat\u00f3rios modernos por atacado, tamanhos, cores e texturas s\u00e3o personaliz\u00e1veis com base nos pedidos dos clientes para coincidir perfeitamente com outros estilos de espa\u00e7o.<\/li>\n\n\n\n<li><strong>Design de montagem superior: <\/strong>Estas bacias de lavat\u00f3rio de casa de banho por atacado s\u00e3o est\u00e1veis e fi\u00e1veis, o que n\u00e3o s\u00f3 poupa espa\u00e7o, mas tamb\u00e9m d\u00e1 um toque moderno \u00e0 casa de banho e adapta-se a v\u00e1rios estilos de decora\u00e7\u00e3o.<\/li>\n<\/ul>\n<\/div>\n\n\n\n<div class=\"wp-block-column is-layout-flow wp-block-column-is-layout-flow\">\n<figure class=\"wp-block-image size-full\"><img fetchpriority=\"high\" decoding=\"async\" width=\"800\" height=\"800\" src=\"https:\/\/www.ceramicbasin.com\/wp-content\/uploads\/2025\/10\/marble-stone-wash-basinsvessel-ceramic-sinksinks-for-bathroom.webp\" alt=\"\" class=\"wp-image-7964\" srcset=\"https:\/\/www.ceramicbasin.com\/wp-content\/uploads\/2025\/10\/marble-stone-wash-basinsvessel-ceramic-sinksinks-for-bathroom.webp 800w, https:\/\/www.ceramicbasin.com\/wp-content\/uploads\/2025\/10\/marble-stone-wash-basinsvessel-ceramic-sinksinks-for-bathroom-300x300.webp 300w, https:\/\/www.ceramicbasin.com\/wp-content\/uploads\/2025\/10\/marble-stone-wash-basinsvessel-ceramic-sinksinks-for-bathroom-150x150.webp 150w, https:\/\/www.ceramicbasin.com\/wp-content\/uploads\/2025\/10\/marble-stone-wash-basinsvessel-ceramic-sinksinks-for-bathroom-768x768.webp 768w, https:\/\/www.ceramicbasin.com\/wp-content\/uploads\/2025\/10\/marble-stone-wash-basinsvessel-ceramic-sinksinks-for-bathroom-12x12.webp 12w, https:\/\/www.ceramicbasin.com\/wp-content\/uploads\/2025\/10\/marble-stone-wash-basinsvessel-ceramic-sinksinks-for-bathroom-285x285.webp 285w, https:\/\/www.ceramicbasin.com\/wp-content\/uploads\/2025\/10\/marble-stone-wash-basinsvessel-ceramic-sinksinks-for-bathroom-270x270.webp 270w, https:\/\/www.ceramicbasin.com\/wp-content\/uploads\/2025\/10\/marble-stone-wash-basinsvessel-ceramic-sinksinks-for-bathroom-540x540.webp 540w, https:\/\/www.ceramicbasin.com\/wp-content\/uploads\/2025\/10\/marble-stone-wash-basinsvessel-ceramic-sinksinks-for-bathroom-660x660.webp 660w\" sizes=\"(max-width: 800px) 100vw, 800px\" \/><figcaption class=\"wp-element-caption\">Lavat\u00f3rios de casa de banho de luxo por atacado, lavat\u00f3rio de cer\u00e2mica<\/figcaption><\/figure>\n<\/div>\n<\/div>\n\n\n\n<p><\/p>","protected":false},"excerpt":{"rendered":"<p>Bem-vindo \u00e0 compra de lavat\u00f3rios modernos por atacado. Fornecemos uma gama completa de op\u00e7\u00f5es de personaliza\u00e7\u00e3o para bacias de lavat\u00f3rio personalizadas, cujo tamanho, cor e textura s\u00e3o personalizados de acordo com as necessidades dos clientes e podem combinar perfeitamente com diferentes estilos de espa\u00e7o.<\/p>\n<table width=\"311\">\n<tbody>\n<tr>\n<td width=\"108\">Fabricante<\/td>\n<td width=\"202\">HanYu<\/td>\n<\/tr>\n<tr>\n<td>Modelo n.<\/td>\n<td>HY-5102D12<\/td>\n<\/tr>\n<tr>\n<td>Tipo<\/td>\n<td width=\"202\">Lavat\u00f3rio em m\u00e1rmore, Lavat\u00f3rio de bancada<\/td>\n<\/tr>\n<tr>\n<td>Forma<\/td>\n<td>Forma oval<\/td>\n<\/tr>\n<tr>\n<td>Cor<\/td>\n<td width=\"202\">Branco<\/td>\n<\/tr>\n<tr>\n<td>Dimens\u00e3o<\/td>\n<td width=\"202\">73*37*13<\/td>\n<\/tr>\n<tr>\n<td>N.W \/SET<\/td>\n<td>12KGS\/PCS<\/td>\n<\/tr>\n<tr>\n<td>MOQ<\/td>\n<td>20 unidades<\/td>\n<\/tr>\n<tr>\n<td>Op\u00e7\u00e3o personalizada<\/td>\n<td>Cor\/Patente\/Tamanho\/Logotipo\/Embalagem<\/td>\n<\/tr>\n<\/tbody>\n<\/table>","protected":false},"featured_media":7968,"comment_status":"closed","ping_status":"closed","template":"","meta":{"_acf_changed":false},"product_brand":[],"product_cat":[54,50],"product_tag":[],"class_list":{"0":"post-7963","1":"product","2":"type-product","3":"status-publish","4":"has-post-thumbnail","6":"product_cat-wholesale-marble-sinks","7":"product_cat-wholesale-countertop-sinks","9":"first","10":"instock","11":"shipping-taxable","12":"product-type-simple"},"acf":[],"_links":{"self":[{"href":"https:\/\/www.ceramicbasin.com\/pt\/wp-json\/wp\/v2\/product\/7963","targetHints":{"allow":["GET"]}}],"collection":[{"href":"https:\/\/www.ceramicbasin.com\/pt\/wp-json\/wp\/v2\/product"}],"about":[{"href":"https:\/\/www.ceramicbasin.com\/pt\/wp-json\/wp\/v2\/types\/product"}],"replies":[{"embeddable":true,"href":"https:\/\/www.ceramicbasin.com\/pt\/wp-json\/wp\/v2\/comments?post=7963"}],"wp:featuredmedia":[{"embeddable":true,"href":"https:\/\/www.ceramicbasin.com\/pt\/wp-json\/wp\/v2\/media\/7968"}],"wp:attachment":[{"href":"https:\/\/www.ceramicbasin.com\/pt\/wp-json\/wp\/v2\/media?parent=7963"}],"wp:term":[{"taxonomy":"product_brand","embeddable":true,"href":"https:\/\/www.ceramicbasin.com\/pt\/wp-json\/wp\/v2\/product_brand?post=7963"},{"taxonomy":"product_cat","embeddable":true,"href":"https:\/\/www.ceramicbasin.com\/pt\/wp-json\/wp\/v2\/product_cat?post=7963"},{"taxonomy":"product_tag","embeddable":true,"href":"https:\/\/www.ceramicbasin.com\/pt\/wp-json\/wp\/v2\/product_tag?post=7963"}],"curies":[{"name":"wp","href":"https:\/\/api.w.org\/{rel}","templated":true}]}}