{"id":7970,"date":"2025-10-03T07:29:45","date_gmt":"2025-10-03T07:29:45","guid":{"rendered":"https:\/\/www.ceramicbasin.com\/?post_type=product&#038;p=7970"},"modified":"2025-10-09T08:13:07","modified_gmt":"2025-10-09T08:13:07","slug":"wholesale-bathroom-wash-basin","status":"publish","type":"product","link":"https:\/\/www.ceramicbasin.com\/pt\/produto\/wholesale-bathroom-wash-basin\/","title":{"rendered":"Lavat\u00f3rio de bancada de casa de banho moderno por atacado Lavat\u00f3rio de vaidade"},"content":{"rendered":"<div class=\"wp-block-columns is-layout-flex wp-container-core-columns-is-layout-9d6595d7 wp-block-columns-is-layout-flex\">\n<div class=\"wp-block-column is-layout-flow wp-block-column-is-layout-flow\">\n<h2 class=\"wp-block-heading\">Lavat\u00f3rio de casa de banho Premium Wholesale Carater\u00edsticas:<\/h2>\n\n\n\n<ul class=\"wp-block-list\">\n<li><strong>Vantagem de pre\u00e7o: <\/strong>Fornecemos servi\u00e7os de encomendas a granel, que n\u00e3o s\u00f3 s\u00e3o acess\u00edveis, mas tamb\u00e9m s\u00e3o entregues rapidamente. Os nossos lavat\u00f3rios de casa de banho por atacado s\u00e3o adequados para projectos comerciais e decora\u00e7\u00e3o residencial em grande escala, satisfazendo as necessidades de alta efici\u00eancia e baixo custo.<\/li>\n\n\n\n<li><strong>Design elegante: <\/strong>Os nossos lavat\u00f3rios de bancada por atacado d\u00e3o um toque de eleg\u00e2ncia e modernidade a qualquer casa de banho, tornando-os um ponto focal com estilo.<\/li>\n\n\n\n<li><strong>Tecnologia de impress\u00e3o por transfer\u00eancia de \u00e1gua: <\/strong>Estes lavat\u00f3rios de casa de banho por atacado adoptam tecnologia avan\u00e7ada de impress\u00e3o por transfer\u00eancia de \u00e1gua para garantir que o padr\u00e3o de superf\u00edcie de cada lavat\u00f3rio \u00e9 fino e uniforme, mostrando um efeito de textura delicado, acrescentando um sentido art\u00edstico moderno \u00e0 casa de banho.<\/li>\n\n\n\n<li><strong>Design de montagem superior: <\/strong>Os exclusivos lavat\u00f3rios de topo s\u00e3o est\u00e1veis e fi\u00e1veis, o que n\u00e3o s\u00f3 poupa espa\u00e7o como tamb\u00e9m confere um toque moderno \u00e0 casa de banho e se adapta a v\u00e1rios estilos de decora\u00e7\u00e3o.<\/li>\n<\/ul>\n<\/div>\n\n\n\n<div class=\"wp-block-column is-layout-flow wp-block-column-is-layout-flow\">\n<figure class=\"wp-block-image size-full\"><img fetchpriority=\"high\" decoding=\"async\" width=\"800\" height=\"800\" src=\"https:\/\/www.ceramicbasin.com\/wp-content\/uploads\/2025\/10\/vessel-sinks-bathroomporcelain-lavatory-sinkswall-mounted-marble-sink5.webp\" alt=\"\" class=\"wp-image-7976\" srcset=\"https:\/\/www.ceramicbasin.com\/wp-content\/uploads\/2025\/10\/vessel-sinks-bathroomporcelain-lavatory-sinkswall-mounted-marble-sink5.webp 800w, https:\/\/www.ceramicbasin.com\/wp-content\/uploads\/2025\/10\/vessel-sinks-bathroomporcelain-lavatory-sinkswall-mounted-marble-sink5-300x300.webp 300w, https:\/\/www.ceramicbasin.com\/wp-content\/uploads\/2025\/10\/vessel-sinks-bathroomporcelain-lavatory-sinkswall-mounted-marble-sink5-150x150.webp 150w, https:\/\/www.ceramicbasin.com\/wp-content\/uploads\/2025\/10\/vessel-sinks-bathroomporcelain-lavatory-sinkswall-mounted-marble-sink5-768x768.webp 768w, https:\/\/www.ceramicbasin.com\/wp-content\/uploads\/2025\/10\/vessel-sinks-bathroomporcelain-lavatory-sinkswall-mounted-marble-sink5-12x12.webp 12w, https:\/\/www.ceramicbasin.com\/wp-content\/uploads\/2025\/10\/vessel-sinks-bathroomporcelain-lavatory-sinkswall-mounted-marble-sink5-285x285.webp 285w, https:\/\/www.ceramicbasin.com\/wp-content\/uploads\/2025\/10\/vessel-sinks-bathroomporcelain-lavatory-sinkswall-mounted-marble-sink5-270x270.webp 270w, https:\/\/www.ceramicbasin.com\/wp-content\/uploads\/2025\/10\/vessel-sinks-bathroomporcelain-lavatory-sinkswall-mounted-marble-sink5-540x540.webp 540w, https:\/\/www.ceramicbasin.com\/wp-content\/uploads\/2025\/10\/vessel-sinks-bathroomporcelain-lavatory-sinkswall-mounted-marble-sink5-660x660.webp 660w\" sizes=\"(max-width: 800px) 100vw, 800px\" \/><\/figure>\n<\/div>\n<\/div>\n\n\n\n<p><\/p>","protected":false},"excerpt":{"rendered":"<p>Bem-vindo ao comprar lavat\u00f3rios de casa de banho por atacado. Os exclusivos lavat\u00f3rios de m\u00e1rmore preto de topo de gama conferem um toque moderno \u00e0 casa de banho e adaptam-se a v\u00e1rios estilos de decora\u00e7\u00e3o.<\/p>\n<table width=\"311\">\n<tbody>\n<tr>\n<td width=\"108\">Fabricante<\/td>\n<td width=\"202\">HanYu<\/td>\n<\/tr>\n<tr>\n<td>Modelo n.<\/td>\n<td>HY-5102D30<\/td>\n<\/tr>\n<tr>\n<td>Tipo<\/td>\n<td width=\"202\">Lavat\u00f3rio em m\u00e1rmore, Lavat\u00f3rio de bancada<\/td>\n<\/tr>\n<tr>\n<td>Forma<\/td>\n<td>Forma oval<\/td>\n<\/tr>\n<tr>\n<td>Cor<\/td>\n<td width=\"202\">Branco<\/td>\n<\/tr>\n<tr>\n<td>Dimens\u00e3o<\/td>\n<td width=\"202\">73*37*13<\/td>\n<\/tr>\n<tr>\n<td>N.W \/SET<\/td>\n<td>12KGS\/PCS<\/td>\n<\/tr>\n<tr>\n<td>MOQ<\/td>\n<td>20 unidades<\/td>\n<\/tr>\n<tr>\n<td>Op\u00e7\u00e3o personalizada<\/td>\n<td>Cor\/Patente\/Tamanho\/Logotipo\/Embalagem<\/td>\n<\/tr>\n<\/tbody>\n<\/table>","protected":false},"featured_media":7974,"comment_status":"closed","ping_status":"closed","template":"","meta":{"_acf_changed":false},"product_brand":[],"product_cat":[54,50],"product_tag":[],"class_list":{"0":"post-7970","1":"product","2":"type-product","3":"status-publish","4":"has-post-thumbnail","6":"product_cat-wholesale-marble-sinks","7":"product_cat-wholesale-countertop-sinks","9":"first","10":"instock","11":"shipping-taxable","12":"product-type-simple"},"acf":[],"_links":{"self":[{"href":"https:\/\/www.ceramicbasin.com\/pt\/wp-json\/wp\/v2\/product\/7970","targetHints":{"allow":["GET"]}}],"collection":[{"href":"https:\/\/www.ceramicbasin.com\/pt\/wp-json\/wp\/v2\/product"}],"about":[{"href":"https:\/\/www.ceramicbasin.com\/pt\/wp-json\/wp\/v2\/types\/product"}],"replies":[{"embeddable":true,"href":"https:\/\/www.ceramicbasin.com\/pt\/wp-json\/wp\/v2\/comments?post=7970"}],"wp:featuredmedia":[{"embeddable":true,"href":"https:\/\/www.ceramicbasin.com\/pt\/wp-json\/wp\/v2\/media\/7974"}],"wp:attachment":[{"href":"https:\/\/www.ceramicbasin.com\/pt\/wp-json\/wp\/v2\/media?parent=7970"}],"wp:term":[{"taxonomy":"product_brand","embeddable":true,"href":"https:\/\/www.ceramicbasin.com\/pt\/wp-json\/wp\/v2\/product_brand?post=7970"},{"taxonomy":"product_cat","embeddable":true,"href":"https:\/\/www.ceramicbasin.com\/pt\/wp-json\/wp\/v2\/product_cat?post=7970"},{"taxonomy":"product_tag","embeddable":true,"href":"https:\/\/www.ceramicbasin.com\/pt\/wp-json\/wp\/v2\/product_tag?post=7970"}],"curies":[{"name":"wp","href":"https:\/\/api.w.org\/{rel}","templated":true}]}}