{"id":7978,"date":"2025-10-17T10:38:28","date_gmt":"2025-10-17T10:38:28","guid":{"rendered":"https:\/\/www.ceramicbasin.com\/?post_type=product&#038;p=7978"},"modified":"2025-10-21T08:38:01","modified_gmt":"2025-10-21T08:38:01","slug":"vessel-sink-rectangle-custom","status":"publish","type":"product","link":"https:\/\/www.ceramicbasin.com\/pt\/produto\/vessel-sink-rectangle-custom\/","title":{"rendered":"Lavat\u00f3rio de vaso retangular personalizado, lavat\u00f3rio pequeno de cer\u00e2mica a granel"},"content":{"rendered":"<div class=\"wp-block-columns is-layout-flex wp-container-core-columns-is-layout-9d6595d7 wp-block-columns-is-layout-flex\">\n<div class=\"wp-block-column is-layout-flow wp-block-column-is-layout-flow\">\n<h2 class=\"wp-block-heading\">Lavat\u00f3rio de vaso cl\u00e1ssico Premium Ret\u00e2ngulo Carater\u00edsticas personalizadas:<\/h2>\n\n\n\n<ul class=\"wp-block-list\">\n<li><strong>Design cl\u00e1ssico:<\/strong>\u00a0O nosso ret\u00e2ngulo de lavat\u00f3rio de vaso de fornecimento de f\u00e1brica apresenta um design cl\u00e1ssico intemporal com linhas limpas e elegantes que combinam perfeitamente com qualquer estilo de casa de banho moderno ou tradicional.<\/li>\n\n\n\n<li><strong>Instala\u00e7\u00e3o f\u00e1cil:<\/strong> Concebidos para montagem acima do balc\u00e3o, estes lava-loi\u00e7as rectangulares personalizados s\u00e3o f\u00e1ceis de instalar, oferecendo uma solu\u00e7\u00e3o sem complica\u00e7\u00f5es tanto para novas constru\u00e7\u00f5es como para renova\u00e7\u00f5es de casas de banho.<\/li>\n\n\n\n<li><strong>Superf\u00edcie agrad\u00e1vel: <\/strong>A superf\u00edcie do nosso lavat\u00f3rio por atacado \u00e9 lisa e pode ser mate ou brilhante, se necess\u00e1rio. Toca-lhe e sente-o, \u00e9 sedoso e requintado.<\/li>\n\n\n\n<li><strong>Design compacto e economizador de espa\u00e7o:<\/strong> O design compacto personalizado deste lavat\u00f3rio retangular \u00e9 ideal para casas de banho pequenas, casas de banho de h\u00f3spedes ou casas de banho p\u00fablicas, proporcionando uma experi\u00eancia confort\u00e1vel de lavagem das m\u00e3os em espa\u00e7os limitados.<\/li>\n\n\n\n<li><strong>Grande capacidade de produ\u00e7\u00e3o: <\/strong>O nosso grande armaz\u00e9m cont\u00e9m v\u00e1rios tipos de lavat\u00f3rios de casa de banho por atacado. Escolha os itens que est\u00e3o em produ\u00e7\u00e3o, o tempo de envio seria muito mais curto.<\/li>\n<\/ul>\n<\/div>\n\n\n\n<div class=\"wp-block-column is-layout-flow wp-block-column-is-layout-flow\">\n<figure class=\"wp-block-image size-full\"><img fetchpriority=\"high\" decoding=\"async\" width=\"1000\" height=\"1000\" src=\"https:\/\/www.ceramicbasin.com\/wp-content\/uploads\/2025\/10\/vessel-sink-rectangle-custom-small-ceramic-wash-basin-bulk-5.webp\" alt=\"lavat\u00f3rio-ret\u00e2ngulo-personalizado-pequeno-lavat\u00f3rio-de-cer\u00e2mica-bulk-5\" class=\"wp-image-8140\" srcset=\"https:\/\/www.ceramicbasin.com\/wp-content\/uploads\/2025\/10\/vessel-sink-rectangle-custom-small-ceramic-wash-basin-bulk-5.webp 1000w, https:\/\/www.ceramicbasin.com\/wp-content\/uploads\/2025\/10\/vessel-sink-rectangle-custom-small-ceramic-wash-basin-bulk-5-300x300.webp 300w, https:\/\/www.ceramicbasin.com\/wp-content\/uploads\/2025\/10\/vessel-sink-rectangle-custom-small-ceramic-wash-basin-bulk-5-150x150.webp 150w, https:\/\/www.ceramicbasin.com\/wp-content\/uploads\/2025\/10\/vessel-sink-rectangle-custom-small-ceramic-wash-basin-bulk-5-768x768.webp 768w, https:\/\/www.ceramicbasin.com\/wp-content\/uploads\/2025\/10\/vessel-sink-rectangle-custom-small-ceramic-wash-basin-bulk-5-12x12.webp 12w, https:\/\/www.ceramicbasin.com\/wp-content\/uploads\/2025\/10\/vessel-sink-rectangle-custom-small-ceramic-wash-basin-bulk-5-285x285.webp 285w, https:\/\/www.ceramicbasin.com\/wp-content\/uploads\/2025\/10\/vessel-sink-rectangle-custom-small-ceramic-wash-basin-bulk-5-270x270.webp 270w, https:\/\/www.ceramicbasin.com\/wp-content\/uploads\/2025\/10\/vessel-sink-rectangle-custom-small-ceramic-wash-basin-bulk-5-540x540.webp 540w, https:\/\/www.ceramicbasin.com\/wp-content\/uploads\/2025\/10\/vessel-sink-rectangle-custom-small-ceramic-wash-basin-bulk-5-660x660.webp 660w\" sizes=\"(max-width: 1000px) 100vw, 1000px\" \/><\/figure>\n<\/div>\n<\/div>\n\n\n\n<p><\/p>","protected":false},"excerpt":{"rendered":"<p>Bem-vindo a comprar o nosso lavat\u00f3rio cl\u00e1ssico retangular personalizado, ideal para hot\u00e9is, apartamentos e casas de banho modernas. Estes lavat\u00f3rios de cer\u00e2mica por atacado s\u00e3o fornecidos diretamente pela nossa f\u00e1brica, reduzindo significativamente os seus custos de compra.  Oferecemos descontos por atacado neste design popular para atender \u00e0s necessidades de projetos comerciais ou grandes reformas residenciais.<\/p>\n<table style=\"border-collapse: collapse; width: 311.02pt;\" border=\"0\" width=\"311\" cellspacing=\"0\" cellpadding=\"0\">\n<tbody>\n<tr style=\"height: 17.60pt;\">\n<td class=\"et3\" style=\"height: 17.60pt; width: 108.35pt;\" width=\"108\" height=\"17\">Fabricante<\/td>\n<td class=\"et3\" style=\"width: 202.95pt;\" width=\"202\">HanYu<\/td>\n<\/tr>\n<tr style=\"height: 17.60pt;\">\n<td class=\"et3\" style=\"height: 17.60pt;\" height=\"17\">Modelo n.<\/td>\n<td class=\"et4\">HY-401B<\/td>\n<\/tr>\n<tr style=\"height: 17.60pt;\">\n<td class=\"et3\" style=\"height: 17.60pt;\" height=\"17\">Tipo<\/td>\n<td class=\"et3\">Lavat\u00f3rio de bancada<\/td>\n<\/tr>\n<tr style=\"height: 17.60pt;\">\n<td class=\"et3\" style=\"height: 17.60pt;\" height=\"17\">Forma<\/td>\n<td class=\"et3\">Forma retangular<\/td>\n<\/tr>\n<tr style=\"height: 17.60pt;\">\n<td class=\"et4\" style=\"height: 17.60pt;\" height=\"17\">Cor<\/td>\n<td class=\"et3\">Branco<\/td>\n<\/tr>\n<tr style=\"height: 18.00pt;\">\n<td class=\"et3\" style=\"height: 18.00pt;\" height=\"18\">Dimens\u00e3o<\/td>\n<td class=\"et5\" style=\"width: 202.95pt;\" width=\"202\">44*33.5*13<\/td>\n<\/tr>\n<tr style=\"height: 17.60pt;\">\n<td class=\"et3\" style=\"height: 17.60pt;\" height=\"17\">N.W \/SET<\/td>\n<td class=\"et3\">10 KGS\/PCS<\/td>\n<\/tr>\n<tr style=\"height: 17.60pt;\">\n<td class=\"et3\" style=\"height: 17.60pt;\" height=\"17\">MOQ<\/td>\n<td class=\"et3\">20 unidades<\/td>\n<\/tr>\n<tr style=\"height: 17.60pt;\">\n<td class=\"et3\" style=\"height: 17.60pt;\" height=\"17\">Op\u00e7\u00e3o personalizada<\/td>\n<td class=\"et3\">Cor\/Patente\/Tamanho\/Logotipo\/Embalagem<\/td>\n<\/tr>\n<\/tbody>\n<\/table>\n<p>&nbsp;<\/p>","protected":false},"featured_media":8139,"comment_status":"closed","ping_status":"closed","template":"","meta":{"_acf_changed":false},"product_brand":[],"product_cat":[50,56],"product_tag":[],"class_list":{"0":"post-7978","1":"product","2":"type-product","3":"status-publish","4":"has-post-thumbnail","6":"product_cat-wholesale-countertop-sinks","7":"product_cat-wholesale-small-bathroom-sinks","9":"first","10":"instock","11":"shipping-taxable","12":"product-type-simple"},"acf":[],"_links":{"self":[{"href":"https:\/\/www.ceramicbasin.com\/pt\/wp-json\/wp\/v2\/product\/7978","targetHints":{"allow":["GET"]}}],"collection":[{"href":"https:\/\/www.ceramicbasin.com\/pt\/wp-json\/wp\/v2\/product"}],"about":[{"href":"https:\/\/www.ceramicbasin.com\/pt\/wp-json\/wp\/v2\/types\/product"}],"replies":[{"embeddable":true,"href":"https:\/\/www.ceramicbasin.com\/pt\/wp-json\/wp\/v2\/comments?post=7978"}],"wp:featuredmedia":[{"embeddable":true,"href":"https:\/\/www.ceramicbasin.com\/pt\/wp-json\/wp\/v2\/media\/8139"}],"wp:attachment":[{"href":"https:\/\/www.ceramicbasin.com\/pt\/wp-json\/wp\/v2\/media?parent=7978"}],"wp:term":[{"taxonomy":"product_brand","embeddable":true,"href":"https:\/\/www.ceramicbasin.com\/pt\/wp-json\/wp\/v2\/product_brand?post=7978"},{"taxonomy":"product_cat","embeddable":true,"href":"https:\/\/www.ceramicbasin.com\/pt\/wp-json\/wp\/v2\/product_cat?post=7978"},{"taxonomy":"product_tag","embeddable":true,"href":"https:\/\/www.ceramicbasin.com\/pt\/wp-json\/wp\/v2\/product_tag?post=7978"}],"curies":[{"name":"wp","href":"https:\/\/api.w.org\/{rel}","templated":true}]}}