{"id":7994,"date":"2025-10-17T10:04:14","date_gmt":"2025-10-17T10:04:14","guid":{"rendered":"https:\/\/www.ceramicbasin.com\/?post_type=product&#038;p=7994"},"modified":"2025-10-17T10:04:51","modified_gmt":"2025-10-17T10:04:51","slug":"wholesale-deep-bathroom-sink-bowls","status":"publish","type":"product","link":"https:\/\/www.ceramicbasin.com\/pt\/produto\/wholesale-deep-bathroom-sink-bowls\/","title":{"rendered":"Lavat\u00f3rio de casa de banho profundo por atacado, bacia de cer\u00e2mica italiana a granel"},"content":{"rendered":"<div class=\"wp-block-columns is-layout-flex wp-container-core-columns-is-layout-9d6595d7 wp-block-columns-is-layout-flex\">\n<div class=\"wp-block-column is-layout-flow wp-block-column-is-layout-flow\">\n<h2 class=\"wp-block-heading\">Carater\u00edsticas das bacias de lavat\u00f3rio de casa de banho profundas por atacado Premium:<\/h2>\n\n\n\n<ul class=\"wp-block-list\">\n<li><strong>Estilo moderno:<\/strong> A bacia simples de forma retangular destes lavat\u00f3rios profundos para casa de banho por atacado \u00e9 ideal para casas de banho modernas, hot\u00e9is e casas de luxo. Apresenta um brilho e uma textura suaves, que conferem nobreza e eleg\u00e2ncia \u00e0 casa de banho.<\/li>\n\n\n\n<li><strong>Cer\u00e2mica duradoura:<\/strong> Constru\u00eddo em cer\u00e2mica dur\u00e1vel, que permite uma cozedura elevada, o que deixa a cer\u00e2mica de qualidade com uma superf\u00edcie densa e lisa resistente a manchas que n\u00e3o \u00e9 propensa a arranh\u00f5es e \u00e9 f\u00e1cil de limpar.<\/li>\n\n\n\n<li><strong>Design de ta\u00e7a profunda:<\/strong> O lavat\u00f3rio profundo em cer\u00e2mica oferece uma maior \u00e1rea de lavat\u00f3rio sem salpicos, o que o torna ideal para projectos de casas de banho de hotelaria, comerciais e residenciais de alta qualidade.<\/li>\n\n\n\n<li><strong>Arte de estilo italiano:<\/strong> Os lavat\u00f3rios profundos para casa de banho por atacado apresentam linhas de estilo italiano e acabamentos esmaltados \u00e0 m\u00e3o, o que os torna um design bonito que contribui para a decora\u00e7\u00e3o geral de qualquer casa de banho.<\/li>\n\n\n\n<li><strong>Produ\u00e7\u00e3o est\u00e1vel:<\/strong> Como fornecedor profissional de lavat\u00f3rio de casa de banho na China, a Hanyu tem um forte fornecimento a granel e apoio de parceria OEM\/ODM. As compras a granel podem usufruir de descontos super-valiosos, garantindo que pode desfrutar de produtos de alta qualidade, mantendo-se dentro do seu or\u00e7amento.<\/li>\n<\/ul>\n<\/div>\n\n\n\n<div class=\"wp-block-column is-layout-flow wp-block-column-is-layout-flow\">\n<figure class=\"wp-block-image size-full\"><img fetchpriority=\"high\" decoding=\"async\" width=\"1000\" height=\"1000\" src=\"https:\/\/www.ceramicbasin.com\/wp-content\/uploads\/2025\/10\/wholesale-deep-bathroom-sink-bowls-art-italian-ceramic-basin-bulk-2.webp\" alt=\"lavat\u00f3rio de casa de banho profundo por atacado - ta\u00e7as de lavat\u00f3rio de cer\u00e2mica italiana - volume 2\" class=\"wp-image-8119\" srcset=\"https:\/\/www.ceramicbasin.com\/wp-content\/uploads\/2025\/10\/wholesale-deep-bathroom-sink-bowls-art-italian-ceramic-basin-bulk-2.webp 1000w, https:\/\/www.ceramicbasin.com\/wp-content\/uploads\/2025\/10\/wholesale-deep-bathroom-sink-bowls-art-italian-ceramic-basin-bulk-2-300x300.webp 300w, https:\/\/www.ceramicbasin.com\/wp-content\/uploads\/2025\/10\/wholesale-deep-bathroom-sink-bowls-art-italian-ceramic-basin-bulk-2-150x150.webp 150w, https:\/\/www.ceramicbasin.com\/wp-content\/uploads\/2025\/10\/wholesale-deep-bathroom-sink-bowls-art-italian-ceramic-basin-bulk-2-768x768.webp 768w, https:\/\/www.ceramicbasin.com\/wp-content\/uploads\/2025\/10\/wholesale-deep-bathroom-sink-bowls-art-italian-ceramic-basin-bulk-2-12x12.webp 12w, https:\/\/www.ceramicbasin.com\/wp-content\/uploads\/2025\/10\/wholesale-deep-bathroom-sink-bowls-art-italian-ceramic-basin-bulk-2-285x285.webp 285w, https:\/\/www.ceramicbasin.com\/wp-content\/uploads\/2025\/10\/wholesale-deep-bathroom-sink-bowls-art-italian-ceramic-basin-bulk-2-270x270.webp 270w, https:\/\/www.ceramicbasin.com\/wp-content\/uploads\/2025\/10\/wholesale-deep-bathroom-sink-bowls-art-italian-ceramic-basin-bulk-2-540x540.webp 540w, https:\/\/www.ceramicbasin.com\/wp-content\/uploads\/2025\/10\/wholesale-deep-bathroom-sink-bowls-art-italian-ceramic-basin-bulk-2-660x660.webp 660w\" sizes=\"(max-width: 1000px) 100vw, 1000px\" \/><\/figure>\n<\/div>\n<\/div>\n\n\n\n<p><\/p>","protected":false},"excerpt":{"rendered":"<p>Bem-vindo ao comprar os nossos lavat\u00f3rios profundos para casa de banho por atacado, com design art\u00edstico italiano, fabricados em cer\u00e2mica de alta cozedura com uma bacia profunda e superf\u00edcie brilhante. Como um fabricante chin\u00eas l\u00edder de lou\u00e7a sanit\u00e1ria, oferecemos personaliza\u00e7\u00e3o flex\u00edvel e fornecimento confi\u00e1vel a granel, e servi\u00e7os de entrega r\u00e1pida para atender a distribuidores e projetos globais.<\/p>\n<table style=\"border-collapse: collapse; width: 311.02pt;\" border=\"0\" width=\"311\" cellspacing=\"0\" cellpadding=\"0\">\n<tbody>\n<tr style=\"height: 17.60pt;\">\n<td class=\"et3\" style=\"height: 17.60pt; width: 108.35pt;\" width=\"108\" height=\"17\">Fabricante<\/td>\n<td class=\"et3\" style=\"width: 202.95pt;\" width=\"202\">HanYu<\/td>\n<\/tr>\n<tr style=\"height: 17.60pt;\">\n<td class=\"et3\" style=\"height: 17.60pt;\" height=\"17\">Modelo n.<\/td>\n<td class=\"et4\">HY-401E<\/td>\n<\/tr>\n<tr style=\"height: 17.60pt;\">\n<td class=\"et3\" style=\"height: 17.60pt;\" height=\"17\">Tipo<\/td>\n<td class=\"et3\">Lavat\u00f3rio de bancada<\/td>\n<\/tr>\n<tr style=\"height: 17.60pt;\">\n<td class=\"et3\" style=\"height: 17.60pt;\" height=\"17\">Forma<\/td>\n<td class=\"et3\">Forma retangular<\/td>\n<\/tr>\n<tr style=\"height: 17.60pt;\">\n<td class=\"et4\" style=\"height: 17.60pt;\" height=\"17\">Cor<\/td>\n<td class=\"et3\">Branco<\/td>\n<\/tr>\n<tr style=\"height: 18.00pt;\">\n<td class=\"et3\" style=\"height: 18.00pt;\" height=\"18\">Dimens\u00e3o<\/td>\n<td class=\"et5\" style=\"width: 202.95pt;\" width=\"202\">40*30*13<\/td>\n<\/tr>\n<tr style=\"height: 17.60pt;\">\n<td class=\"et3\" style=\"height: 17.60pt;\" height=\"17\">N.W \/SET<\/td>\n<td class=\"et3\">7 KGS\/PCS<\/td>\n<\/tr>\n<tr style=\"height: 17.60pt;\">\n<td class=\"et3\" style=\"height: 17.60pt;\" height=\"17\">MOQ<\/td>\n<td class=\"et3\">20 unidades<\/td>\n<\/tr>\n<tr style=\"height: 17.60pt;\">\n<td class=\"et3\" style=\"height: 17.60pt;\" height=\"17\">Op\u00e7\u00e3o personalizada<\/td>\n<td class=\"et3\">Cor\/Patente\/Tamanho\/Logotipo\/Embalagem<\/td>\n<\/tr>\n<\/tbody>\n<\/table>","protected":false},"featured_media":8124,"comment_status":"closed","ping_status":"closed","template":"","meta":{"_acf_changed":false},"product_brand":[],"product_cat":[50],"product_tag":[],"class_list":{"0":"post-7994","1":"product","2":"type-product","3":"status-publish","4":"has-post-thumbnail","6":"product_cat-wholesale-countertop-sinks","8":"first","9":"instock","10":"shipping-taxable","11":"product-type-simple"},"acf":[],"_links":{"self":[{"href":"https:\/\/www.ceramicbasin.com\/pt\/wp-json\/wp\/v2\/product\/7994","targetHints":{"allow":["GET"]}}],"collection":[{"href":"https:\/\/www.ceramicbasin.com\/pt\/wp-json\/wp\/v2\/product"}],"about":[{"href":"https:\/\/www.ceramicbasin.com\/pt\/wp-json\/wp\/v2\/types\/product"}],"replies":[{"embeddable":true,"href":"https:\/\/www.ceramicbasin.com\/pt\/wp-json\/wp\/v2\/comments?post=7994"}],"wp:featuredmedia":[{"embeddable":true,"href":"https:\/\/www.ceramicbasin.com\/pt\/wp-json\/wp\/v2\/media\/8124"}],"wp:attachment":[{"href":"https:\/\/www.ceramicbasin.com\/pt\/wp-json\/wp\/v2\/media?parent=7994"}],"wp:term":[{"taxonomy":"product_brand","embeddable":true,"href":"https:\/\/www.ceramicbasin.com\/pt\/wp-json\/wp\/v2\/product_brand?post=7994"},{"taxonomy":"product_cat","embeddable":true,"href":"https:\/\/www.ceramicbasin.com\/pt\/wp-json\/wp\/v2\/product_cat?post=7994"},{"taxonomy":"product_tag","embeddable":true,"href":"https:\/\/www.ceramicbasin.com\/pt\/wp-json\/wp\/v2\/product_tag?post=7994"}],"curies":[{"name":"wp","href":"https:\/\/api.w.org\/{rel}","templated":true}]}}