{"id":8002,"date":"2025-10-17T09:21:37","date_gmt":"2025-10-17T09:21:37","guid":{"rendered":"https:\/\/www.ceramicbasin.com\/?post_type=product&#038;p=8002"},"modified":"2025-11-13T07:35:42","modified_gmt":"2025-11-13T07:35:42","slug":"custom-ceramic-basins","status":"publish","type":"product","link":"https:\/\/www.ceramicbasin.com\/pt\/produto\/custom-ceramic-basins\/","title":{"rendered":"Bacias de cer\u00e2mica personalizadas populares, lavat\u00f3rio de bancada quadrado a granel"},"content":{"rendered":"<div class=\"wp-block-columns is-layout-flex wp-container-core-columns-is-layout-9d6595d7 wp-block-columns-is-layout-flex\">\n<div class=\"wp-block-column is-layout-flow wp-block-column-is-layout-flow\">\n<h2 class=\"wp-block-heading\">Bacias de cer\u00e2mica personalizadas Premium Popular Carater\u00edsticas:<\/h2>\n\n\n\n<ul class=\"wp-block-list\">\n<li><strong>Design quadrado moderno:<\/strong> Estes lavat\u00f3rios de cer\u00e2mica personalizados t\u00eam um design quadrado simples com linhas m\u00ednimas, que se integram sem esfor\u00e7o em ambientes de casa de banho modernos e produzem um estilo unificado.<\/li>\n\n\n\n<li><strong>Cer\u00e2mica cozida a alta temperatura:<\/strong> Estas bacias de cer\u00e2mica personalizadas s\u00e3o feitas de cer\u00e2mica de alta qualidade, cozida a altas temperaturas, produzindo um toque s\u00f3lido e sedoso que \u00e9 \u00e0 prova de riscos, \u00e0 prova de \u00e1gua e \u00e0 prova de desbotamento, criando um acabamento duradouro e higi\u00e9nico.<\/li>\n\n\n\n<li><strong>Instala\u00e7\u00e3o de bancadas:<\/strong> Os nossos lavat\u00f3rios de casa de banho por atacado foram concebidos para serem instalados em bancadas, podendo assim ser simplesmente instalados e reparados sem comprometer o seu design e disposi\u00e7\u00e3o, pelo que s\u00e3o ideais para casas de banho de luxo e para uso comercial.<\/li>\n\n\n\n<li><strong>Op\u00e7\u00f5es personaliz\u00e1veis:<\/strong> Os nossos lava-loi\u00e7as de bancada de cer\u00e2mica por atacado podem ser personalizados com tamanho, cor, log\u00f3tipo, esmalte e embalagem de acordo com as especifica\u00e7\u00f5es do projeto OEM\/ODM.<\/li>\n\n\n\n<li><strong>Grande capacidade de produ\u00e7\u00e3o:<\/strong> O nosso grande armaz\u00e9m cont\u00e9m v\u00e1rios tipos de lavat\u00f3rios de porcelana para bancada de casa de banho. Escolha os itens que est\u00e3o em produ\u00e7\u00e3o, temos bacias brancas suficientes para fazer bacias de cor de m\u00e1rmore, ent\u00e3o o tempo de envio seria mais curto...<\/li>\n<\/ul>\n<\/div>\n\n\n\n<div class=\"wp-block-column is-layout-flow wp-block-column-is-layout-flow\">\n<figure class=\"wp-block-image size-full\"><img fetchpriority=\"high\" decoding=\"async\" width=\"1000\" height=\"1000\" src=\"https:\/\/www.ceramicbasin.com\/wp-content\/uploads\/2025\/10\/popular-custom-ceramic-basins-square-countertop-sink-bulk-5.webp\" alt=\"popular-custom-ceramic-basins-square-countertop-sink-bulk-5\" class=\"wp-image-8116\" srcset=\"https:\/\/www.ceramicbasin.com\/wp-content\/uploads\/2025\/10\/popular-custom-ceramic-basins-square-countertop-sink-bulk-5.webp 1000w, https:\/\/www.ceramicbasin.com\/wp-content\/uploads\/2025\/10\/popular-custom-ceramic-basins-square-countertop-sink-bulk-5-300x300.webp 300w, https:\/\/www.ceramicbasin.com\/wp-content\/uploads\/2025\/10\/popular-custom-ceramic-basins-square-countertop-sink-bulk-5-150x150.webp 150w, https:\/\/www.ceramicbasin.com\/wp-content\/uploads\/2025\/10\/popular-custom-ceramic-basins-square-countertop-sink-bulk-5-768x768.webp 768w, https:\/\/www.ceramicbasin.com\/wp-content\/uploads\/2025\/10\/popular-custom-ceramic-basins-square-countertop-sink-bulk-5-12x12.webp 12w, https:\/\/www.ceramicbasin.com\/wp-content\/uploads\/2025\/10\/popular-custom-ceramic-basins-square-countertop-sink-bulk-5-285x285.webp 285w, https:\/\/www.ceramicbasin.com\/wp-content\/uploads\/2025\/10\/popular-custom-ceramic-basins-square-countertop-sink-bulk-5-270x270.webp 270w, https:\/\/www.ceramicbasin.com\/wp-content\/uploads\/2025\/10\/popular-custom-ceramic-basins-square-countertop-sink-bulk-5-540x540.webp 540w, https:\/\/www.ceramicbasin.com\/wp-content\/uploads\/2025\/10\/popular-custom-ceramic-basins-square-countertop-sink-bulk-5-660x660.webp 660w\" sizes=\"(max-width: 1000px) 100vw, 1000px\" \/><\/figure>\n<\/div>\n<\/div>","protected":false},"excerpt":{"rendered":"<p>Bem-vindo a comprar as nossas bacias de cer\u00e2mica personalizadas a granel, que se destacam pelo seu design requintado e materiais cer\u00e2micos de alta qualidade, sendo a escolha ideal para a decora\u00e7\u00e3o de casas de banho. O aspeto aerodin\u00e2mico, o design e o tratamento de arestas arredondadas revelam uma beleza art\u00edstica extraordin\u00e1ria. As compras a granel podem beneficiar de uma melhor rela\u00e7\u00e3o custo-efic\u00e1cia. Perfeito para hot\u00e9is, projectos e distribuidores.<\/p>\n<table style=\"border-collapse: collapse; width: 311.02pt;\" border=\"0\" width=\"311\" cellspacing=\"0\" cellpadding=\"0\">\n<tbody>\n<tr style=\"height: 17.60pt;\">\n<td class=\"et3\" style=\"height: 17.60pt; width: 108.35pt;\" width=\"108\" height=\"17\">Fabricante<\/td>\n<td class=\"et3\" style=\"width: 202.95pt;\" width=\"202\">HanYu<\/td>\n<\/tr>\n<tr style=\"height: 17.60pt;\">\n<td class=\"et3\" style=\"height: 17.60pt;\" height=\"17\">Modelo n.<\/td>\n<td class=\"et4\">HY-425<\/td>\n<\/tr>\n<tr style=\"height: 17.60pt;\">\n<td class=\"et3\" style=\"height: 17.60pt;\" height=\"17\">Tipo<\/td>\n<td class=\"et3\">Lavat\u00f3rio de bancada<\/td>\n<\/tr>\n<tr style=\"height: 17.60pt;\">\n<td class=\"et3\" style=\"height: 17.60pt;\" height=\"17\">Forma<\/td>\n<td class=\"et3\">Forma retangular<\/td>\n<\/tr>\n<tr style=\"height: 17.60pt;\">\n<td class=\"et4\" style=\"height: 17.60pt;\" height=\"17\">Cor<\/td>\n<td class=\"et3\">Branco<\/td>\n<\/tr>\n<tr style=\"height: 18.00pt;\">\n<td class=\"et3\" style=\"height: 18.00pt;\" height=\"18\">Dimens\u00e3o<\/td>\n<td class=\"et5\" style=\"width: 202.95pt;\" width=\"202\">45*30.5*10.5<\/td>\n<\/tr>\n<tr style=\"height: 17.60pt;\">\n<td class=\"et3\" style=\"height: 17.60pt;\" height=\"17\">N.W \/SET<\/td>\n<td class=\"et3\">7,5 KGS\/PCS<\/td>\n<\/tr>\n<tr style=\"height: 17.60pt;\">\n<td class=\"et3\" style=\"height: 17.60pt;\" height=\"17\">MOQ<\/td>\n<td class=\"et3\">20 unidades<\/td>\n<\/tr>\n<tr style=\"height: 17.60pt;\">\n<td class=\"et3\" style=\"height: 17.60pt;\" height=\"17\">Op\u00e7\u00e3o personalizada<\/td>\n<td class=\"et3\">Cor\/Patente\/Tamanho\/Logotipo\/Embalagem<\/td>\n<\/tr>\n<\/tbody>\n<\/table>","protected":false},"featured_media":8112,"comment_status":"closed","ping_status":"closed","template":"","meta":{"_acf_changed":false},"product_brand":[],"product_cat":[50],"product_tag":[],"class_list":{"0":"post-8002","1":"product","2":"type-product","3":"status-publish","4":"has-post-thumbnail","6":"product_cat-wholesale-countertop-sinks","8":"first","9":"instock","10":"shipping-taxable","11":"product-type-simple"},"acf":[],"_links":{"self":[{"href":"https:\/\/www.ceramicbasin.com\/pt\/wp-json\/wp\/v2\/product\/8002","targetHints":{"allow":["GET"]}}],"collection":[{"href":"https:\/\/www.ceramicbasin.com\/pt\/wp-json\/wp\/v2\/product"}],"about":[{"href":"https:\/\/www.ceramicbasin.com\/pt\/wp-json\/wp\/v2\/types\/product"}],"replies":[{"embeddable":true,"href":"https:\/\/www.ceramicbasin.com\/pt\/wp-json\/wp\/v2\/comments?post=8002"}],"wp:featuredmedia":[{"embeddable":true,"href":"https:\/\/www.ceramicbasin.com\/pt\/wp-json\/wp\/v2\/media\/8112"}],"wp:attachment":[{"href":"https:\/\/www.ceramicbasin.com\/pt\/wp-json\/wp\/v2\/media?parent=8002"}],"wp:term":[{"taxonomy":"product_brand","embeddable":true,"href":"https:\/\/www.ceramicbasin.com\/pt\/wp-json\/wp\/v2\/product_brand?post=8002"},{"taxonomy":"product_cat","embeddable":true,"href":"https:\/\/www.ceramicbasin.com\/pt\/wp-json\/wp\/v2\/product_cat?post=8002"},{"taxonomy":"product_tag","embeddable":true,"href":"https:\/\/www.ceramicbasin.com\/pt\/wp-json\/wp\/v2\/product_tag?post=8002"}],"curies":[{"name":"wp","href":"https:\/\/api.w.org\/{rel}","templated":true}]}}