{"id":8043,"date":"2025-10-16T01:58:56","date_gmt":"2025-10-16T01:58:56","guid":{"rendered":"https:\/\/www.ceramicbasin.com\/?post_type=product&#038;p=8043"},"modified":"2025-10-17T08:24:20","modified_gmt":"2025-10-17T08:24:20","slug":"ceramic-countertop-basin-wholesale","status":"publish","type":"product","link":"https:\/\/www.ceramicbasin.com\/pt\/produto\/ceramic-countertop-basin-wholesale\/","title":{"rendered":"Bacia de bancada de cer\u00e2mica por atacado, pia de banheiro sem furo para montagem de torneira"},"content":{"rendered":"<div class=\"wp-block-columns is-layout-flex wp-container-core-columns-is-layout-9d6595d7 wp-block-columns-is-layout-flex\">\n<div class=\"wp-block-column is-layout-flow wp-block-column-is-layout-flow\">\n<h2 class=\"wp-block-heading\">Bacia de bancada de cer\u00e2mica premium Carater\u00edsticas por atacado:<\/h2>\n\n\n\n<ul class=\"wp-block-list\">\n<li><strong>Design marcante: <\/strong>O nosso balc\u00e3o de cer\u00e2mica para lavat\u00f3rio por atacado apresenta um design moderno e marcante em cada produto, um ep\u00edtome de beleza, com a inten\u00e7\u00e3o de acrescentar classe e sofistica\u00e7\u00e3o ao espa\u00e7o de banho.<\/li>\n\n\n\n<li><strong>Material cer\u00e2mico de alta qualidade:<\/strong> Este vaso de bancada de cer\u00e2mica por atacado \u00e9 feito de cer\u00e2mica de alta qualidade cozida sob alto calor que forma uma superf\u00edcie densa e lisa que \u00e9 resistente a arranh\u00f5es, desgaste e n\u00e3o amarelecimento, garantindo que ele mantenha sua apar\u00eancia imaculada por anos de uso.<\/li>\n\n\n\n<li><strong>Montagem de torneira sem furo: <\/strong>Este lavat\u00f3rio de bancada em cer\u00e2mica oferece um aspeto limpo e moderno, perfeito para torneiras de parede ou de bancada, com a possibilidade de v\u00e1rias op\u00e7\u00f5es de instala\u00e7\u00e3o para hot\u00e9is ou projectos comerciais.<\/li>\n\n\n\n<li><strong>Retangular Design s\u00f3lido:<\/strong> Estes lavat\u00f3rios de casa de banho em cer\u00e2mica para venda por grosso t\u00eam um design s\u00f3lido e linhas simples, real\u00e7ando um design moderno e minimalista, perfeito para hot\u00e9is de luxo e uso comercial.<\/li>\n\n\n\n<li><strong>Personaliza\u00e7\u00e3o ilimitada:<\/strong> Como fabricante profissional de lavat\u00f3rios com recipientes personalizados, a HanYu oferece uma gama completa de op\u00e7\u00f5es de lavat\u00f3rios de casa de banho personalizados em termos de forma, tamanho, cor e muito mais para fins comerciais.<\/li>\n<\/ul>\n<\/div>\n\n\n\n<div class=\"wp-block-column is-layout-flow wp-block-column-is-layout-flow\">\n<figure class=\"wp-block-image size-full\"><img fetchpriority=\"high\" decoding=\"async\" width=\"602\" height=\"820\" src=\"https:\/\/www.ceramicbasin.com\/wp-content\/uploads\/2025\/10\/ceramic-countertop-basin-wholesale-no-hole-bathroom-sinks-6.webp\" alt=\"lavat\u00f3rio de bancada em cer\u00e2mica - venda por grosso - lavat\u00f3rios de casa de banho sem furos - 6\" class=\"wp-image-8110\" srcset=\"https:\/\/www.ceramicbasin.com\/wp-content\/uploads\/2025\/10\/ceramic-countertop-basin-wholesale-no-hole-bathroom-sinks-6.webp 602w, https:\/\/www.ceramicbasin.com\/wp-content\/uploads\/2025\/10\/ceramic-countertop-basin-wholesale-no-hole-bathroom-sinks-6-220x300.webp 220w, https:\/\/www.ceramicbasin.com\/wp-content\/uploads\/2025\/10\/ceramic-countertop-basin-wholesale-no-hole-bathroom-sinks-6-9x12.webp 9w, https:\/\/www.ceramicbasin.com\/wp-content\/uploads\/2025\/10\/ceramic-countertop-basin-wholesale-no-hole-bathroom-sinks-6-285x388.webp 285w, https:\/\/www.ceramicbasin.com\/wp-content\/uploads\/2025\/10\/ceramic-countertop-basin-wholesale-no-hole-bathroom-sinks-6-485x660.webp 485w, https:\/\/www.ceramicbasin.com\/wp-content\/uploads\/2025\/10\/ceramic-countertop-basin-wholesale-no-hole-bathroom-sinks-6-110x150.webp 110w\" sizes=\"(max-width: 602px) 100vw, 602px\" \/><\/figure>\n<\/div>\n<\/div>","protected":false},"excerpt":{"rendered":"<p>Bem-vindo a comprar a nossa bacia de bancada de cer\u00e2mica por atacado. Como um fabricante profissional de pias de vasos personalizados, HanYu fornece pias de cer\u00e2mica por atacado com uma montagem de torneira sem furo e design s\u00f3lido retangular, ideal para projetos de hot\u00e9is e banheiros comerciais. Dur\u00e1vel, f\u00e1cil de limpar e suporta personaliza\u00e7\u00e3o OEM \/ ODM para pedidos em massa.<\/p>\n<table style=\"border-collapse: collapse; width: 311.02pt;\" border=\"0\" width=\"311\" cellspacing=\"0\" cellpadding=\"0\">\n<tbody>\n<tr style=\"height: 17.60pt;\">\n<td class=\"et3\" style=\"height: 17.60pt; width: 108.35pt;\" width=\"108\" height=\"17\">Fabricante<\/td>\n<td class=\"et3\" style=\"width: 202.95pt;\" width=\"202\">HanYu<\/td>\n<\/tr>\n<tr style=\"height: 17.60pt;\">\n<td class=\"et3\" style=\"height: 17.60pt;\" height=\"17\">Modelo n.<\/td>\n<td class=\"et4\">HY-8092<\/td>\n<\/tr>\n<tr style=\"height: 17.60pt;\">\n<td class=\"et3\" style=\"height: 17.60pt;\" height=\"17\">Tipo<\/td>\n<td class=\"et3\">Lavat\u00f3rio de bancada<\/td>\n<\/tr>\n<tr style=\"height: 17.60pt;\">\n<td class=\"et3\" style=\"height: 17.60pt;\" height=\"17\">Forma<\/td>\n<td class=\"et3\">Forma retangular<\/td>\n<\/tr>\n<tr style=\"height: 17.60pt;\">\n<td class=\"et4\" style=\"height: 17.60pt;\" height=\"17\">Cor<\/td>\n<td class=\"et3\">Branco<\/td>\n<\/tr>\n<tr style=\"height: 18.00pt;\">\n<td class=\"et3\" style=\"height: 18.00pt;\" height=\"18\">Dimens\u00e3o<\/td>\n<td class=\"et5\" style=\"width: 202.95pt;\" width=\"202\">50.2*36*11<\/td>\n<\/tr>\n<tr style=\"height: 17.60pt;\">\n<td class=\"et3\" style=\"height: 17.60pt;\" height=\"17\">N.W \/SET<\/td>\n<td class=\"et3\">11KGS\/PCS<\/td>\n<\/tr>\n<tr style=\"height: 17.60pt;\">\n<td class=\"et3\" style=\"height: 17.60pt;\" height=\"17\">MOQ<\/td>\n<td class=\"et3\">20 unidades<\/td>\n<\/tr>\n<tr style=\"height: 17.60pt;\">\n<td class=\"et3\" style=\"height: 17.60pt;\" height=\"17\">Op\u00e7\u00e3o personalizada<\/td>\n<td class=\"et3\">Cor\/Patente\/Tamanho\/Logotipo\/Embalagem<\/td>\n<\/tr>\n<\/tbody>\n<\/table>","protected":false},"featured_media":8105,"comment_status":"closed","ping_status":"closed","template":"","meta":{"_acf_changed":false},"product_brand":[],"product_cat":[50],"product_tag":[],"class_list":{"0":"post-8043","1":"product","2":"type-product","3":"status-publish","4":"has-post-thumbnail","6":"product_cat-wholesale-countertop-sinks","8":"first","9":"instock","10":"shipping-taxable","11":"product-type-simple"},"acf":[],"_links":{"self":[{"href":"https:\/\/www.ceramicbasin.com\/pt\/wp-json\/wp\/v2\/product\/8043","targetHints":{"allow":["GET"]}}],"collection":[{"href":"https:\/\/www.ceramicbasin.com\/pt\/wp-json\/wp\/v2\/product"}],"about":[{"href":"https:\/\/www.ceramicbasin.com\/pt\/wp-json\/wp\/v2\/types\/product"}],"replies":[{"embeddable":true,"href":"https:\/\/www.ceramicbasin.com\/pt\/wp-json\/wp\/v2\/comments?post=8043"}],"wp:featuredmedia":[{"embeddable":true,"href":"https:\/\/www.ceramicbasin.com\/pt\/wp-json\/wp\/v2\/media\/8105"}],"wp:attachment":[{"href":"https:\/\/www.ceramicbasin.com\/pt\/wp-json\/wp\/v2\/media?parent=8043"}],"wp:term":[{"taxonomy":"product_brand","embeddable":true,"href":"https:\/\/www.ceramicbasin.com\/pt\/wp-json\/wp\/v2\/product_brand?post=8043"},{"taxonomy":"product_cat","embeddable":true,"href":"https:\/\/www.ceramicbasin.com\/pt\/wp-json\/wp\/v2\/product_cat?post=8043"},{"taxonomy":"product_tag","embeddable":true,"href":"https:\/\/www.ceramicbasin.com\/pt\/wp-json\/wp\/v2\/product_tag?post=8043"}],"curies":[{"name":"wp","href":"https:\/\/api.w.org\/{rel}","templated":true}]}}