{"id":8051,"date":"2025-10-16T05:45:05","date_gmt":"2025-10-16T05:45:05","guid":{"rendered":"https:\/\/www.ceramicbasin.com\/?post_type=product&#038;p=8051"},"modified":"2025-10-17T07:38:09","modified_gmt":"2025-10-17T07:38:09","slug":"wholesale-deep-bowl-bathroom-sink","status":"publish","type":"product","link":"https:\/\/www.ceramicbasin.com\/pt\/produto\/wholesale-deep-bowl-bathroom-sink\/","title":{"rendered":"Lavat\u00f3rio de casa de banho de cuba funda branco de luxo para uso dom\u00e9stico"},"content":{"rendered":"<div class=\"wp-block-columns is-layout-flex wp-container-core-columns-is-layout-9d6595d7 wp-block-columns-is-layout-flex\">\n<div class=\"wp-block-column is-layout-flow wp-block-column-is-layout-flow\">\n<h2 class=\"wp-block-heading\">Lavat\u00f3rio de casa de banho de cuba profunda Premium Wholesale Carater\u00edsticas:<\/h2>\n\n\n\n<ul class=\"wp-block-list\">\n<li><strong>Acabamento e design topo de gama: <\/strong>Este lavat\u00f3rio de cer\u00e2mica de cuba funda para casa de banho \u00e9 fabricado e constru\u00eddo em cer\u00e2mica de alta qualidade queimada a alta temperatura, criando um acabamento suave e elegante e um design sofisticado, luxuoso e minimalista.<\/li>\n\n\n\n<li><strong>Constru\u00e7\u00e3o de ta\u00e7a profunda:<\/strong> A estrutura profunda da cuba deste lava-loi\u00e7a de cer\u00e2mica por atacado minimiza os salpicos de forma not\u00e1vel e incentiva o conforto do utilizador, ideal para casas ou espa\u00e7os comerciais com muito movimento.<\/li>\n\n\n\n<li><strong>Esmalte resistente a manchas, riscos e fissuras:<\/strong> Este lavat\u00f3rio de cuba funda para casa de banho por atacado possui um esmalte de alto brilho resistente a riscos, manchas e fissuras, com um acabamento dur\u00e1vel, branco e brilhante, que tamb\u00e9m \u00e9 f\u00e1cil de limpar e manter.<\/li>\n\n\n\n<li><strong>Design quadrado de grande capacidade: <\/strong>A bacia quadrada branca deste lavat\u00f3rio de cuba funda para casa de banho por atacado apresenta um aspeto minimalista e elegante, uma utiliza\u00e7\u00e3o eficaz do espa\u00e7o e uma est\u00e9tica e funcionalidade equilibradas.<\/li>\n\n\n\n<li><strong>Aplica\u00e7\u00e3o universal: <\/strong>Este lavat\u00f3rio de cer\u00e2mica por atacado pode ser aplicado em muitos locais, incluindo casas de banho dom\u00e9sticas, casas de banho de hot\u00e9is, clubes comerciais e casas modelo. O trabalho por grosso ou por encomenda pode ser aceite.<\/li>\n\n\n\n<li><strong>Servi\u00e7o grossista e vantagem em termos de custos:<\/strong> O nosso servi\u00e7o grossista de lavat\u00f3rio de cer\u00e2mica para casa de banho centra-se no canal grossista, oferecendo op\u00e7\u00f5es flex\u00edveis de quantidade de encomenda e capacidades eficientes de produ\u00e7\u00e3o e entrega, que s\u00e3o particularmente adequadas para projectos de constru\u00e7\u00e3o em grande escala, projectos de decora\u00e7\u00e3o de hot\u00e9is e retalhistas de marca.<\/li>\n<\/ul>\n<\/div>\n\n\n\n<div class=\"wp-block-column is-layout-flow wp-block-column-is-layout-flow\">\n<figure class=\"wp-block-image size-full\"><img fetchpriority=\"high\" decoding=\"async\" width=\"609\" height=\"777\" src=\"https:\/\/www.ceramicbasin.com\/wp-content\/uploads\/2025\/10\/luxury-white-wholesale-deep-bowl-bathroom-sink-for-home-use-6.webp\" alt=\"lavat\u00f3rio de casa de banho de cuba funda branco de luxo para uso dom\u00e9stico - 6\" class=\"wp-image-8103\" srcset=\"https:\/\/www.ceramicbasin.com\/wp-content\/uploads\/2025\/10\/luxury-white-wholesale-deep-bowl-bathroom-sink-for-home-use-6.webp 609w, https:\/\/www.ceramicbasin.com\/wp-content\/uploads\/2025\/10\/luxury-white-wholesale-deep-bowl-bathroom-sink-for-home-use-6-235x300.webp 235w, https:\/\/www.ceramicbasin.com\/wp-content\/uploads\/2025\/10\/luxury-white-wholesale-deep-bowl-bathroom-sink-for-home-use-6-9x12.webp 9w, https:\/\/www.ceramicbasin.com\/wp-content\/uploads\/2025\/10\/luxury-white-wholesale-deep-bowl-bathroom-sink-for-home-use-6-285x364.webp 285w, https:\/\/www.ceramicbasin.com\/wp-content\/uploads\/2025\/10\/luxury-white-wholesale-deep-bowl-bathroom-sink-for-home-use-6-517x660.webp 517w, https:\/\/www.ceramicbasin.com\/wp-content\/uploads\/2025\/10\/luxury-white-wholesale-deep-bowl-bathroom-sink-for-home-use-6-118x150.webp 118w\" sizes=\"(max-width: 609px) 100vw, 609px\" \/><\/figure>\n<\/div>\n<\/div>\n\n\n\n<p><\/p>","protected":false},"excerpt":{"rendered":"<p>Bem-vindo ao comprar este luxuoso lavat\u00f3rio de casa de banho de cuba funda por atacado com um elegante design de cer\u00e2mica quadrada branca, ideal para casas de banho dom\u00e9sticas ou de hotel. Dur\u00e1vel, f\u00e1cil de limpar, dispon\u00edvel para encomendas a granel e suporta uma variedade de op\u00e7\u00f5es de personaliza\u00e7\u00e3o para satisfazer as necessidades personalizadas de marcas e projectos. Perfeito para compradores B2B que procuram lavat\u00f3rios de cer\u00e2mica de alta qualidade.<\/p>\n<table style=\"border-collapse: collapse; width: 311.02pt;\" border=\"0\" width=\"311\" cellspacing=\"0\" cellpadding=\"0\">\n<tbody>\n<tr style=\"height: 17.60pt;\">\n<td class=\"et3\" style=\"height: 17.60pt; width: 108.35pt;\" width=\"108\" height=\"17\">Fabricante<\/td>\n<td class=\"et3\" style=\"width: 202.95pt;\" width=\"202\">HanYu<\/td>\n<\/tr>\n<tr style=\"height: 17.60pt;\">\n<td class=\"et3\" style=\"height: 17.60pt;\" height=\"17\">Modelo n.<\/td>\n<td class=\"et4\">HY-8096<\/td>\n<\/tr>\n<tr style=\"height: 17.60pt;\">\n<td class=\"et3\" style=\"height: 17.60pt;\" height=\"17\">Tipo<\/td>\n<td class=\"et3\">Lavat\u00f3rio de bancada<\/td>\n<\/tr>\n<tr style=\"height: 17.60pt;\">\n<td class=\"et3\" style=\"height: 17.60pt;\" height=\"17\">Forma<\/td>\n<td class=\"et3\">Forma retangular<\/td>\n<\/tr>\n<tr style=\"height: 17.60pt;\">\n<td class=\"et4\" style=\"height: 17.60pt;\" height=\"17\">Cor<\/td>\n<td class=\"et3\">Branco<\/td>\n<\/tr>\n<tr style=\"height: 18.00pt;\">\n<td class=\"et3\" style=\"height: 18.00pt;\" height=\"18\">Dimens\u00e3o<\/td>\n<td class=\"et5\" style=\"width: 202.95pt;\" width=\"202\">50*38*16<\/td>\n<\/tr>\n<tr style=\"height: 17.60pt;\">\n<td class=\"et3\" style=\"height: 17.60pt;\" height=\"17\">N.W \/SET<\/td>\n<td class=\"et3\">11KGS\/PCS<\/td>\n<\/tr>\n<tr style=\"height: 17.60pt;\">\n<td class=\"et3\" style=\"height: 17.60pt;\" height=\"17\">MOQ<\/td>\n<td class=\"et3\">20 unidades<\/td>\n<\/tr>\n<tr style=\"height: 17.60pt;\">\n<td class=\"et3\" style=\"height: 17.60pt;\" height=\"17\">Op\u00e7\u00e3o personalizada<\/td>\n<td class=\"et3\">Cor\/Patente\/Tamanho\/Logotipo\/Embalagem<\/td>\n<\/tr>\n<\/tbody>\n<\/table>","protected":false},"featured_media":8098,"comment_status":"closed","ping_status":"closed","template":"","meta":{"_acf_changed":false},"product_brand":[],"product_cat":[50],"product_tag":[],"class_list":{"0":"post-8051","1":"product","2":"type-product","3":"status-publish","4":"has-post-thumbnail","6":"product_cat-wholesale-countertop-sinks","8":"first","9":"instock","10":"shipping-taxable","11":"product-type-simple"},"acf":[],"_links":{"self":[{"href":"https:\/\/www.ceramicbasin.com\/pt\/wp-json\/wp\/v2\/product\/8051","targetHints":{"allow":["GET"]}}],"collection":[{"href":"https:\/\/www.ceramicbasin.com\/pt\/wp-json\/wp\/v2\/product"}],"about":[{"href":"https:\/\/www.ceramicbasin.com\/pt\/wp-json\/wp\/v2\/types\/product"}],"replies":[{"embeddable":true,"href":"https:\/\/www.ceramicbasin.com\/pt\/wp-json\/wp\/v2\/comments?post=8051"}],"wp:featuredmedia":[{"embeddable":true,"href":"https:\/\/www.ceramicbasin.com\/pt\/wp-json\/wp\/v2\/media\/8098"}],"wp:attachment":[{"href":"https:\/\/www.ceramicbasin.com\/pt\/wp-json\/wp\/v2\/media?parent=8051"}],"wp:term":[{"taxonomy":"product_brand","embeddable":true,"href":"https:\/\/www.ceramicbasin.com\/pt\/wp-json\/wp\/v2\/product_brand?post=8051"},{"taxonomy":"product_cat","embeddable":true,"href":"https:\/\/www.ceramicbasin.com\/pt\/wp-json\/wp\/v2\/product_cat?post=8051"},{"taxonomy":"product_tag","embeddable":true,"href":"https:\/\/www.ceramicbasin.com\/pt\/wp-json\/wp\/v2\/product_tag?post=8051"}],"curies":[{"name":"wp","href":"https:\/\/api.w.org\/{rel}","templated":true}]}}