{"id":8069,"date":"2025-10-16T06:36:21","date_gmt":"2025-10-16T06:36:21","guid":{"rendered":"https:\/\/www.ceramicbasin.com\/?post_type=product&#038;p=8069"},"modified":"2025-10-17T06:42:50","modified_gmt":"2025-10-17T06:42:50","slug":"wholesale-above-counter-lavatory","status":"publish","type":"product","link":"https:\/\/www.ceramicbasin.com\/pt\/produto\/wholesale-above-counter-lavatory\/","title":{"rendered":"Lavat\u00f3rio moderno por atacado acima do balc\u00e3o, lavat\u00f3rio quadrado de cer\u00e2mica a granel"},"content":{"rendered":"<div class=\"wp-block-columns is-layout-flex wp-container-core-columns-is-layout-9d6595d7 wp-block-columns-is-layout-flex\">\n<div class=\"wp-block-column is-layout-flow wp-block-column-is-layout-flow\">\n<h2 class=\"wp-block-heading\">Carater\u00edsticas do lavat\u00f3rio de bancada Premium Wholesale:<\/h2>\n\n\n\n<ul class=\"wp-block-list\">\n<li><strong>Material de alta qualidade:<\/strong> Feito de materiais cer\u00e2micos de alta qualidade, cozido a alta temperatura, para tornar a nossa bacia de bancada moderna por atacado robusta, resistente, \u00e0 prova de manchas e \u00e0 prova de riscos. A superf\u00edcie clara n\u00e3o s\u00f3 \u00e9 conveniente para limpar, mas tamb\u00e9m se torna dur\u00e1vel e brilhante por muito tempo, fazendo com que a casa de banho tenha um temperamento de alta qualidade.<\/li>\n\n\n\n<li><strong>Design moderno e minimalista: <\/strong>Este lavat\u00f3rio de balc\u00e3o por atacado tem arestas rectas, limpas e quadradas que criam uma afirma\u00e7\u00e3o visual clara e n\u00edtida, adequada a estilos de casa de banho modernos, n\u00f3rdicos, minimalistas e outros.<\/li>\n\n\n\n<li><strong>Limpeza e manuten\u00e7\u00e3o f\u00e1ceis:<\/strong> O esmalte \u00e9 mais resistente \u00e0s manchas, repelindo a sujidade e a ader\u00eancia, e \u00e9 f\u00e1cil e r\u00e1pido de limpar, pelo que \u00e9 perfeito para aplica\u00e7\u00f5es de utiliza\u00e7\u00e3o intensiva. A unidade de cima do balc\u00e3o, que \u00e9 simples de instalar, adapta-se bem a diversos materiais de bancadas e designs de casas de banho, e a substitui\u00e7\u00e3o e manuten\u00e7\u00e3o s\u00e3o f\u00e1ceis.<\/li>\n\n\n\n<li><strong>Adequado para uma variedade de cen\u00e1rios:<\/strong> O lavat\u00f3rio por atacado acima do balc\u00e3o \u00e9 amplamente utilizado em casas de banho de hot\u00e9is, apartamentos comerciais, escrit\u00f3rios e edif\u00edcios residenciais de luxo; satisfaz as necessidades de compra a granel e de projeto.<\/li>\n\n\n\n<li><strong>Personaliza\u00e7\u00e3o profissional: <\/strong>A Hanyu oferece uma variedade de op\u00e7\u00f5es de personaliza\u00e7\u00e3o para bacias de bancada por atacado. Quer se trate de cor, forma ou textura, pode satisfazer as suas necessidades e fornecer-lhe produtos de bacia de cer\u00e2mica por atacado mais competitivos.<\/li>\n<\/ul>\n<\/div>\n\n\n\n<div class=\"wp-block-column is-layout-flow wp-block-column-is-layout-flow\">\n<figure class=\"wp-block-image size-full\"><img fetchpriority=\"high\" decoding=\"async\" width=\"636\" height=\"832\" src=\"https:\/\/www.ceramicbasin.com\/wp-content\/uploads\/2025\/10\/modern-wholesale-above-counter-lavatory-ceramic-sins-bulk-6.webp\" alt=\"Moderno - venda por grosso - por cima do balc\u00e3o - cer\u00e2mica para lavat\u00f3rio - latas - 6\" class=\"wp-image-8095\" srcset=\"https:\/\/www.ceramicbasin.com\/wp-content\/uploads\/2025\/10\/modern-wholesale-above-counter-lavatory-ceramic-sins-bulk-6.webp 636w, https:\/\/www.ceramicbasin.com\/wp-content\/uploads\/2025\/10\/modern-wholesale-above-counter-lavatory-ceramic-sins-bulk-6-229x300.webp 229w, https:\/\/www.ceramicbasin.com\/wp-content\/uploads\/2025\/10\/modern-wholesale-above-counter-lavatory-ceramic-sins-bulk-6-9x12.webp 9w, https:\/\/www.ceramicbasin.com\/wp-content\/uploads\/2025\/10\/modern-wholesale-above-counter-lavatory-ceramic-sins-bulk-6-285x373.webp 285w, https:\/\/www.ceramicbasin.com\/wp-content\/uploads\/2025\/10\/modern-wholesale-above-counter-lavatory-ceramic-sins-bulk-6-505x660.webp 505w, https:\/\/www.ceramicbasin.com\/wp-content\/uploads\/2025\/10\/modern-wholesale-above-counter-lavatory-ceramic-sins-bulk-6-115x150.webp 115w\" sizes=\"(max-width: 636px) 100vw, 636px\" \/><\/figure>\n<\/div>\n<\/div>","protected":false},"excerpt":{"rendered":"<div class=\"highlights-border-container\" data-v-944c06bb=\"\">Bem-vindo ao comprar o lavat\u00f3rio de balc\u00e3o por atacado da HanYu. Este lavat\u00f3rio quadrado de cer\u00e2mica branca \u00e9 feito usando tecnologia de queima de alta temperatura, com uma superf\u00edcie de esmalte suave e delicada que oferece excelente resist\u00eancia a manchas e arranh\u00f5es, tornando-o f\u00e1cil de limpar e mantendo-o com apar\u00eancia de novo por muito tempo. Oferecemos pre\u00e7os muito competitivos para satisfazer as suas necessidades de compra de lavat\u00f3rios de casa de banho.<\/div>\n<div class=\"text-stats\" data-v-944c06bb=\"\">\n<div class=\"stats\" data-v-944c06bb=\"\"><span class=\"highlights-note\" data-v-944c06bb=\"\">\u00a0<\/span><\/div>\n<\/div>\n<table style=\"border-collapse: collapse; width: 311.02pt;\" border=\"0\" width=\"311\" cellspacing=\"0\" cellpadding=\"0\">\n<tbody>\n<tr style=\"height: 17.60pt;\">\n<td class=\"et3\" style=\"height: 17.60pt; width: 108.35pt;\" width=\"108\" height=\"17\">Fabricante<\/td>\n<td class=\"et3\" style=\"width: 202.95pt;\" width=\"202\">HanYu<\/td>\n<\/tr>\n<tr style=\"height: 17.60pt;\">\n<td class=\"et3\" style=\"height: 17.60pt;\" height=\"17\">Modelo n.<\/td>\n<td class=\"et4\">HY-8024A<\/td>\n<\/tr>\n<tr style=\"height: 17.60pt;\">\n<td class=\"et3\" style=\"height: 17.60pt;\" height=\"17\">Tipo<\/td>\n<td class=\"et3\">Lavat\u00f3rio de bancada<\/td>\n<\/tr>\n<tr style=\"height: 17.60pt;\">\n<td class=\"et3\" style=\"height: 17.60pt;\" height=\"17\">Forma<\/td>\n<td class=\"et3\">Forma retangular<\/td>\n<\/tr>\n<tr style=\"height: 17.60pt;\">\n<td class=\"et4\" style=\"height: 17.60pt;\" height=\"17\">Cor<\/td>\n<td class=\"et3\">Branco<\/td>\n<\/tr>\n<tr style=\"height: 18.00pt;\">\n<td class=\"et3\" style=\"height: 18.00pt;\" height=\"18\">Dimens\u00e3o<\/td>\n<td class=\"et5\" style=\"width: 202.95pt;\" width=\"202\">60.5*42*14<\/td>\n<\/tr>\n<tr style=\"height: 17.60pt;\">\n<td class=\"et3\" style=\"height: 17.60pt;\" height=\"17\">N.W \/SET<\/td>\n<td class=\"et3\">13KGS\/PCS<\/td>\n<\/tr>\n<tr style=\"height: 17.60pt;\">\n<td class=\"et3\" style=\"height: 17.60pt;\" height=\"17\">MOQ<\/td>\n<td class=\"et3\">20 unidades<\/td>\n<\/tr>\n<tr style=\"height: 17.60pt;\">\n<td class=\"et3\" style=\"height: 17.60pt;\" height=\"17\">Op\u00e7\u00e3o personalizada<\/td>\n<td class=\"et3\">Cor\/Patente\/Tamanho\/Logotipo\/Embalagem<\/td>\n<\/tr>\n<\/tbody>\n<\/table>","protected":false},"featured_media":8090,"comment_status":"closed","ping_status":"closed","template":"","meta":{"_acf_changed":false},"product_brand":[],"product_cat":[50],"product_tag":[],"class_list":{"0":"post-8069","1":"product","2":"type-product","3":"status-publish","4":"has-post-thumbnail","6":"product_cat-wholesale-countertop-sinks","8":"first","9":"instock","10":"shipping-taxable","11":"product-type-simple"},"acf":[],"_links":{"self":[{"href":"https:\/\/www.ceramicbasin.com\/pt\/wp-json\/wp\/v2\/product\/8069","targetHints":{"allow":["GET"]}}],"collection":[{"href":"https:\/\/www.ceramicbasin.com\/pt\/wp-json\/wp\/v2\/product"}],"about":[{"href":"https:\/\/www.ceramicbasin.com\/pt\/wp-json\/wp\/v2\/types\/product"}],"replies":[{"embeddable":true,"href":"https:\/\/www.ceramicbasin.com\/pt\/wp-json\/wp\/v2\/comments?post=8069"}],"wp:featuredmedia":[{"embeddable":true,"href":"https:\/\/www.ceramicbasin.com\/pt\/wp-json\/wp\/v2\/media\/8090"}],"wp:attachment":[{"href":"https:\/\/www.ceramicbasin.com\/pt\/wp-json\/wp\/v2\/media?parent=8069"}],"wp:term":[{"taxonomy":"product_brand","embeddable":true,"href":"https:\/\/www.ceramicbasin.com\/pt\/wp-json\/wp\/v2\/product_brand?post=8069"},{"taxonomy":"product_cat","embeddable":true,"href":"https:\/\/www.ceramicbasin.com\/pt\/wp-json\/wp\/v2\/product_cat?post=8069"},{"taxonomy":"product_tag","embeddable":true,"href":"https:\/\/www.ceramicbasin.com\/pt\/wp-json\/wp\/v2\/product_tag?post=8069"}],"curies":[{"name":"wp","href":"https:\/\/api.w.org\/{rel}","templated":true}]}}