{"id":8073,"date":"2025-10-16T06:48:08","date_gmt":"2025-10-16T06:48:08","guid":{"rendered":"https:\/\/www.ceramicbasin.com\/?post_type=product&#038;p=8073"},"modified":"2025-10-17T06:25:09","modified_gmt":"2025-10-17T06:25:09","slug":"wholesale-oval-bathroom-sink-bowl","status":"publish","type":"product","link":"https:\/\/www.ceramicbasin.com\/pt\/produto\/wholesale-oval-bathroom-sink-bowl\/","title":{"rendered":"HANYU F\u00e1brica de Fornecimento por Atacado de Ta\u00e7a Oval para Lavat\u00f3rio de Casa de Banho a Granel"},"content":{"rendered":"<div class=\"wp-block-columns is-layout-flex wp-container-core-columns-is-layout-9d6595d7 wp-block-columns-is-layout-flex\">\n<div class=\"wp-block-column is-layout-flow wp-block-column-is-layout-flow\">\n<h2 class=\"wp-block-heading\">Bacia de pia de banheiro oval Premium Wholesale Carater\u00edsticas:<\/h2>\n\n\n\n<ul class=\"wp-block-list\">\n<li><strong>Belo design oval: <\/strong>Este lavat\u00f3rio oval para casa de banho tem curvas elegantes e bonitas que contribuem para o estilo geral da casa de banho e complementam uma variedade de designs de casas de banho.<\/li>\n\n\n\n<li><strong>Queima a alta temperatura:<\/strong> Esta bacia oval para lavat\u00f3rio de casa de banho por atacado \u00e9 feita de cer\u00e2mica de qualidade. \u00c9 cozida a alta temperatura para criar uma estrutura densa que \u00e9 imperme\u00e1vel a infiltra\u00e7\u00f5es de \u00e1gua e fissuras. A montagem simples em bancada permite uma instala\u00e7\u00e3o sem problemas e uma manuten\u00e7\u00e3o mais simples.<\/li>\n\n\n\n<li><strong>Esmalte liso e duradouro: <\/strong>O lavat\u00f3rio de bancada em cer\u00e2mica feito \u00e0 medida tem um acabamento espelhado com uma superf\u00edcie resistente a riscos, ao desvanecimento e f\u00e1cil de limpar.<\/li>\n\n\n\n<li><strong>Personaliza\u00e7\u00e3o dispon\u00edvel:<\/strong> Diretamente da f\u00e1brica da HANYU, pias de cer\u00e2mica de alta qualidade com pre\u00e7os competitivos e fornecimento garantido. A personaliza\u00e7\u00e3o do tamanho, cor e log\u00f3tipo est\u00e1 dispon\u00edvel para diferentes necessidades do mercado e exig\u00eancias de estilo.<\/li>\n<\/ul>\n<\/div>\n\n\n\n<div class=\"wp-block-column is-layout-flow wp-block-column-is-layout-flow\">\n<figure class=\"wp-block-image size-full\"><img fetchpriority=\"high\" decoding=\"async\" width=\"827\" height=\"1248\" src=\"https:\/\/www.ceramicbasin.com\/wp-content\/uploads\/2025\/10\/hanyu-factory-supply-wholesale-oval-bathroom-sink-bowl\u200b-bulk-6.webp\" alt=\"hanyu-factory-supply-wholesale-oval-bathroom-sink-bowl-bulk-6\" class=\"wp-image-8089\" srcset=\"https:\/\/www.ceramicbasin.com\/wp-content\/uploads\/2025\/10\/hanyu-factory-supply-wholesale-oval-bathroom-sink-bowl\u200b-bulk-6.webp 827w, https:\/\/www.ceramicbasin.com\/wp-content\/uploads\/2025\/10\/hanyu-factory-supply-wholesale-oval-bathroom-sink-bowl\u200b-bulk-6-199x300.webp 199w, https:\/\/www.ceramicbasin.com\/wp-content\/uploads\/2025\/10\/hanyu-factory-supply-wholesale-oval-bathroom-sink-bowl\u200b-bulk-6-768x1159.webp 768w, https:\/\/www.ceramicbasin.com\/wp-content\/uploads\/2025\/10\/hanyu-factory-supply-wholesale-oval-bathroom-sink-bowl\u200b-bulk-6-8x12.webp 8w, https:\/\/www.ceramicbasin.com\/wp-content\/uploads\/2025\/10\/hanyu-factory-supply-wholesale-oval-bathroom-sink-bowl\u200b-bulk-6-285x430.webp 285w, https:\/\/www.ceramicbasin.com\/wp-content\/uploads\/2025\/10\/hanyu-factory-supply-wholesale-oval-bathroom-sink-bowl\u200b-bulk-6-437x660.webp 437w, https:\/\/www.ceramicbasin.com\/wp-content\/uploads\/2025\/10\/hanyu-factory-supply-wholesale-oval-bathroom-sink-bowl\u200b-bulk-6-99x150.webp 99w\" sizes=\"(max-width: 827px) 100vw, 827px\" \/><\/figure>\n<\/div>\n<\/div>\n\n\n\n<p><\/p>","protected":false},"excerpt":{"rendered":"<p>A f\u00e1brica HANYU fabrica bacias de lavat\u00f3rio de casa de banho ovais em cer\u00e2mica com um design elegante e um acabamento de esmalte dur\u00e1vel. Suporte a op\u00e7\u00f5es personalizadas de bacias de bancada de cer\u00e2mica, incluindo tamanho, cor e logotipo para projetos de hot\u00e9is e resid\u00eancias. Mistura perfeita de estilo, qualidade e funcionalidade em v\u00e1rios estilos de casa de banho.<\/p>\n<table width=\"311\">\n<tbody>\n<tr>\n<td width=\"108\">Fabricante<\/td>\n<td width=\"202\">HanYu<\/td>\n<\/tr>\n<tr>\n<td>Modelo n.<\/td>\n<td>HY-3020A<\/td>\n<\/tr>\n<tr>\n<td>Tipo<\/td>\n<td>Lavat\u00f3rio de bancada<\/td>\n<\/tr>\n<tr>\n<td>Forma<\/td>\n<td>Oval\u00a0<\/td>\n<\/tr>\n<tr>\n<td>Cor<\/td>\n<td>Branco<\/td>\n<\/tr>\n<tr>\n<td>Dimens\u00e3o<\/td>\n<td width=\"202\">36*29.5*12.5<\/td>\n<\/tr>\n<tr>\n<td>N.W \/SET<\/td>\n<td>6KG\/PCS<\/td>\n<\/tr>\n<tr>\n<td>MOQ<\/td>\n<td>20 unidades<\/td>\n<\/tr>\n<tr>\n<td>Op\u00e7\u00e3o personalizada<\/td>\n<td>Cor\/Patente\/Tamanho\/Logotipo\/Embalagem<\/td>\n<\/tr>\n<\/tbody>\n<\/table>","protected":false},"featured_media":8084,"comment_status":"closed","ping_status":"closed","template":"","meta":{"_acf_changed":false},"product_brand":[],"product_cat":[50],"product_tag":[],"class_list":{"0":"post-8073","1":"product","2":"type-product","3":"status-publish","4":"has-post-thumbnail","6":"product_cat-wholesale-countertop-sinks","8":"first","9":"instock","10":"shipping-taxable","11":"product-type-simple"},"acf":[],"_links":{"self":[{"href":"https:\/\/www.ceramicbasin.com\/pt\/wp-json\/wp\/v2\/product\/8073","targetHints":{"allow":["GET"]}}],"collection":[{"href":"https:\/\/www.ceramicbasin.com\/pt\/wp-json\/wp\/v2\/product"}],"about":[{"href":"https:\/\/www.ceramicbasin.com\/pt\/wp-json\/wp\/v2\/types\/product"}],"replies":[{"embeddable":true,"href":"https:\/\/www.ceramicbasin.com\/pt\/wp-json\/wp\/v2\/comments?post=8073"}],"wp:featuredmedia":[{"embeddable":true,"href":"https:\/\/www.ceramicbasin.com\/pt\/wp-json\/wp\/v2\/media\/8084"}],"wp:attachment":[{"href":"https:\/\/www.ceramicbasin.com\/pt\/wp-json\/wp\/v2\/media?parent=8073"}],"wp:term":[{"taxonomy":"product_brand","embeddable":true,"href":"https:\/\/www.ceramicbasin.com\/pt\/wp-json\/wp\/v2\/product_brand?post=8073"},{"taxonomy":"product_cat","embeddable":true,"href":"https:\/\/www.ceramicbasin.com\/pt\/wp-json\/wp\/v2\/product_cat?post=8073"},{"taxonomy":"product_tag","embeddable":true,"href":"https:\/\/www.ceramicbasin.com\/pt\/wp-json\/wp\/v2\/product_tag?post=8073"}],"curies":[{"name":"wp","href":"https:\/\/api.w.org\/{rel}","templated":true}]}}