{"id":8156,"date":"2025-10-24T08:18:12","date_gmt":"2025-10-24T08:18:12","guid":{"rendered":"https:\/\/www.ceramicbasin.com\/?post_type=product&#038;p=8156"},"modified":"2025-11-07T03:14:27","modified_gmt":"2025-11-07T03:14:27","slug":"wholesale-drop-in-lavatory-sink","status":"publish","type":"product","link":"https:\/\/www.ceramicbasin.com\/pt\/produto\/wholesale-drop-in-lavatory-sink\/","title":{"rendered":"Novo lavat\u00f3rio de lavat\u00f3rio com gota, lavat\u00f3rio oval em cer\u00e2mica"},"content":{"rendered":"<div class=\"wp-block-columns is-layout-flex wp-container-core-columns-is-layout-9d6595d7 wp-block-columns-is-layout-flex\">\n<div class=\"wp-block-column is-layout-flow wp-block-column-is-layout-flow\">\n<h2 class=\"wp-block-heading\">Carater\u00edsticas do lavat\u00f3rio de pousar Premium Wholesale<\/h2>\n\n\n\n<ul class=\"wp-block-list\">\n<li><strong>Amplamente adapt\u00e1vel:&nbsp;<\/strong>O lavat\u00f3rio de pousar por atacado est\u00e1 dispon\u00edvel em v\u00e1rias cores e tamanhos, e pode ser modificado de acordo com os requisitos de decora\u00e7\u00e3o da casa de banho de diferentes tipos. Desde um tipo de casa de banho moderno e minimalista a um tipo de casa de banho art\u00edstico, este lavat\u00f3rio pode ser facilmente incorporado.<\/li>\n\n\n\n<li><strong>Forma oval na moda:<\/strong> O lava-loi\u00e7a de gota por atacado apresenta uma forma oval impressionante que \u00e9 contempor\u00e2nea e elegante como parte da decora\u00e7\u00e3o da sua casa de banho.<\/li>\n\n\n\n<li><strong>Resistente \u00e0 \u00e1gua e \u00e0s n\u00f3doas:<\/strong> O lavat\u00f3rio oval de cer\u00e2mica para venda por grosso tem uma superf\u00edcie estratificada resistente a manchas para evitar e bloquear manchas de \u00e1gua dif\u00edceis.<\/li>\n\n\n\n<li><strong>F\u00e1cil de instalar: <\/strong>o lavat\u00f3rio oval de cer\u00e2mica para venda por grosso pode ser instalado como um drop-in ou pode ser montado numa bancada, seguindo diferentes configura\u00e7\u00f5es.<\/li>\n\n\n\n<li><strong>Pre\u00e7o acess\u00edvel: <\/strong>A HanYu tem um pre\u00e7o de compra a granel muito competitivo, o que significa que poder\u00e1 adquirir um lavat\u00f3rio de cer\u00e2mica de qualidade a um pre\u00e7o acess\u00edvel.<\/li>\n<\/ul>\n<\/div>\n\n\n\n<div class=\"wp-block-column is-layout-flow wp-block-column-is-layout-flow\">\n<figure class=\"wp-block-image size-full\"><img fetchpriority=\"high\" decoding=\"async\" width=\"800\" height=\"800\" src=\"https:\/\/www.ceramicbasin.com\/wp-content\/uploads\/2025\/10\/new-wholesale-drop-in-lavatory-sink-oval-ceramic-washbasin-1.webp\" alt=\"novo-venda-drop-in-lavat\u00f3rio-lava-loi\u00e7a-oval-cer\u00e2mica-lavat\u00f3rio-1\" class=\"wp-image-8455\" srcset=\"https:\/\/www.ceramicbasin.com\/wp-content\/uploads\/2025\/10\/new-wholesale-drop-in-lavatory-sink-oval-ceramic-washbasin-1.webp 800w, https:\/\/www.ceramicbasin.com\/wp-content\/uploads\/2025\/10\/new-wholesale-drop-in-lavatory-sink-oval-ceramic-washbasin-1-300x300.webp 300w, https:\/\/www.ceramicbasin.com\/wp-content\/uploads\/2025\/10\/new-wholesale-drop-in-lavatory-sink-oval-ceramic-washbasin-1-150x150.webp 150w, https:\/\/www.ceramicbasin.com\/wp-content\/uploads\/2025\/10\/new-wholesale-drop-in-lavatory-sink-oval-ceramic-washbasin-1-768x768.webp 768w, https:\/\/www.ceramicbasin.com\/wp-content\/uploads\/2025\/10\/new-wholesale-drop-in-lavatory-sink-oval-ceramic-washbasin-1-12x12.webp 12w, https:\/\/www.ceramicbasin.com\/wp-content\/uploads\/2025\/10\/new-wholesale-drop-in-lavatory-sink-oval-ceramic-washbasin-1-285x285.webp 285w, https:\/\/www.ceramicbasin.com\/wp-content\/uploads\/2025\/10\/new-wholesale-drop-in-lavatory-sink-oval-ceramic-washbasin-1-270x270.webp 270w, https:\/\/www.ceramicbasin.com\/wp-content\/uploads\/2025\/10\/new-wholesale-drop-in-lavatory-sink-oval-ceramic-washbasin-1-540x540.webp 540w, https:\/\/www.ceramicbasin.com\/wp-content\/uploads\/2025\/10\/new-wholesale-drop-in-lavatory-sink-oval-ceramic-washbasin-1-660x660.webp 660w\" sizes=\"(max-width: 800px) 100vw, 800px\" \/><\/figure>\n<\/div>\n<\/div>","protected":false},"excerpt":{"rendered":"<p>Bem-vindo ao comprar este lavat\u00f3rio de lavat\u00f3rio rec\u00e9m-projetado, feito de material cer\u00e2mico de alta qualidade com uma superf\u00edcie lisa, resistente a manchas e \u00e0 prova de vazamentos, que \u00e9 f\u00e1cil de limpar e manter. O seu design oval minimalista n\u00e3o s\u00f3 real\u00e7a o toque moderno da casa de banho, como tamb\u00e9m proporciona uma \u00e1rea de lavagem espa\u00e7osa. Adapta-se facilmente a v\u00e1rias bancadas de casa de banho, combinando na perfei\u00e7\u00e3o a praticidade e a est\u00e9tica.<\/p>\n<table style=\"border-collapse: collapse; width: 358.52pt;\" border=\"0\" width=\"478\" cellspacing=\"0\" cellpadding=\"0\">\n<tbody>\n<tr style=\"height: 17.25pt;\">\n<td class=\"et3\" style=\"height: 17.25pt; width: 125.00pt;\" width=\"166\" height=\"23\">Fabricante<\/td>\n<td class=\"et3\" style=\"width: 234.15pt;\" width=\"312\">HanYu<\/td>\n<\/tr>\n<tr style=\"height: 17.25pt;\">\n<td class=\"et3\" style=\"height: 17.25pt;\" height=\"23\">Modelo n.<\/td>\n<td class=\"et4\">HY-5064<\/td>\n<\/tr>\n<tr style=\"height: 17.25pt;\">\n<td class=\"et3\" style=\"height: 17.25pt;\" height=\"23\">Tipo<\/td>\n<td class=\"et5\" style=\"width: 234.15pt;\" width=\"312\">Lava-lou\u00e7as<\/td>\n<\/tr>\n<tr style=\"height: 18.00pt;\">\n<td class=\"et3\" style=\"height: 18.00pt;\" height=\"24\">Forma<\/td>\n<td class=\"et3\">Forma oval<\/td>\n<\/tr>\n<tr style=\"height: 34.50pt;\">\n<td class=\"et4\" style=\"height: 34.50pt;\" height=\"46\">Cor<\/td>\n<td class=\"et5\" style=\"width: 234.15pt;\" width=\"312\">preto\/branco\/azul\/cinzento\/rosa\/verde\/castanho\/caqui<\/td>\n<\/tr>\n<tr style=\"height: 18.00pt;\">\n<td class=\"et3\" style=\"height: 18.00pt;\" height=\"24\">Dimens\u00e3o<\/td>\n<td class=\"et5\" style=\"width: 234.15pt;\" width=\"312\">60*46*20<\/td>\n<\/tr>\n<tr style=\"height: 17.25pt;\">\n<td class=\"et3\" style=\"height: 17.25pt;\" height=\"23\">N.W \/SET<\/td>\n<td class=\"et3\">16KGS\/PCS<\/td>\n<\/tr>\n<tr style=\"height: 17.25pt;\">\n<td class=\"et3\" style=\"height: 17.25pt;\" height=\"23\">MOQ<\/td>\n<td class=\"et3\">20 unidades<\/td>\n<\/tr>\n<tr style=\"height: 17.25pt;\">\n<td class=\"et3\" style=\"height: 17.25pt;\" height=\"23\">Op\u00e7\u00e3o personalizada<\/td>\n<td class=\"et3\">Cor\/Patente\/Tamanho\/Logotipo\/Embalagem<\/td>\n<\/tr>\n<\/tbody>\n<\/table>","protected":false},"featured_media":8456,"comment_status":"closed","ping_status":"closed","template":"","meta":{"_acf_changed":false},"product_brand":[],"product_cat":[51],"product_tag":[],"class_list":{"0":"post-8156","1":"product","2":"type-product","3":"status-publish","4":"has-post-thumbnail","6":"product_cat-wholesale-drop-in-sinks","8":"first","9":"instock","10":"shipping-taxable","11":"product-type-simple"},"acf":[],"_links":{"self":[{"href":"https:\/\/www.ceramicbasin.com\/pt\/wp-json\/wp\/v2\/product\/8156","targetHints":{"allow":["GET"]}}],"collection":[{"href":"https:\/\/www.ceramicbasin.com\/pt\/wp-json\/wp\/v2\/product"}],"about":[{"href":"https:\/\/www.ceramicbasin.com\/pt\/wp-json\/wp\/v2\/types\/product"}],"replies":[{"embeddable":true,"href":"https:\/\/www.ceramicbasin.com\/pt\/wp-json\/wp\/v2\/comments?post=8156"}],"wp:featuredmedia":[{"embeddable":true,"href":"https:\/\/www.ceramicbasin.com\/pt\/wp-json\/wp\/v2\/media\/8456"}],"wp:attachment":[{"href":"https:\/\/www.ceramicbasin.com\/pt\/wp-json\/wp\/v2\/media?parent=8156"}],"wp:term":[{"taxonomy":"product_brand","embeddable":true,"href":"https:\/\/www.ceramicbasin.com\/pt\/wp-json\/wp\/v2\/product_brand?post=8156"},{"taxonomy":"product_cat","embeddable":true,"href":"https:\/\/www.ceramicbasin.com\/pt\/wp-json\/wp\/v2\/product_cat?post=8156"},{"taxonomy":"product_tag","embeddable":true,"href":"https:\/\/www.ceramicbasin.com\/pt\/wp-json\/wp\/v2\/product_tag?post=8156"}],"curies":[{"name":"wp","href":"https:\/\/api.w.org\/{rel}","templated":true}]}}