{"id":8170,"date":"2025-10-24T08:33:06","date_gmt":"2025-10-24T08:33:06","guid":{"rendered":"https:\/\/www.ceramicbasin.com\/?post_type=product&#038;p=8170"},"modified":"2025-11-07T03:06:12","modified_gmt":"2025-11-07T03:06:12","slug":"round-drop-in-sink-wholesale","status":"publish","type":"product","link":"https:\/\/www.ceramicbasin.com\/pt\/produto\/round-drop-in-sink-wholesale\/","title":{"rendered":"Lavat\u00f3rio redondo por atacado, Fornecimento de bacia de cer\u00e2mica branca pura"},"content":{"rendered":"<div class=\"wp-block-columns is-layout-flex wp-container-core-columns-is-layout-9d6595d7 wp-block-columns-is-layout-flex\">\n<div class=\"wp-block-column is-layout-flow wp-block-column-is-layout-flow\">\n<h2 class=\"wp-block-heading\">Lavat\u00f3rio redondo Premium por atacado Carater\u00edsticas:<\/h2>\n\n\n\n<ul class=\"wp-block-list\">\n<li><strong>Design requintado:&nbsp;<\/strong>O nosso lavat\u00f3rio redondo por atacado adopta um design moderno e requintado. Cada pe\u00e7a \u00e9 um tributo \u00e0 est\u00e9tica e tem como objetivo acrescentar eleg\u00e2ncia e gosto ao espa\u00e7o de banho.<\/li>\n\n\n\n<li><strong>Vantagem do pre\u00e7o por atacado: <\/strong>Como fabricantes de lavat\u00f3rios de bancada personalizados, a HanYu tem pre\u00e7os por grosso muito competitivos, e as compras a granel tamb\u00e9m lhe dar\u00e3o maiores descontos, tornando os nossos acess\u00f3rios de casa de banho de alta qualidade a sua melhor op\u00e7\u00e3o sob controlo de custos.<\/li>\n\n\n\n<li><strong>Design arredondado e embutido: <\/strong>A nossa bacia de cer\u00e2mica personalizada tem uma forma redonda cl\u00e1ssica, e o esmalte branco liso e brilhante em casas de luxo combina facilmente com a decora\u00e7\u00e3o de quase todos os estilos de bancada. A instala\u00e7\u00e3o encastrada permite poupar espa\u00e7o e \u00e9 est\u00e1vel, ao mesmo tempo que exala beleza e eleg\u00e2ncia. Quer esteja a considerar um lavat\u00f3rio para a sua casa de banho residencial, casa de banho de hotel, trabalho comercial ou outros ambientes, estes lavat\u00f3rios encaixam-se perfeitamente.<\/li>\n\n\n\n<li><strong>Design personalizado:&nbsp;<\/strong>O nosso lavat\u00f3rio redondo por atacado \u00e9 concebido em v\u00e1rios tipos de estilos e tamanhos para personaliza\u00e7\u00e3o, permitindo-nos satisfazer as necessidades de diferentes clientes. Isto permite ajustes na cor, forma e textura de acordo com as suas necessidades espec\u00edficas e integra\u00e7\u00e3o numa variedade de designs de casas de banho.<\/li>\n<\/ul>\n<\/div>\n\n\n\n<div class=\"wp-block-column is-layout-flow wp-block-column-is-layout-flow\">\n<figure class=\"wp-block-image size-full\"><img fetchpriority=\"high\" decoding=\"async\" width=\"800\" height=\"800\" src=\"https:\/\/www.ceramicbasin.com\/wp-content\/uploads\/2025\/10\/round-drop-in-sink\u200b-wholesale-white-ceramic-basin-supply-1.webp\" alt=\"pia redonda pingo-na-lava-lou\u00e7a-venda-grande-bacia-cer\u00e2mica-branca-fornecimento-1\" class=\"wp-image-8449\" srcset=\"https:\/\/www.ceramicbasin.com\/wp-content\/uploads\/2025\/10\/round-drop-in-sink\u200b-wholesale-white-ceramic-basin-supply-1.webp 800w, https:\/\/www.ceramicbasin.com\/wp-content\/uploads\/2025\/10\/round-drop-in-sink\u200b-wholesale-white-ceramic-basin-supply-1-300x300.webp 300w, https:\/\/www.ceramicbasin.com\/wp-content\/uploads\/2025\/10\/round-drop-in-sink\u200b-wholesale-white-ceramic-basin-supply-1-150x150.webp 150w, https:\/\/www.ceramicbasin.com\/wp-content\/uploads\/2025\/10\/round-drop-in-sink\u200b-wholesale-white-ceramic-basin-supply-1-768x768.webp 768w, https:\/\/www.ceramicbasin.com\/wp-content\/uploads\/2025\/10\/round-drop-in-sink\u200b-wholesale-white-ceramic-basin-supply-1-12x12.webp 12w, https:\/\/www.ceramicbasin.com\/wp-content\/uploads\/2025\/10\/round-drop-in-sink\u200b-wholesale-white-ceramic-basin-supply-1-285x285.webp 285w, https:\/\/www.ceramicbasin.com\/wp-content\/uploads\/2025\/10\/round-drop-in-sink\u200b-wholesale-white-ceramic-basin-supply-1-270x270.webp 270w, https:\/\/www.ceramicbasin.com\/wp-content\/uploads\/2025\/10\/round-drop-in-sink\u200b-wholesale-white-ceramic-basin-supply-1-540x540.webp 540w, https:\/\/www.ceramicbasin.com\/wp-content\/uploads\/2025\/10\/round-drop-in-sink\u200b-wholesale-white-ceramic-basin-supply-1-660x660.webp 660w\" sizes=\"(max-width: 800px) 100vw, 800px\" \/><\/figure>\n<\/div>\n<\/div>\n\n\n\n<p><\/p>","protected":false},"excerpt":{"rendered":"<p>Bem-vindo a comprar o nosso lava-loi\u00e7a redondo por atacado. Utilizando um processo de esmalte branco puro de alta temperatura, a superf\u00edcie \u00e9 lisa e f\u00e1cil de limpar, adequada para espa\u00e7os de banho residenciais e comerciais. A Hanyu fornece servi\u00e7os por atacado de bacias de cer\u00e2mica personalizadas de alta qualidade para atender \u00e0s necessidades de diferentes marcas e projetos.<\/p>\n<table style=\"border-collapse: collapse; width: 311.02pt;\" border=\"0\" width=\"311\" cellspacing=\"0\" cellpadding=\"0\">\n<tbody>\n<tr style=\"height: 17.60pt;\">\n<td class=\"et3\" style=\"height: 17.60pt; width: 108.35pt;\" width=\"108\" height=\"17\">Fabricante<\/td>\n<td class=\"et3\" style=\"width: 202.95pt;\" width=\"202\">HanYu<\/td>\n<\/tr>\n<tr style=\"height: 17.60pt;\">\n<td class=\"et3\" style=\"height: 17.60pt;\" height=\"17\">Modelo n.<\/td>\n<td class=\"et4\">HY-5074<\/td>\n<\/tr>\n<tr style=\"height: 18.00pt;\">\n<td class=\"et3\" style=\"height: 18.00pt;\" height=\"18\">Tipo<\/td>\n<td class=\"et5\" style=\"width: 202.95pt;\" width=\"202\">Bacia de recolha<\/td>\n<\/tr>\n<tr style=\"height: 17.60pt;\">\n<td class=\"et3\" style=\"height: 17.60pt;\" height=\"17\">Forma<\/td>\n<td class=\"et3\">Forma redonda<\/td>\n<\/tr>\n<tr style=\"height: 18.00pt;\">\n<td class=\"et4\" style=\"height: 18.00pt;\" height=\"18\">Cor<\/td>\n<td class=\"et5\" style=\"width: 202.95pt;\" width=\"202\">Branco<\/td>\n<\/tr>\n<tr style=\"height: 18.00pt;\">\n<td class=\"et3\" style=\"height: 18.00pt;\" height=\"18\">Dimens\u00e3o<\/td>\n<td class=\"et5\" style=\"width: 202.95pt;\" width=\"202\">43*43*22<\/td>\n<\/tr>\n<tr style=\"height: 17.60pt;\">\n<td class=\"et3\" style=\"height: 17.60pt;\" height=\"17\">N.W \/SET<\/td>\n<td class=\"et3\">\u00a012KGS\/PCS<\/td>\n<\/tr>\n<tr style=\"height: 17.60pt;\">\n<td class=\"et3\" style=\"height: 17.60pt;\" height=\"17\">MOQ<\/td>\n<td class=\"et3\">20 unidades<\/td>\n<\/tr>\n<tr style=\"height: 17.60pt;\">\n<td class=\"et3\" style=\"height: 17.60pt;\" height=\"17\">Op\u00e7\u00e3o personalizada<\/td>\n<td class=\"et3\">Cor\/Patente\/Tamanho\/Logotipo\/Embalagem<\/td>\n<\/tr>\n<\/tbody>\n<\/table>","protected":false},"featured_media":8452,"comment_status":"closed","ping_status":"closed","template":"","meta":{"_acf_changed":false},"product_brand":[],"product_cat":[51],"product_tag":[],"class_list":{"0":"post-8170","1":"product","2":"type-product","3":"status-publish","4":"has-post-thumbnail","6":"product_cat-wholesale-drop-in-sinks","8":"first","9":"instock","10":"shipping-taxable","11":"product-type-simple"},"acf":[],"_links":{"self":[{"href":"https:\/\/www.ceramicbasin.com\/pt\/wp-json\/wp\/v2\/product\/8170","targetHints":{"allow":["GET"]}}],"collection":[{"href":"https:\/\/www.ceramicbasin.com\/pt\/wp-json\/wp\/v2\/product"}],"about":[{"href":"https:\/\/www.ceramicbasin.com\/pt\/wp-json\/wp\/v2\/types\/product"}],"replies":[{"embeddable":true,"href":"https:\/\/www.ceramicbasin.com\/pt\/wp-json\/wp\/v2\/comments?post=8170"}],"wp:featuredmedia":[{"embeddable":true,"href":"https:\/\/www.ceramicbasin.com\/pt\/wp-json\/wp\/v2\/media\/8452"}],"wp:attachment":[{"href":"https:\/\/www.ceramicbasin.com\/pt\/wp-json\/wp\/v2\/media?parent=8170"}],"wp:term":[{"taxonomy":"product_brand","embeddable":true,"href":"https:\/\/www.ceramicbasin.com\/pt\/wp-json\/wp\/v2\/product_brand?post=8170"},{"taxonomy":"product_cat","embeddable":true,"href":"https:\/\/www.ceramicbasin.com\/pt\/wp-json\/wp\/v2\/product_cat?post=8170"},{"taxonomy":"product_tag","embeddable":true,"href":"https:\/\/www.ceramicbasin.com\/pt\/wp-json\/wp\/v2\/product_tag?post=8170"}],"curies":[{"name":"wp","href":"https:\/\/api.w.org\/{rel}","templated":true}]}}