{"id":8177,"date":"2025-10-24T08:39:35","date_gmt":"2025-10-24T08:39:35","guid":{"rendered":"https:\/\/www.ceramicbasin.com\/?post_type=product&#038;p=8177"},"modified":"2025-11-07T03:01:28","modified_gmt":"2025-11-07T03:01:28","slug":"custom-drop-in-bathroom-sink","status":"publish","type":"product","link":"https:\/\/www.ceramicbasin.com\/pt\/produto\/custom-drop-in-bathroom-sink\/","title":{"rendered":"Lavat\u00f3rio de casa de banho europeu personalizado, lavat\u00f3rio de cer\u00e2mica a granel"},"content":{"rendered":"<div class=\"wp-block-columns is-layout-flex wp-container-core-columns-is-layout-9d6595d7 wp-block-columns-is-layout-flex\">\n<div class=\"wp-block-column is-layout-flow wp-block-column-is-layout-flow\">\n<h2 class=\"wp-block-heading\">Carater\u00edsticas dos lavat\u00f3rios de casa de banho personalizados Premium:<\/h2>\n\n\n\n<ul class=\"wp-block-list\">\n<li><strong>Escolhas personalizadas:<\/strong> O lavat\u00f3rio retangular por atacado est\u00e1 dispon\u00edvel em v\u00e1rias cores, tratamentos de superf\u00edcie e embalagens personalizadas para que possa escolher e personalizar o lavat\u00f3rio da casa de banho de acordo com a sua marca espec\u00edfica e requisitos de mercado.<\/li>\n\n\n\n<li><strong>Dur\u00e1vel e de baixa manuten\u00e7\u00e3o:<\/strong> Estes lavat\u00f3rios de casa de banho personalizados s\u00e3o produzidos com mat\u00e9rias-primas cer\u00e2micas de alta qualidade e cozedura a alta temperatura. A superf\u00edcie \u00e9 lisa e dura, resistente a riscos e fissuras. O esmalte possui um excelente efeito anti-incrustante; as incrusta\u00e7\u00f5es e as manchas quase n\u00e3o aderem.<\/li>\n\n\n\n<li><strong>Estilo retangular minimalista europeu:<\/strong> Este lavat\u00f3rio retangular de design escolhido tem linhas simples e agrad\u00e1veis. Estes lavat\u00f3rios de casa de banho personalizados s\u00e3o perfeitos para estilos de casa de banho modernos\/n\u00f3rdicos\/europeus. A sua instala\u00e7\u00e3o embutida poupa espa\u00e7o, \u00e9 est\u00e1vel e tem bom aspeto ao mesmo tempo.<\/li>\n\n\n\n<li><strong>Acabamento em esmalte branco brilhante:<\/strong> O esmalte branco brilhante das bacias de cer\u00e2mica por grosso \u00e9 resistente a manchas e fissuras e limpa-se facilmente para se manter branco brilhante durante muito tempo. Perfeito para distribuidores grossistas para projectos de hotelaria, projectos de constru\u00e7\u00e3o ou outras compras a granel a pre\u00e7os competitivos.<\/li>\n<\/ul>\n<\/div>\n\n\n\n<div class=\"wp-block-column is-layout-flow wp-block-column-is-layout-flow\">\n<figure class=\"wp-block-image size-full\"><img fetchpriority=\"high\" decoding=\"async\" width=\"800\" height=\"800\" src=\"https:\/\/www.ceramicbasin.com\/wp-content\/uploads\/2025\/10\/european-custom-drop-in-bathroom-sinks-ceramic-basin-bulk-5.webp\" alt=\"pias de casa de banho europeias personalizadas - lavat\u00f3rio de cer\u00e2mica - volume 5\" class=\"wp-image-8445\" srcset=\"https:\/\/www.ceramicbasin.com\/wp-content\/uploads\/2025\/10\/european-custom-drop-in-bathroom-sinks-ceramic-basin-bulk-5.webp 800w, https:\/\/www.ceramicbasin.com\/wp-content\/uploads\/2025\/10\/european-custom-drop-in-bathroom-sinks-ceramic-basin-bulk-5-300x300.webp 300w, https:\/\/www.ceramicbasin.com\/wp-content\/uploads\/2025\/10\/european-custom-drop-in-bathroom-sinks-ceramic-basin-bulk-5-150x150.webp 150w, https:\/\/www.ceramicbasin.com\/wp-content\/uploads\/2025\/10\/european-custom-drop-in-bathroom-sinks-ceramic-basin-bulk-5-768x768.webp 768w, https:\/\/www.ceramicbasin.com\/wp-content\/uploads\/2025\/10\/european-custom-drop-in-bathroom-sinks-ceramic-basin-bulk-5-12x12.webp 12w, https:\/\/www.ceramicbasin.com\/wp-content\/uploads\/2025\/10\/european-custom-drop-in-bathroom-sinks-ceramic-basin-bulk-5-285x285.webp 285w, https:\/\/www.ceramicbasin.com\/wp-content\/uploads\/2025\/10\/european-custom-drop-in-bathroom-sinks-ceramic-basin-bulk-5-270x270.webp 270w, https:\/\/www.ceramicbasin.com\/wp-content\/uploads\/2025\/10\/european-custom-drop-in-bathroom-sinks-ceramic-basin-bulk-5-540x540.webp 540w, https:\/\/www.ceramicbasin.com\/wp-content\/uploads\/2025\/10\/european-custom-drop-in-bathroom-sinks-ceramic-basin-bulk-5-660x660.webp 660w\" sizes=\"(max-width: 800px) 100vw, 800px\" \/><\/figure>\n<\/div>\n<\/div>","protected":false},"excerpt":{"rendered":"<p>Bem-vindo ao comprar estes lavat\u00f3rios de casa de banho personalizados com design europeu retangular, fabricados em cer\u00e2mica de alta qualidade para maior durabilidade e eleg\u00e2ncia. \u00c9 f\u00e1cil de instalar, n\u00e3o mancha e \u00e9 adequado para hot\u00e9is, casas de banho e todas as casas de banho comerciais. O vendedor pode obter o produto com a sua pr\u00f3pria marca para o seu mercado.<\/p>\n<table style=\"border-collapse: collapse; width: 311.02pt;\" border=\"0\" width=\"311\" cellspacing=\"0\" cellpadding=\"0\">\n<tbody>\n<tr style=\"height: 17.60pt;\">\n<td class=\"et3\" style=\"height: 17.60pt; width: 108.35pt;\" width=\"108\" height=\"17\">Fabricante<\/td>\n<td class=\"et3\" style=\"width: 202.95pt;\" width=\"202\">HanYu<\/td>\n<\/tr>\n<tr style=\"height: 17.60pt;\">\n<td class=\"et3\" style=\"height: 17.60pt;\" height=\"17\">Modelo n.<\/td>\n<td class=\"et4\">HY-5075<\/td>\n<\/tr>\n<tr style=\"height: 18.00pt;\">\n<td class=\"et3\" style=\"height: 18.00pt;\" height=\"18\">Tipo<\/td>\n<td class=\"et5\" style=\"width: 202.95pt;\" width=\"202\">Bacia de recolha<\/td>\n<\/tr>\n<tr style=\"height: 17.60pt;\">\n<td class=\"et3\" style=\"height: 17.60pt;\" height=\"17\">Forma<\/td>\n<td class=\"et3\">Forma retangular<\/td>\n<\/tr>\n<tr style=\"height: 18.00pt;\">\n<td class=\"et4\" style=\"height: 18.00pt;\" height=\"18\">Cor<\/td>\n<td class=\"et5\" style=\"width: 202.95pt;\" width=\"202\">Branco<\/td>\n<\/tr>\n<tr style=\"height: 18.00pt;\">\n<td class=\"et3\" style=\"height: 18.00pt;\" height=\"18\">Dimens\u00e3o<\/td>\n<td class=\"et5\" style=\"width: 202.95pt;\" width=\"202\">60*40.5*15<\/td>\n<\/tr>\n<tr style=\"height: 17.60pt;\">\n<td class=\"et3\" style=\"height: 17.60pt;\" height=\"17\">N.W \/SET<\/td>\n<td class=\"et3\">\u00a018KGS\/PCS<\/td>\n<\/tr>\n<tr style=\"height: 17.60pt;\">\n<td class=\"et3\" style=\"height: 17.60pt;\" height=\"17\">MOQ<\/td>\n<td class=\"et3\">20 unidades<\/td>\n<\/tr>\n<tr style=\"height: 17.60pt;\">\n<td class=\"et3\" style=\"height: 17.60pt;\" height=\"17\">Op\u00e7\u00e3o personalizada<\/td>\n<td class=\"et3\">Cor\/Patente\/Tamanho\/Logotipo\/Embalagem<\/td>\n<\/tr>\n<\/tbody>\n<\/table>","protected":false},"featured_media":8446,"comment_status":"closed","ping_status":"closed","template":"","meta":{"_acf_changed":false},"product_brand":[],"product_cat":[51],"product_tag":[],"class_list":{"0":"post-8177","1":"product","2":"type-product","3":"status-publish","4":"has-post-thumbnail","6":"product_cat-wholesale-drop-in-sinks","8":"first","9":"instock","10":"shipping-taxable","11":"product-type-simple"},"acf":[],"_links":{"self":[{"href":"https:\/\/www.ceramicbasin.com\/pt\/wp-json\/wp\/v2\/product\/8177","targetHints":{"allow":["GET"]}}],"collection":[{"href":"https:\/\/www.ceramicbasin.com\/pt\/wp-json\/wp\/v2\/product"}],"about":[{"href":"https:\/\/www.ceramicbasin.com\/pt\/wp-json\/wp\/v2\/types\/product"}],"replies":[{"embeddable":true,"href":"https:\/\/www.ceramicbasin.com\/pt\/wp-json\/wp\/v2\/comments?post=8177"}],"wp:featuredmedia":[{"embeddable":true,"href":"https:\/\/www.ceramicbasin.com\/pt\/wp-json\/wp\/v2\/media\/8446"}],"wp:attachment":[{"href":"https:\/\/www.ceramicbasin.com\/pt\/wp-json\/wp\/v2\/media?parent=8177"}],"wp:term":[{"taxonomy":"product_brand","embeddable":true,"href":"https:\/\/www.ceramicbasin.com\/pt\/wp-json\/wp\/v2\/product_brand?post=8177"},{"taxonomy":"product_cat","embeddable":true,"href":"https:\/\/www.ceramicbasin.com\/pt\/wp-json\/wp\/v2\/product_cat?post=8177"},{"taxonomy":"product_tag","embeddable":true,"href":"https:\/\/www.ceramicbasin.com\/pt\/wp-json\/wp\/v2\/product_tag?post=8177"}],"curies":[{"name":"wp","href":"https:\/\/api.w.org\/{rel}","templated":true}]}}