{"id":8371,"date":"2025-11-06T02:22:14","date_gmt":"2025-11-06T02:22:14","guid":{"rendered":"https:\/\/www.ceramicbasin.com\/?post_type=product&#038;p=8371"},"modified":"2025-11-07T02:12:10","modified_gmt":"2025-11-07T02:12:10","slug":"custom-round-countertop-bathroom-sink","status":"publish","type":"product","link":"https:\/\/www.ceramicbasin.com\/pt\/produto\/custom-round-countertop-bathroom-sink\/","title":{"rendered":"Lavat\u00f3rio de casa de banho de bancada redondo personalizado, bacia de cer\u00e2mica branca a granel"},"content":{"rendered":"<div class=\"wp-block-columns is-layout-flex wp-container-core-columns-is-layout-9d6595d7 wp-block-columns-is-layout-flex\">\n<div class=\"wp-block-column is-layout-flow wp-block-column-is-layout-flow\">\n<h2 class=\"wp-block-heading\">Carater\u00edsticas do lavat\u00f3rio de casa de banho com bancada redonda personalizada Premium:<\/h2>\n\n\n\n<ul class=\"wp-block-list\">\n<li><strong>Design redondo cl\u00e1ssico:<\/strong> A forma deste lavat\u00f3rio de casa de banho com bancada redonda personalizada foi concebida num estilo simples e elegante. As linhas arredondadas conferem ao espa\u00e7o de banho uma atmosfera harmoniosa, ao mesmo tempo que se adapta perfeitamente a qualquer estilo de decora\u00e7\u00e3o de casa de banho, desde a simplicidade moderna ao estilo tradicional.<\/li>\n\n\n\n<li><strong>Material de porcelana de alta qualidade:<\/strong> A qualidade do material de porcelana que comp\u00f5e os nossos lavat\u00f3rios redondos de bancada por atacado \u00e9 soberba. Queimado a altas temperaturas, com uma excelente resist\u00eancia ao desgaste e \u00e0s manchas. O esmalte de alto brilho \u00e9 imperme\u00e1vel e resistente \u00e0s manchas; basta passar um pano para o manter brilhante.<\/li>\n\n\n\n<li><strong>Design que poupa espa\u00e7o: <\/strong>Estes lavat\u00f3rios de porcelana para casa de banho por atacado n\u00e3o s\u00e3o apenas visualmente bonitos, mas tamb\u00e9m utilizam plenamente o espa\u00e7o da bancada. A instala\u00e7\u00e3o pode ser feita em casas de banho de qualquer tamanho, especialmente numa \u00e1rea limitada. Melhora a utiliza\u00e7\u00e3o do espa\u00e7o sem comprometer as fun\u00e7\u00f5es pr\u00e1ticas.<\/li>\n\n\n\n<li><strong>Servi\u00e7os por grosso e por encomenda:<\/strong> Oferecemos pre\u00e7o de compra a granel e servi\u00e7o OEM\/ODM para lavat\u00f3rio de casa de banho de bancada redonda personalizado, que pode ser configurado de acordo com os requisitos concretos dos clientes para se adequar ao estilo e \u00e0s necessidades funcionais de diferentes projectos.<\/li>\n<\/ul>\n<\/div>\n\n\n\n<div class=\"wp-block-column is-layout-flow wp-block-column-is-layout-flow\">\n<figure class=\"wp-block-image size-full\"><img fetchpriority=\"high\" decoding=\"async\" width=\"604\" height=\"913\" src=\"https:\/\/www.ceramicbasin.com\/wp-content\/uploads\/2025\/11\/custom-round-countertop-bathroom-sink-ceramic-basin-bulk-6.webp\" alt=\"lavat\u00f3rio de casa de banho com bancada redonda personalizada, lavat\u00f3rio de cer\u00e2mica, volume 6\" class=\"wp-image-8419\" srcset=\"https:\/\/www.ceramicbasin.com\/wp-content\/uploads\/2025\/11\/custom-round-countertop-bathroom-sink-ceramic-basin-bulk-6.webp 604w, https:\/\/www.ceramicbasin.com\/wp-content\/uploads\/2025\/11\/custom-round-countertop-bathroom-sink-ceramic-basin-bulk-6-198x300.webp 198w, https:\/\/www.ceramicbasin.com\/wp-content\/uploads\/2025\/11\/custom-round-countertop-bathroom-sink-ceramic-basin-bulk-6-8x12.webp 8w, https:\/\/www.ceramicbasin.com\/wp-content\/uploads\/2025\/11\/custom-round-countertop-bathroom-sink-ceramic-basin-bulk-6-285x431.webp 285w, https:\/\/www.ceramicbasin.com\/wp-content\/uploads\/2025\/11\/custom-round-countertop-bathroom-sink-ceramic-basin-bulk-6-437x660.webp 437w, https:\/\/www.ceramicbasin.com\/wp-content\/uploads\/2025\/11\/custom-round-countertop-bathroom-sink-ceramic-basin-bulk-6-99x150.webp 99w\" sizes=\"(max-width: 604px) 100vw, 604px\" \/><\/figure>\n<\/div>\n<\/div>","protected":false},"excerpt":{"rendered":"<p>Bem-vindo ao comprar o nosso lavat\u00f3rio de casa de banho de bancada redonda personalizada com um elegante acabamento em cer\u00e2mica branca com um esmalte suave e dur\u00e1vel. Os nossos lavat\u00f3rios de casa de banho de porcelana por atacado adaptam-se a muitos tipos de estilos de casa de banho com o seu design simples e atmosf\u00e9rico, com uma superf\u00edcie lisa, resistente ao desgaste e f\u00e1cil de limpar. \u00c9 ideal para hot\u00e9is, casas de banho e casas de banho comerciais.<\/p>\n<table style=\"border-collapse: collapse; width: 358.52pt;\" border=\"0\" width=\"478\" cellspacing=\"0\" cellpadding=\"0\">\n<tbody>\n<tr style=\"height: 17.25pt;\">\n<td class=\"et3\" style=\"height: 17.25pt; width: 125.00pt;\" width=\"166\" height=\"23\">Fabricante<\/td>\n<td class=\"et3\" style=\"width: 234.15pt;\" width=\"312\">HanYu<\/td>\n<\/tr>\n<tr style=\"height: 17.25pt;\">\n<td class=\"et3\" style=\"height: 17.25pt;\" height=\"23\">Modelo n.<\/td>\n<td class=\"et4\">HY-8155A<\/td>\n<\/tr>\n<tr style=\"height: 17.25pt;\">\n<td class=\"et3\" style=\"height: 17.25pt;\" height=\"23\">Tipo<\/td>\n<td class=\"et5\" style=\"width: 234.15pt;\" width=\"312\">Bacias de bancada<\/td>\n<\/tr>\n<tr style=\"height: 18.00pt;\">\n<td class=\"et3\" style=\"height: 18.00pt;\" height=\"24\">Forma<\/td>\n<td class=\"et3\">Forma redonda<\/td>\n<\/tr>\n<tr style=\"height: 34.50pt;\">\n<td class=\"et4\" style=\"height: 34.50pt;\" height=\"46\">Cor<\/td>\n<td class=\"et5\" style=\"width: 234.15pt;\" width=\"312\">preto\/branco\/azul\/cinzento\/rosa\/verde\/castanho\/caqui<\/td>\n<\/tr>\n<tr style=\"height: 18.00pt;\">\n<td class=\"et3\" style=\"height: 18.00pt;\" height=\"24\">Dimens\u00e3o<\/td>\n<td class=\"et5\" style=\"width: 234.15pt;\" width=\"312\">30.5*30.5*11<\/td>\n<\/tr>\n<tr style=\"height: 17.25pt;\">\n<td class=\"et3\" style=\"height: 17.25pt;\" height=\"23\">N.W \/SET<\/td>\n<td class=\"et3\">9 KGS\/PCS<\/td>\n<\/tr>\n<tr style=\"height: 17.25pt;\">\n<td class=\"et3\" style=\"height: 17.25pt;\" height=\"23\">MOQ<\/td>\n<td class=\"et3\">20 unidades<\/td>\n<\/tr>\n<tr style=\"height: 17.25pt;\">\n<td class=\"et3\" style=\"height: 17.25pt;\" height=\"23\">Op\u00e7\u00e3o personalizada<\/td>\n<td class=\"et3\">Cor\/Patente\/Tamanho\/Logotipo\/Embalagem<\/td>\n<\/tr>\n<\/tbody>\n<\/table>","protected":false},"featured_media":8414,"comment_status":"closed","ping_status":"closed","template":"","meta":{"_acf_changed":false},"product_brand":[],"product_cat":[50],"product_tag":[],"class_list":{"0":"post-8371","1":"product","2":"type-product","3":"status-publish","4":"has-post-thumbnail","6":"product_cat-wholesale-countertop-sinks","8":"first","9":"instock","10":"shipping-taxable","11":"product-type-simple"},"acf":[],"_links":{"self":[{"href":"https:\/\/www.ceramicbasin.com\/pt\/wp-json\/wp\/v2\/product\/8371","targetHints":{"allow":["GET"]}}],"collection":[{"href":"https:\/\/www.ceramicbasin.com\/pt\/wp-json\/wp\/v2\/product"}],"about":[{"href":"https:\/\/www.ceramicbasin.com\/pt\/wp-json\/wp\/v2\/types\/product"}],"replies":[{"embeddable":true,"href":"https:\/\/www.ceramicbasin.com\/pt\/wp-json\/wp\/v2\/comments?post=8371"}],"wp:featuredmedia":[{"embeddable":true,"href":"https:\/\/www.ceramicbasin.com\/pt\/wp-json\/wp\/v2\/media\/8414"}],"wp:attachment":[{"href":"https:\/\/www.ceramicbasin.com\/pt\/wp-json\/wp\/v2\/media?parent=8371"}],"wp:term":[{"taxonomy":"product_brand","embeddable":true,"href":"https:\/\/www.ceramicbasin.com\/pt\/wp-json\/wp\/v2\/product_brand?post=8371"},{"taxonomy":"product_cat","embeddable":true,"href":"https:\/\/www.ceramicbasin.com\/pt\/wp-json\/wp\/v2\/product_cat?post=8371"},{"taxonomy":"product_tag","embeddable":true,"href":"https:\/\/www.ceramicbasin.com\/pt\/wp-json\/wp\/v2\/product_tag?post=8371"}],"curies":[{"name":"wp","href":"https:\/\/api.w.org\/{rel}","templated":true}]}}