{"id":8380,"date":"2025-11-06T02:30:40","date_gmt":"2025-11-06T02:30:40","guid":{"rendered":"https:\/\/www.ceramicbasin.com\/?post_type=product&#038;p=8380"},"modified":"2025-11-07T01:49:02","modified_gmt":"2025-11-07T01:49:02","slug":"wholesale-round-bathroom-sink","status":"publish","type":"product","link":"https:\/\/www.ceramicbasin.com\/pt\/produto\/wholesale-round-bathroom-sink\/","title":{"rendered":"F\u00e1brica de lavat\u00f3rio de casa de banho redondo para o arm\u00e1rio"},"content":{"rendered":"<div class=\"wp-block-columns is-layout-flex wp-container-core-columns-is-layout-9d6595d7 wp-block-columns-is-layout-flex\">\n<div class=\"wp-block-column is-layout-flow wp-block-column-is-layout-flow\">\n<h2 class=\"wp-block-heading\">Carater\u00edsticas do lavat\u00f3rio de casa de banho redondo por atacado da f\u00e1brica Premium:<\/h2>\n\n\n\n<ul class=\"wp-block-list\">\n<li><strong>Venda direta da f\u00e1brica:\u00a0<\/strong>O lavat\u00f3rio de casa de banho redondo por atacado da HanYu \u00e9 vendido diretamente pela f\u00e1brica, eliminando a diferen\u00e7a de pre\u00e7o dos intermedi\u00e1rios, e a compra a granel de lavat\u00f3rios de casa de banho garante que compra lavat\u00f3rios de casa de banho de alta qualidade a granel ao menor custo.<\/li>\n\n\n\n<li><strong>Design circular, simples e elegante: <\/strong>O lavat\u00f3rio de casa de banho de cer\u00e2mica por atacado em forma redonda com linhas suaves adequa-se a outros estilos de vaidades de casa de banho e faz com que a sua casa de banho se sinta completa. Dispon\u00edvel em diferentes tamanhos, cores, acabamentos de superf\u00edcie e personaliza\u00e7\u00e3o em massa OEM\/ODM.<\/li>\n\n\n\n<li><strong>Instala\u00e7\u00e3o f\u00e1cil:<\/strong> O nosso lavat\u00f3rio de casa de banho redondo por atacado e os lavat\u00f3rios apresentam um design de instala\u00e7\u00e3o em bancada, adequado para instala\u00e7\u00e3o em arm\u00e1rio. A estrutura \u00e9 robusta e a instala\u00e7\u00e3o \u00e9 simples.<\/li>\n\n\n\n<li><strong>Material cer\u00e2mico de alta qualidade: <\/strong>As nossas bacias de bancada por atacado s\u00e3o feitas de cer\u00e2mica cozida a alta temperatura, o esmalte da superf\u00edcie \u00e9 suave e denso, resistente a riscos, resistente a manchas, f\u00e1cil de limpar e \u00e0 prova de \u00e1gua, mantendo o seu brilho mesmo ap\u00f3s uma utiliza\u00e7\u00e3o prolongada.<\/li>\n<\/ul>\n<\/div>\n\n\n\n<div class=\"wp-block-column is-layout-flow wp-block-column-is-layout-flow\">\n<figure class=\"wp-block-image size-full\"><img fetchpriority=\"high\" decoding=\"async\" width=\"660\" height=\"936\" src=\"https:\/\/www.ceramicbasin.com\/wp-content\/uploads\/2025\/11\/Factory-Price-Wholesales-Round-Sinks-6.webp\" alt=\"f\u00e1brica-venda por grosso-lava-loi\u00e7a de casa de banho redondo-para-o-arm\u00e1rio-6\" class=\"wp-image-8381\" srcset=\"https:\/\/www.ceramicbasin.com\/wp-content\/uploads\/2025\/11\/Factory-Price-Wholesales-Round-Sinks-6.webp 660w, https:\/\/www.ceramicbasin.com\/wp-content\/uploads\/2025\/11\/Factory-Price-Wholesales-Round-Sinks-6-212x300.webp 212w, https:\/\/www.ceramicbasin.com\/wp-content\/uploads\/2025\/11\/Factory-Price-Wholesales-Round-Sinks-6-8x12.webp 8w, https:\/\/www.ceramicbasin.com\/wp-content\/uploads\/2025\/11\/Factory-Price-Wholesales-Round-Sinks-6-285x404.webp 285w, https:\/\/www.ceramicbasin.com\/wp-content\/uploads\/2025\/11\/Factory-Price-Wholesales-Round-Sinks-6-465x660.webp 465w, https:\/\/www.ceramicbasin.com\/wp-content\/uploads\/2025\/11\/Factory-Price-Wholesales-Round-Sinks-6-106x150.webp 106w\" sizes=\"(max-width: 660px) 100vw, 660px\" \/><\/figure>\n<\/div>\n<\/div>","protected":false},"excerpt":{"rendered":"<p>Bem-vindo ao comprar o nosso lavat\u00f3rio de casa de banho redondo por atacado. Estes lavat\u00f3rios de bancada personalizados foram concebidos para instala\u00e7\u00e3o em arm\u00e1rios, combinando um acabamento vidrado suave com cer\u00e2mica duradoura de alta temperatura. \u00c9 vendido diretamente da f\u00e1brica para os lavat\u00f3rios mais superiores ao mais baixo custo. A nossa sele\u00e7\u00e3o diversificada inclui uma variedade de estilos, tamanhos e cores que se adaptam a qualquer design na casa de banho para projectos de casa de banho por atacado e OEM.<\/p>\n<table style=\"border-collapse: collapse; width: 358.52pt;\" border=\"0\" width=\"478\" cellspacing=\"0\" cellpadding=\"0\">\n<tbody>\n<tr style=\"height: 17.25pt;\">\n<td class=\"et3\" style=\"height: 17.25pt; width: 125.00pt;\" width=\"166\" height=\"23\">Fabricante<\/td>\n<td class=\"et3\" style=\"width: 234.15pt;\" width=\"312\">HanYu<\/td>\n<\/tr>\n<tr style=\"height: 17.25pt;\">\n<td class=\"et3\" style=\"height: 17.25pt;\" height=\"23\">Modelo n.<\/td>\n<td class=\"et4\">HY-8070B<\/td>\n<\/tr>\n<tr style=\"height: 17.25pt;\">\n<td class=\"et3\" style=\"height: 17.25pt;\" height=\"23\">Tipo<\/td>\n<td class=\"et5\" style=\"width: 234.15pt;\" width=\"312\">Bacias de bancada<\/td>\n<\/tr>\n<tr style=\"height: 18.00pt;\">\n<td class=\"et3\" style=\"height: 18.00pt;\" height=\"24\">Forma<\/td>\n<td class=\"et3\">Forma redonda<\/td>\n<\/tr>\n<tr style=\"height: 34.50pt;\">\n<td class=\"et4\" style=\"height: 34.50pt;\" height=\"46\">Cor<\/td>\n<td class=\"et5\" style=\"width: 234.15pt;\" width=\"312\">preto\/branco\/azul\/cinzento\/rosa\/verde\/castanho\/caqui<\/td>\n<\/tr>\n<tr style=\"height: 18.00pt;\">\n<td class=\"et3\" style=\"height: 18.00pt;\" height=\"24\">Dimens\u00e3o<\/td>\n<td class=\"et5\" style=\"width: 234.15pt;\" width=\"312\">31*31*11<\/td>\n<\/tr>\n<tr style=\"height: 17.25pt;\">\n<td class=\"et3\" style=\"height: 17.25pt;\" height=\"23\">N.W \/SET<\/td>\n<td class=\"et3\">9 KGS\/PCS<\/td>\n<\/tr>\n<tr style=\"height: 17.25pt;\">\n<td class=\"et3\" style=\"height: 17.25pt;\" height=\"23\">MOQ<\/td>\n<td class=\"et3\">20 unidades<\/td>\n<\/tr>\n<tr style=\"height: 17.25pt;\">\n<td class=\"et3\" style=\"height: 17.25pt;\" height=\"23\">Op\u00e7\u00e3o personalizada<\/td>\n<td class=\"et3\">Cor\/Patente\/Tamanho\/Logotipo\/Embalagem<\/td>\n<\/tr>\n<\/tbody>\n<\/table>","protected":false},"featured_media":8382,"comment_status":"closed","ping_status":"closed","template":"","meta":{"_acf_changed":false},"product_brand":[],"product_cat":[50],"product_tag":[],"class_list":{"0":"post-8380","1":"product","2":"type-product","3":"status-publish","4":"has-post-thumbnail","6":"product_cat-wholesale-countertop-sinks","8":"first","9":"instock","10":"shipping-taxable","11":"product-type-simple"},"acf":[],"_links":{"self":[{"href":"https:\/\/www.ceramicbasin.com\/pt\/wp-json\/wp\/v2\/product\/8380","targetHints":{"allow":["GET"]}}],"collection":[{"href":"https:\/\/www.ceramicbasin.com\/pt\/wp-json\/wp\/v2\/product"}],"about":[{"href":"https:\/\/www.ceramicbasin.com\/pt\/wp-json\/wp\/v2\/types\/product"}],"replies":[{"embeddable":true,"href":"https:\/\/www.ceramicbasin.com\/pt\/wp-json\/wp\/v2\/comments?post=8380"}],"wp:featuredmedia":[{"embeddable":true,"href":"https:\/\/www.ceramicbasin.com\/pt\/wp-json\/wp\/v2\/media\/8382"}],"wp:attachment":[{"href":"https:\/\/www.ceramicbasin.com\/pt\/wp-json\/wp\/v2\/media?parent=8380"}],"wp:term":[{"taxonomy":"product_brand","embeddable":true,"href":"https:\/\/www.ceramicbasin.com\/pt\/wp-json\/wp\/v2\/product_brand?post=8380"},{"taxonomy":"product_cat","embeddable":true,"href":"https:\/\/www.ceramicbasin.com\/pt\/wp-json\/wp\/v2\/product_cat?post=8380"},{"taxonomy":"product_tag","embeddable":true,"href":"https:\/\/www.ceramicbasin.com\/pt\/wp-json\/wp\/v2\/product_tag?post=8380"}],"curies":[{"name":"wp","href":"https:\/\/api.w.org\/{rel}","templated":true}]}}