{"id":8395,"date":"2025-11-06T02:37:26","date_gmt":"2025-11-06T02:37:26","guid":{"rendered":"https:\/\/www.ceramicbasin.com\/?post_type=product&#038;p=8395"},"modified":"2025-11-07T01:22:21","modified_gmt":"2025-11-07T01:22:21","slug":"wholesale-round-lavatory-sink","status":"publish","type":"product","link":"https:\/\/www.ceramicbasin.com\/pt\/produto\/wholesale-round-lavatory-sink\/","title":{"rendered":"Lavat\u00f3rio redondo moderno por atacado para casa de banho e hotel"},"content":{"rendered":"<div class=\"wp-block-columns is-layout-flex wp-container-core-columns-is-layout-9d6595d7 wp-block-columns-is-layout-flex\">\n<div class=\"wp-block-column is-layout-flow wp-block-column-is-layout-flow\">\n<h2 class=\"wp-block-heading\">Lavat\u00f3rio redondo Premium Europe Wholesale Carater\u00edsticas:<\/h2>\n\n\n\n<ul class=\"wp-block-list\">\n<li><strong>Design nobre: <\/strong>Os lavat\u00f3rios de bancada por atacado apresentam uma forma redonda. Para o design interno, \u00e9 uma textura requintada de corte de tijolos, quebrando a tradicional parede interna lisa e adicionando uma hierarquia visual \u00fanica para torn\u00e1-la muito mais elegante e luxuosa.<\/li>\n\n\n\n<li><strong>Esmalte:<\/strong> O tratamento de envidra\u00e7amento a alta temperatura \u00e9 efectuado na superf\u00edcie deste lavat\u00f3rio redondo por atacado para garantir um toque suave, uma limpeza f\u00e1cil e um excelente desempenho anti-incrustante e anti-incrustante. O vidro liso reduz a acumula\u00e7\u00e3o de manchas de \u00e1gua e sujidade; pode manter o seu brilho durante muito tempo, mesmo com uma utiliza\u00e7\u00e3o frequente.<\/li>\n\n\n\n<li><strong>Cores: <\/strong>Estes lavat\u00f3rios redondos por atacado oferecem v\u00e1rios tipos de op\u00e7\u00f5es de cores, que podem facilmente combinar com v\u00e1rios temas de design de casas de banho. Quer se trate de um estilo simples e moderno, ou de um estilo retro e cl\u00e1ssico, pode ser perfeitamente integrado atrav\u00e9s de cores personalizadas.<\/li>\n\n\n\n<li><strong>Duradouro: <\/strong>Os nossos lava-loi\u00e7as de bancada de cer\u00e2mica por atacado s\u00e3o feitos de cer\u00e2mica de alta qualidade. T\u00eam uma estrutura s\u00f3lida com uma resist\u00eancia excecional a riscos e fissuras. Os nossos lava-loi\u00e7as de cer\u00e2mica s\u00e3o cozidos a alta temperatura, proporcionando maior durabilidade e resist\u00eancia \u00e0 deforma\u00e7\u00e3o no uso di\u00e1rio. Eles resistem a v\u00e1rios tipos de desafios no uso di\u00e1rio e servir\u00e3o a uma ampla variedade de prop\u00f3sitos na decora\u00e7\u00e3o comercial e dom\u00e9stica.<\/li>\n<\/ul>\n<\/div>\n\n\n\n<div class=\"wp-block-column is-layout-flow wp-block-column-is-layout-flow\">\n<figure class=\"wp-block-image size-full\"><img fetchpriority=\"high\" decoding=\"async\" width=\"550\" height=\"900\" src=\"https:\/\/www.ceramicbasin.com\/wp-content\/uploads\/2025\/11\/modern-wholesale-round-lavatory-sink-for-bathroom-and-hotel-6.webp\" alt=\"lavat\u00f3rio redondo moderno para casa de banho e hotel-6\" class=\"wp-image-8410\" srcset=\"https:\/\/www.ceramicbasin.com\/wp-content\/uploads\/2025\/11\/modern-wholesale-round-lavatory-sink-for-bathroom-and-hotel-6.webp 550w, https:\/\/www.ceramicbasin.com\/wp-content\/uploads\/2025\/11\/modern-wholesale-round-lavatory-sink-for-bathroom-and-hotel-6-183x300.webp 183w, https:\/\/www.ceramicbasin.com\/wp-content\/uploads\/2025\/11\/modern-wholesale-round-lavatory-sink-for-bathroom-and-hotel-6-7x12.webp 7w, https:\/\/www.ceramicbasin.com\/wp-content\/uploads\/2025\/11\/modern-wholesale-round-lavatory-sink-for-bathroom-and-hotel-6-285x466.webp 285w, https:\/\/www.ceramicbasin.com\/wp-content\/uploads\/2025\/11\/modern-wholesale-round-lavatory-sink-for-bathroom-and-hotel-6-403x660.webp 403w, https:\/\/www.ceramicbasin.com\/wp-content\/uploads\/2025\/11\/modern-wholesale-round-lavatory-sink-for-bathroom-and-hotel-6-92x150.webp 92w\" sizes=\"(max-width: 550px) 100vw, 550px\" \/><\/figure>\n<\/div>\n<\/div>\n\n\n\n<p><\/p>","protected":false},"excerpt":{"rendered":"<p>Bem-vindo ao consultar os nossos lavat\u00f3rios redondos por atacado. Este lavat\u00f3rio de cer\u00e2mica de estilo europeu apresenta um design elegante e minimalista que \u00e9 perfeito para casas de banho e hot\u00e9is modernos. \u00c9 feito de cer\u00e2mica dur\u00e1vel e de alto brilho, com um acabamento suave que proporciona uma limpeza f\u00e1cil. Estes lavat\u00f3rios s\u00e3o ideais para projectos de casas de banho por atacado e personalizados.<\/p>\n<table style=\"border-collapse: collapse; width: 311.02pt;\" border=\"0\" width=\"311\" cellspacing=\"0\" cellpadding=\"0\">\n<tbody>\n<tr style=\"height: 17.60pt;\">\n<td class=\"et3\" style=\"height: 17.60pt; width: 108.35pt;\" width=\"108\" height=\"17\">Fabricante<\/td>\n<td class=\"et3\" style=\"width: 202.95pt;\" width=\"202\">HanYu<\/td>\n<\/tr>\n<tr style=\"height: 17.60pt;\">\n<td class=\"et3\" style=\"height: 17.60pt;\" height=\"17\">Modelo n.<\/td>\n<td class=\"et4\">HY-8257<\/td>\n<\/tr>\n<tr style=\"height: 18.00pt;\">\n<td class=\"et3\" style=\"height: 18.00pt;\" height=\"18\">Tipo<\/td>\n<td class=\"et5\" style=\"width: 202.95pt;\" width=\"202\">Lavat\u00f3rio de bancada<\/td>\n<\/tr>\n<tr style=\"height: 17.60pt;\">\n<td class=\"et3\" style=\"height: 17.60pt;\" height=\"17\">Forma<\/td>\n<td class=\"et3\">Forma redonda<\/td>\n<\/tr>\n<tr style=\"height: 18.00pt;\">\n<td class=\"et4\" style=\"height: 18.00pt;\" height=\"18\">Cor<\/td>\n<td class=\"et5\" style=\"width: 202.95pt;\" width=\"202\">Branco<\/td>\n<\/tr>\n<tr style=\"height: 18.00pt;\">\n<td class=\"et3\" style=\"height: 18.00pt;\" height=\"18\">Dimens\u00e3o<\/td>\n<td class=\"et5\" style=\"width: 202.95pt;\" width=\"202\">38*38*15.5<\/td>\n<\/tr>\n<tr style=\"height: 17.60pt;\">\n<td class=\"et3\" style=\"height: 17.60pt;\" height=\"17\">N.W \/SET<\/td>\n<td class=\"et3\">10 KGS\/PCS<\/td>\n<\/tr>\n<tr style=\"height: 17.60pt;\">\n<td class=\"et3\" style=\"height: 17.60pt;\" height=\"17\">MOQ<\/td>\n<td class=\"et3\">20 unidades<\/td>\n<\/tr>\n<tr style=\"height: 17.60pt;\">\n<td class=\"et3\" style=\"height: 17.60pt;\" height=\"17\">Op\u00e7\u00e3o personalizada<\/td>\n<td class=\"et3\">Cor\/Patente\/Tamanho\/Logotipo\/Embalagem<\/td>\n<\/tr>\n<\/tbody>\n<\/table>","protected":false},"featured_media":8405,"comment_status":"closed","ping_status":"closed","template":"","meta":{"_acf_changed":false},"product_brand":[],"product_cat":[50],"product_tag":[],"class_list":{"0":"post-8395","1":"product","2":"type-product","3":"status-publish","4":"has-post-thumbnail","6":"product_cat-wholesale-countertop-sinks","8":"first","9":"instock","10":"shipping-taxable","11":"product-type-simple"},"acf":[],"_links":{"self":[{"href":"https:\/\/www.ceramicbasin.com\/pt\/wp-json\/wp\/v2\/product\/8395","targetHints":{"allow":["GET"]}}],"collection":[{"href":"https:\/\/www.ceramicbasin.com\/pt\/wp-json\/wp\/v2\/product"}],"about":[{"href":"https:\/\/www.ceramicbasin.com\/pt\/wp-json\/wp\/v2\/types\/product"}],"replies":[{"embeddable":true,"href":"https:\/\/www.ceramicbasin.com\/pt\/wp-json\/wp\/v2\/comments?post=8395"}],"wp:featuredmedia":[{"embeddable":true,"href":"https:\/\/www.ceramicbasin.com\/pt\/wp-json\/wp\/v2\/media\/8405"}],"wp:attachment":[{"href":"https:\/\/www.ceramicbasin.com\/pt\/wp-json\/wp\/v2\/media?parent=8395"}],"wp:term":[{"taxonomy":"product_brand","embeddable":true,"href":"https:\/\/www.ceramicbasin.com\/pt\/wp-json\/wp\/v2\/product_brand?post=8395"},{"taxonomy":"product_cat","embeddable":true,"href":"https:\/\/www.ceramicbasin.com\/pt\/wp-json\/wp\/v2\/product_cat?post=8395"},{"taxonomy":"product_tag","embeddable":true,"href":"https:\/\/www.ceramicbasin.com\/pt\/wp-json\/wp\/v2\/product_tag?post=8395"}],"curies":[{"name":"wp","href":"https:\/\/api.w.org\/{rel}","templated":true}]}}