{"id":8517,"date":"2025-11-15T09:34:49","date_gmt":"2025-11-15T09:34:49","guid":{"rendered":"https:\/\/www.ceramicbasin.com\/?post_type=product&#038;p=8517"},"modified":"2025-11-15T09:34:51","modified_gmt":"2025-11-15T09:34:51","slug":"wholesale-bathroom-countertop-basins","status":"publish","type":"product","link":"https:\/\/www.ceramicbasin.com\/pt\/produto\/wholesale-bathroom-countertop-basins\/","title":{"rendered":"Lavat\u00f3rios de bancada de casa de banho a granel por atacado com furo para torneira"},"content":{"rendered":"<div class=\"wp-block-columns is-layout-flex wp-container-core-columns-is-layout-9d6595d7 wp-block-columns-is-layout-flex\">\n<div class=\"wp-block-column is-layout-flow wp-block-column-is-layout-flow\">\n<h2 class=\"wp-block-heading\">Bacias de bancada de casa de banho por atacado Premium Carater\u00edsticas:<\/h2>\n\n\n\n<ul class=\"wp-block-list\">\n<li><strong>Instala\u00e7\u00e3o f\u00e1cil:<\/strong>\u00a0As nossas bacias de bancada de casa de banho por atacado apresentam um design de instala\u00e7\u00e3o de bancada, adequado para instala\u00e7\u00e3o de montagem em arm\u00e1rio. A estrutura \u00e9 robusta e a instala\u00e7\u00e3o \u00e9 simples.<\/li>\n\n\n\n<li><strong>Material cer\u00e2mico de alta qualidade:\u00a0<\/strong>Os nossos lava-loi\u00e7as de cer\u00e2mica de fornecimento a granel s\u00e3o feitos de cer\u00e2mica cozida a alta temperatura, o esmalte da superf\u00edcie \u00e9 liso e denso, resistente a riscos, resistente a manchas, f\u00e1cil de limpar e \u00e0 prova de \u00e1gua, mantendo o seu brilho mesmo ap\u00f3s uma utiliza\u00e7\u00e3o prolongada.<\/li>\n\n\n\n<li><strong>Venda direta da f\u00e1brica:\u00a0<\/strong>As bacias de bancada de casa de banho por atacado da HanYu s\u00e3o vendidas diretamente pela f\u00e1brica, eliminando a diferen\u00e7a de pre\u00e7o dos intermedi\u00e1rios, e a compra a granel de lavat\u00f3rios de casa de banho garante que compra lavat\u00f3rios de casa de banho de alta qualidade a granel ao menor custo.<\/li>\n\n\n\n<li><strong>Design s\u00f3lido retangular:\u00a0<\/strong>Estes lava-loi\u00e7as de cer\u00e2mica de fornecimento a granel t\u00eam um design s\u00f3lido e linhas simples, real\u00e7ando um design moderno e minimalista, perfeito para hot\u00e9is de luxo e utiliza\u00e7\u00e3o comercial.<\/li>\n<\/ul>\n<\/div>\n\n\n\n<div class=\"wp-block-column is-layout-flow wp-block-column-is-layout-flow\">\n<figure class=\"wp-block-image size-full\"><img fetchpriority=\"high\" decoding=\"async\" width=\"645\" height=\"936\" src=\"https:\/\/www.ceramicbasin.com\/wp-content\/uploads\/2025\/11\/Ceramic-washbasin-supplier-rectangle-design-above-counter-basin-with-faucet-hole-5.webp\" alt=\"\" class=\"wp-image-8514\" srcset=\"https:\/\/www.ceramicbasin.com\/wp-content\/uploads\/2025\/11\/Ceramic-washbasin-supplier-rectangle-design-above-counter-basin-with-faucet-hole-5.webp 645w, https:\/\/www.ceramicbasin.com\/wp-content\/uploads\/2025\/11\/Ceramic-washbasin-supplier-rectangle-design-above-counter-basin-with-faucet-hole-5-207x300.webp 207w, https:\/\/www.ceramicbasin.com\/wp-content\/uploads\/2025\/11\/Ceramic-washbasin-supplier-rectangle-design-above-counter-basin-with-faucet-hole-5-8x12.webp 8w, https:\/\/www.ceramicbasin.com\/wp-content\/uploads\/2025\/11\/Ceramic-washbasin-supplier-rectangle-design-above-counter-basin-with-faucet-hole-5-285x414.webp 285w, https:\/\/www.ceramicbasin.com\/wp-content\/uploads\/2025\/11\/Ceramic-washbasin-supplier-rectangle-design-above-counter-basin-with-faucet-hole-5-455x660.webp 455w, https:\/\/www.ceramicbasin.com\/wp-content\/uploads\/2025\/11\/Ceramic-washbasin-supplier-rectangle-design-above-counter-basin-with-faucet-hole-5-103x150.webp 103w\" sizes=\"(max-width: 645px) 100vw, 645px\" \/><\/figure>\n<\/div>\n<\/div>","protected":false},"excerpt":{"rendered":"<p>Bem-vindo \u00e0 encomenda de lavat\u00f3rios de bancada de casa de banho por atacado. Os nossos lavat\u00f3rios de cer\u00e2mica de fornecimento a granel t\u00eam um design s\u00f3lido e linhas limpas, enfatizando um design moderno e minimalista, perfeito para hot\u00e9is de luxo e uso comercial.<\/p>\n<table style=\"border-collapse: collapse; width: 358.52pt;\" border=\"0\" width=\"478\" cellspacing=\"0\" cellpadding=\"0\">\n<tbody>\n<tr style=\"height: 17.25pt;\">\n<td class=\"et3\" style=\"height: 17.25pt; width: 125.00pt;\" width=\"166\" height=\"23\">Fabricante<\/td>\n<td class=\"et3\" style=\"width: 234.15pt;\" width=\"312\">HanYu<\/td>\n<\/tr>\n<tr style=\"height: 17.25pt;\">\n<td class=\"et3\" style=\"height: 17.25pt;\" height=\"23\">Modelo n.<\/td>\n<td class=\"et4\">HY-8262<\/td>\n<\/tr>\n<tr style=\"height: 17.25pt;\">\n<td class=\"et3\" style=\"height: 17.25pt;\" height=\"23\">Tipo<\/td>\n<td class=\"et5\" style=\"width: 234.15pt;\" width=\"312\">Lava-lou\u00e7as de bancada<\/td>\n<\/tr>\n<tr style=\"height: 18.00pt;\">\n<td class=\"et3\" style=\"height: 18.00pt;\" height=\"24\">Forma<\/td>\n<td class=\"et3\">Forma retangular<\/td>\n<\/tr>\n<tr style=\"height: 34.50pt;\">\n<td class=\"et4\" style=\"height: 34.50pt;\" height=\"46\">Cor<\/td>\n<td class=\"et5\" style=\"width: 234.15pt;\" width=\"312\">preto\/branco\/azul\/cinzento\/rosa\/verde\/castanho\/caqui<\/td>\n<\/tr>\n<tr style=\"height: 18.00pt;\">\n<td class=\"et3\" style=\"height: 18.00pt;\" height=\"24\">Dimens\u00e3o<\/td>\n<td class=\"et5\" style=\"width: 234.15pt;\" width=\"312\">55*38*14<\/td>\n<\/tr>\n<tr style=\"height: 17.25pt;\">\n<td class=\"et3\" style=\"height: 17.25pt;\" height=\"23\">N.W \/SET<\/td>\n<td class=\"et3\">12KGS\/PCS<\/td>\n<\/tr>\n<tr style=\"height: 17.25pt;\">\n<td class=\"et3\" style=\"height: 17.25pt;\" height=\"23\">MOQ<\/td>\n<td class=\"et3\">20 unidades<\/td>\n<\/tr>\n<tr style=\"height: 17.25pt;\">\n<td class=\"et3\" style=\"height: 17.25pt;\" height=\"23\">Op\u00e7\u00e3o personalizada<\/td>\n<td class=\"et3\">Cor\/Patente\/Tamanho\/Logotipo\/Embalagem<\/td>\n<\/tr>\n<\/tbody>\n<\/table>","protected":false},"featured_media":8513,"comment_status":"closed","ping_status":"closed","template":"","meta":{"_acf_changed":false},"product_brand":[],"product_cat":[50],"product_tag":[],"class_list":{"0":"post-8517","1":"product","2":"type-product","3":"status-publish","4":"has-post-thumbnail","6":"product_cat-wholesale-countertop-sinks","8":"first","9":"instock","10":"shipping-taxable","11":"product-type-simple"},"acf":[],"_links":{"self":[{"href":"https:\/\/www.ceramicbasin.com\/pt\/wp-json\/wp\/v2\/product\/8517","targetHints":{"allow":["GET"]}}],"collection":[{"href":"https:\/\/www.ceramicbasin.com\/pt\/wp-json\/wp\/v2\/product"}],"about":[{"href":"https:\/\/www.ceramicbasin.com\/pt\/wp-json\/wp\/v2\/types\/product"}],"replies":[{"embeddable":true,"href":"https:\/\/www.ceramicbasin.com\/pt\/wp-json\/wp\/v2\/comments?post=8517"}],"wp:featuredmedia":[{"embeddable":true,"href":"https:\/\/www.ceramicbasin.com\/pt\/wp-json\/wp\/v2\/media\/8513"}],"wp:attachment":[{"href":"https:\/\/www.ceramicbasin.com\/pt\/wp-json\/wp\/v2\/media?parent=8517"}],"wp:term":[{"taxonomy":"product_brand","embeddable":true,"href":"https:\/\/www.ceramicbasin.com\/pt\/wp-json\/wp\/v2\/product_brand?post=8517"},{"taxonomy":"product_cat","embeddable":true,"href":"https:\/\/www.ceramicbasin.com\/pt\/wp-json\/wp\/v2\/product_cat?post=8517"},{"taxonomy":"product_tag","embeddable":true,"href":"https:\/\/www.ceramicbasin.com\/pt\/wp-json\/wp\/v2\/product_tag?post=8517"}],"curies":[{"name":"wp","href":"https:\/\/api.w.org\/{rel}","templated":true}]}}