{"id":8520,"date":"2025-11-15T09:27:14","date_gmt":"2025-11-15T09:27:14","guid":{"rendered":"https:\/\/www.ceramicbasin.com\/?post_type=product&#038;p=8520"},"modified":"2025-11-17T01:21:00","modified_gmt":"2025-11-17T01:21:00","slug":"wholesale-rectangular-bathroom-sink","status":"publish","type":"product","link":"https:\/\/www.ceramicbasin.com\/pt\/produto\/wholesale-rectangular-bathroom-sink\/","title":{"rendered":"Lavat\u00f3rio retangular de casa de banho por atacado, lavat\u00f3rios de montagem superior"},"content":{"rendered":"<div class=\"wp-block-columns is-layout-flex wp-container-core-columns-is-layout-9d6595d7 wp-block-columns-is-layout-flex\">\n<div class=\"wp-block-column is-layout-flow wp-block-column-is-layout-flow\">\n<h2 class=\"wp-block-heading\">Carater\u00edsticas do lavat\u00f3rio retangular de casa de banho Premium Wholesale:<\/h2>\n\n\n\n<ul class=\"wp-block-list\">\n<li><strong>Material de alta qualidade:<\/strong>\u00a0Feito de materiais cer\u00e2micos de alta qualidade, cozidos a alta temperatura, para tornar o nosso lavat\u00f3rio de casa de banho retangular por atacado robusto, resistente, \u00e0 prova de manchas e de riscos. A superf\u00edcie transparente n\u00e3o s\u00f3 \u00e9 conveniente para limpar, mas tamb\u00e9m se torna dur\u00e1vel e brilhante por um longo tempo, fazendo com que a casa de banho tenha um temperamento de alta qualidade.<\/li>\n\n\n\n<li><strong>Design moderno e minimalista:<\/strong>\u00a0Este lavat\u00f3rio de balc\u00e3o por atacado tem arestas rectas, limpas e quadradas que criam uma afirma\u00e7\u00e3o visual clara e n\u00edtida, adequada a estilos de casa de banho modernos, n\u00f3rdicos, minimalistas e outros.<\/li>\n\n\n\n<li><strong>Op\u00e7\u00f5es personalizadas:\u00a0<\/strong>HanYu fornece pias de banheiro retangulares por atacado com servi\u00e7os personalizados, fornecendo uma variedade de tamanhos, cores e texturas de acordo com as necessidades do cliente, atendendo a diferentes designs de banheiro e prefer\u00eancias pessoais e criando um espa\u00e7o de banheiro exclusivo para voc\u00ea.<\/li>\n\n\n\n<li><strong>Pre\u00e7o por grosso:<\/strong>\u00a0As nossas bacias de lavat\u00f3rio por atacado s\u00e3o vendidas ao pre\u00e7o de atacado direto da f\u00e1brica para ganhar mais espa\u00e7o de lucro para os clientes. Bem-vindo compradores B2B para compras a granel.<\/li>\n<\/ul>\n<\/div>\n\n\n\n<div class=\"wp-block-column is-layout-flow wp-block-column-is-layout-flow\">\n<figure class=\"wp-block-image size-full\"><img fetchpriority=\"high\" decoding=\"async\" width=\"660\" height=\"928\" src=\"https:\/\/www.ceramicbasin.com\/wp-content\/uploads\/2025\/11\/Bathroom-coiunter-top-ceramic-hand-wahsing-basin-for-wholesale-5.webp\" alt=\"\" class=\"wp-image-8509\" srcset=\"https:\/\/www.ceramicbasin.com\/wp-content\/uploads\/2025\/11\/Bathroom-coiunter-top-ceramic-hand-wahsing-basin-for-wholesale-5.webp 660w, https:\/\/www.ceramicbasin.com\/wp-content\/uploads\/2025\/11\/Bathroom-coiunter-top-ceramic-hand-wahsing-basin-for-wholesale-5-213x300.webp 213w, https:\/\/www.ceramicbasin.com\/wp-content\/uploads\/2025\/11\/Bathroom-coiunter-top-ceramic-hand-wahsing-basin-for-wholesale-5-9x12.webp 9w, https:\/\/www.ceramicbasin.com\/wp-content\/uploads\/2025\/11\/Bathroom-coiunter-top-ceramic-hand-wahsing-basin-for-wholesale-5-285x401.webp 285w, https:\/\/www.ceramicbasin.com\/wp-content\/uploads\/2025\/11\/Bathroom-coiunter-top-ceramic-hand-wahsing-basin-for-wholesale-5-469x660.webp 469w, https:\/\/www.ceramicbasin.com\/wp-content\/uploads\/2025\/11\/Bathroom-coiunter-top-ceramic-hand-wahsing-basin-for-wholesale-5-107x150.webp 107w\" sizes=\"(max-width: 660px) 100vw, 660px\" \/><\/figure>\n<\/div>\n<\/div>","protected":false},"excerpt":{"rendered":"<p>Bem-vindo \u00e0 encomenda de lavat\u00f3rios rectangulares para casa de banho por atacado. O nosso lavat\u00f3rio acima do balc\u00e3o tem arestas rectas, limpas e quadradas que criam uma declara\u00e7\u00e3o visual clara e n\u00edtida, adequada para estilos de casa de banho modernos, n\u00f3rdicos, minimalistas e outros.<\/p>\n<table style=\"border-collapse: collapse; width: 358.52pt;\" border=\"0\" width=\"478\" cellspacing=\"0\" cellpadding=\"0\">\n<tbody>\n<tr style=\"height: 17.25pt;\">\n<td class=\"et3\" style=\"height: 17.25pt; width: 125.00pt;\" width=\"166\" height=\"23\">Fabricante<\/td>\n<td class=\"et3\" style=\"width: 234.15pt;\" width=\"312\">HanYu<\/td>\n<\/tr>\n<tr style=\"height: 17.25pt;\">\n<td class=\"et3\" style=\"height: 17.25pt;\" height=\"23\">Modelo n.<\/td>\n<td class=\"et4\">HY-8255<\/td>\n<\/tr>\n<tr style=\"height: 17.25pt;\">\n<td class=\"et3\" style=\"height: 17.25pt;\" height=\"23\">Tipo<\/td>\n<td class=\"et5\" style=\"width: 234.15pt;\" width=\"312\">Lava-lou\u00e7as de bancada<\/td>\n<\/tr>\n<tr style=\"height: 18.00pt;\">\n<td class=\"et3\" style=\"height: 18.00pt;\" height=\"24\">Forma<\/td>\n<td class=\"et3\">Forma retangular<\/td>\n<\/tr>\n<tr style=\"height: 34.50pt;\">\n<td class=\"et4\" style=\"height: 34.50pt;\" height=\"46\">Cor<\/td>\n<td class=\"et5\" style=\"width: 234.15pt;\" width=\"312\">preto\/branco\/azul\/cinzento\/rosa\/verde\/castanho\/caqui<\/td>\n<\/tr>\n<tr style=\"height: 18.00pt;\">\n<td class=\"et3\" style=\"height: 18.00pt;\" height=\"24\">Dimens\u00e3o<\/td>\n<td class=\"et5\" style=\"width: 234.15pt;\" width=\"312\">55*45*14<\/td>\n<\/tr>\n<tr style=\"height: 17.25pt;\">\n<td class=\"et3\" style=\"height: 17.25pt;\" height=\"23\">N.W \/SET<\/td>\n<td class=\"et3\">8KGS\/PCS<\/td>\n<\/tr>\n<tr style=\"height: 17.25pt;\">\n<td class=\"et3\" style=\"height: 17.25pt;\" height=\"23\">MOQ<\/td>\n<td class=\"et3\">20 unidades<\/td>\n<\/tr>\n<tr style=\"height: 17.25pt;\">\n<td class=\"et3\" style=\"height: 17.25pt;\" height=\"23\">Op\u00e7\u00e3o personalizada<\/td>\n<td class=\"et3\">Cor\/Patente\/Tamanho\/Logotipo\/Embalagem<\/td>\n<\/tr>\n<\/tbody>\n<\/table>","protected":false},"featured_media":8505,"comment_status":"closed","ping_status":"closed","template":"","meta":{"_acf_changed":false},"product_brand":[],"product_cat":[50],"product_tag":[],"class_list":{"0":"post-8520","1":"product","2":"type-product","3":"status-publish","4":"has-post-thumbnail","6":"product_cat-wholesale-countertop-sinks","8":"first","9":"instock","10":"shipping-taxable","11":"product-type-simple"},"acf":[],"_links":{"self":[{"href":"https:\/\/www.ceramicbasin.com\/pt\/wp-json\/wp\/v2\/product\/8520","targetHints":{"allow":["GET"]}}],"collection":[{"href":"https:\/\/www.ceramicbasin.com\/pt\/wp-json\/wp\/v2\/product"}],"about":[{"href":"https:\/\/www.ceramicbasin.com\/pt\/wp-json\/wp\/v2\/types\/product"}],"replies":[{"embeddable":true,"href":"https:\/\/www.ceramicbasin.com\/pt\/wp-json\/wp\/v2\/comments?post=8520"}],"wp:featuredmedia":[{"embeddable":true,"href":"https:\/\/www.ceramicbasin.com\/pt\/wp-json\/wp\/v2\/media\/8505"}],"wp:attachment":[{"href":"https:\/\/www.ceramicbasin.com\/pt\/wp-json\/wp\/v2\/media?parent=8520"}],"wp:term":[{"taxonomy":"product_brand","embeddable":true,"href":"https:\/\/www.ceramicbasin.com\/pt\/wp-json\/wp\/v2\/product_brand?post=8520"},{"taxonomy":"product_cat","embeddable":true,"href":"https:\/\/www.ceramicbasin.com\/pt\/wp-json\/wp\/v2\/product_cat?post=8520"},{"taxonomy":"product_tag","embeddable":true,"href":"https:\/\/www.ceramicbasin.com\/pt\/wp-json\/wp\/v2\/product_tag?post=8520"}],"curies":[{"name":"wp","href":"https:\/\/api.w.org\/{rel}","templated":true}]}}