{"id":8521,"date":"2025-11-15T09:19:53","date_gmt":"2025-11-15T09:19:53","guid":{"rendered":"https:\/\/www.ceramicbasin.com\/?post_type=product&#038;p=8521"},"modified":"2025-11-15T09:19:56","modified_gmt":"2025-11-15T09:19:56","slug":"wholesale-rectangle-basins","status":"publish","type":"product","link":"https:\/\/www.ceramicbasin.com\/pt\/produto\/wholesale-rectangle-basins\/","title":{"rendered":"Lavat\u00f3rios rectangulares de f\u00e1brica, lavat\u00f3rios de porcelana para casa de banho"},"content":{"rendered":"<div class=\"wp-block-columns is-layout-flex wp-container-core-columns-is-layout-9d6595d7 wp-block-columns-is-layout-flex\">\n<div class=\"wp-block-column is-layout-flow wp-block-column-is-layout-flow\">\n<h2 class=\"wp-block-heading\">Bacias rectangulares por atacado Premium Carater\u00edsticas:<\/h2>\n\n\n\n<ul class=\"wp-block-list\">\n<li><strong>Design retangular contempor\u00e2neo:\u00a0<\/strong>As nossas bacias rectangulares por atacado t\u00eam um design retangular f\u00e1cil e elegante, linhas suaves e estilo moderno. Pode combinar-se perfeitamente com qualquer estilo de decora\u00e7\u00e3o de casa de banho, acrescentando eleg\u00e2ncia e modernidade \u00e0 \u00e1rea da casa de banho.<\/li>\n\n\n\n<li><strong>Design de tamanho generoso:\u00a0<\/strong>O lavat\u00f3rio de casa de banho de bancada de f\u00e1brica com um lavat\u00f3rio de vasos de tamanho generoso responde \u00e0 necessidade de espa\u00e7o num lavat\u00f3rio. N\u00e3o s\u00f3 \u00e9 pr\u00e1tico, como tamb\u00e9m pode melhorar a qualidade geral e o conforto da casa de banho. \u00c9 adequado para casas e hot\u00e9is de luxo.<\/li>\n\n\n\n<li><strong>Stock a granel:\u00a0<\/strong>Estas bacias rectangulares para venda por grosso suportam a aquisi\u00e7\u00e3o por grosso e por projeto, satisfazendo as necessidades de entrega r\u00e1pida de retalhistas, distribuidores e clientes de projectos.<\/li>\n\n\n\n<li><strong>Vers\u00e1til:<\/strong>\u00a0Estes lavat\u00f3rios de casa de banho de bancada de f\u00e1brica s\u00e3o adequados para lavabos de casa de banho, hot\u00e9is, casas de banho comerciais e renova\u00e7\u00f5es residenciais, proporcionando est\u00e9tica e praticidade.<\/li>\n<\/ul>\n<\/div>\n\n\n\n<div class=\"wp-block-column is-layout-flow wp-block-column-is-layout-flow\">\n<figure class=\"wp-block-image size-full\"><img fetchpriority=\"high\" decoding=\"async\" width=\"645\" height=\"912\" src=\"https:\/\/www.ceramicbasin.com\/wp-content\/uploads\/2025\/11\/Rectangle-shape-ceramic-white-basin-sink-bowl-for-bathroom-5.webp\" alt=\"\" class=\"wp-image-8504\" srcset=\"https:\/\/www.ceramicbasin.com\/wp-content\/uploads\/2025\/11\/Rectangle-shape-ceramic-white-basin-sink-bowl-for-bathroom-5.webp 645w, https:\/\/www.ceramicbasin.com\/wp-content\/uploads\/2025\/11\/Rectangle-shape-ceramic-white-basin-sink-bowl-for-bathroom-5-212x300.webp 212w, https:\/\/www.ceramicbasin.com\/wp-content\/uploads\/2025\/11\/Rectangle-shape-ceramic-white-basin-sink-bowl-for-bathroom-5-8x12.webp 8w, https:\/\/www.ceramicbasin.com\/wp-content\/uploads\/2025\/11\/Rectangle-shape-ceramic-white-basin-sink-bowl-for-bathroom-5-285x403.webp 285w, https:\/\/www.ceramicbasin.com\/wp-content\/uploads\/2025\/11\/Rectangle-shape-ceramic-white-basin-sink-bowl-for-bathroom-5-467x660.webp 467w, https:\/\/www.ceramicbasin.com\/wp-content\/uploads\/2025\/11\/Rectangle-shape-ceramic-white-basin-sink-bowl-for-bathroom-5-106x150.webp 106w\" sizes=\"(max-width: 645px) 100vw, 645px\" \/><\/figure>\n<\/div>\n<\/div>","protected":false},"excerpt":{"rendered":"<p>Bem-vindo \u00e0 encomenda de bacias rectangulares por atacado. O nosso lavat\u00f3rio de casa de banho de bancada de f\u00e1brica apresenta um design retangular simples e elegante com linhas suaves e car\u00e1cter moderno. Pode integrar-se perfeitamente em qualquer estilo de decora\u00e7\u00e3o de casa de banho, acrescentando eleg\u00e2ncia e um toque contempor\u00e2neo \u00e0 \u00e1rea de lavagem.<\/p>\n<table style=\"border-collapse: collapse; width: 358.52pt;\" border=\"0\" width=\"478\" cellspacing=\"0\" cellpadding=\"0\">\n<tbody>\n<tr style=\"height: 17.25pt;\">\n<td class=\"et3\" style=\"height: 17.25pt; width: 125.00pt;\" width=\"166\" height=\"23\">Fabricante<\/td>\n<td class=\"et3\" style=\"width: 234.15pt;\" width=\"312\">HanYu<\/td>\n<\/tr>\n<tr style=\"height: 17.25pt;\">\n<td class=\"et3\" style=\"height: 17.25pt;\" height=\"23\">Modelo n.<\/td>\n<td class=\"et4\">HY-8255B<\/td>\n<\/tr>\n<tr style=\"height: 17.25pt;\">\n<td class=\"et3\" style=\"height: 17.25pt;\" height=\"23\">Tipo<\/td>\n<td class=\"et5\" style=\"width: 234.15pt;\" width=\"312\">Lava-lou\u00e7as de bancada<\/td>\n<\/tr>\n<tr style=\"height: 18.00pt;\">\n<td class=\"et3\" style=\"height: 18.00pt;\" height=\"24\">Forma<\/td>\n<td class=\"et3\">Forma retangular<\/td>\n<\/tr>\n<tr style=\"height: 34.50pt;\">\n<td class=\"et4\" style=\"height: 34.50pt;\" height=\"46\">Cor<\/td>\n<td class=\"et5\" style=\"width: 234.15pt;\" width=\"312\">preto\/branco\/azul\/cinzento\/rosa\/verde\/castanho\/caqui<\/td>\n<\/tr>\n<tr style=\"height: 18.00pt;\">\n<td class=\"et3\" style=\"height: 18.00pt;\" height=\"24\">Dimens\u00e3o<\/td>\n<td class=\"et5\" style=\"width: 234.15pt;\" width=\"312\">75*45*14<\/td>\n<\/tr>\n<tr style=\"height: 17.25pt;\">\n<td class=\"et3\" style=\"height: 17.25pt;\" height=\"23\">N.W \/SET<\/td>\n<td class=\"et3\">18KGS\/PCS<\/td>\n<\/tr>\n<tr style=\"height: 17.25pt;\">\n<td class=\"et3\" style=\"height: 17.25pt;\" height=\"23\">MOQ<\/td>\n<td class=\"et3\">20 unidades<\/td>\n<\/tr>\n<tr style=\"height: 17.25pt;\">\n<td class=\"et3\" style=\"height: 17.25pt;\" height=\"23\">Op\u00e7\u00e3o personalizada<\/td>\n<td class=\"et3\">Cor\/Patente\/Tamanho\/Logotipo\/Embalagem<\/td>\n<\/tr>\n<\/tbody>\n<\/table>","protected":false},"featured_media":8500,"comment_status":"closed","ping_status":"closed","template":"","meta":{"_acf_changed":false},"product_brand":[],"product_cat":[50],"product_tag":[],"class_list":{"0":"post-8521","1":"product","2":"type-product","3":"status-publish","4":"has-post-thumbnail","6":"product_cat-wholesale-countertop-sinks","8":"first","9":"instock","10":"shipping-taxable","11":"product-type-simple"},"acf":[],"_links":{"self":[{"href":"https:\/\/www.ceramicbasin.com\/pt\/wp-json\/wp\/v2\/product\/8521","targetHints":{"allow":["GET"]}}],"collection":[{"href":"https:\/\/www.ceramicbasin.com\/pt\/wp-json\/wp\/v2\/product"}],"about":[{"href":"https:\/\/www.ceramicbasin.com\/pt\/wp-json\/wp\/v2\/types\/product"}],"replies":[{"embeddable":true,"href":"https:\/\/www.ceramicbasin.com\/pt\/wp-json\/wp\/v2\/comments?post=8521"}],"wp:featuredmedia":[{"embeddable":true,"href":"https:\/\/www.ceramicbasin.com\/pt\/wp-json\/wp\/v2\/media\/8500"}],"wp:attachment":[{"href":"https:\/\/www.ceramicbasin.com\/pt\/wp-json\/wp\/v2\/media?parent=8521"}],"wp:term":[{"taxonomy":"product_brand","embeddable":true,"href":"https:\/\/www.ceramicbasin.com\/pt\/wp-json\/wp\/v2\/product_brand?post=8521"},{"taxonomy":"product_cat","embeddable":true,"href":"https:\/\/www.ceramicbasin.com\/pt\/wp-json\/wp\/v2\/product_cat?post=8521"},{"taxonomy":"product_tag","embeddable":true,"href":"https:\/\/www.ceramicbasin.com\/pt\/wp-json\/wp\/v2\/product_tag?post=8521"}],"curies":[{"name":"wp","href":"https:\/\/api.w.org\/{rel}","templated":true}]}}