{"id":8522,"date":"2025-11-15T09:10:43","date_gmt":"2025-11-15T09:10:43","guid":{"rendered":"https:\/\/www.ceramicbasin.com\/?post_type=product&#038;p=8522"},"modified":"2025-11-15T09:10:45","modified_gmt":"2025-11-15T09:10:45","slug":"wholesale-restroom-lavatory","status":"publish","type":"product","link":"https:\/\/www.ceramicbasin.com\/pt\/produto\/wholesale-restroom-lavatory\/","title":{"rendered":"Fornecedor grossista de lavat\u00f3rio de bancada para casa de banho"},"content":{"rendered":"<div class=\"wp-block-columns is-layout-flex wp-container-core-columns-is-layout-9d6595d7 wp-block-columns-is-layout-flex\">\n<div class=\"wp-block-column is-layout-flow wp-block-column-is-layout-flow\">\n<h2 class=\"wp-block-heading\">Lavat\u00f3rio de casa de banho Premium Wholesale Carater\u00edsticas:<\/h2>\n\n\n\n<ul class=\"wp-block-list\">\n<li><strong>Design quadrado moderno:\u00a0<\/strong>Estes lavat\u00f3rios de casa de banho por atacado t\u00eam um design quadrado simples com linhas m\u00ednimas, misturando-se sem esfor\u00e7o em ambientes de casa de banho modernos e produzindo um estilo unificado.<\/li>\n\n\n\n<li><strong>Cer\u00e2mica cozida a alta temperatura:\u00a0<\/strong>Estes lavat\u00f3rios de f\u00e1brica s\u00e3o feitos de cer\u00e2mica de alta qualidade, cozida a altas temperaturas, produzindo um toque s\u00f3lido e sedoso que \u00e9 \u00e0 prova de riscos, imperme\u00e1vel e \u00e0 prova de desbotamento, criando um acabamento dur\u00e1vel e higi\u00e9nico.<\/li>\n\n\n\n<li><strong>Instala\u00e7\u00e3o de bancadas:\u00a0<\/strong>Os nossos lavat\u00f3rios de casa de banho por atacado foram concebidos para serem instalados em bancadas, sendo assim simplesmente instalados e reparados sem comprometer o seu design e camadas, sendo por isso ideais para casas de banho de luxo e utiliza\u00e7\u00e3o comercial.<\/li>\n\n\n\n<li><strong>Personaliza\u00e7\u00e3o ilimitada:<\/strong>\u00a0Como fabricante profissional de lavat\u00f3rios com recipientes, a HanYu oferece uma gama completa de op\u00e7\u00f5es de lavat\u00f3rios de casa de banho personalizados em termos de forma, tamanho, cor e muito mais para fins comerciais.<\/li>\n<\/ul>\n<\/div>\n\n\n\n<div class=\"wp-block-column is-layout-flow wp-block-column-is-layout-flow\">\n<figure class=\"wp-block-image size-full\"><img fetchpriority=\"high\" decoding=\"async\" width=\"663\" height=\"912\" src=\"https:\/\/www.ceramicbasin.com\/wp-content\/uploads\/2025\/11\/Custom-porcelain-counter-top-hand-washbasin-factory-5.webp\" alt=\"\" class=\"wp-image-8499\" srcset=\"https:\/\/www.ceramicbasin.com\/wp-content\/uploads\/2025\/11\/Custom-porcelain-counter-top-hand-washbasin-factory-5.webp 663w, https:\/\/www.ceramicbasin.com\/wp-content\/uploads\/2025\/11\/Custom-porcelain-counter-top-hand-washbasin-factory-5-218x300.webp 218w, https:\/\/www.ceramicbasin.com\/wp-content\/uploads\/2025\/11\/Custom-porcelain-counter-top-hand-washbasin-factory-5-9x12.webp 9w, https:\/\/www.ceramicbasin.com\/wp-content\/uploads\/2025\/11\/Custom-porcelain-counter-top-hand-washbasin-factory-5-285x392.webp 285w, https:\/\/www.ceramicbasin.com\/wp-content\/uploads\/2025\/11\/Custom-porcelain-counter-top-hand-washbasin-factory-5-480x660.webp 480w, https:\/\/www.ceramicbasin.com\/wp-content\/uploads\/2025\/11\/Custom-porcelain-counter-top-hand-washbasin-factory-5-109x150.webp 109w\" sizes=\"(max-width: 663px) 100vw, 663px\" \/><\/figure>\n<\/div>\n<\/div>","protected":false},"excerpt":{"rendered":"<p>Bem-vindo \u00e0 encomenda por grosso de lavat\u00f3rios para casas de banho. Os nossos lavat\u00f3rios de f\u00e1brica s\u00e3o concebidos para serem instalados em bancadas, sendo simplesmente instalados e reparados sem comprometer o seu design e as suas camadas, pelo que s\u00e3o ideais para casas de banho de luxo e para uso comercial.<\/p>\n<table style=\"border-collapse: collapse; width: 358.52pt;\" border=\"0\" width=\"478\" cellspacing=\"0\" cellpadding=\"0\">\n<tbody>\n<tr style=\"height: 17.25pt;\">\n<td class=\"et3\" style=\"height: 17.25pt; width: 125.00pt;\" width=\"166\" height=\"23\">Fabricante<\/td>\n<td class=\"et3\" style=\"width: 234.15pt;\" width=\"312\">HanYu<\/td>\n<\/tr>\n<tr style=\"height: 17.25pt;\">\n<td class=\"et3\" style=\"height: 17.25pt;\" height=\"23\">Modelo n.<\/td>\n<td class=\"et4\">HY-8255A<\/td>\n<\/tr>\n<tr style=\"height: 17.25pt;\">\n<td class=\"et3\" style=\"height: 17.25pt;\" height=\"23\">Tipo<\/td>\n<td class=\"et5\" style=\"width: 234.15pt;\" width=\"312\">Lava-lou\u00e7as de bancada<\/td>\n<\/tr>\n<tr style=\"height: 18.00pt;\">\n<td class=\"et3\" style=\"height: 18.00pt;\" height=\"24\">Forma<\/td>\n<td class=\"et3\">Forma retangular<\/td>\n<\/tr>\n<tr style=\"height: 34.50pt;\">\n<td class=\"et4\" style=\"height: 34.50pt;\" height=\"46\">Cor<\/td>\n<td class=\"et5\" style=\"width: 234.15pt;\" width=\"312\">preto\/branco\/azul\/cinzento\/rosa\/verde\/castanho\/caqui<\/td>\n<\/tr>\n<tr style=\"height: 18.00pt;\">\n<td class=\"et3\" style=\"height: 18.00pt;\" height=\"24\">Dimens\u00e3o<\/td>\n<td class=\"et5\" style=\"width: 234.15pt;\" width=\"312\">65*45*14<\/td>\n<\/tr>\n<tr style=\"height: 17.25pt;\">\n<td class=\"et3\" style=\"height: 17.25pt;\" height=\"23\">N.W \/SET<\/td>\n<td class=\"et3\">10KGS\/PCS<\/td>\n<\/tr>\n<tr style=\"height: 17.25pt;\">\n<td class=\"et3\" style=\"height: 17.25pt;\" height=\"23\">MOQ<\/td>\n<td class=\"et3\">20 unidades<\/td>\n<\/tr>\n<tr style=\"height: 17.25pt;\">\n<td class=\"et3\" style=\"height: 17.25pt;\" height=\"23\">Op\u00e7\u00e3o personalizada<\/td>\n<td class=\"et3\">Cor\/Patente\/Tamanho\/Logotipo\/Embalagem<\/td>\n<\/tr>\n<\/tbody>\n<\/table>","protected":false},"featured_media":8498,"comment_status":"closed","ping_status":"closed","template":"","meta":{"_acf_changed":false},"product_brand":[],"product_cat":[50],"product_tag":[],"class_list":{"0":"post-8522","1":"product","2":"type-product","3":"status-publish","4":"has-post-thumbnail","6":"product_cat-wholesale-countertop-sinks","8":"first","9":"instock","10":"shipping-taxable","11":"product-type-simple"},"acf":[],"_links":{"self":[{"href":"https:\/\/www.ceramicbasin.com\/pt\/wp-json\/wp\/v2\/product\/8522","targetHints":{"allow":["GET"]}}],"collection":[{"href":"https:\/\/www.ceramicbasin.com\/pt\/wp-json\/wp\/v2\/product"}],"about":[{"href":"https:\/\/www.ceramicbasin.com\/pt\/wp-json\/wp\/v2\/types\/product"}],"replies":[{"embeddable":true,"href":"https:\/\/www.ceramicbasin.com\/pt\/wp-json\/wp\/v2\/comments?post=8522"}],"wp:featuredmedia":[{"embeddable":true,"href":"https:\/\/www.ceramicbasin.com\/pt\/wp-json\/wp\/v2\/media\/8498"}],"wp:attachment":[{"href":"https:\/\/www.ceramicbasin.com\/pt\/wp-json\/wp\/v2\/media?parent=8522"}],"wp:term":[{"taxonomy":"product_brand","embeddable":true,"href":"https:\/\/www.ceramicbasin.com\/pt\/wp-json\/wp\/v2\/product_brand?post=8522"},{"taxonomy":"product_cat","embeddable":true,"href":"https:\/\/www.ceramicbasin.com\/pt\/wp-json\/wp\/v2\/product_cat?post=8522"},{"taxonomy":"product_tag","embeddable":true,"href":"https:\/\/www.ceramicbasin.com\/pt\/wp-json\/wp\/v2\/product_tag?post=8522"}],"curies":[{"name":"wp","href":"https:\/\/api.w.org\/{rel}","templated":true}]}}