{"id":8527,"date":"2025-11-18T06:59:35","date_gmt":"2025-11-18T06:59:35","guid":{"rendered":"https:\/\/www.ceramicbasin.com\/?post_type=product&#038;p=8527"},"modified":"2025-11-20T07:47:49","modified_gmt":"2025-11-20T07:47:49","slug":"wholesale-wall-mounted-wash-basin","status":"publish","type":"product","link":"https:\/\/www.ceramicbasin.com\/pt\/produto\/wholesale-wall-mounted-wash-basin\/","title":{"rendered":"Lavat\u00f3rio de parede por atacado, lavat\u00f3rios de cer\u00e2mica personalizados"},"content":{"rendered":"<div class=\"wp-block-columns is-layout-flex wp-container-core-columns-is-layout-9d6595d7 wp-block-columns-is-layout-flex\">\n<div class=\"wp-block-column is-layout-flow wp-block-column-is-layout-flow\">\n<h2 class=\"wp-block-heading\">Lavat\u00f3rio de parede Premium Wholesale Carater\u00edsticas:<\/h2>\n\n\n\n<ul class=\"wp-block-list\">\n<li><strong>Design de montagem na parede que poupa espa\u00e7o: <\/strong>Estes lavat\u00f3rios de cer\u00e2mica personalizados t\u00eam um design de montagem na parede, pelo que podem ser utilizados em casas de banho pequenas, casas de banho comerciais, hot\u00e9is e apartamentos. O design de montagem na parede \u00e9 f\u00e1cil de instalar e n\u00e3o ocupa espa\u00e7o no ch\u00e3o.<\/li>\n\n\n\n<li><strong>Bacia de cer\u00e2mica duradoura:<\/strong> Este lavat\u00f3rio de parede por atacado \u00e9 fabricado em cer\u00e2mica cozida a alta temperatura; o esmalte liso \u00e9 firmemente resistente a manchas, arranh\u00f5es e desgaste, \u00e9 f\u00e1cil de limpar regularmente e permanecer\u00e1 limpo e branco brilhante durante muito tempo.<\/li>\n\n\n\n<li><strong>Design de f\u00e1cil instala\u00e7\u00e3o:<\/strong> Estas interfaces normalizadas para lavat\u00f3rios de montagem na parede facilitam a instala\u00e7\u00e3o r\u00e1pida pelas equipas de constru\u00e7\u00e3o, melhorando a efici\u00eancia do projeto e reduzindo os custos de manuten\u00e7\u00e3o. Adequado para ambientes de utiliza\u00e7\u00e3o frequente, como casas de banho residenciais, quartos de hotel, edif\u00edcios de escrit\u00f3rios comerciais, \u00e1reas p\u00fablicas de lavagem de m\u00e3os e escolas.<\/li>\n\n\n\n<li><strong>Vantagem do pre\u00e7o por grosso:<\/strong> Como fabricante de lavat\u00f3rios personalizados, a HanYu oferece pre\u00e7os por grosso muito competitivos e as compras a granel beneficiam de mais descontos, tornando os acess\u00f3rios de casa de banho de alta qualidade a sua escolha ideal sob controlo de custos.<\/li>\n<\/ul>\n<\/div>\n\n\n\n<div class=\"wp-block-column is-layout-flow wp-block-column-is-layout-flow\">\n<figure class=\"wp-block-image size-full\"><img fetchpriority=\"high\" decoding=\"async\" width=\"800\" height=\"800\" src=\"https:\/\/www.ceramicbasin.com\/wp-content\/uploads\/2025\/11\/wholesale-wall-mounted-wash-basin-custom-ceramic-sinks-6.webp\" alt=\"grossista-lavat\u00f3rio de parede-lavat\u00f3rio personalizado-pias de cer\u00e2mica-6\" class=\"wp-image-8561\" srcset=\"https:\/\/www.ceramicbasin.com\/wp-content\/uploads\/2025\/11\/wholesale-wall-mounted-wash-basin-custom-ceramic-sinks-6.webp 800w, https:\/\/www.ceramicbasin.com\/wp-content\/uploads\/2025\/11\/wholesale-wall-mounted-wash-basin-custom-ceramic-sinks-6-300x300.webp 300w, https:\/\/www.ceramicbasin.com\/wp-content\/uploads\/2025\/11\/wholesale-wall-mounted-wash-basin-custom-ceramic-sinks-6-150x150.webp 150w, https:\/\/www.ceramicbasin.com\/wp-content\/uploads\/2025\/11\/wholesale-wall-mounted-wash-basin-custom-ceramic-sinks-6-768x768.webp 768w, https:\/\/www.ceramicbasin.com\/wp-content\/uploads\/2025\/11\/wholesale-wall-mounted-wash-basin-custom-ceramic-sinks-6-12x12.webp 12w, https:\/\/www.ceramicbasin.com\/wp-content\/uploads\/2025\/11\/wholesale-wall-mounted-wash-basin-custom-ceramic-sinks-6-285x285.webp 285w, https:\/\/www.ceramicbasin.com\/wp-content\/uploads\/2025\/11\/wholesale-wall-mounted-wash-basin-custom-ceramic-sinks-6-270x270.webp 270w, https:\/\/www.ceramicbasin.com\/wp-content\/uploads\/2025\/11\/wholesale-wall-mounted-wash-basin-custom-ceramic-sinks-6-540x540.webp 540w, https:\/\/www.ceramicbasin.com\/wp-content\/uploads\/2025\/11\/wholesale-wall-mounted-wash-basin-custom-ceramic-sinks-6-660x660.webp 660w\" sizes=\"(max-width: 800px) 100vw, 800px\" \/><\/figure>\n<\/div>\n<\/div>","protected":false},"excerpt":{"rendered":"<p>Bem-vindo ao comprar o nosso lavat\u00f3rio de montagem na parede por atacado com um suporte de alum\u00ednio dur\u00e1vel, para um desempenho est\u00e1vel e uma utiliza\u00e7\u00e3o duradoura, poupando espa\u00e7o. A cer\u00e2mica vidrada de alta qualidade, o suporte de alum\u00ednio resistente \u00e0 corros\u00e3o e uma apar\u00eancia limpa e moderna tornam este lavat\u00f3rio ideal para casas de banho residenciais, hot\u00e9is, casas de banho comerciais e renova\u00e7\u00f5es. Est\u00e1 dispon\u00edvel para encomenda a granel, OEM e ODM.<\/p>\n<table border=\"0\" width=\"478\" cellspacing=\"0\" cellpadding=\"0\">\n<tbody>\n<tr>\n<td width=\"166\" height=\"23\">Fabricante<\/td>\n<td width=\"312\">HanYu<\/td>\n<\/tr>\n<tr>\n<td height=\"23\">Modelo n.<\/td>\n<td>HY-3115<\/td>\n<\/tr>\n<tr>\n<td height=\"23\">Tipo<\/td>\n<td width=\"312\">Lava-loi\u00e7as de parede<\/td>\n<\/tr>\n<tr>\n<td height=\"24\">Forma<\/td>\n<td>Forma retangular<\/td>\n<\/tr>\n<tr>\n<td height=\"46\">Cor<\/td>\n<td width=\"312\">preto\/branco\/azul\/cinzento\/rosa\/verde\/castanho\/caqui<\/td>\n<\/tr>\n<tr>\n<td height=\"24\">Dimens\u00e3o<\/td>\n<td width=\"312\">50.5*41*20.5<\/td>\n<\/tr>\n<tr>\n<td height=\"23\">N.W \/SET<\/td>\n<td>15KGS\/PCS<\/td>\n<\/tr>\n<tr>\n<td height=\"23\">MOQ<\/td>\n<td>20 unidades<\/td>\n<\/tr>\n<tr>\n<td height=\"23\">Op\u00e7\u00e3o personalizada<\/td>\n<td>Cor\/Patente\/Tamanho\/Logotipo\/Embalagem<\/td>\n<\/tr>\n<\/tbody>\n<\/table>","protected":false},"featured_media":8559,"comment_status":"closed","ping_status":"closed","template":"","meta":{"_acf_changed":false},"product_brand":[],"product_cat":[57],"product_tag":[],"class_list":{"0":"post-8527","1":"product","2":"type-product","3":"status-publish","4":"has-post-thumbnail","6":"product_cat-wholesale-wall-mounted-sinks","8":"first","9":"instock","10":"shipping-taxable","11":"product-type-simple"},"acf":[],"_links":{"self":[{"href":"https:\/\/www.ceramicbasin.com\/pt\/wp-json\/wp\/v2\/product\/8527","targetHints":{"allow":["GET"]}}],"collection":[{"href":"https:\/\/www.ceramicbasin.com\/pt\/wp-json\/wp\/v2\/product"}],"about":[{"href":"https:\/\/www.ceramicbasin.com\/pt\/wp-json\/wp\/v2\/types\/product"}],"replies":[{"embeddable":true,"href":"https:\/\/www.ceramicbasin.com\/pt\/wp-json\/wp\/v2\/comments?post=8527"}],"wp:featuredmedia":[{"embeddable":true,"href":"https:\/\/www.ceramicbasin.com\/pt\/wp-json\/wp\/v2\/media\/8559"}],"wp:attachment":[{"href":"https:\/\/www.ceramicbasin.com\/pt\/wp-json\/wp\/v2\/media?parent=8527"}],"wp:term":[{"taxonomy":"product_brand","embeddable":true,"href":"https:\/\/www.ceramicbasin.com\/pt\/wp-json\/wp\/v2\/product_brand?post=8527"},{"taxonomy":"product_cat","embeddable":true,"href":"https:\/\/www.ceramicbasin.com\/pt\/wp-json\/wp\/v2\/product_cat?post=8527"},{"taxonomy":"product_tag","embeddable":true,"href":"https:\/\/www.ceramicbasin.com\/pt\/wp-json\/wp\/v2\/product_tag?post=8527"}],"curies":[{"name":"wp","href":"https:\/\/api.w.org\/{rel}","templated":true}]}}