{"id":8534,"date":"2025-11-18T07:08:44","date_gmt":"2025-11-18T07:08:44","guid":{"rendered":"https:\/\/www.ceramicbasin.com\/?post_type=product&#038;p=8534"},"modified":"2025-11-20T08:51:44","modified_gmt":"2025-11-20T08:51:44","slug":"modern-wall-hung-sink-wholesale","status":"publish","type":"product","link":"https:\/\/www.ceramicbasin.com\/pt\/produto\/modern-wall-hung-sink-wholesale\/","title":{"rendered":"Lavat\u00f3rio moderno suspenso na parede por atacado, bacias de banho de cer\u00e2mica personalizadas"},"content":{"rendered":"<div class=\"wp-block-columns is-layout-flex wp-container-core-columns-is-layout-9d6595d7 wp-block-columns-is-layout-flex\">\n<div class=\"wp-block-column is-layout-flow wp-block-column-is-layout-flow\">\n<h2 class=\"wp-block-heading\">Lavat\u00f3rio moderno de parede Premium Carater\u00edsticas por atacado:<\/h2>\n\n\n\n<ul class=\"wp-block-list\">\n<li><strong>Novo design:<\/strong> O nosso lavat\u00f3rio moderno suspenso na parede apresenta um design minimalista ultrafino, com uma altura total de apenas 100 mm. As linhas simples s\u00e3o perfeitas para espa\u00e7os de banho modernos e minimalistas. Uma \u00e1rea de plataforma no lado esquerdo pode conter sabonete, desinfetante para as m\u00e3os ou outros pequenos artigos do dia a dia, melhorando a facilidade de utiliza\u00e7\u00e3o.<\/li>\n\n\n\n<li><strong>Poupan\u00e7a de espa\u00e7o: <\/strong>O lavat\u00f3rio de casa de banho personalizado em cer\u00e2mica com uma estrutura de montagem na parede \u00e9 uma utiliza\u00e7\u00e3o eficiente do espa\u00e7o. \u00c9 particularmente adequado para casas de banho pequenas, bem como para casas de banho comerciais, onde s\u00e3o coloca\u00e7\u00f5es de produtos alvo em espa\u00e7os compactos.<\/li>\n\n\n\n<li><strong>Material cer\u00e2mico de alta qualidade:<\/strong> Este lavat\u00f3rio moderno suspenso na parede \u00e9 fabricado com cozedura de cer\u00e2mica a alta temperatura, a superf\u00edcie \u00e9 densa, resistente a riscos, resistente a manchas e tem uma longa vida \u00fatil.<\/li>\n\n\n\n<li><strong>Esmalte f\u00e1cil de limpar:<\/strong> O lavat\u00f3rio de casa de banho em cer\u00e2mica personalizada tem uma superf\u00edcie lisa e brilhante ou um esmalte mate opcional, uma excelente resist\u00eancia \u00e0s manchas e uma instala\u00e7\u00e3o flex\u00edvel de manuten\u00e7\u00e3o di\u00e1ria simples, compat\u00edvel com v\u00e1rias configura\u00e7\u00f5es de torneiras e de drenagem.<\/li>\n<\/ul>\n<\/div>\n\n\n\n<div class=\"wp-block-column is-layout-flow wp-block-column-is-layout-flow\">\n<figure class=\"wp-block-image size-full\"><img fetchpriority=\"high\" decoding=\"async\" width=\"800\" height=\"800\" src=\"https:\/\/www.ceramicbasin.com\/wp-content\/uploads\/2025\/11\/modern-wall-hung-sink-wholesale-custom-ceramic-bath-basins-5.webp\" alt=\"lavat\u00f3rio suspenso moderno - venda por grosso de lavat\u00f3rios de cer\u00e2mica personalizados - 5\" class=\"wp-image-8567\" srcset=\"https:\/\/www.ceramicbasin.com\/wp-content\/uploads\/2025\/11\/modern-wall-hung-sink-wholesale-custom-ceramic-bath-basins-5.webp 800w, https:\/\/www.ceramicbasin.com\/wp-content\/uploads\/2025\/11\/modern-wall-hung-sink-wholesale-custom-ceramic-bath-basins-5-300x300.webp 300w, https:\/\/www.ceramicbasin.com\/wp-content\/uploads\/2025\/11\/modern-wall-hung-sink-wholesale-custom-ceramic-bath-basins-5-150x150.webp 150w, https:\/\/www.ceramicbasin.com\/wp-content\/uploads\/2025\/11\/modern-wall-hung-sink-wholesale-custom-ceramic-bath-basins-5-768x768.webp 768w, https:\/\/www.ceramicbasin.com\/wp-content\/uploads\/2025\/11\/modern-wall-hung-sink-wholesale-custom-ceramic-bath-basins-5-12x12.webp 12w, https:\/\/www.ceramicbasin.com\/wp-content\/uploads\/2025\/11\/modern-wall-hung-sink-wholesale-custom-ceramic-bath-basins-5-285x285.webp 285w, https:\/\/www.ceramicbasin.com\/wp-content\/uploads\/2025\/11\/modern-wall-hung-sink-wholesale-custom-ceramic-bath-basins-5-270x270.webp 270w, https:\/\/www.ceramicbasin.com\/wp-content\/uploads\/2025\/11\/modern-wall-hung-sink-wholesale-custom-ceramic-bath-basins-5-540x540.webp 540w, https:\/\/www.ceramicbasin.com\/wp-content\/uploads\/2025\/11\/modern-wall-hung-sink-wholesale-custom-ceramic-bath-basins-5-660x660.webp 660w\" sizes=\"(max-width: 800px) 100vw, 800px\" \/><\/figure>\n<\/div>\n<\/div>","protected":false},"excerpt":{"rendered":"<p>Bem-vindo ao comprar o nosso lavat\u00f3rio de parede moderno por atacado, especialmente concebido para pequenas casas de banho ou casas de banho. O lavat\u00f3rio de casa de banho de cer\u00e2mica personalizado feito de cer\u00e2mica dur\u00e1vel de alta temperatura com um acabamento f\u00e1cil de limpar, este lavat\u00f3rio de parede personalizado \u00e9 ideal para hot\u00e9is, apartamentos e casas de banho comerciais. Dispon\u00edvel por atacado OEM\/ODM.<\/p>\n<table border=\"0\" width=\"478\" cellspacing=\"0\" cellpadding=\"0\">\n<tbody>\n<tr>\n<td width=\"166\" height=\"23\">Fabricante<\/td>\n<td width=\"312\">HanYu<\/td>\n<\/tr>\n<tr>\n<td height=\"23\">Modelo n.<\/td>\n<td>HY-3131<\/td>\n<\/tr>\n<tr>\n<td height=\"23\">Tipo<\/td>\n<td width=\"312\">Lava-loi\u00e7as de parede<\/td>\n<\/tr>\n<tr>\n<td height=\"24\">Forma<\/td>\n<td>Forma retangular<\/td>\n<\/tr>\n<tr>\n<td height=\"46\">Cor<\/td>\n<td width=\"312\">preto\/branco\/azul\/cinzento\/rosa\/verde\/castanho\/caqui<\/td>\n<\/tr>\n<tr>\n<td height=\"24\">Dimens\u00e3o<\/td>\n<td width=\"312\">60*22*10<\/td>\n<\/tr>\n<tr>\n<td height=\"23\">N.W \/SET<\/td>\n<td>10KGS\/PCS<\/td>\n<\/tr>\n<tr>\n<td height=\"23\">MOQ<\/td>\n<td>20 unidades<\/td>\n<\/tr>\n<tr>\n<td height=\"23\">Op\u00e7\u00e3o personalizada<\/td>\n<td>Cor\/Patente\/Tamanho\/Logotipo\/Embalagem<\/td>\n<\/tr>\n<\/tbody>\n<\/table>","protected":false},"featured_media":8566,"comment_status":"closed","ping_status":"closed","template":"","meta":{"_acf_changed":false},"product_brand":[],"product_cat":[57],"product_tag":[],"class_list":{"0":"post-8534","1":"product","2":"type-product","3":"status-publish","4":"has-post-thumbnail","6":"product_cat-wholesale-wall-mounted-sinks","8":"first","9":"instock","10":"shipping-taxable","11":"product-type-simple"},"acf":[],"_links":{"self":[{"href":"https:\/\/www.ceramicbasin.com\/pt\/wp-json\/wp\/v2\/product\/8534","targetHints":{"allow":["GET"]}}],"collection":[{"href":"https:\/\/www.ceramicbasin.com\/pt\/wp-json\/wp\/v2\/product"}],"about":[{"href":"https:\/\/www.ceramicbasin.com\/pt\/wp-json\/wp\/v2\/types\/product"}],"replies":[{"embeddable":true,"href":"https:\/\/www.ceramicbasin.com\/pt\/wp-json\/wp\/v2\/comments?post=8534"}],"wp:featuredmedia":[{"embeddable":true,"href":"https:\/\/www.ceramicbasin.com\/pt\/wp-json\/wp\/v2\/media\/8566"}],"wp:attachment":[{"href":"https:\/\/www.ceramicbasin.com\/pt\/wp-json\/wp\/v2\/media?parent=8534"}],"wp:term":[{"taxonomy":"product_brand","embeddable":true,"href":"https:\/\/www.ceramicbasin.com\/pt\/wp-json\/wp\/v2\/product_brand?post=8534"},{"taxonomy":"product_cat","embeddable":true,"href":"https:\/\/www.ceramicbasin.com\/pt\/wp-json\/wp\/v2\/product_cat?post=8534"},{"taxonomy":"product_tag","embeddable":true,"href":"https:\/\/www.ceramicbasin.com\/pt\/wp-json\/wp\/v2\/product_tag?post=8534"}],"curies":[{"name":"wp","href":"https:\/\/api.w.org\/{rel}","templated":true}]}}