{"id":8541,"date":"2025-11-18T08:30:43","date_gmt":"2025-11-18T08:30:43","guid":{"rendered":"https:\/\/www.ceramicbasin.com\/?post_type=product&#038;p=8541"},"modified":"2025-11-20T09:36:04","modified_gmt":"2025-11-20T09:36:04","slug":"wholesale-wall-mounted-bathroom-sinks","status":"publish","type":"product","link":"https:\/\/www.ceramicbasin.com\/pt\/produto\/wholesale-wall-mounted-bathroom-sinks\/","title":{"rendered":"Atacado de lavat\u00f3rios de parede para casa de banho, lavat\u00f3rio de cer\u00e2mica a granel"},"content":{"rendered":"<div class=\"wp-block-columns is-layout-flex wp-container-core-columns-is-layout-9d6595d7 wp-block-columns-is-layout-flex\">\n<div class=\"wp-block-column is-layout-flow wp-block-column-is-layout-flow\">\n<h2 class=\"wp-block-heading\">Pias de casa de banho montadas na parede por atacado Premium Carater\u00edsticas:<\/h2>\n\n\n\n<ul class=\"wp-block-list\">\n<li><strong>Novo design: <\/strong>Os nossos pequenos lavat\u00f3rios de casa de banho por atacado montados na parede s\u00e3o especialmente concebidos para pequenas casas de banho, com uma instala\u00e7\u00e3o compacta montada na parede para utilizar o espa\u00e7o limitado.<\/li>\n\n\n\n<li><strong>Instala\u00e7\u00e3o na parede: <\/strong>Estes lavat\u00f3rios de casa de banho montados na parede para venda s\u00e3o montados na parede, permitindo uma pegada mais pequena. Com a estrutura aprofundada do lavat\u00f3rio, minimiza os salpicos de \u00e1gua e aumenta o car\u00e1cter pr\u00e1tico.<\/li>\n\n\n\n<li><strong>Fabricado em cer\u00e2mica de alta qualidade:<\/strong> Este lava-loi\u00e7a retangular em cer\u00e2mica \u00e9 resistente a riscos, a manchas e apresenta uma superf\u00edcie lisa e f\u00e1cil de limpar com uma longa vida \u00fatil. \u00c9 compat\u00edvel com as liga\u00e7\u00f5es de drenagem e de torneira de padr\u00e3o internacional para uma instala\u00e7\u00e3o f\u00e1cil.<\/li>\n\n\n\n<li><strong>Op\u00e7\u00f5es personaliz\u00e1veis:<\/strong> Com uma variedade de cores, acabamentos de superf\u00edcie e embalagens personalizadas, este lava-loi\u00e7a retangular de cer\u00e2mica a granel pode facilmente satisfazer as necessidades espec\u00edficas da sua marca e do seu mercado.<\/li>\n<\/ul>\n<\/div>\n\n\n\n<div class=\"wp-block-column is-layout-flow wp-block-column-is-layout-flow\">\n<figure class=\"wp-block-image size-full\"><img fetchpriority=\"high\" decoding=\"async\" width=\"800\" height=\"800\" src=\"https:\/\/www.ceramicbasin.com\/wp-content\/uploads\/2025\/11\/wholesale-wall-mounted-bathroom-sinks-ceramic-sink-bulk-5.webp\" alt=\"pias de casa de banho montadas na parede por atacado - pia de cer\u00e2mica - lote 5\" class=\"wp-image-8574\" srcset=\"https:\/\/www.ceramicbasin.com\/wp-content\/uploads\/2025\/11\/wholesale-wall-mounted-bathroom-sinks-ceramic-sink-bulk-5.webp 800w, https:\/\/www.ceramicbasin.com\/wp-content\/uploads\/2025\/11\/wholesale-wall-mounted-bathroom-sinks-ceramic-sink-bulk-5-300x300.webp 300w, https:\/\/www.ceramicbasin.com\/wp-content\/uploads\/2025\/11\/wholesale-wall-mounted-bathroom-sinks-ceramic-sink-bulk-5-150x150.webp 150w, https:\/\/www.ceramicbasin.com\/wp-content\/uploads\/2025\/11\/wholesale-wall-mounted-bathroom-sinks-ceramic-sink-bulk-5-768x768.webp 768w, https:\/\/www.ceramicbasin.com\/wp-content\/uploads\/2025\/11\/wholesale-wall-mounted-bathroom-sinks-ceramic-sink-bulk-5-12x12.webp 12w, https:\/\/www.ceramicbasin.com\/wp-content\/uploads\/2025\/11\/wholesale-wall-mounted-bathroom-sinks-ceramic-sink-bulk-5-285x285.webp 285w, https:\/\/www.ceramicbasin.com\/wp-content\/uploads\/2025\/11\/wholesale-wall-mounted-bathroom-sinks-ceramic-sink-bulk-5-270x270.webp 270w, https:\/\/www.ceramicbasin.com\/wp-content\/uploads\/2025\/11\/wholesale-wall-mounted-bathroom-sinks-ceramic-sink-bulk-5-540x540.webp 540w, https:\/\/www.ceramicbasin.com\/wp-content\/uploads\/2025\/11\/wholesale-wall-mounted-bathroom-sinks-ceramic-sink-bulk-5-660x660.webp 660w\" sizes=\"(max-width: 800px) 100vw, 800px\" \/><\/figure>\n<\/div>\n<\/div>\n\n\n\n<p><\/p>","protected":false},"excerpt":{"rendered":"<p>Bem-vindo ao comprar os nossos lavat\u00f3rios de casa de banho de montagem na parede por atacado, concebidos especialmente para casas de banho pequenas e espa\u00e7os comerciais apertados. Este mini lavat\u00f3rio tem uma cuba mais funda, um orif\u00edcio para torneira no lado esquerdo e um acabamento em cer\u00e2mica dur\u00e1vel e f\u00e1cil de limpar para permitir uma funcionalidade pr\u00e1tica e poupar espa\u00e7o. \u00c9 \u00f3timo para lavabos residenciais, caf\u00e9s, restaurantes e casas de banho p\u00fablicas.<\/p>\n<table border=\"0\" width=\"478\" cellspacing=\"0\" cellpadding=\"0\">\n<tbody>\n<tr>\n<td width=\"166\" height=\"23\">Fabricante<\/td>\n<td width=\"312\">HanYu<\/td>\n<\/tr>\n<tr>\n<td height=\"23\">Modelo n.<\/td>\n<td>HY-3132L<\/td>\n<\/tr>\n<tr>\n<td height=\"23\">Tipo<\/td>\n<td width=\"312\">Lava-loi\u00e7as de parede<\/td>\n<\/tr>\n<tr>\n<td height=\"24\">Forma<\/td>\n<td>Forma retangular<\/td>\n<\/tr>\n<tr>\n<td height=\"46\">Cor<\/td>\n<td width=\"312\">preto\/branco\/azul\/cinzento\/rosa\/verde\/castanho\/caqui<\/td>\n<\/tr>\n<tr>\n<td height=\"24\">Dimens\u00e3o<\/td>\n<td width=\"312\">40*22*14<\/td>\n<\/tr>\n<tr>\n<td height=\"23\">N.W \/SET<\/td>\n<td>8KGS\/PCS<\/td>\n<\/tr>\n<tr>\n<td height=\"23\">MOQ<\/td>\n<td>20 unidades<\/td>\n<\/tr>\n<tr>\n<td height=\"23\">Op\u00e7\u00e3o personalizada<\/td>\n<td>Cor\/Patente\/Tamanho\/Logotipo\/Embalagem<\/td>\n<\/tr>\n<\/tbody>\n<\/table>","protected":false},"featured_media":8573,"comment_status":"closed","ping_status":"closed","template":"","meta":{"_acf_changed":false},"product_brand":[],"product_cat":[57,56],"product_tag":[],"class_list":{"0":"post-8541","1":"product","2":"type-product","3":"status-publish","4":"has-post-thumbnail","6":"product_cat-wholesale-wall-mounted-sinks","7":"product_cat-wholesale-small-bathroom-sinks","9":"first","10":"instock","11":"shipping-taxable","12":"product-type-simple"},"acf":[],"_links":{"self":[{"href":"https:\/\/www.ceramicbasin.com\/pt\/wp-json\/wp\/v2\/product\/8541","targetHints":{"allow":["GET"]}}],"collection":[{"href":"https:\/\/www.ceramicbasin.com\/pt\/wp-json\/wp\/v2\/product"}],"about":[{"href":"https:\/\/www.ceramicbasin.com\/pt\/wp-json\/wp\/v2\/types\/product"}],"replies":[{"embeddable":true,"href":"https:\/\/www.ceramicbasin.com\/pt\/wp-json\/wp\/v2\/comments?post=8541"}],"wp:featuredmedia":[{"embeddable":true,"href":"https:\/\/www.ceramicbasin.com\/pt\/wp-json\/wp\/v2\/media\/8573"}],"wp:attachment":[{"href":"https:\/\/www.ceramicbasin.com\/pt\/wp-json\/wp\/v2\/media?parent=8541"}],"wp:term":[{"taxonomy":"product_brand","embeddable":true,"href":"https:\/\/www.ceramicbasin.com\/pt\/wp-json\/wp\/v2\/product_brand?post=8541"},{"taxonomy":"product_cat","embeddable":true,"href":"https:\/\/www.ceramicbasin.com\/pt\/wp-json\/wp\/v2\/product_cat?post=8541"},{"taxonomy":"product_tag","embeddable":true,"href":"https:\/\/www.ceramicbasin.com\/pt\/wp-json\/wp\/v2\/product_tag?post=8541"}],"curies":[{"name":"wp","href":"https:\/\/api.w.org\/{rel}","templated":true}]}}