{"id":8578,"date":"2025-11-27T08:39:44","date_gmt":"2025-11-27T08:39:44","guid":{"rendered":"https:\/\/www.ceramicbasin.com\/?post_type=product&#038;p=8578"},"modified":"2025-11-27T08:39:48","modified_gmt":"2025-11-27T08:39:48","slug":"bulk-above-counter-bathroom-sink","status":"publish","type":"product","link":"https:\/\/www.ceramicbasin.com\/pt\/produto\/bulk-above-counter-bathroom-sink\/","title":{"rendered":"Lavat\u00f3rio de casa de banho acima do balc\u00e3o a granel, lavat\u00f3rio alto de cer\u00e2mica de topo de gama"},"content":{"rendered":"<div class=\"wp-block-columns is-layout-flex wp-container-core-columns-is-layout-9d6595d7 wp-block-columns-is-layout-flex\">\n<div class=\"wp-block-column is-layout-flow wp-block-column-is-layout-flow\">\n<h2 class=\"wp-block-heading\">Carater\u00edsticas do lavat\u00f3rio de casa de banho moderno a granel acima do balc\u00e3o Premium:<\/h2>\n\n\n\n<ul class=\"wp-block-list\">\n<li><strong>Aspeto moderno e minimalista: <\/strong>Este lavat\u00f3rio de casa de banho de balc\u00e3o a granel apresenta um design alto, tridimensional e de estilo n\u00f3rdico, com linhas suaves e uma silhueta elegante, real\u00e7ando o toque moderno e o design do espa\u00e7o de banho. As arestas arredondadas proporcionam um toque suave e aumentam a seguran\u00e7a.<\/li>\n\n\n\n<li><strong>Porcelana Premium Material:<\/strong> Este lavat\u00f3rio de casa de banho de balc\u00e3o a granel utiliza cer\u00e2mica\/porcelana de alta qualidade cozida a alta temperatura, a superf\u00edcie \u00e9 dura e densa, n\u00e3o absorvente, resistente a riscos e mant\u00e9m o seu brilho mesmo ap\u00f3s uma utiliza\u00e7\u00e3o prolongada.<\/li>\n\n\n\n<li><strong>Acima da bancada:<\/strong> A instala\u00e7\u00e3o da bancada de lavat\u00f3rio de cer\u00e2mica personalizada cria um aspeto mais tridimensional, poupando espa\u00e7o na bancada, adequado para v\u00e1rios cen\u00e1rios, como hot\u00e9is de luxo, casas de banho e casas de banho comerciais.<\/li>\n\n\n\n<li><strong>Design da bacia alta:<\/strong> Esta bacia de cer\u00e2mica alta de design whplesale tem uma bacia relativamente profunda, o que evita que a \u00e1gua salpique ao lavar as m\u00e3os e mant\u00e9m a bancada limpa e higi\u00e9nica.<\/li>\n\n\n\n<li><strong>Venda direta da f\u00e1brica:\u00a0<\/strong>HanYu's pias de vaidade de cer\u00e2mica por atacado s\u00e3o vendidos diretamente pela f\u00e1brica, eliminando a diferen\u00e7a de pre\u00e7o dos intermedi\u00e1rios, e a compra a granel de pias de banheiro garante que voc\u00ea compre pias de banheiro de alta qualidade a granel com o menor custo.<\/li>\n<\/ul>\n<\/div>\n\n\n\n<div class=\"wp-block-column is-layout-flow wp-block-column-is-layout-flow\">\n<figure class=\"wp-block-image size-full\"><img fetchpriority=\"high\" decoding=\"async\" width=\"1024\" height=\"1024\" src=\"https:\/\/www.ceramicbasin.com\/wp-content\/uploads\/2025\/11\/Modern-Porcelain-Luxury-Counter-Top-Wash-Basin-Nordic-Ceramic-Vanity-Designer-Bathroom-Sink-Tall-Basin-5.webp\" alt=\"fornecimento de lavat\u00f3rio de casa de banho de bancada de grandes dimens\u00f5es com bancada superior em cer\u00e2mica-5\" class=\"wp-image-8584\" srcset=\"https:\/\/www.ceramicbasin.com\/wp-content\/uploads\/2025\/11\/Modern-Porcelain-Luxury-Counter-Top-Wash-Basin-Nordic-Ceramic-Vanity-Designer-Bathroom-Sink-Tall-Basin-5.webp 1024w, https:\/\/www.ceramicbasin.com\/wp-content\/uploads\/2025\/11\/Modern-Porcelain-Luxury-Counter-Top-Wash-Basin-Nordic-Ceramic-Vanity-Designer-Bathroom-Sink-Tall-Basin-5-300x300.webp 300w, https:\/\/www.ceramicbasin.com\/wp-content\/uploads\/2025\/11\/Modern-Porcelain-Luxury-Counter-Top-Wash-Basin-Nordic-Ceramic-Vanity-Designer-Bathroom-Sink-Tall-Basin-5-150x150.webp 150w, https:\/\/www.ceramicbasin.com\/wp-content\/uploads\/2025\/11\/Modern-Porcelain-Luxury-Counter-Top-Wash-Basin-Nordic-Ceramic-Vanity-Designer-Bathroom-Sink-Tall-Basin-5-768x768.webp 768w, https:\/\/www.ceramicbasin.com\/wp-content\/uploads\/2025\/11\/Modern-Porcelain-Luxury-Counter-Top-Wash-Basin-Nordic-Ceramic-Vanity-Designer-Bathroom-Sink-Tall-Basin-5-12x12.webp 12w, https:\/\/www.ceramicbasin.com\/wp-content\/uploads\/2025\/11\/Modern-Porcelain-Luxury-Counter-Top-Wash-Basin-Nordic-Ceramic-Vanity-Designer-Bathroom-Sink-Tall-Basin-5-285x285.webp 285w, https:\/\/www.ceramicbasin.com\/wp-content\/uploads\/2025\/11\/Modern-Porcelain-Luxury-Counter-Top-Wash-Basin-Nordic-Ceramic-Vanity-Designer-Bathroom-Sink-Tall-Basin-5-270x270.webp 270w, https:\/\/www.ceramicbasin.com\/wp-content\/uploads\/2025\/11\/Modern-Porcelain-Luxury-Counter-Top-Wash-Basin-Nordic-Ceramic-Vanity-Designer-Bathroom-Sink-Tall-Basin-5-540x540.webp 540w, https:\/\/www.ceramicbasin.com\/wp-content\/uploads\/2025\/11\/Modern-Porcelain-Luxury-Counter-Top-Wash-Basin-Nordic-Ceramic-Vanity-Designer-Bathroom-Sink-Tall-Basin-5-660x660.webp 660w\" sizes=\"(max-width: 1024px) 100vw, 1024px\" \/><\/figure>\n<\/div>\n<\/div>\n\n\n\n<p><\/p>","protected":false},"excerpt":{"rendered":"<p>Bem-vindo ao comprar este lavat\u00f3rio de casa de banho de balc\u00e3o a granel com uma elegante forma retangular branca e um design alto, ideal para casas de banho dom\u00e9sticas ou de hotel. Fabricado em cer\u00e2mica de primeira qualidade com um esmalte suave e f\u00e1cil de limpar, oferece excelente durabilidade, resist\u00eancia a manchas e brilho duradouro. Dispon\u00edvel para encomendas a granel e suporta uma variedade de op\u00e7\u00f5es de personaliza\u00e7\u00e3o para satisfazer as necessidades personalizadas de marcas e projectos. Perfeito para compradores B2B que procuram lavat\u00f3rios de cer\u00e2mica de alta qualidade.<\/p>\n<table style=\"border-collapse: collapse; width: 311.02pt;\" border=\"0\" width=\"311\" cellspacing=\"0\" cellpadding=\"0\">\n<tbody>\n<tr style=\"height: 17.60pt;\">\n<td class=\"et3\" style=\"height: 17.60pt; width: 108.35pt;\" width=\"108\" height=\"17\">Fabricante<\/td>\n<td class=\"et3\" style=\"width: 202.95pt;\" width=\"202\">HanYu<\/td>\n<\/tr>\n<tr style=\"height: 17.60pt;\">\n<td class=\"et3\" style=\"height: 17.60pt;\" height=\"17\">Modelo n.<\/td>\n<td class=\"et4\">HY-8187<\/td>\n<\/tr>\n<tr style=\"height: 17.60pt;\">\n<td class=\"et3\" style=\"height: 17.60pt;\" height=\"17\">Tipo<\/td>\n<td class=\"et3\">Lavat\u00f3rio de bancada<\/td>\n<\/tr>\n<tr style=\"height: 17.60pt;\">\n<td class=\"et3\" style=\"height: 17.60pt;\" height=\"17\">Forma<\/td>\n<td class=\"et3\">Forma retangular<\/td>\n<\/tr>\n<tr style=\"height: 17.60pt;\">\n<td class=\"et4\" style=\"height: 17.60pt;\" height=\"17\">Cor<\/td>\n<td class=\"et3\">Branco<\/td>\n<\/tr>\n<tr style=\"height: 18.00pt;\">\n<td class=\"et3\" style=\"height: 18.00pt;\" height=\"18\">Dimens\u00e3o<\/td>\n<td class=\"et5\" style=\"width: 202.95pt;\" width=\"202\">50*38.5*25<\/td>\n<\/tr>\n<tr style=\"height: 17.60pt;\">\n<td class=\"et3\" style=\"height: 17.60pt;\" height=\"17\">N.W \/SET<\/td>\n<td class=\"et3\">17KGS\/PCS<\/td>\n<\/tr>\n<tr style=\"height: 17.60pt;\">\n<td class=\"et3\" style=\"height: 17.60pt;\" height=\"17\">MOQ<\/td>\n<td class=\"et3\">20 unidades<\/td>\n<\/tr>\n<tr style=\"height: 17.60pt;\">\n<td class=\"et3\" style=\"height: 17.60pt;\" height=\"17\">Op\u00e7\u00e3o personalizada<\/td>\n<td class=\"et3\">Cor\/Patente\/Tamanho\/Logotipo\/Embalagem<\/td>\n<\/tr>\n<\/tbody>\n<\/table>","protected":false},"featured_media":8581,"comment_status":"closed","ping_status":"closed","template":"","meta":{"_acf_changed":false},"product_brand":[],"product_cat":[50],"product_tag":[],"class_list":{"0":"post-8578","1":"product","2":"type-product","3":"status-publish","4":"has-post-thumbnail","6":"product_cat-wholesale-countertop-sinks","8":"first","9":"instock","10":"shipping-taxable","11":"product-type-simple"},"acf":[],"_links":{"self":[{"href":"https:\/\/www.ceramicbasin.com\/pt\/wp-json\/wp\/v2\/product\/8578","targetHints":{"allow":["GET"]}}],"collection":[{"href":"https:\/\/www.ceramicbasin.com\/pt\/wp-json\/wp\/v2\/product"}],"about":[{"href":"https:\/\/www.ceramicbasin.com\/pt\/wp-json\/wp\/v2\/types\/product"}],"replies":[{"embeddable":true,"href":"https:\/\/www.ceramicbasin.com\/pt\/wp-json\/wp\/v2\/comments?post=8578"}],"wp:featuredmedia":[{"embeddable":true,"href":"https:\/\/www.ceramicbasin.com\/pt\/wp-json\/wp\/v2\/media\/8581"}],"wp:attachment":[{"href":"https:\/\/www.ceramicbasin.com\/pt\/wp-json\/wp\/v2\/media?parent=8578"}],"wp:term":[{"taxonomy":"product_brand","embeddable":true,"href":"https:\/\/www.ceramicbasin.com\/pt\/wp-json\/wp\/v2\/product_brand?post=8578"},{"taxonomy":"product_cat","embeddable":true,"href":"https:\/\/www.ceramicbasin.com\/pt\/wp-json\/wp\/v2\/product_cat?post=8578"},{"taxonomy":"product_tag","embeddable":true,"href":"https:\/\/www.ceramicbasin.com\/pt\/wp-json\/wp\/v2\/product_tag?post=8578"}],"curies":[{"name":"wp","href":"https:\/\/api.w.org\/{rel}","templated":true}]}}