{"id":8585,"date":"2025-11-27T09:24:06","date_gmt":"2025-11-27T09:24:06","guid":{"rendered":"https:\/\/www.ceramicbasin.com\/?post_type=product&#038;p=8585"},"modified":"2025-11-27T09:24:09","modified_gmt":"2025-11-27T09:24:09","slug":"wholesale-square-countertop-sink","status":"publish","type":"product","link":"https:\/\/www.ceramicbasin.com\/pt\/produto\/wholesale-square-countertop-sink\/","title":{"rendered":"Lavat\u00f3rio quadrado de bancada por atacado, bacia de cer\u00e2mica profunda personalizada"},"content":{"rendered":"<div class=\"wp-block-columns is-layout-flex wp-container-core-columns-is-layout-9d6595d7 wp-block-columns-is-layout-flex\">\n<div class=\"wp-block-column is-layout-flow wp-block-column-is-layout-flow\">\n<h2 class=\"wp-block-heading\">Carater\u00edsticas do lavat\u00f3rio quadrado de bancada Premium Wholesale:<\/h2>\n\n\n\n<ul class=\"wp-block-list\">\n<li><strong>Design da bacia alta:<\/strong> O lava-loi\u00e7a de bancada quadrado por atacado com design de bacia alta reduz eficazmente os salpicos de \u00e1gua, tornando a lavagem das m\u00e3os mais confort\u00e1vel e melhorando a est\u00e9tica. O aumento da capacidade de \u00e1gua satisfaz a elevada frequ\u00eancia de utiliza\u00e7\u00e3o de casas e espa\u00e7os comerciais.<\/li>\n\n\n\n<li><strong>Design de luxo quadrado: <\/strong>A nossa bacia de cer\u00e2mica profunda personalizada tem uma apar\u00eancia moderna e minimalista com linhas simples, adequada para v\u00e1rios estilos de casa de banho de alta qualidade. O design do lavat\u00f3rio quadrado profundo aumenta a profundidade visual e a qualidade geral do espa\u00e7o de banho.<\/li>\n\n\n\n<li><strong>Material cer\u00e2mico de alta qualidade:<\/strong>\u00a0Os lava-loi\u00e7as de cer\u00e2mica por atacado da HanYu s\u00e3o feitos de mat\u00e9rias-primas cer\u00e2micas de alta qualidade, que s\u00e3o cozidas a altas temperaturas, com uma textura s\u00f3lida e uma superf\u00edcie lisa, impedindo eficazmente a ader\u00eancia da sujidade.<\/li>\n\n\n\n<li><strong>Altamente dur\u00e1vel:<\/strong> O lavat\u00f3rio de bancada quadrado por atacado possui uma excelente resist\u00eancia ao impacto e \u00e0 temperatura, adequado para v\u00e1rios ambientes de casa de banho interiores. As arestas arredondadas proporcionam um toque suave e aumentam a seguran\u00e7a.<\/li>\n\n\n\n<li><strong>Desconto para compras em massa:<\/strong>\u00a0A nossa bacia de cer\u00e2mica profunda personalizada oferece descontos por grosso para satisfazer as necessidades de projectos comerciais ou de decora\u00e7\u00e3o residencial em grande escala.<\/li>\n<\/ul>\n<\/div>\n\n\n\n<div class=\"wp-block-column is-layout-flow wp-block-column-is-layout-flow\">\n<figure class=\"wp-block-image size-full\"><img fetchpriority=\"high\" decoding=\"async\" width=\"1024\" height=\"1024\" src=\"https:\/\/www.ceramicbasin.com\/wp-content\/uploads\/2025\/11\/Counter-Tall-Luxury-High-Quality-Ceramic-Basin-Bathroom-Vanity-Sanitary-Table-Top-Wash-Sink-Basin-5.webp\" alt=\"lavat\u00f3rio de bancada quadrado personalizado de pia cer\u00e2mica profunda-5\" class=\"wp-image-8590\" srcset=\"https:\/\/www.ceramicbasin.com\/wp-content\/uploads\/2025\/11\/Counter-Tall-Luxury-High-Quality-Ceramic-Basin-Bathroom-Vanity-Sanitary-Table-Top-Wash-Sink-Basin-5.webp 1024w, https:\/\/www.ceramicbasin.com\/wp-content\/uploads\/2025\/11\/Counter-Tall-Luxury-High-Quality-Ceramic-Basin-Bathroom-Vanity-Sanitary-Table-Top-Wash-Sink-Basin-5-300x300.webp 300w, https:\/\/www.ceramicbasin.com\/wp-content\/uploads\/2025\/11\/Counter-Tall-Luxury-High-Quality-Ceramic-Basin-Bathroom-Vanity-Sanitary-Table-Top-Wash-Sink-Basin-5-150x150.webp 150w, https:\/\/www.ceramicbasin.com\/wp-content\/uploads\/2025\/11\/Counter-Tall-Luxury-High-Quality-Ceramic-Basin-Bathroom-Vanity-Sanitary-Table-Top-Wash-Sink-Basin-5-768x768.webp 768w, https:\/\/www.ceramicbasin.com\/wp-content\/uploads\/2025\/11\/Counter-Tall-Luxury-High-Quality-Ceramic-Basin-Bathroom-Vanity-Sanitary-Table-Top-Wash-Sink-Basin-5-12x12.webp 12w, https:\/\/www.ceramicbasin.com\/wp-content\/uploads\/2025\/11\/Counter-Tall-Luxury-High-Quality-Ceramic-Basin-Bathroom-Vanity-Sanitary-Table-Top-Wash-Sink-Basin-5-285x285.webp 285w, https:\/\/www.ceramicbasin.com\/wp-content\/uploads\/2025\/11\/Counter-Tall-Luxury-High-Quality-Ceramic-Basin-Bathroom-Vanity-Sanitary-Table-Top-Wash-Sink-Basin-5-270x270.webp 270w, https:\/\/www.ceramicbasin.com\/wp-content\/uploads\/2025\/11\/Counter-Tall-Luxury-High-Quality-Ceramic-Basin-Bathroom-Vanity-Sanitary-Table-Top-Wash-Sink-Basin-5-540x540.webp 540w, https:\/\/www.ceramicbasin.com\/wp-content\/uploads\/2025\/11\/Counter-Tall-Luxury-High-Quality-Ceramic-Basin-Bathroom-Vanity-Sanitary-Table-Top-Wash-Sink-Basin-5-660x660.webp 660w\" sizes=\"(max-width: 1024px) 100vw, 1024px\" \/><\/figure>\n<\/div>\n<\/div>","protected":false},"excerpt":{"rendered":"<p>Bem-vindo ao comprar este lava-loi\u00e7a de bancada quadrado por atacado que apresenta um design quadrado moderno com uma estrutura de cuba profunda. Feito de cer\u00e2mica dur\u00e1vel e f\u00e1cil de manter, certifique-se de usar este lavat\u00f3rio nas vaidades do banheiro para criar uma apar\u00eancia luxuosa. Este lavat\u00f3rio de cer\u00e2mica \u00e9 adequado para hot\u00e9is, apartamentos e projectos comerciais. Suporta encomendas por grosso e op\u00e7\u00f5es de personaliza\u00e7\u00e3o completas, incluindo tamanho, acabamento em esmalte e marca.<\/p>\n<table style=\"border-collapse: collapse; width: 311.02pt;\" border=\"0\" width=\"311\" cellspacing=\"0\" cellpadding=\"0\">\n<tbody>\n<tr style=\"height: 17.60pt;\">\n<td class=\"et3\" style=\"height: 17.60pt; width: 108.35pt;\" width=\"108\" height=\"17\">Fabricante<\/td>\n<td class=\"et3\" style=\"width: 202.95pt;\" width=\"202\">HanYu<\/td>\n<\/tr>\n<tr style=\"height: 17.60pt;\">\n<td class=\"et3\" style=\"height: 17.60pt;\" height=\"17\">Modelo n.<\/td>\n<td class=\"et4\">HY-8188<\/td>\n<\/tr>\n<tr style=\"height: 17.60pt;\">\n<td class=\"et3\" style=\"height: 17.60pt;\" height=\"17\">Tipo<\/td>\n<td class=\"et3\">Lavat\u00f3rio de bancada<\/td>\n<\/tr>\n<tr style=\"height: 17.60pt;\">\n<td class=\"et3\" style=\"height: 17.60pt;\" height=\"17\">Forma<\/td>\n<td class=\"et3\">Forma quadrada<\/td>\n<\/tr>\n<tr style=\"height: 17.60pt;\">\n<td class=\"et4\" style=\"height: 17.60pt;\" height=\"17\">Cor<\/td>\n<td class=\"et3\">Branco<\/td>\n<\/tr>\n<tr style=\"height: 18.00pt;\">\n<td class=\"et3\" style=\"height: 18.00pt;\" height=\"18\">Dimens\u00e3o<\/td>\n<td class=\"et5\" style=\"width: 202.95pt;\" width=\"202\">36*36*25.5<\/td>\n<\/tr>\n<tr style=\"height: 17.60pt;\">\n<td class=\"et3\" style=\"height: 17.60pt;\" height=\"17\">N.W \/SET<\/td>\n<td class=\"et3\">15KGS\/PCS<\/td>\n<\/tr>\n<tr style=\"height: 17.60pt;\">\n<td class=\"et3\" style=\"height: 17.60pt;\" height=\"17\">MOQ<\/td>\n<td class=\"et3\">20 unidades<\/td>\n<\/tr>\n<tr style=\"height: 17.60pt;\">\n<td class=\"et3\" style=\"height: 17.60pt;\" height=\"17\">Op\u00e7\u00e3o personalizada<\/td>\n<td class=\"et3\">Cor\/Patente\/Tamanho\/Logotipo\/Embalagem<\/td>\n<\/tr>\n<\/tbody>\n<\/table>","protected":false},"featured_media":8587,"comment_status":"closed","ping_status":"closed","template":"","meta":{"_acf_changed":false},"product_brand":[],"product_cat":[50],"product_tag":[],"class_list":{"0":"post-8585","1":"product","2":"type-product","3":"status-publish","4":"has-post-thumbnail","6":"product_cat-wholesale-countertop-sinks","8":"first","9":"instock","10":"shipping-taxable","11":"product-type-simple"},"acf":[],"_links":{"self":[{"href":"https:\/\/www.ceramicbasin.com\/pt\/wp-json\/wp\/v2\/product\/8585","targetHints":{"allow":["GET"]}}],"collection":[{"href":"https:\/\/www.ceramicbasin.com\/pt\/wp-json\/wp\/v2\/product"}],"about":[{"href":"https:\/\/www.ceramicbasin.com\/pt\/wp-json\/wp\/v2\/types\/product"}],"replies":[{"embeddable":true,"href":"https:\/\/www.ceramicbasin.com\/pt\/wp-json\/wp\/v2\/comments?post=8585"}],"wp:featuredmedia":[{"embeddable":true,"href":"https:\/\/www.ceramicbasin.com\/pt\/wp-json\/wp\/v2\/media\/8587"}],"wp:attachment":[{"href":"https:\/\/www.ceramicbasin.com\/pt\/wp-json\/wp\/v2\/media?parent=8585"}],"wp:term":[{"taxonomy":"product_brand","embeddable":true,"href":"https:\/\/www.ceramicbasin.com\/pt\/wp-json\/wp\/v2\/product_brand?post=8585"},{"taxonomy":"product_cat","embeddable":true,"href":"https:\/\/www.ceramicbasin.com\/pt\/wp-json\/wp\/v2\/product_cat?post=8585"},{"taxonomy":"product_tag","embeddable":true,"href":"https:\/\/www.ceramicbasin.com\/pt\/wp-json\/wp\/v2\/product_tag?post=8585"}],"curies":[{"name":"wp","href":"https:\/\/api.w.org\/{rel}","templated":true}]}}