{"id":8591,"date":"2025-11-27T10:09:05","date_gmt":"2025-11-27T10:09:05","guid":{"rendered":"https:\/\/www.ceramicbasin.com\/?post_type=product&#038;p=8591"},"modified":"2025-11-27T10:09:11","modified_gmt":"2025-11-27T10:09:11","slug":"wholesale-ceramic-above-counter-basin","status":"publish","type":"product","link":"https:\/\/www.ceramicbasin.com\/pt\/produto\/wholesale-ceramic-above-counter-basin\/","title":{"rendered":"Lavat\u00f3rio de cer\u00e2mica acima do balc\u00e3o por atacado, lavat\u00f3rio de cer\u00e2mica personalizado"},"content":{"rendered":"<div class=\"wp-block-columns is-layout-flex wp-container-core-columns-is-layout-9d6595d7 wp-block-columns-is-layout-flex\">\n<div class=\"wp-block-column is-layout-flow wp-block-column-is-layout-flow\">\n<h2 class=\"wp-block-heading\">Bacia superior de cer\u00e2mica por atacado Premium Carater\u00edsticas:<\/h2>\n\n\n\n<ul class=\"wp-block-list\">\n<li><strong>Cozedura de cer\u00e2mica a alta temperatura:<\/strong> As nossas bacias de cer\u00e2mica por atacado acima do balc\u00e3o s\u00e3o fabricadas a partir de mat\u00e9rias-primas cer\u00e2micas de primeira qualidade e cozidas a altas temperaturas para criar uma superf\u00edcie suave e delicada que resiste a manchas e facilita a limpeza di\u00e1ria.<\/li>\n\n\n\n<li><strong>Design pr\u00e1tico em altura:<\/strong> A altura de 220 mm da bacia de cer\u00e2mica por atacado acima do balc\u00e3o proporciona uma ampla profundidade interna para melhor amortecer o fluxo de \u00e1gua, reduzindo significativamente a probabilidade de salpicos durante a utiliza\u00e7\u00e3o, melhorando a experi\u00eancia do utilizador e mantendo a bancada seca e limpa.<\/li>\n\n\n\n<li><strong>Forma oval:<\/strong> Este lavat\u00f3rio de cer\u00e2mica personalizado apresenta uma silhueta oval completa e arredondada. Linhas simples e suaves e sem arestas vivas evocam o espa\u00e7o moderno com uma arte calorosa. Devido ao facto de a parede interior do lavat\u00f3rio ser redonda, anula os cantos afiados, evitando \u00e1reas dif\u00edceis de limpar e simplificando incrivelmente a manuten\u00e7\u00e3o di\u00e1ria.<\/li>\n\n\n\n<li><strong>Combina\u00e7\u00e3o vers\u00e1til de cores: <\/strong>Um lavat\u00f3rio cl\u00e1ssico de cer\u00e2mica personalizada em branco puro combina perfeitamente com bancadas e paredes comuns, como cinzento claro, madeira e preto, oferecendo uma grande liberdade de design aos designers de interiores.<\/li>\n\n\n\n<li><strong>Fornecimento eficiente e entrega r\u00e1pida:<\/strong> A nossa bacia de cer\u00e2mica acima do balc\u00e3o por atacado oferece uma entrega r\u00e1pida, acomodando de forma flex\u00edvel as encomendas de grande volume e fornecendo um forte apoio ao progresso do projeto dos nossos clientes e \u00e0s vendas no mercado.<\/li>\n<\/ul>\n<\/div>\n\n\n\n<div class=\"wp-block-column is-layout-flow wp-block-column-is-layout-flow\">\n<figure class=\"wp-block-image size-full\"><img fetchpriority=\"high\" decoding=\"async\" width=\"1024\" height=\"1024\" src=\"https:\/\/www.ceramicbasin.com\/wp-content\/uploads\/2025\/11\/Bathroom-Vanity-Sanitary-Wash-Sink-Basin-Luxury-Counter-Top-Wash-Tall-Basin-5.webp\" alt=\"lavat\u00f3rio de cer\u00e2mica por grosso sobre a bancada - lavat\u00f3rio de cer\u00e2mica por medida - 5\" class=\"wp-image-8596\" srcset=\"https:\/\/www.ceramicbasin.com\/wp-content\/uploads\/2025\/11\/Bathroom-Vanity-Sanitary-Wash-Sink-Basin-Luxury-Counter-Top-Wash-Tall-Basin-5.webp 1024w, https:\/\/www.ceramicbasin.com\/wp-content\/uploads\/2025\/11\/Bathroom-Vanity-Sanitary-Wash-Sink-Basin-Luxury-Counter-Top-Wash-Tall-Basin-5-300x300.webp 300w, https:\/\/www.ceramicbasin.com\/wp-content\/uploads\/2025\/11\/Bathroom-Vanity-Sanitary-Wash-Sink-Basin-Luxury-Counter-Top-Wash-Tall-Basin-5-150x150.webp 150w, https:\/\/www.ceramicbasin.com\/wp-content\/uploads\/2025\/11\/Bathroom-Vanity-Sanitary-Wash-Sink-Basin-Luxury-Counter-Top-Wash-Tall-Basin-5-768x768.webp 768w, https:\/\/www.ceramicbasin.com\/wp-content\/uploads\/2025\/11\/Bathroom-Vanity-Sanitary-Wash-Sink-Basin-Luxury-Counter-Top-Wash-Tall-Basin-5-12x12.webp 12w, https:\/\/www.ceramicbasin.com\/wp-content\/uploads\/2025\/11\/Bathroom-Vanity-Sanitary-Wash-Sink-Basin-Luxury-Counter-Top-Wash-Tall-Basin-5-285x285.webp 285w, https:\/\/www.ceramicbasin.com\/wp-content\/uploads\/2025\/11\/Bathroom-Vanity-Sanitary-Wash-Sink-Basin-Luxury-Counter-Top-Wash-Tall-Basin-5-270x270.webp 270w, https:\/\/www.ceramicbasin.com\/wp-content\/uploads\/2025\/11\/Bathroom-Vanity-Sanitary-Wash-Sink-Basin-Luxury-Counter-Top-Wash-Tall-Basin-5-540x540.webp 540w, https:\/\/www.ceramicbasin.com\/wp-content\/uploads\/2025\/11\/Bathroom-Vanity-Sanitary-Wash-Sink-Basin-Luxury-Counter-Top-Wash-Tall-Basin-5-660x660.webp 660w\" sizes=\"(max-width: 1024px) 100vw, 1024px\" \/><\/figure>\n<\/div>\n<\/div>","protected":false},"excerpt":{"rendered":"<p>Bem-vindo ao comprar esta bacia de cer\u00e2mica por atacado acima do balc\u00e3o, fabricada com queima de alta temperatura para uma superf\u00edcie brilhante, dur\u00e1vel e f\u00e1cil de limpar. A apar\u00eancia aerodin\u00e2mica, o design e o tratamento de bordas arredondadas mostram uma beleza art\u00edstica extraordin\u00e1ria, tornando-a uma solu\u00e7\u00e3o de atacado perfeita para marcas, hot\u00e9is e empreiteiros de projetos. As compras a granel podem beneficiar de uma melhor rela\u00e7\u00e3o custo-efic\u00e1cia.<\/p>\n<table style=\"border-collapse: collapse; width: 311.02pt;\" border=\"0\" width=\"311\" cellspacing=\"0\" cellpadding=\"0\">\n<tbody>\n<tr style=\"height: 17.60pt;\">\n<td class=\"et3\" style=\"height: 17.60pt; width: 108.35pt;\" width=\"108\" height=\"17\">Fabricante<\/td>\n<td class=\"et3\" style=\"width: 202.95pt;\" width=\"202\">HanYu<\/td>\n<\/tr>\n<tr style=\"height: 17.60pt;\">\n<td class=\"et3\" style=\"height: 17.60pt;\" height=\"17\">Modelo n.<\/td>\n<td class=\"et4\">HY-8189<\/td>\n<\/tr>\n<tr style=\"height: 17.60pt;\">\n<td class=\"et3\" style=\"height: 17.60pt;\" height=\"17\">Tipo<\/td>\n<td class=\"et3\">Lavat\u00f3rio de bancada<\/td>\n<\/tr>\n<tr style=\"height: 17.60pt;\">\n<td class=\"et3\" style=\"height: 17.60pt;\" height=\"17\">Forma<\/td>\n<td class=\"et3\">Forma retangular<\/td>\n<\/tr>\n<tr style=\"height: 17.60pt;\">\n<td class=\"et4\" style=\"height: 17.60pt;\" height=\"17\">Cor<\/td>\n<td class=\"et3\">Branco<\/td>\n<\/tr>\n<tr style=\"height: 18.00pt;\">\n<td class=\"et3\" style=\"height: 18.00pt;\" height=\"18\">Dimens\u00e3o<\/td>\n<td class=\"et5\" style=\"width: 202.95pt;\" width=\"202\">45.5*32.5*22<\/td>\n<\/tr>\n<tr style=\"height: 17.60pt;\">\n<td class=\"et3\" style=\"height: 17.60pt;\" height=\"17\">N.W \/SET<\/td>\n<td class=\"et3\">16KGS\/PCS<\/td>\n<\/tr>\n<tr style=\"height: 17.60pt;\">\n<td class=\"et3\" style=\"height: 17.60pt;\" height=\"17\">MOQ<\/td>\n<td class=\"et3\">20 unidades<\/td>\n<\/tr>\n<tr style=\"height: 17.60pt;\">\n<td class=\"et3\" style=\"height: 17.60pt;\" height=\"17\">Op\u00e7\u00e3o personalizada<\/td>\n<td class=\"et3\">Cor\/Patente\/Tamanho\/Logotipo\/Embalagem<\/td>\n<\/tr>\n<\/tbody>\n<\/table>","protected":false},"featured_media":8593,"comment_status":"closed","ping_status":"closed","template":"","meta":{"_acf_changed":false},"product_brand":[],"product_cat":[50],"product_tag":[],"class_list":{"0":"post-8591","1":"product","2":"type-product","3":"status-publish","4":"has-post-thumbnail","6":"product_cat-wholesale-countertop-sinks","8":"first","9":"instock","10":"shipping-taxable","11":"product-type-simple"},"acf":[],"_links":{"self":[{"href":"https:\/\/www.ceramicbasin.com\/pt\/wp-json\/wp\/v2\/product\/8591","targetHints":{"allow":["GET"]}}],"collection":[{"href":"https:\/\/www.ceramicbasin.com\/pt\/wp-json\/wp\/v2\/product"}],"about":[{"href":"https:\/\/www.ceramicbasin.com\/pt\/wp-json\/wp\/v2\/types\/product"}],"replies":[{"embeddable":true,"href":"https:\/\/www.ceramicbasin.com\/pt\/wp-json\/wp\/v2\/comments?post=8591"}],"wp:featuredmedia":[{"embeddable":true,"href":"https:\/\/www.ceramicbasin.com\/pt\/wp-json\/wp\/v2\/media\/8593"}],"wp:attachment":[{"href":"https:\/\/www.ceramicbasin.com\/pt\/wp-json\/wp\/v2\/media?parent=8591"}],"wp:term":[{"taxonomy":"product_brand","embeddable":true,"href":"https:\/\/www.ceramicbasin.com\/pt\/wp-json\/wp\/v2\/product_brand?post=8591"},{"taxonomy":"product_cat","embeddable":true,"href":"https:\/\/www.ceramicbasin.com\/pt\/wp-json\/wp\/v2\/product_cat?post=8591"},{"taxonomy":"product_tag","embeddable":true,"href":"https:\/\/www.ceramicbasin.com\/pt\/wp-json\/wp\/v2\/product_tag?post=8591"}],"curies":[{"name":"wp","href":"https:\/\/api.w.org\/{rel}","templated":true}]}}