{"id":8644,"date":"2025-12-04T02:38:38","date_gmt":"2025-12-04T02:38:38","guid":{"rendered":"https:\/\/www.ceramicbasin.com\/?post_type=product&#038;p=8644"},"modified":"2025-12-11T06:07:12","modified_gmt":"2025-12-11T06:07:12","slug":"small-wall-mounted-wash-basin-in-bulk","status":"publish","type":"product","link":"https:\/\/www.ceramicbasin.com\/pt\/produto\/small-wall-mounted-wash-basin-in-bulk\/","title":{"rendered":"Lavat\u00f3rio pequeno de parede a granel, lavat\u00f3rio de cer\u00e2mica personalizado"},"content":{"rendered":"<div class=\"wp-block-columns is-layout-flex wp-container-core-columns-is-layout-9d6595d7 wp-block-columns-is-layout-flex\">\n<div class=\"wp-block-column is-layout-flow wp-block-column-is-layout-flow\">\n<h2 class=\"wp-block-heading\">Lavat\u00f3rio de parede pequeno Premium a granel Carater\u00edsticas:<\/h2>\n\n\n\n<ul class=\"wp-block-list\">\n<li><strong>Design minimalista europeu: <\/strong>Este pequeno lavat\u00f3rio de parede a granel apresenta uma bacia de cer\u00e2mica oval\/quadrada de cor branca pura combinada com uma torneira de man\u00edpulo \u00fanico preto de arco alto. As linhas simples e limpas real\u00e7am um estilo europeu moderno, adequado para v\u00e1rias renova\u00e7\u00f5es de casas de banho.<\/li>\n\n\n\n<li><strong>Estrutura compacta de montagem na parede:<\/strong> Os nossos pequenos lavat\u00f3rios de casa de banho por atacado montados na parede s\u00e3o especialmente concebidos para pequenas casas de banho, com uma instala\u00e7\u00e3o compacta montada na parede para utilizar o espa\u00e7o limitado.<\/li>\n\n\n\n<li><strong>Fabricado em cer\u00e2mica de alta qualidade:<\/strong> Este pequeno lavat\u00f3rio de parede a granel \u00e9 resistente a riscos, a manchas e apresenta uma superf\u00edcie lisa e f\u00e1cil de limpar com uma longa vida \u00fatil.<\/li>\n\n\n\n<li><strong>Adaptabilidade multifuncional: <\/strong>Este lavat\u00f3rio de cer\u00e2mica personalizado \u00e9 compat\u00edvel com as liga\u00e7\u00f5es de drenagem e de torneira de padr\u00e3o internacional para uma instala\u00e7\u00e3o f\u00e1cil. Os orif\u00edcios de transbordo e de drenagem padr\u00e3o s\u00e3o pr\u00e9-instalados, suportando drenos pop-up e compat\u00edveis com v\u00e1rias instala\u00e7\u00f5es de tubos de \u00e1gua, facilitando as configura\u00e7\u00f5es de projectos em massa.<\/li>\n\n\n\n<li><strong>Op\u00e7\u00f5es personaliz\u00e1veis: <\/strong>Com uma variedade de cores, acabamentos de superf\u00edcie e embalagens personalizadas, este lava-loi\u00e7a de cer\u00e2mica a granel pode facilmente satisfazer as necessidades espec\u00edficas da sua marca e do seu mercado.<\/li>\n<\/ul>\n<\/div>\n\n\n\n<div class=\"wp-block-column is-layout-flow wp-block-column-is-layout-flow\">\n<figure class=\"wp-block-image size-full\"><img fetchpriority=\"high\" decoding=\"async\" width=\"621\" height=\"905\" src=\"https:\/\/www.ceramicbasin.com\/wp-content\/uploads\/2025\/12\/small-wall-mounted-wash-basin-in-bulk-european-style-custom-ceramic-sink-6.webp\" alt=\"lavat\u00f3rio de parede pequeno em cuba - lavat\u00f3rio de estilo europeu personalizado em cer\u00e2mica - 6\" class=\"wp-image-8680\" srcset=\"https:\/\/www.ceramicbasin.com\/wp-content\/uploads\/2025\/12\/small-wall-mounted-wash-basin-in-bulk-european-style-custom-ceramic-sink-6.webp 621w, https:\/\/www.ceramicbasin.com\/wp-content\/uploads\/2025\/12\/small-wall-mounted-wash-basin-in-bulk-european-style-custom-ceramic-sink-6-206x300.webp 206w, https:\/\/www.ceramicbasin.com\/wp-content\/uploads\/2025\/12\/small-wall-mounted-wash-basin-in-bulk-european-style-custom-ceramic-sink-6-8x12.webp 8w, https:\/\/www.ceramicbasin.com\/wp-content\/uploads\/2025\/12\/small-wall-mounted-wash-basin-in-bulk-european-style-custom-ceramic-sink-6-285x415.webp 285w, https:\/\/www.ceramicbasin.com\/wp-content\/uploads\/2025\/12\/small-wall-mounted-wash-basin-in-bulk-european-style-custom-ceramic-sink-6-453x660.webp 453w, https:\/\/www.ceramicbasin.com\/wp-content\/uploads\/2025\/12\/small-wall-mounted-wash-basin-in-bulk-european-style-custom-ceramic-sink-6-103x150.webp 103w\" sizes=\"(max-width: 621px) 100vw, 621px\" \/><\/figure>\n<\/div>\n<\/div>\n\n\n\n<p><\/p>","protected":false},"excerpt":{"rendered":"<p>Bem-vindo ao comprar o nosso pequeno lavat\u00f3rio de parede a granel, concebido especialmente para pequenas casas de banho e espa\u00e7os comerciais apertados. Com um design europeu minimalista, ideal para casas de banho que poupam espa\u00e7o. Apresenta cer\u00e2mica de alta qualidade, f\u00e1cil instala\u00e7\u00e3o e personaliza\u00e7\u00e3o OEM. Perfeito para projectos de hot\u00e9is\/apartamentos, fornecimento a granel. Pre\u00e7os competitivos por grosso e log\u00f3tipos personalizados.<\/p>\n<table border=\"0\" width=\"478\" cellspacing=\"0\" cellpadding=\"0\">\n<tbody>\n<tr>\n<td width=\"166\" height=\"23\">Fabricante<\/td>\n<td width=\"312\">HanYu<\/td>\n<\/tr>\n<tr>\n<td height=\"23\">Modelo n.<\/td>\n<td>HY-3134A<\/td>\n<\/tr>\n<tr>\n<td height=\"23\">Tipo<\/td>\n<td width=\"312\">Lava-loi\u00e7as de parede<\/td>\n<\/tr>\n<tr>\n<td height=\"24\">Forma<\/td>\n<td>Forma retangular<\/td>\n<\/tr>\n<tr>\n<td height=\"46\">Cor<\/td>\n<td width=\"312\">preto\/branco\/azul\/cinzento\/rosa\/verde\/castanho\/caqui<\/td>\n<\/tr>\n<tr>\n<td height=\"24\">Dimens\u00e3o<\/td>\n<td width=\"312\">52*42*14<\/td>\n<\/tr>\n<tr>\n<td height=\"23\">N.W \/SET<\/td>\n<td>10 KGS\/PCS<\/td>\n<\/tr>\n<tr>\n<td height=\"23\">MOQ<\/td>\n<td>20 unidades<\/td>\n<\/tr>\n<tr>\n<td height=\"23\">Op\u00e7\u00e3o personalizada<\/td>\n<td>Cor\/Patente\/Tamanho\/Logotipo\/Embalagem<\/td>\n<\/tr>\n<\/tbody>\n<\/table>","protected":false},"featured_media":8675,"comment_status":"closed","ping_status":"closed","template":"","meta":{"_acf_changed":false},"product_brand":[],"product_cat":[57,56],"product_tag":[],"class_list":{"0":"post-8644","1":"product","2":"type-product","3":"status-publish","4":"has-post-thumbnail","6":"product_cat-wholesale-wall-mounted-sinks","7":"product_cat-wholesale-small-bathroom-sinks","9":"first","10":"instock","11":"shipping-taxable","12":"product-type-simple"},"acf":[],"_links":{"self":[{"href":"https:\/\/www.ceramicbasin.com\/pt\/wp-json\/wp\/v2\/product\/8644","targetHints":{"allow":["GET"]}}],"collection":[{"href":"https:\/\/www.ceramicbasin.com\/pt\/wp-json\/wp\/v2\/product"}],"about":[{"href":"https:\/\/www.ceramicbasin.com\/pt\/wp-json\/wp\/v2\/types\/product"}],"replies":[{"embeddable":true,"href":"https:\/\/www.ceramicbasin.com\/pt\/wp-json\/wp\/v2\/comments?post=8644"}],"wp:featuredmedia":[{"embeddable":true,"href":"https:\/\/www.ceramicbasin.com\/pt\/wp-json\/wp\/v2\/media\/8675"}],"wp:attachment":[{"href":"https:\/\/www.ceramicbasin.com\/pt\/wp-json\/wp\/v2\/media?parent=8644"}],"wp:term":[{"taxonomy":"product_brand","embeddable":true,"href":"https:\/\/www.ceramicbasin.com\/pt\/wp-json\/wp\/v2\/product_brand?post=8644"},{"taxonomy":"product_cat","embeddable":true,"href":"https:\/\/www.ceramicbasin.com\/pt\/wp-json\/wp\/v2\/product_cat?post=8644"},{"taxonomy":"product_tag","embeddable":true,"href":"https:\/\/www.ceramicbasin.com\/pt\/wp-json\/wp\/v2\/product_tag?post=8644"}],"curies":[{"name":"wp","href":"https:\/\/api.w.org\/{rel}","templated":true}]}}