{"id":8660,"date":"2025-12-04T03:38:55","date_gmt":"2025-12-04T03:38:55","guid":{"rendered":"https:\/\/www.ceramicbasin.com\/?post_type=product&#038;p=8660"},"modified":"2025-12-05T04:05:16","modified_gmt":"2025-12-05T04:05:16","slug":"wholesale-small-wall-mounted-sink","status":"publish","type":"product","link":"https:\/\/www.ceramicbasin.com\/pt\/produto\/wholesale-small-wall-mounted-sink\/","title":{"rendered":"Lavat\u00f3rio pequeno de parede por atacado, Lavat\u00f3rio de banho em cer\u00e2mica personalizado"},"content":{"rendered":"<div class=\"wp-block-columns is-layout-flex wp-container-core-columns-is-layout-9d6595d7 wp-block-columns-is-layout-flex\">\n<div class=\"wp-block-column is-layout-flow wp-block-column-is-layout-flow\">\n<h2 class=\"wp-block-heading\">Carater\u00edsticas do lavat\u00f3rio pequeno de parede Premium Wholesale:<\/h2>\n\n\n\n<ul class=\"wp-block-list\">\n<li><strong>Conce\u00e7\u00e3o da otimiza\u00e7\u00e3o do espa\u00e7o:<\/strong> Este pequeno lavat\u00f3rio de montagem na parede \u00e9 particularmente adequado para pequenas casas de banho, melhorando a utiliza\u00e7\u00e3o do espa\u00e7o. Adequado para apartamentos, hot\u00e9is e pequenos espa\u00e7os comerciais.<\/li>\n\n\n\n<li><strong>Fabricado em porcelana de alta qualidade:<\/strong> O nosso lavat\u00f3rio de parede pequeno por atacado \u00e9 feito de argila de porcelana de alta qualidade e \u00e9 cozido a altas temperaturas para garantir que os lavat\u00f3rios tenham uma textura s\u00f3lida, uma superf\u00edcie lisa, sejam f\u00e1ceis de limpar e tenham um brilho duradouro.<\/li>\n\n\n\n<li><strong>Estilo moderno e minimalista: <\/strong>Estes lavat\u00f3rios de casa de banho personalizados em cer\u00e2mica t\u00eam uma bacia quadrada em cer\u00e2mica branca pura com cantos arredondados, combinada com uma torneira alta preta de man\u00edpulo \u00fanico, que apresenta um contraste cl\u00e1ssico entre o preto e o branco, criando um aspeto simples e elegante adequado a v\u00e1rios cen\u00e1rios de decora\u00e7\u00e3o.<\/li>\n\n\n\n<li><strong>Forte compatibilidade de instala\u00e7\u00e3o:<\/strong> S\u00e3o fornecidos orif\u00edcios de transbordo e de drenagem padr\u00e3o, suportando drenos pop-up universais. A instala\u00e7\u00e3o na parede \u00e9 est\u00e1vel e compat\u00edvel com a maioria das superf\u00edcies de parede e sistemas de abastecimento de \u00e1gua.<\/li>\n\n\n\n<li><strong>Servi\u00e7os de personaliza\u00e7\u00e3o e de venda por grosso:<\/strong> Apoiamos a personaliza\u00e7\u00e3o OEM\/ODM (como log\u00f3tipo, ajuste de tamanho) e oferecemos pre\u00e7os grossistas diferenciados para satisfazer as necessidades de compras em massa de projectos de engenharia.<\/li>\n<\/ul>\n<\/div>\n\n\n\n<div class=\"wp-block-column is-layout-flow wp-block-column-is-layout-flow\">\n<figure class=\"wp-block-image size-full\"><img fetchpriority=\"high\" decoding=\"async\" width=\"660\" height=\"882\" src=\"https:\/\/www.ceramicbasin.com\/wp-content\/uploads\/2025\/12\/wholesale-small-wall-mounted-sink-custom-ceramic-bath-sink-6.webp\" alt=\"lavat\u00f3rio de pequena dimens\u00e3o para montagem em parede - lavat\u00f3rio de banheira em cer\u00e2mica por medida - 6\" class=\"wp-image-8694\" srcset=\"https:\/\/www.ceramicbasin.com\/wp-content\/uploads\/2025\/12\/wholesale-small-wall-mounted-sink-custom-ceramic-bath-sink-6.webp 660w, https:\/\/www.ceramicbasin.com\/wp-content\/uploads\/2025\/12\/wholesale-small-wall-mounted-sink-custom-ceramic-bath-sink-6-224x300.webp 224w, https:\/\/www.ceramicbasin.com\/wp-content\/uploads\/2025\/12\/wholesale-small-wall-mounted-sink-custom-ceramic-bath-sink-6-9x12.webp 9w, https:\/\/www.ceramicbasin.com\/wp-content\/uploads\/2025\/12\/wholesale-small-wall-mounted-sink-custom-ceramic-bath-sink-6-285x381.webp 285w, https:\/\/www.ceramicbasin.com\/wp-content\/uploads\/2025\/12\/wholesale-small-wall-mounted-sink-custom-ceramic-bath-sink-6-494x660.webp 494w, https:\/\/www.ceramicbasin.com\/wp-content\/uploads\/2025\/12\/wholesale-small-wall-mounted-sink-custom-ceramic-bath-sink-6-112x150.webp 112w\" sizes=\"(max-width: 660px) 100vw, 660px\" \/><\/figure>\n<\/div>\n<\/div>\n\n\n\n<p><\/p>","protected":false},"excerpt":{"rendered":"<p>Bem-vindo ao comprar o nosso pequeno lavat\u00f3rio de montagem na parede por atacado, com um design moderno com cer\u00e2mica de alta qualidade e f\u00e1cil instala\u00e7\u00e3o. Os nossos lavat\u00f3rios de cer\u00e2mica para montagem na parede foram concebidos para pequenas casas de banho que procuram praticidade e beleza. Pre\u00e7os personaliz\u00e1veis e por encomenda a granel para projectos de hot\u00e9is\/apartamentos.<\/p>\n<table style=\"border-collapse: collapse; width: 358.52pt;\" border=\"0\" width=\"478\" cellspacing=\"0\" cellpadding=\"0\">\n<tbody>\n<tr style=\"height: 17.25pt;\">\n<td class=\"et3\" style=\"height: 17.25pt; width: 125.00pt;\" width=\"166\" height=\"23\">Fabricante<\/td>\n<td class=\"et3\" style=\"width: 234.15pt;\" width=\"312\">HanYu<\/td>\n<\/tr>\n<tr style=\"height: 17.25pt;\">\n<td class=\"et3\" style=\"height: 17.25pt;\" height=\"23\">Modelo n.<\/td>\n<td class=\"et4\">HY-3136<\/td>\n<\/tr>\n<tr style=\"height: 17.25pt;\">\n<td class=\"et3\" style=\"height: 17.25pt;\" height=\"23\">Tipo<\/td>\n<td class=\"et5\" style=\"width: 234.15pt;\" width=\"312\">Lava-loi\u00e7as de parede<\/td>\n<\/tr>\n<tr style=\"height: 18.00pt;\">\n<td class=\"et3\" style=\"height: 18.00pt;\" height=\"24\">Forma<\/td>\n<td class=\"et3\">Forma retangular<\/td>\n<\/tr>\n<tr style=\"height: 34.50pt;\">\n<td class=\"et4\" style=\"height: 34.50pt;\" height=\"46\">Cor<\/td>\n<td class=\"et5\" style=\"width: 234.15pt;\" width=\"312\">preto\/branco\/azul\/cinzento\/rosa\/verde\/castanho\/caqui<\/td>\n<\/tr>\n<tr style=\"height: 18.00pt;\">\n<td class=\"et3\" style=\"height: 18.00pt;\" height=\"24\">Dimens\u00e3o<\/td>\n<td class=\"et5\" style=\"width: 234.15pt;\" width=\"312\">45.5*36.5*17<\/td>\n<\/tr>\n<tr style=\"height: 17.25pt;\">\n<td class=\"et3\" style=\"height: 17.25pt;\" height=\"23\">N.W \/SET<\/td>\n<td class=\"et3\">8 KGS\/PCS<\/td>\n<\/tr>\n<tr style=\"height: 17.25pt;\">\n<td class=\"et3\" style=\"height: 17.25pt;\" height=\"23\">MOQ<\/td>\n<td class=\"et3\">20 unidades<\/td>\n<\/tr>\n<tr style=\"height: 17.25pt;\">\n<td class=\"et3\" style=\"height: 17.25pt;\" height=\"23\">Op\u00e7\u00e3o personalizada<\/td>\n<td class=\"et3\">Cor\/Patente\/Tamanho\/Logotipo\/Embalagem<\/td>\n<\/tr>\n<\/tbody>\n<\/table>","protected":false},"featured_media":8689,"comment_status":"closed","ping_status":"closed","template":"","meta":{"_acf_changed":false},"product_brand":[],"product_cat":[57,56],"product_tag":[],"class_list":{"0":"post-8660","1":"product","2":"type-product","3":"status-publish","4":"has-post-thumbnail","6":"product_cat-wholesale-wall-mounted-sinks","7":"product_cat-wholesale-small-bathroom-sinks","9":"first","10":"instock","11":"shipping-taxable","12":"product-type-simple"},"acf":[],"_links":{"self":[{"href":"https:\/\/www.ceramicbasin.com\/pt\/wp-json\/wp\/v2\/product\/8660","targetHints":{"allow":["GET"]}}],"collection":[{"href":"https:\/\/www.ceramicbasin.com\/pt\/wp-json\/wp\/v2\/product"}],"about":[{"href":"https:\/\/www.ceramicbasin.com\/pt\/wp-json\/wp\/v2\/types\/product"}],"replies":[{"embeddable":true,"href":"https:\/\/www.ceramicbasin.com\/pt\/wp-json\/wp\/v2\/comments?post=8660"}],"wp:featuredmedia":[{"embeddable":true,"href":"https:\/\/www.ceramicbasin.com\/pt\/wp-json\/wp\/v2\/media\/8689"}],"wp:attachment":[{"href":"https:\/\/www.ceramicbasin.com\/pt\/wp-json\/wp\/v2\/media?parent=8660"}],"wp:term":[{"taxonomy":"product_brand","embeddable":true,"href":"https:\/\/www.ceramicbasin.com\/pt\/wp-json\/wp\/v2\/product_brand?post=8660"},{"taxonomy":"product_cat","embeddable":true,"href":"https:\/\/www.ceramicbasin.com\/pt\/wp-json\/wp\/v2\/product_cat?post=8660"},{"taxonomy":"product_tag","embeddable":true,"href":"https:\/\/www.ceramicbasin.com\/pt\/wp-json\/wp\/v2\/product_tag?post=8660"}],"curies":[{"name":"wp","href":"https:\/\/api.w.org\/{rel}","templated":true}]}}