{"id":8722,"date":"2025-12-18T07:17:37","date_gmt":"2025-12-18T07:17:37","guid":{"rendered":"https:\/\/www.ceramicbasin.com\/?post_type=product&#038;p=8722"},"modified":"2025-12-18T07:17:40","modified_gmt":"2025-12-18T07:17:40","slug":"above-counter-basin-wholesale","status":"publish","type":"product","link":"https:\/\/www.ceramicbasin.com\/pt\/produto\/above-counter-basin-wholesale\/","title":{"rendered":"Bacia de porcelana acima do balc\u00e3o por atacado, pia de banheiro oval a granel"},"content":{"rendered":"<div class=\"wp-block-columns is-layout-flex wp-container-core-columns-is-layout-9d6595d7 wp-block-columns-is-layout-flex\">\n<div class=\"wp-block-column is-layout-flow wp-block-column-is-layout-flow\">\n<h2 class=\"wp-block-heading\">Bacia superior de balc\u00e3o Premium Carater\u00edsticas por atacado:<\/h2>\n\n\n\n<ul class=\"wp-block-list\">\n<li><strong>Cer\u00e2mica de alta qualidade:<\/strong>\u00a0Esta bacia de porcelana por cima do balc\u00e3o \u00e9 cozinhada atrav\u00e9s de um processo de alta temperatura para uma superf\u00edcie muito mais suave e densa, resistente a riscos, a manchas e f\u00e1cil de limpar.<\/li>\n\n\n\n<li><strong>Stock a granel:<\/strong>\u00a0A nossa bacia de porcelana por cima do balc\u00e3o apoia a aquisi\u00e7\u00e3o por grosso e por projeto, satisfazendo as necessidades de entrega r\u00e1pida de retalhistas, distribuidores e clientes de projectos.<\/li>\n\n\n\n<li><strong>Tratamento de esmalte f\u00e1cil de limpar:<\/strong>\u00a0A superf\u00edcie do lavat\u00f3rio de casa de banho oval personalizado destes modelos personalizados de lavat\u00f3rio de casa de banho adopta uma tecnologia especial de esmalte f\u00e1cil de limpar, que \u00e9 suave e delicada, tornando as manchas menos suscept\u00edveis de aderir e f\u00e1ceis de limpar.<\/li>\n\n\n\n<li><strong>Estrutura da bacia da bancada: <\/strong>O design por grosso do lavat\u00f3rio de porcelana acima do balc\u00e3o \u00e9 f\u00e1cil de instalar e pode melhorar rapidamente o aspeto visual do espa\u00e7o geral da casa de banho.<\/li>\n\n\n\n<li><strong>Vantagem de pre\u00e7o:\u00a0<\/strong>Fornecemos servi\u00e7os de encomenda a granel de lavat\u00f3rios de casa de banho ovais personalizados, que n\u00e3o s\u00e3o apenas acess\u00edveis, mas tamb\u00e9m de entrega r\u00e1pida, adequados para projectos comerciais e decora\u00e7\u00e3o residencial em grande escala, satisfazendo as necessidades de alta efici\u00eancia e baixo custo.<\/li>\n<\/ul>\n<\/div>\n\n\n\n<div class=\"wp-block-column is-layout-flow wp-block-column-is-layout-flow\">\n<figure class=\"wp-block-image size-full\"><img fetchpriority=\"high\" decoding=\"async\" width=\"726\" height=\"929\" src=\"https:\/\/www.ceramicbasin.com\/wp-content\/uploads\/2025\/12\/porcelain-above-counter-basin-wholesale-oval-bathroom-sink-bulk-5.webp\" alt=\"lavat\u00f3rio de porcelana por cima do balc\u00e3o - venda por grosso - lavat\u00f3rio oval de casa de banho - volume 5\" class=\"wp-image-8742\" srcset=\"https:\/\/www.ceramicbasin.com\/wp-content\/uploads\/2025\/12\/porcelain-above-counter-basin-wholesale-oval-bathroom-sink-bulk-5.webp 726w, https:\/\/www.ceramicbasin.com\/wp-content\/uploads\/2025\/12\/porcelain-above-counter-basin-wholesale-oval-bathroom-sink-bulk-5-234x300.webp 234w, https:\/\/www.ceramicbasin.com\/wp-content\/uploads\/2025\/12\/porcelain-above-counter-basin-wholesale-oval-bathroom-sink-bulk-5-9x12.webp 9w, https:\/\/www.ceramicbasin.com\/wp-content\/uploads\/2025\/12\/porcelain-above-counter-basin-wholesale-oval-bathroom-sink-bulk-5-285x365.webp 285w, https:\/\/www.ceramicbasin.com\/wp-content\/uploads\/2025\/12\/porcelain-above-counter-basin-wholesale-oval-bathroom-sink-bulk-5-516x660.webp 516w, https:\/\/www.ceramicbasin.com\/wp-content\/uploads\/2025\/12\/porcelain-above-counter-basin-wholesale-oval-bathroom-sink-bulk-5-117x150.webp 117w\" sizes=\"(max-width: 726px) 100vw, 726px\" \/><\/figure>\n<\/div>\n<\/div>","protected":false},"excerpt":{"rendered":"<p>Bem-vindo ao comprar esta bacia de porcelana acima do balc\u00e3o por atacado apresenta um design oval elegante com um acabamento esmaltado suave, oferecendo durabilidade, f\u00e1cil manuten\u00e7\u00e3o e est\u00e9tica intemporal. Ideal para encomendas a granel, hot\u00e9is e projectos residenciais, este lavat\u00f3rio de casa de banho oval suporta uma entrega r\u00e1pida e acess\u00edvel.<\/p>\n<table style=\"border-collapse: collapse; width: 358.52pt;\" border=\"0\" width=\"478\" cellspacing=\"0\" cellpadding=\"0\">\n<tbody>\n<tr style=\"height: 17.25pt;\">\n<td class=\"et3\" style=\"height: 17.25pt; width: 125.00pt;\" width=\"166\" height=\"23\">Fabricante<\/td>\n<td class=\"et3\" style=\"width: 234.15pt;\" width=\"312\">HanYu<\/td>\n<\/tr>\n<tr style=\"height: 17.25pt;\">\n<td class=\"et3\" style=\"height: 17.25pt;\" height=\"23\">Modelo n.<\/td>\n<td class=\"et4\">HY-8259A<\/td>\n<\/tr>\n<tr style=\"height: 17.25pt;\">\n<td class=\"et3\" style=\"height: 17.25pt;\" height=\"23\">Tipo<\/td>\n<td class=\"et5\" style=\"width: 234.15pt;\" width=\"312\">Lavat\u00f3rio de bancada<\/td>\n<\/tr>\n<tr style=\"height: 18.00pt;\">\n<td class=\"et3\" style=\"height: 18.00pt;\" height=\"24\">Forma<\/td>\n<td class=\"et3\">Forma oval<\/td>\n<\/tr>\n<tr style=\"height: 34.50pt;\">\n<td class=\"et4\" style=\"height: 34.50pt;\" height=\"46\">Cor<\/td>\n<td class=\"et5\" style=\"width: 234.15pt;\" width=\"312\">preto\/branco\/azul\/cinzento\/rosa\/verde\/castanho\/caqui<\/td>\n<\/tr>\n<tr style=\"height: 18.00pt;\">\n<td class=\"et3\" style=\"height: 18.00pt;\" height=\"24\">Dimens\u00e3o<\/td>\n<td class=\"et5\" style=\"width: 234.15pt;\" width=\"312\">56*40.5*-16.5<\/td>\n<\/tr>\n<tr style=\"height: 17.25pt;\">\n<td class=\"et3\" style=\"height: 17.25pt;\" height=\"23\">N.W \/SET<\/td>\n<td class=\"et3\">8KGS\/PCS<\/td>\n<\/tr>\n<tr style=\"height: 17.25pt;\">\n<td class=\"et3\" style=\"height: 17.25pt;\" height=\"23\">MOQ<\/td>\n<td class=\"et3\">20 unidades<\/td>\n<\/tr>\n<tr style=\"height: 17.25pt;\">\n<td class=\"et3\" style=\"height: 17.25pt;\" height=\"23\">Op\u00e7\u00e3o personalizada<\/td>\n<td class=\"et3\">Cor\/Patente\/Tamanho\/Logotipo\/Embalagem<\/td>\n<\/tr>\n<\/tbody>\n<\/table>","protected":false},"featured_media":8741,"comment_status":"closed","ping_status":"closed","template":"","meta":{"_acf_changed":false},"product_brand":[],"product_cat":[50],"product_tag":[],"class_list":{"0":"post-8722","1":"product","2":"type-product","3":"status-publish","4":"has-post-thumbnail","6":"product_cat-wholesale-countertop-sinks","8":"first","9":"instock","10":"shipping-taxable","11":"product-type-simple"},"acf":[],"_links":{"self":[{"href":"https:\/\/www.ceramicbasin.com\/pt\/wp-json\/wp\/v2\/product\/8722","targetHints":{"allow":["GET"]}}],"collection":[{"href":"https:\/\/www.ceramicbasin.com\/pt\/wp-json\/wp\/v2\/product"}],"about":[{"href":"https:\/\/www.ceramicbasin.com\/pt\/wp-json\/wp\/v2\/types\/product"}],"replies":[{"embeddable":true,"href":"https:\/\/www.ceramicbasin.com\/pt\/wp-json\/wp\/v2\/comments?post=8722"}],"wp:featuredmedia":[{"embeddable":true,"href":"https:\/\/www.ceramicbasin.com\/pt\/wp-json\/wp\/v2\/media\/8741"}],"wp:attachment":[{"href":"https:\/\/www.ceramicbasin.com\/pt\/wp-json\/wp\/v2\/media?parent=8722"}],"wp:term":[{"taxonomy":"product_brand","embeddable":true,"href":"https:\/\/www.ceramicbasin.com\/pt\/wp-json\/wp\/v2\/product_brand?post=8722"},{"taxonomy":"product_cat","embeddable":true,"href":"https:\/\/www.ceramicbasin.com\/pt\/wp-json\/wp\/v2\/product_cat?post=8722"},{"taxonomy":"product_tag","embeddable":true,"href":"https:\/\/www.ceramicbasin.com\/pt\/wp-json\/wp\/v2\/product_tag?post=8722"}],"curies":[{"name":"wp","href":"https:\/\/api.w.org\/{rel}","templated":true}]}}