{"id":8723,"date":"2025-12-18T08:25:07","date_gmt":"2025-12-18T08:25:07","guid":{"rendered":"https:\/\/www.ceramicbasin.com\/?post_type=product&#038;p=8723"},"modified":"2025-12-18T08:25:10","modified_gmt":"2025-12-18T08:25:10","slug":"wholesale-oval-countertop-sink","status":"publish","type":"product","link":"https:\/\/www.ceramicbasin.com\/pt\/produto\/wholesale-oval-countertop-sink\/","title":{"rendered":"Lavat\u00f3rio de bancada oval por atacado, bacia de casa de banho em cer\u00e2mica personalizada"},"content":{"rendered":"<div class=\"wp-block-columns is-layout-flex wp-container-core-columns-is-layout-9d6595d7 wp-block-columns-is-layout-flex\">\n<div class=\"wp-block-column is-layout-flow wp-block-column-is-layout-flow\">\n<h2 class=\"wp-block-heading\">Carater\u00edsticas do lavat\u00f3rio oval de bancada Premium Wholesale:<\/h2>\n\n\n\n<ul class=\"wp-block-list\">\n<li><strong>Forma oval cl\u00e1ssica:<\/strong> O lavat\u00f3rio oval de bancada por atacado tem linhas ovais suaves e macias que complementam os estilos de casa de banho modernos, minimalistas, hoteleiros e de luxo leve. O m\u00e9todo de instala\u00e7\u00e3o do lavat\u00f3rio de bancada \u00e9 simples de instalar e pode melhorar rapidamente o n\u00edvel visual do espa\u00e7o geral da casa de banho.<\/li>\n\n\n\n<li><strong>Acabamento liso vidrado: <\/strong>O esmalte da superf\u00edcie deste lava-loi\u00e7a de bancada oval por atacado \u00e9 delicado e suave, resistente \u00e0s manchas e \u00e0s n\u00f3doas, e n\u00e3o \u00e9 propenso a acumular calc\u00e1rio, facilitando a limpeza di\u00e1ria. Mant\u00e9m a estabilidade da cor mesmo com o contacto prolongado com agentes de limpeza e n\u00e3o \u00e9 propenso a amarelecer ou desbotar.<\/li>\n\n\n\n<li><strong>Em conformidade com as normas internacionais:<\/strong> As dimens\u00f5es do lavat\u00f3rio de casa de banho em cer\u00e2mica personalizada e as posi\u00e7\u00f5es dos orif\u00edcios de drenagem est\u00e3o em conformidade com as normas de instala\u00e7\u00e3o de casas de banho convencionais, adequadas para projectos de exporta\u00e7\u00e3o e engenharia. Amplamente utilizado em hot\u00e9is, apartamentos, projectos residenciais, espa\u00e7os comerciais e canais de venda de casas de banho.<\/li>\n\n\n\n<li><strong>Personaliza\u00e7\u00e3o profissional:<\/strong>\u00a0A Hanyu oferece uma variedade de op\u00e7\u00f5es de personaliza\u00e7\u00e3o para bacias de bancada por atacado. Quer se trate de cor, forma ou textura, pode satisfazer as suas necessidades e fornecer-lhe produtos de bacia de cer\u00e2mica por atacado mais competitivos.<\/li>\n<\/ul>\n<\/div>\n\n\n\n<div class=\"wp-block-column is-layout-flow wp-block-column-is-layout-flow\">\n<figure class=\"wp-block-image size-full\"><img fetchpriority=\"high\" decoding=\"async\" width=\"660\" height=\"929\" src=\"https:\/\/www.ceramicbasin.com\/wp-content\/uploads\/2025\/12\/Oval-shape-countertop-sink-with-wholesale-price-5.webp\" alt=\"lavat\u00f3rio de bancada oval personalizado de cer\u00e2mica para casa de banho-5\" class=\"wp-image-8710\" srcset=\"https:\/\/www.ceramicbasin.com\/wp-content\/uploads\/2025\/12\/Oval-shape-countertop-sink-with-wholesale-price-5.webp 660w, https:\/\/www.ceramicbasin.com\/wp-content\/uploads\/2025\/12\/Oval-shape-countertop-sink-with-wholesale-price-5-213x300.webp 213w, https:\/\/www.ceramicbasin.com\/wp-content\/uploads\/2025\/12\/Oval-shape-countertop-sink-with-wholesale-price-5-9x12.webp 9w, https:\/\/www.ceramicbasin.com\/wp-content\/uploads\/2025\/12\/Oval-shape-countertop-sink-with-wholesale-price-5-285x401.webp 285w, https:\/\/www.ceramicbasin.com\/wp-content\/uploads\/2025\/12\/Oval-shape-countertop-sink-with-wholesale-price-5-469x660.webp 469w, https:\/\/www.ceramicbasin.com\/wp-content\/uploads\/2025\/12\/Oval-shape-countertop-sink-with-wholesale-price-5-107x150.webp 107w\" sizes=\"(max-width: 660px) 100vw, 660px\" \/><\/figure>\n<\/div>\n<\/div>","protected":false},"excerpt":{"rendered":"<p>Bem-vindo ao comprar o nosso lava-loi\u00e7a de bancada oval por atacado com um acabamento vidrado suave para durabilidade e f\u00e1cil manuten\u00e7\u00e3o, com beleza intemporal. Adequado para encomendas por atacado, hot\u00e9is e uso dom\u00e9stico. A Hanyu desenvolveu uma s\u00e9rie de produtos cer\u00e2micos para lavat\u00f3rios, que s\u00e3o moldados, coloridos ou texturizados, satisfazendo as suas necessidades e permitindo-lhe ser mais competitivo no mercado.<\/p>\n<table style=\"border-collapse: collapse; width: 358.52pt;\" border=\"0\" width=\"478\" cellspacing=\"0\" cellpadding=\"0\">\n<tbody>\n<tr style=\"height: 17.25pt;\">\n<td class=\"et3\" style=\"height: 17.25pt; width: 125.00pt;\" width=\"166\" height=\"23\">Fabricante<\/td>\n<td class=\"et3\" style=\"width: 234.15pt;\" width=\"312\">HanYu<\/td>\n<\/tr>\n<tr style=\"height: 17.25pt;\">\n<td class=\"et3\" style=\"height: 17.25pt;\" height=\"23\">Modelo n.<\/td>\n<td class=\"et4\">HY-8259<\/td>\n<\/tr>\n<tr style=\"height: 17.25pt;\">\n<td class=\"et3\" style=\"height: 17.25pt;\" height=\"23\">Tipo<\/td>\n<td class=\"et5\" style=\"width: 234.15pt;\" width=\"312\">Lava-lou\u00e7as de bancada<\/td>\n<\/tr>\n<tr style=\"height: 18.00pt;\">\n<td class=\"et3\" style=\"height: 18.00pt;\" height=\"24\">Forma<\/td>\n<td class=\"et3\">Forma oval<\/td>\n<\/tr>\n<tr style=\"height: 34.50pt;\">\n<td class=\"et4\" style=\"height: 34.50pt;\" height=\"46\">Cor<\/td>\n<td class=\"et5\" style=\"width: 234.15pt;\" width=\"312\">preto\/branco\/azul\/cinzento\/rosa\/verde\/castanho\/caqui<\/td>\n<\/tr>\n<tr style=\"height: 18.00pt;\">\n<td class=\"et3\" style=\"height: 18.00pt;\" height=\"24\">Dimens\u00e3o<\/td>\n<td class=\"et5\" style=\"width: 234.15pt;\" width=\"312\">50*40*16.5<\/td>\n<\/tr>\n<tr style=\"height: 17.25pt;\">\n<td class=\"et3\" style=\"height: 17.25pt;\" height=\"23\">N.W \/SET<\/td>\n<td class=\"et3\">7KGS\/PCS<\/td>\n<\/tr>\n<tr style=\"height: 17.25pt;\">\n<td class=\"et3\" style=\"height: 17.25pt;\" height=\"23\">MOQ<\/td>\n<td class=\"et3\">20 unidades<\/td>\n<\/tr>\n<tr style=\"height: 17.25pt;\">\n<td class=\"et3\" style=\"height: 17.25pt;\" height=\"23\">Op\u00e7\u00e3o personalizada<\/td>\n<td class=\"et3\">Cor\/Patente\/Tamanho\/Logotipo\/Embalagem<\/td>\n<\/tr>\n<\/tbody>\n<\/table>","protected":false},"featured_media":8709,"comment_status":"closed","ping_status":"closed","template":"","meta":{"_acf_changed":false},"product_brand":[],"product_cat":[50],"product_tag":[],"class_list":{"0":"post-8723","1":"product","2":"type-product","3":"status-publish","4":"has-post-thumbnail","6":"product_cat-wholesale-countertop-sinks","8":"first","9":"instock","10":"shipping-taxable","11":"product-type-simple"},"acf":[],"_links":{"self":[{"href":"https:\/\/www.ceramicbasin.com\/pt\/wp-json\/wp\/v2\/product\/8723","targetHints":{"allow":["GET"]}}],"collection":[{"href":"https:\/\/www.ceramicbasin.com\/pt\/wp-json\/wp\/v2\/product"}],"about":[{"href":"https:\/\/www.ceramicbasin.com\/pt\/wp-json\/wp\/v2\/types\/product"}],"replies":[{"embeddable":true,"href":"https:\/\/www.ceramicbasin.com\/pt\/wp-json\/wp\/v2\/comments?post=8723"}],"wp:featuredmedia":[{"embeddable":true,"href":"https:\/\/www.ceramicbasin.com\/pt\/wp-json\/wp\/v2\/media\/8709"}],"wp:attachment":[{"href":"https:\/\/www.ceramicbasin.com\/pt\/wp-json\/wp\/v2\/media?parent=8723"}],"wp:term":[{"taxonomy":"product_brand","embeddable":true,"href":"https:\/\/www.ceramicbasin.com\/pt\/wp-json\/wp\/v2\/product_brand?post=8723"},{"taxonomy":"product_cat","embeddable":true,"href":"https:\/\/www.ceramicbasin.com\/pt\/wp-json\/wp\/v2\/product_cat?post=8723"},{"taxonomy":"product_tag","embeddable":true,"href":"https:\/\/www.ceramicbasin.com\/pt\/wp-json\/wp\/v2\/product_tag?post=8723"}],"curies":[{"name":"wp","href":"https:\/\/api.w.org\/{rel}","templated":true}]}}