{"id":8724,"date":"2025-12-18T08:06:44","date_gmt":"2025-12-18T08:06:44","guid":{"rendered":"https:\/\/www.ceramicbasin.com\/?post_type=product&#038;p=8724"},"modified":"2025-12-18T08:06:48","modified_gmt":"2025-12-18T08:06:48","slug":"ceramic-wash-basin-wholesale","status":"publish","type":"product","link":"https:\/\/www.ceramicbasin.com\/pt\/produto\/ceramic-wash-basin-wholesale\/","title":{"rendered":"Bacia de lavagem de cer\u00e2mica mais nova por atacado, pia de bancada personalizada"},"content":{"rendered":"<div class=\"wp-block-columns is-layout-flex wp-container-core-columns-is-layout-9d6595d7 wp-block-columns-is-layout-flex\">\n<div class=\"wp-block-column is-layout-flow wp-block-column-is-layout-flow\">\n<h2 class=\"wp-block-heading\">Lavat\u00f3rio de cer\u00e2mica premium Carater\u00edsticas por atacado:<\/h2>\n\n\n\n<ul class=\"wp-block-list\">\n<li><strong>Design de moda:\u00a0<\/strong>O nosso lavat\u00f3rio de cer\u00e2mica por atacado, que tem um design moderno e elegante com linhas suaves, \u00e9 adequado para v\u00e1rias disposi\u00e7\u00f5es de casa de banho e real\u00e7a a beleza geral e o grau do espa\u00e7o.<\/li>\n\n\n\n<li><strong>Estrutura da bacia da bancada:<\/strong> Este lavat\u00f3rio de cer\u00e2mica por atacado \u00e9 instalado numa bancada, oferecendo uma instala\u00e7\u00e3o e manuten\u00e7\u00e3o convenientes, um forte apelo visual e adequa\u00e7\u00e3o a projectos residenciais e comerciais.<\/li>\n\n\n\n<li><strong>Cozedura de cer\u00e2mica a alta temperatura:<\/strong> Fabricado a partir de mat\u00e9rias-primas cer\u00e2micas de alta qualidade e cozido a altas temperaturas, este lavat\u00f3rio de cer\u00e2mica por atacado apresenta uma estrutura densa, durabilidade e resist\u00eancia \u00e0 fissura\u00e7\u00e3o.<\/li>\n\n\n\n<li><strong>Grande capacidade de produ\u00e7\u00e3o:\u00a0<\/strong>Um grande armaz\u00e9m para conter estes produtos de pias de cer\u00e2mica por atacado. Escolha os itens de seu interesse e pergunte-nos; a maioria das pias de cer\u00e2mica branca no atacado est\u00e1 em estoque, ent\u00e3o o tempo de envio seria muito mais curto.<\/li>\n\n\n\n<li><strong>Entrega r\u00e1pida:<\/strong>\u00a0O nosso lava-loi\u00e7a de bancada personalizado tem um sistema de produ\u00e7\u00e3o e log\u00edstica eficiente para garantir uma resposta r\u00e1pida e uma entrega atempada das encomendas. Quer necessite de comprar em grandes quantidades ou personalizar em pequenas quantidades, podemos concluir a produ\u00e7\u00e3o e a entrega dentro do prazo acordado para garantir que pode receber os produtos necess\u00e1rios a tempo.<\/li>\n<\/ul>\n<\/div>\n\n\n\n<div class=\"wp-block-column is-layout-flow wp-block-column-is-layout-flow\">\n<figure class=\"wp-block-image size-full\"><img fetchpriority=\"high\" decoding=\"async\" width=\"663\" height=\"936\" src=\"https:\/\/www.ceramicbasin.com\/wp-content\/uploads\/2025\/12\/Newest-design-ceramic-cabinet-top-mounting-hand-washing-basin-supplier-5.webp\" alt=\"mais-novo-lavat\u00f3rio-de-cer\u00e2mica-lavagem-por-grosso-custom-countertop-sink-5\" class=\"wp-image-8705\" srcset=\"https:\/\/www.ceramicbasin.com\/wp-content\/uploads\/2025\/12\/Newest-design-ceramic-cabinet-top-mounting-hand-washing-basin-supplier-5.webp 663w, https:\/\/www.ceramicbasin.com\/wp-content\/uploads\/2025\/12\/Newest-design-ceramic-cabinet-top-mounting-hand-washing-basin-supplier-5-213x300.webp 213w, https:\/\/www.ceramicbasin.com\/wp-content\/uploads\/2025\/12\/Newest-design-ceramic-cabinet-top-mounting-hand-washing-basin-supplier-5-9x12.webp 9w, https:\/\/www.ceramicbasin.com\/wp-content\/uploads\/2025\/12\/Newest-design-ceramic-cabinet-top-mounting-hand-washing-basin-supplier-5-285x402.webp 285w, https:\/\/www.ceramicbasin.com\/wp-content\/uploads\/2025\/12\/Newest-design-ceramic-cabinet-top-mounting-hand-washing-basin-supplier-5-468x660.webp 468w, https:\/\/www.ceramicbasin.com\/wp-content\/uploads\/2025\/12\/Newest-design-ceramic-cabinet-top-mounting-hand-washing-basin-supplier-5-106x150.webp 106w\" sizes=\"(max-width: 663px) 100vw, 663px\" \/><\/figure>\n<\/div>\n<\/div>\n\n\n\n<p><\/p>","protected":false},"excerpt":{"rendered":"<p>Bem-vindo ao comprar o nosso lavat\u00f3rio de cer\u00e2mica por grosso, fabricado em cer\u00e2mica cozida a alta temperatura para maior durabilidade e f\u00e1cil manuten\u00e7\u00e3o. Com uma superf\u00edcie vidrada lisa e drenagem padr\u00e3o, estes lavat\u00f3rios de bancada personalizados s\u00e3o ideais para projectos residenciais, hoteleiros e comerciais. Temos um grande armaz\u00e9m para conter esses produtos de pias de cer\u00e2mica por atacado, a maioria das pias de cer\u00e2mica branca por atacado est\u00e3o em estoque.<\/p>\n<table style=\"border-collapse: collapse; width: 358.52pt;\" border=\"0\" width=\"478\" cellspacing=\"0\" cellpadding=\"0\">\n<tbody>\n<tr style=\"height: 17.25pt;\">\n<td class=\"et3\" style=\"height: 17.25pt; width: 125.00pt;\" width=\"166\" height=\"23\">Fabricante<\/td>\n<td class=\"et3\" style=\"width: 234.15pt;\" width=\"312\">HanYu<\/td>\n<\/tr>\n<tr style=\"height: 17.25pt;\">\n<td class=\"et3\" style=\"height: 17.25pt;\" height=\"23\">Modelo n.<\/td>\n<td class=\"et4\">HY-8256A<\/td>\n<\/tr>\n<tr style=\"height: 17.25pt;\">\n<td class=\"et3\" style=\"height: 17.25pt;\" height=\"23\">Tipo<\/td>\n<td class=\"et5\" style=\"width: 234.15pt;\" width=\"312\">Lava-lou\u00e7as de bancada<\/td>\n<\/tr>\n<tr style=\"height: 18.00pt;\">\n<td class=\"et3\" style=\"height: 18.00pt;\" height=\"24\">Forma<\/td>\n<td class=\"et3\">Forma retangular<\/td>\n<\/tr>\n<tr style=\"height: 34.50pt;\">\n<td class=\"et4\" style=\"height: 34.50pt;\" height=\"46\">Cor<\/td>\n<td class=\"et5\" style=\"width: 234.15pt;\" width=\"312\">preto\/branco\/azul\/cinzento\/rosa\/verde\/castanho\/caqui<\/td>\n<\/tr>\n<tr style=\"height: 18.00pt;\">\n<td class=\"et3\" style=\"height: 18.00pt;\" height=\"24\">Dimens\u00e3o<\/td>\n<td class=\"et5\" style=\"width: 234.15pt;\" width=\"312\">50*37.5*15<\/td>\n<\/tr>\n<tr style=\"height: 17.25pt;\">\n<td class=\"et3\" style=\"height: 17.25pt;\" height=\"23\">N.W \/SET<\/td>\n<td class=\"et3\">8KGS\/PCS<\/td>\n<\/tr>\n<tr style=\"height: 17.25pt;\">\n<td class=\"et3\" style=\"height: 17.25pt;\" height=\"23\">MOQ<\/td>\n<td class=\"et3\">20 unidades<\/td>\n<\/tr>\n<tr style=\"height: 17.25pt;\">\n<td class=\"et3\" style=\"height: 17.25pt;\" height=\"23\">Op\u00e7\u00e3o personalizada<\/td>\n<td class=\"et3\">Cor\/Patente\/Tamanho\/Logotipo\/Embalagem<\/td>\n<\/tr>\n<\/tbody>\n<\/table>","protected":false},"featured_media":8701,"comment_status":"closed","ping_status":"closed","template":"","meta":{"_acf_changed":false},"product_brand":[],"product_cat":[50],"product_tag":[],"class_list":{"0":"post-8724","1":"product","2":"type-product","3":"status-publish","4":"has-post-thumbnail","6":"product_cat-wholesale-countertop-sinks","8":"first","9":"instock","10":"shipping-taxable","11":"product-type-simple"},"acf":[],"_links":{"self":[{"href":"https:\/\/www.ceramicbasin.com\/pt\/wp-json\/wp\/v2\/product\/8724","targetHints":{"allow":["GET"]}}],"collection":[{"href":"https:\/\/www.ceramicbasin.com\/pt\/wp-json\/wp\/v2\/product"}],"about":[{"href":"https:\/\/www.ceramicbasin.com\/pt\/wp-json\/wp\/v2\/types\/product"}],"replies":[{"embeddable":true,"href":"https:\/\/www.ceramicbasin.com\/pt\/wp-json\/wp\/v2\/comments?post=8724"}],"wp:featuredmedia":[{"embeddable":true,"href":"https:\/\/www.ceramicbasin.com\/pt\/wp-json\/wp\/v2\/media\/8701"}],"wp:attachment":[{"href":"https:\/\/www.ceramicbasin.com\/pt\/wp-json\/wp\/v2\/media?parent=8724"}],"wp:term":[{"taxonomy":"product_brand","embeddable":true,"href":"https:\/\/www.ceramicbasin.com\/pt\/wp-json\/wp\/v2\/product_brand?post=8724"},{"taxonomy":"product_cat","embeddable":true,"href":"https:\/\/www.ceramicbasin.com\/pt\/wp-json\/wp\/v2\/product_cat?post=8724"},{"taxonomy":"product_tag","embeddable":true,"href":"https:\/\/www.ceramicbasin.com\/pt\/wp-json\/wp\/v2\/product_tag?post=8724"}],"curies":[{"name":"wp","href":"https:\/\/api.w.org\/{rel}","templated":true}]}}