{"id":8725,"date":"2025-12-18T07:37:02","date_gmt":"2025-12-18T07:37:02","guid":{"rendered":"https:\/\/www.ceramicbasin.com\/?post_type=product&#038;p=8725"},"modified":"2025-12-18T07:37:05","modified_gmt":"2025-12-18T07:37:05","slug":"bulk-ceramic-countertop-basin","status":"publish","type":"product","link":"https:\/\/www.ceramicbasin.com\/pt\/produto\/bulk-ceramic-countertop-basin\/","title":{"rendered":"Bacia de bancada de cer\u00e2mica a granel de f\u00e1brica, lavat\u00f3rio de banho retangular"},"content":{"rendered":"<div class=\"wp-block-columns is-layout-flex wp-container-core-columns-is-layout-9d6595d7 wp-block-columns-is-layout-flex\">\n<div class=\"wp-block-column is-layout-flow wp-block-column-is-layout-flow\">\n<h2 class=\"wp-block-heading\">Lavat\u00f3rio de bancada em cer\u00e2mica Premium Bulk Carater\u00edsticas:<\/h2>\n\n\n\n<ul class=\"wp-block-list\">\n<li><strong>Cer\u00e2mica de alta qualidade:<\/strong>\u00a0A bacia da bancada de cer\u00e2mica a granel da f\u00e1brica selecionou mat\u00e9rias-primas cer\u00e2micas de alta qualidade sinterizadas a alta temperatura, tornando a nossa pia de cer\u00e2mica s\u00f3lida em estrutura, delicada e lisa na superf\u00edcie, f\u00e1cil de limpar e durando como nova.<\/li>\n\n\n\n<li><strong>Design retangular moderno:<\/strong> O lavat\u00f3rio de bancada em cer\u00e2mica a granel da f\u00e1brica tem uma forma retangular simples e limpa com linhas suaves e \u00e9 adequado para espa\u00e7os de casa de banho modernos, minimalistas e comerciais.<\/li>\n\n\n\n<li><strong>Modo de instala\u00e7\u00e3o de topo:<\/strong>\u00a0Esta bacia de bancada de cer\u00e2mica a granel de f\u00e1brica aplica-se \u00e0 forma de instala\u00e7\u00e3o superior, \u00e9 facilmente instalada e funciona de forma est\u00e1vel e fi\u00e1vel. N\u00e3o s\u00f3 poupar\u00e1 espa\u00e7o para a casa de banho, como tamb\u00e9m proporcionar\u00e1 comodidade na manuten\u00e7\u00e3o e limpeza di\u00e1rias e melhorar\u00e1 a experi\u00eancia do utilizador.<\/li>\n\n\n\n<li><strong>Excelente desempenho:<\/strong> O nosso lavat\u00f3rio de casa de banho retangular por atacado em materiais cer\u00e2micos de alta qualidade, para que o lavat\u00f3rio tenha uma excelente durabilidade e resist\u00eancia a riscos e possa manter um bom estado mesmo ap\u00f3s um longo per\u00edodo de utiliza\u00e7\u00e3o.<\/li>\n\n\n\n<li><strong>Fornecimento direto da f\u00e1brica: <\/strong>Vendemos lavat\u00f3rios de casa de banho por atacado a pre\u00e7os razo\u00e1veis, apoiando o fornecimento direto da f\u00e1brica e as compras a granel, com uma capacidade de produ\u00e7\u00e3o est\u00e1vel, adequada para hot\u00e9is, apartamentos e canais de projeto.<\/li>\n<\/ul>\n<\/div>\n\n\n\n<div class=\"wp-block-column is-layout-flow wp-block-column-is-layout-flow\">\n<figure class=\"wp-block-image size-full\"><img fetchpriority=\"high\" decoding=\"async\" width=\"660\" height=\"912\" src=\"https:\/\/www.ceramicbasin.com\/wp-content\/uploads\/2025\/12\/Top-counter-ceramic-washbasin-manufacturer-rectanglue-shape-hand-washing-sink-bowl-5.webp\" alt=\"bancada de cer\u00e2mica de f\u00e1brica-lavat\u00f3rio de banho retangular-5\" class=\"wp-image-8700\" srcset=\"https:\/\/www.ceramicbasin.com\/wp-content\/uploads\/2025\/12\/Top-counter-ceramic-washbasin-manufacturer-rectanglue-shape-hand-washing-sink-bowl-5.webp 660w, https:\/\/www.ceramicbasin.com\/wp-content\/uploads\/2025\/12\/Top-counter-ceramic-washbasin-manufacturer-rectanglue-shape-hand-washing-sink-bowl-5-217x300.webp 217w, https:\/\/www.ceramicbasin.com\/wp-content\/uploads\/2025\/12\/Top-counter-ceramic-washbasin-manufacturer-rectanglue-shape-hand-washing-sink-bowl-5-9x12.webp 9w, https:\/\/www.ceramicbasin.com\/wp-content\/uploads\/2025\/12\/Top-counter-ceramic-washbasin-manufacturer-rectanglue-shape-hand-washing-sink-bowl-5-285x394.webp 285w, https:\/\/www.ceramicbasin.com\/wp-content\/uploads\/2025\/12\/Top-counter-ceramic-washbasin-manufacturer-rectanglue-shape-hand-washing-sink-bowl-5-478x660.webp 478w, https:\/\/www.ceramicbasin.com\/wp-content\/uploads\/2025\/12\/Top-counter-ceramic-washbasin-manufacturer-rectanglue-shape-hand-washing-sink-bowl-5-109x150.webp 109w\" sizes=\"(max-width: 660px) 100vw, 660px\" \/><\/figure>\n<\/div>\n<\/div>","protected":false},"excerpt":{"rendered":"<p>Bem-vindo a comprar os nossos lavat\u00f3rios de bancada de cer\u00e2mica a granel de f\u00e1brica com um design retangular moderno, fabricados em cer\u00e2mica cozida a alta temperatura para maior durabilidade e f\u00e1cil manuten\u00e7\u00e3o. Com uma superf\u00edcie vidrada lisa e drenagem padr\u00e3o, estes lavat\u00f3rios de casa de banho rectangulares s\u00e3o ideais para projectos residenciais, hoteleiros e comerciais, proporcionando comodidade na manuten\u00e7\u00e3o e limpeza di\u00e1rias e melhorando a experi\u00eancia do utilizador.<\/p>\n<table style=\"border-collapse: collapse; width: 358.52pt;\" border=\"0\" width=\"478\" cellspacing=\"0\" cellpadding=\"0\">\n<tbody>\n<tr style=\"height: 17.25pt;\">\n<td class=\"et3\" style=\"height: 17.25pt; width: 125.00pt;\" width=\"166\" height=\"23\">Fabricante<\/td>\n<td class=\"et3\" style=\"width: 234.15pt;\" width=\"312\">HanYu<\/td>\n<\/tr>\n<tr style=\"height: 17.25pt;\">\n<td class=\"et3\" style=\"height: 17.25pt;\" height=\"23\">Modelo n.<\/td>\n<td class=\"et4\">HY-8256<\/td>\n<\/tr>\n<tr style=\"height: 17.25pt;\">\n<td class=\"et3\" style=\"height: 17.25pt;\" height=\"23\">Tipo<\/td>\n<td class=\"et5\" style=\"width: 234.15pt;\" width=\"312\">Lava-lou\u00e7as de bancada<\/td>\n<\/tr>\n<tr style=\"height: 18.00pt;\">\n<td class=\"et3\" style=\"height: 18.00pt;\" height=\"24\">Forma<\/td>\n<td class=\"et3\">Forma quadrada<\/td>\n<\/tr>\n<tr style=\"height: 34.50pt;\">\n<td class=\"et4\" style=\"height: 34.50pt;\" height=\"46\">Cor<\/td>\n<td class=\"et5\" style=\"width: 234.15pt;\" width=\"312\">preto\/branco\/azul\/cinzento\/rosa\/verde\/castanho\/caqui<\/td>\n<\/tr>\n<tr style=\"height: 18.00pt;\">\n<td class=\"et3\" style=\"height: 18.00pt;\" height=\"24\">Dimens\u00e3o<\/td>\n<td class=\"et5\" style=\"width: 234.15pt;\" width=\"312\">40*40*15<\/td>\n<\/tr>\n<tr style=\"height: 17.25pt;\">\n<td class=\"et3\" style=\"height: 17.25pt;\" height=\"23\">N.W \/SET<\/td>\n<td class=\"et3\">6KGS\/PCS<\/td>\n<\/tr>\n<tr style=\"height: 17.25pt;\">\n<td class=\"et3\" style=\"height: 17.25pt;\" height=\"23\">MOQ<\/td>\n<td class=\"et3\">20 unidades<\/td>\n<\/tr>\n<tr style=\"height: 17.25pt;\">\n<td class=\"et3\" style=\"height: 17.25pt;\" height=\"23\">Op\u00e7\u00e3o personalizada<\/td>\n<td class=\"et3\">Cor\/Patente\/Tamanho\/Logotipo\/Embalagem<\/td>\n<\/tr>\n<\/tbody>\n<\/table>","protected":false},"featured_media":8699,"comment_status":"closed","ping_status":"closed","template":"","meta":{"_acf_changed":false},"product_brand":[],"product_cat":[50],"product_tag":[],"class_list":{"0":"post-8725","1":"product","2":"type-product","3":"status-publish","4":"has-post-thumbnail","6":"product_cat-wholesale-countertop-sinks","8":"first","9":"instock","10":"shipping-taxable","11":"product-type-simple"},"acf":[],"_links":{"self":[{"href":"https:\/\/www.ceramicbasin.com\/pt\/wp-json\/wp\/v2\/product\/8725","targetHints":{"allow":["GET"]}}],"collection":[{"href":"https:\/\/www.ceramicbasin.com\/pt\/wp-json\/wp\/v2\/product"}],"about":[{"href":"https:\/\/www.ceramicbasin.com\/pt\/wp-json\/wp\/v2\/types\/product"}],"replies":[{"embeddable":true,"href":"https:\/\/www.ceramicbasin.com\/pt\/wp-json\/wp\/v2\/comments?post=8725"}],"wp:featuredmedia":[{"embeddable":true,"href":"https:\/\/www.ceramicbasin.com\/pt\/wp-json\/wp\/v2\/media\/8699"}],"wp:attachment":[{"href":"https:\/\/www.ceramicbasin.com\/pt\/wp-json\/wp\/v2\/media?parent=8725"}],"wp:term":[{"taxonomy":"product_brand","embeddable":true,"href":"https:\/\/www.ceramicbasin.com\/pt\/wp-json\/wp\/v2\/product_brand?post=8725"},{"taxonomy":"product_cat","embeddable":true,"href":"https:\/\/www.ceramicbasin.com\/pt\/wp-json\/wp\/v2\/product_cat?post=8725"},{"taxonomy":"product_tag","embeddable":true,"href":"https:\/\/www.ceramicbasin.com\/pt\/wp-json\/wp\/v2\/product_tag?post=8725"}],"curies":[{"name":"wp","href":"https:\/\/api.w.org\/{rel}","templated":true}]}}