{"id":8795,"date":"2025-12-31T03:05:11","date_gmt":"2025-12-31T03:05:11","guid":{"rendered":"https:\/\/www.ceramicbasin.com\/?post_type=product&#038;p=8795"},"modified":"2025-12-31T03:05:14","modified_gmt":"2025-12-31T03:05:14","slug":"wholesale-counter-top-wash-basin","status":"publish","type":"product","link":"https:\/\/www.ceramicbasin.com\/pt\/produto\/wholesale-counter-top-wash-basin\/","title":{"rendered":"Lavat\u00f3rio de bancada moderno por atacado, design sem furo para torneira"},"content":{"rendered":"<div class=\"wp-block-columns is-layout-flex wp-container-core-columns-is-layout-9d6595d7 wp-block-columns-is-layout-flex\">\n<div class=\"wp-block-column is-layout-flow wp-block-column-is-layout-flow\">\n<h2 class=\"wp-block-heading\">Lavat\u00f3rio de bancada Premium Wholesale Carater\u00edsticas:<\/h2>\n\n\n\n<ul class=\"wp-block-list\">\n<li><strong>Design sem furo de torneira: <\/strong>O nosso lavat\u00f3rio de bancada por atacado oferece maior flexibilidade de design, compat\u00edvel com torneiras de bancada ou de parede, satisfazendo diversas necessidades de design espacial.<\/li>\n\n\n\n<li><strong>Esmalte com textura de m\u00e1rmore branco: <\/strong>Este lavat\u00f3rio de casa de banho de bancada por atacado apresenta uma textura natural e sofisticada, real\u00e7ando o toque moderno e a qualidade de todo o espa\u00e7o de banho.<\/li>\n\n\n\n<li><strong>Material cer\u00e2mico de alta qualidade: <\/strong>O nosso lavat\u00f3rio de bancada por atacado \u00e9 cozido a altas temperaturas, resultando numa estrutura densa, resistente ao desgaste e \u00e0s manchas, e resistente \u00e0 descolora\u00e7\u00e3o, permanecendo como novo mesmo ap\u00f3s uma utiliza\u00e7\u00e3o prolongada.<\/li>\n\n\n\n<li><strong>Grande stock e envio r\u00e1pido: <\/strong>Os nossos lavat\u00f3rios de casa de banho de bancada por atacado est\u00e3o prontamente dispon\u00edveis em stock, o que os torna ideais para projectos de engenharia e compras a granel.<\/li>\n<\/ul>\n<\/div>\n\n\n\n<div class=\"wp-block-column is-layout-flow wp-block-column-is-layout-flow\">\n<figure class=\"wp-block-image size-full\"><img fetchpriority=\"high\" decoding=\"async\" width=\"1024\" height=\"1024\" src=\"https:\/\/www.ceramicbasin.com\/wp-content\/uploads\/2025\/12\/Modern-No-Hole-Faucet-Mount-Bathroom-Vessel-Sink-Ceramic-Porcelain-Basin-Washing-Bowl-5.webp\" alt=\"Lavat\u00f3rio de casa de banho moderno sem furo para montagem em torneira, lavat\u00f3rio de porcelana cer\u00e2mica\" class=\"wp-image-8800\" srcset=\"https:\/\/www.ceramicbasin.com\/wp-content\/uploads\/2025\/12\/Modern-No-Hole-Faucet-Mount-Bathroom-Vessel-Sink-Ceramic-Porcelain-Basin-Washing-Bowl-5.webp 1024w, https:\/\/www.ceramicbasin.com\/wp-content\/uploads\/2025\/12\/Modern-No-Hole-Faucet-Mount-Bathroom-Vessel-Sink-Ceramic-Porcelain-Basin-Washing-Bowl-5-300x300.webp 300w, https:\/\/www.ceramicbasin.com\/wp-content\/uploads\/2025\/12\/Modern-No-Hole-Faucet-Mount-Bathroom-Vessel-Sink-Ceramic-Porcelain-Basin-Washing-Bowl-5-150x150.webp 150w, https:\/\/www.ceramicbasin.com\/wp-content\/uploads\/2025\/12\/Modern-No-Hole-Faucet-Mount-Bathroom-Vessel-Sink-Ceramic-Porcelain-Basin-Washing-Bowl-5-768x768.webp 768w, https:\/\/www.ceramicbasin.com\/wp-content\/uploads\/2025\/12\/Modern-No-Hole-Faucet-Mount-Bathroom-Vessel-Sink-Ceramic-Porcelain-Basin-Washing-Bowl-5-12x12.webp 12w, https:\/\/www.ceramicbasin.com\/wp-content\/uploads\/2025\/12\/Modern-No-Hole-Faucet-Mount-Bathroom-Vessel-Sink-Ceramic-Porcelain-Basin-Washing-Bowl-5-285x285.webp 285w, https:\/\/www.ceramicbasin.com\/wp-content\/uploads\/2025\/12\/Modern-No-Hole-Faucet-Mount-Bathroom-Vessel-Sink-Ceramic-Porcelain-Basin-Washing-Bowl-5-270x270.webp 270w, https:\/\/www.ceramicbasin.com\/wp-content\/uploads\/2025\/12\/Modern-No-Hole-Faucet-Mount-Bathroom-Vessel-Sink-Ceramic-Porcelain-Basin-Washing-Bowl-5-540x540.webp 540w, https:\/\/www.ceramicbasin.com\/wp-content\/uploads\/2025\/12\/Modern-No-Hole-Faucet-Mount-Bathroom-Vessel-Sink-Ceramic-Porcelain-Basin-Washing-Bowl-5-660x660.webp 660w\" sizes=\"(max-width: 1024px) 100vw, 1024px\" \/><\/figure>\n<\/div>\n<\/div>","protected":false},"excerpt":{"rendered":"<p>Bem-vindo \u00e0 compra de lavat\u00f3rios de bancada por atacado. Este lavat\u00f3rio de casa de banho de bancada de estilo moderno apresenta um design sem torneira, com linhas simples e limpas e um esmalte com textura de m\u00e1rmore branco, oferecendo um visual sofisticado e vers\u00e1til.<\/p>\n<table style=\"border-collapse: collapse; width: 311.02pt;\" border=\"0\" width=\"311\" cellspacing=\"0\" cellpadding=\"0\">\n<tbody>\n<tr style=\"height: 17.60pt;\">\n<td class=\"et3\" style=\"height: 17.60pt; width: 108.35pt;\" width=\"108\" height=\"17\">Fabricante<\/td>\n<td class=\"et3\" style=\"width: 202.95pt;\" width=\"202\">HanYu<\/td>\n<\/tr>\n<tr style=\"height: 17.60pt;\">\n<td class=\"et3\" style=\"height: 17.60pt;\" height=\"17\">Modelo n.<\/td>\n<td class=\"et4\">HY-8064-65D89<\/td>\n<\/tr>\n<tr style=\"height: 36.00pt;\">\n<td class=\"et3\" style=\"height: 36.00pt;\" height=\"36\">Tipo<\/td>\n<td class=\"et5\" style=\"width: 202.95pt;\" width=\"202\">Lavat\u00f3rio em m\u00e1rmore, Lavat\u00f3rio de bancada<\/td>\n<\/tr>\n<tr style=\"height: 17.60pt;\">\n<td class=\"et3\" style=\"height: 17.60pt;\" height=\"17\">Forma<\/td>\n<td class=\"et3\">Forma retangular<\/td>\n<\/tr>\n<tr style=\"height: 18.00pt;\">\n<td class=\"et4\" style=\"height: 18.00pt;\" height=\"18\">Cor<\/td>\n<td class=\"et5\" style=\"width: 202.95pt;\" width=\"202\">Preto<\/td>\n<\/tr>\n<tr style=\"height: 18.00pt;\">\n<td class=\"et3\" style=\"height: 18.00pt;\" height=\"18\">Dimens\u00e3o<\/td>\n<td class=\"et5\" style=\"width: 202.95pt;\" width=\"202\">65*38*11<\/td>\n<\/tr>\n<tr style=\"height: 17.60pt;\">\n<td class=\"et3\" style=\"height: 17.60pt;\" height=\"17\">N.W \/SET<\/td>\n<td class=\"et3\">15KGS\/PCS<\/td>\n<\/tr>\n<tr style=\"height: 17.60pt;\">\n<td class=\"et3\" style=\"height: 17.60pt;\" height=\"17\">MOQ<\/td>\n<td class=\"et3\">20 unidades<\/td>\n<\/tr>\n<tr style=\"height: 17.60pt;\">\n<td class=\"et3\" style=\"height: 17.60pt;\" height=\"17\">Op\u00e7\u00e3o personalizada<\/td>\n<td class=\"et3\">Cor\/Patente\/Tamanho\/Logotipo\/Embalagem<\/td>\n<\/tr>\n<\/tbody>\n<\/table>","protected":false},"featured_media":8796,"comment_status":"closed","ping_status":"closed","template":"","meta":{"_acf_changed":false},"product_brand":[],"product_cat":[50,54],"product_tag":[],"class_list":{"0":"post-8795","1":"product","2":"type-product","3":"status-publish","4":"has-post-thumbnail","6":"product_cat-wholesale-countertop-sinks","7":"product_cat-wholesale-marble-sinks","9":"first","10":"instock","11":"shipping-taxable","12":"product-type-simple"},"acf":[],"_links":{"self":[{"href":"https:\/\/www.ceramicbasin.com\/pt\/wp-json\/wp\/v2\/product\/8795","targetHints":{"allow":["GET"]}}],"collection":[{"href":"https:\/\/www.ceramicbasin.com\/pt\/wp-json\/wp\/v2\/product"}],"about":[{"href":"https:\/\/www.ceramicbasin.com\/pt\/wp-json\/wp\/v2\/types\/product"}],"replies":[{"embeddable":true,"href":"https:\/\/www.ceramicbasin.com\/pt\/wp-json\/wp\/v2\/comments?post=8795"}],"wp:featuredmedia":[{"embeddable":true,"href":"https:\/\/www.ceramicbasin.com\/pt\/wp-json\/wp\/v2\/media\/8796"}],"wp:attachment":[{"href":"https:\/\/www.ceramicbasin.com\/pt\/wp-json\/wp\/v2\/media?parent=8795"}],"wp:term":[{"taxonomy":"product_brand","embeddable":true,"href":"https:\/\/www.ceramicbasin.com\/pt\/wp-json\/wp\/v2\/product_brand?post=8795"},{"taxonomy":"product_cat","embeddable":true,"href":"https:\/\/www.ceramicbasin.com\/pt\/wp-json\/wp\/v2\/product_cat?post=8795"},{"taxonomy":"product_tag","embeddable":true,"href":"https:\/\/www.ceramicbasin.com\/pt\/wp-json\/wp\/v2\/product_tag?post=8795"}],"curies":[{"name":"wp","href":"https:\/\/api.w.org\/{rel}","templated":true}]}}