{"id":8841,"date":"2026-01-01T06:14:27","date_gmt":"2026-01-01T06:14:27","guid":{"rendered":"https:\/\/www.ceramicbasin.com\/?post_type=product&#038;p=8841"},"modified":"2026-01-07T08:42:43","modified_gmt":"2026-01-07T08:42:43","slug":"custom-ceramic-countertop-sink","status":"publish","type":"product","link":"https:\/\/www.ceramicbasin.com\/pt\/produto\/custom-ceramic-countertop-sink\/","title":{"rendered":"Lavat\u00f3rio de bancada de cer\u00e2mica personalizado, Lavat\u00f3rio de casa de banho por atacado"},"content":{"rendered":"<div class=\"wp-block-columns is-layout-flex wp-container-core-columns-is-layout-9d6595d7 wp-block-columns-is-layout-flex\">\n<div class=\"wp-block-column is-layout-flow wp-block-column-is-layout-flow\">\n<h2 class=\"wp-block-heading\">Carater\u00edsticas do lavat\u00f3rio de bancada em cer\u00e2mica personalizada Premium:<\/h2>\n\n\n\n<ul class=\"wp-block-list\">\n<li><strong>Design retangular contempor\u00e2neo:<\/strong>\u00a0O nosso lavat\u00f3rio de bancada em cer\u00e2mica personalizado apresenta um design retangular elegante e f\u00e1cil de utilizar, com linhas suaves e um estilo moderno. Pode integrar-se perfeitamente em qualquer estilo de decora\u00e7\u00e3o de casa de banho, acrescentando eleg\u00e2ncia e modernidade \u00e0 \u00e1rea da casa de banho.<\/li>\n\n\n\n<li><strong>Design de tamanho generoso:\u00a0<\/strong>O lavat\u00f3rio de bancada em cer\u00e2mica personalizada de f\u00e1brica apresenta um tamanho generoso, respondendo \u00e0 necessidade de espa\u00e7o num lavat\u00f3rio. N\u00e3o s\u00f3 \u00e9 pr\u00e1tico, como tamb\u00e9m pode melhorar a qualidade geral e o conforto da casa de banho. \u00c9 adequado para casas e hot\u00e9is de luxo.<\/li>\n\n\n\n<li><strong>Instala\u00e7\u00e3o de bancadas:<\/strong> \u00a0O nosso lava-loi\u00e7a de bancada em cer\u00e2mica personalizado tem um design acima do balc\u00e3o que permite uma instala\u00e7\u00e3o flex\u00edvel, melhora a profundidade visual e simplifica a substitui\u00e7\u00e3o em projectos de renova\u00e7\u00e3o.<\/li>\n\n\n\n<li><strong>Stock a granel:<\/strong>\u00a0Estes lavat\u00f3rios de casa de banho por atacado apoiam a aquisi\u00e7\u00e3o por atacado e por projeto, satisfazendo as necessidades de entrega r\u00e1pida de retalhistas, distribuidores e clientes de projectos.<\/li>\n\n\n\n<li><strong>Vers\u00e1til:\u00a0<\/strong>O lavat\u00f3rio de casa de banho por atacado direto da f\u00e1brica \u00e9 adequado para casas de banho, hot\u00e9is, casas de banho comerciais e renova\u00e7\u00f5es residenciais, proporcionando est\u00e9tica e praticidade.<\/li>\n<\/ul>\n<\/div>\n\n\n\n<div class=\"wp-block-column is-layout-flow wp-block-column-is-layout-flow\">\n<figure class=\"wp-block-image size-full\"><img fetchpriority=\"high\" decoding=\"async\" width=\"660\" height=\"938\" src=\"https:\/\/www.ceramicbasin.com\/wp-content\/uploads\/2026\/01\/White-Ceramic-Vessel-Sink-Durable-Washbasin-6.webp\" alt=\"lavat\u00f3rio de bancada em cer\u00e2mica \u00e0 medida - venda por grosso - casa de banho - lavat\u00f3rio 6\" class=\"wp-image-8842\" srcset=\"https:\/\/www.ceramicbasin.com\/wp-content\/uploads\/2026\/01\/White-Ceramic-Vessel-Sink-Durable-Washbasin-6.webp 660w, https:\/\/www.ceramicbasin.com\/wp-content\/uploads\/2026\/01\/White-Ceramic-Vessel-Sink-Durable-Washbasin-6-211x300.webp 211w, https:\/\/www.ceramicbasin.com\/wp-content\/uploads\/2026\/01\/White-Ceramic-Vessel-Sink-Durable-Washbasin-6-8x12.webp 8w, https:\/\/www.ceramicbasin.com\/wp-content\/uploads\/2026\/01\/White-Ceramic-Vessel-Sink-Durable-Washbasin-6-285x405.webp 285w, https:\/\/www.ceramicbasin.com\/wp-content\/uploads\/2026\/01\/White-Ceramic-Vessel-Sink-Durable-Washbasin-6-464x660.webp 464w, https:\/\/www.ceramicbasin.com\/wp-content\/uploads\/2026\/01\/White-Ceramic-Vessel-Sink-Durable-Washbasin-6-106x150.webp 106w\" sizes=\"(max-width: 660px) 100vw, 660px\" \/><\/figure>\n<\/div>\n<\/div>","protected":false},"excerpt":{"rendered":"<p>Bem-vindo a encomendar o nosso lavat\u00f3rio de bancada de cer\u00e2mica personalizado concebido para distribui\u00e7\u00e3o por grosso com controlo de qualidade consistente, prazo de entrega est\u00e1vel e embalagem adequada para os mercados de exporta\u00e7\u00e3o. O nosso lavat\u00f3rio de casa de banho de bancada de f\u00e1brica apresenta um design retangular simples e elegante com linhas suaves e car\u00e1cter moderno.<\/p>\n<table style=\"border-collapse: collapse; width: 358.52pt;\" border=\"0\" width=\"478\" cellspacing=\"0\" cellpadding=\"0\">\n<tbody>\n<tr style=\"height: 17.25pt;\">\n<td class=\"et3\" style=\"height: 17.25pt; width: 125.00pt;\" width=\"166\" height=\"23\">Fabricante<\/td>\n<td class=\"et3\" style=\"width: 234.15pt;\" width=\"312\">HanYu<\/td>\n<\/tr>\n<tr style=\"height: 17.25pt;\">\n<td class=\"et3\" style=\"height: 17.25pt;\" height=\"23\">Modelo n.<\/td>\n<td class=\"et4\">HY-8141<\/td>\n<\/tr>\n<tr style=\"height: 17.25pt;\">\n<td class=\"et3\" style=\"height: 17.25pt;\" height=\"23\">Tipo<\/td>\n<td class=\"et5\" style=\"width: 234.15pt;\" width=\"312\">Lava-lou\u00e7as de bancada<\/td>\n<\/tr>\n<tr style=\"height: 18.00pt;\">\n<td class=\"et3\" style=\"height: 18.00pt;\" height=\"24\">Forma<\/td>\n<td class=\"et3\">Forma retangular<\/td>\n<\/tr>\n<tr style=\"height: 34.50pt;\">\n<td class=\"et4\" style=\"height: 34.50pt;\" height=\"46\">Cor<\/td>\n<td class=\"et5\" style=\"width: 234.15pt;\" width=\"312\">preto\/branco\/azul\/cinzento\/rosa\/verde\/castanho\/caqui<\/td>\n<\/tr>\n<tr style=\"height: 18.00pt;\">\n<td class=\"et3\" style=\"height: 18.00pt;\" height=\"24\">Dimens\u00e3o<\/td>\n<td class=\"et5\" style=\"width: 234.15pt;\" width=\"312\">43*39*13<\/td>\n<\/tr>\n<tr style=\"height: 17.25pt;\">\n<td class=\"et3\" style=\"height: 17.25pt;\" height=\"23\">N.W \/SET<\/td>\n<td class=\"et3\">12 KGS\/PCS<\/td>\n<\/tr>\n<tr style=\"height: 17.25pt;\">\n<td class=\"et3\" style=\"height: 17.25pt;\" height=\"23\">MOQ<\/td>\n<td class=\"et3\">20 unidades<\/td>\n<\/tr>\n<tr style=\"height: 17.25pt;\">\n<td class=\"et3\" style=\"height: 17.25pt;\" height=\"23\">Op\u00e7\u00e3o personalizada<\/td>\n<td class=\"et3\">Cor\/Patente\/Tamanho\/Logotipo\/Embalagem<\/td>\n<\/tr>\n<\/tbody>\n<\/table>","protected":false},"featured_media":8844,"comment_status":"closed","ping_status":"closed","template":"","meta":{"_acf_changed":false},"product_brand":[],"product_cat":[50],"product_tag":[],"class_list":{"0":"post-8841","1":"product","2":"type-product","3":"status-publish","4":"has-post-thumbnail","6":"product_cat-wholesale-countertop-sinks","8":"first","9":"instock","10":"shipping-taxable","11":"product-type-simple"},"acf":[],"_links":{"self":[{"href":"https:\/\/www.ceramicbasin.com\/pt\/wp-json\/wp\/v2\/product\/8841","targetHints":{"allow":["GET"]}}],"collection":[{"href":"https:\/\/www.ceramicbasin.com\/pt\/wp-json\/wp\/v2\/product"}],"about":[{"href":"https:\/\/www.ceramicbasin.com\/pt\/wp-json\/wp\/v2\/types\/product"}],"replies":[{"embeddable":true,"href":"https:\/\/www.ceramicbasin.com\/pt\/wp-json\/wp\/v2\/comments?post=8841"}],"wp:featuredmedia":[{"embeddable":true,"href":"https:\/\/www.ceramicbasin.com\/pt\/wp-json\/wp\/v2\/media\/8844"}],"wp:attachment":[{"href":"https:\/\/www.ceramicbasin.com\/pt\/wp-json\/wp\/v2\/media?parent=8841"}],"wp:term":[{"taxonomy":"product_brand","embeddable":true,"href":"https:\/\/www.ceramicbasin.com\/pt\/wp-json\/wp\/v2\/product_brand?post=8841"},{"taxonomy":"product_cat","embeddable":true,"href":"https:\/\/www.ceramicbasin.com\/pt\/wp-json\/wp\/v2\/product_cat?post=8841"},{"taxonomy":"product_tag","embeddable":true,"href":"https:\/\/www.ceramicbasin.com\/pt\/wp-json\/wp\/v2\/product_tag?post=8841"}],"curies":[{"name":"wp","href":"https:\/\/api.w.org\/{rel}","templated":true}]}}